{"id":1684,"date":"2019-10-21T13:21:25","date_gmt":"2019-10-21T13:21:25","guid":{"rendered":"https:\/\/demo.themecentury.com\/wpthemes\/hamroclass\/?page_id=147"},"modified":"2021-04-20T17:43:35","modified_gmt":"2021-04-20T17:43:35","slug":"fakultetin-e-edukimit-dhe-shkencave-shoqerore","status":"publish","type":"page","link":"http:\/\/uogj.edu.al\/old\/njesite-kryesore\/fakultetin-e-edukimit-dhe-shkencave-shoqerore\/","title":{"rendered":"Fakulteti i Edukimit dhe Shkencave Shoq\u00ebrore"},"content":{"rendered":"\n<p><strong>Fakulteti i Edukimit dhe Shkencave Shoq\u00ebrore<\/strong><\/p>\n\n\n\n<p>Pse duhet zgjedhur Fakulteti i Edukimit dhe Shkencave Shoq\u00ebrore?<\/p>\n\n\n\n<p>Student\u00ebt q\u00eb do t\u00eb zgjedhin t\u00eb kryejn\u00eb studimet n\u00eb Fakulteti e Edukimit dhe Shkencave Shoq\u00ebrore ne Gjirokast\u00ebr, do t\u00eb p\u00ebrfitojn\u00eb kompetenca profesionale t\u00eb standarteve bashk\u00ebkohore sepse n\u00eb departamentet tona ofrohen:<\/p>\n\n\n\n<ul class=\"wp-block-list\"><li>Angazhim n\u00eb sh\u00ebrbime p\u00ebrfituese.<\/li><li>P\u00ebrfshirje n\u00eb projektet k\u00ebrkimore t\u00eb departamenteve.<\/li><li>Vler\u00ebsim t\u00eb njohurive t\u00eb studentit n\u00eb m\u00ebnyr\u00eb t\u00eb vazhduar gjat\u00eb gjith\u00eb semestri.<\/li><li>K\u00ebshillim akademik t\u00eb personalizuar dhe t\u00eb vazhduesh\u00ebm gjat\u00eb gjith\u00eb periudh\u00ebs akademike.<\/li><li>Masterat profesional\u00eb 2 vje\u00e7ar\u00eb jan\u00eb t\u00eb strukturuara me num\u00ebr shum\u00eb t\u00eb lart\u00eb or\u00ebsh n\u00eb praktik\u00eb profesionale.<\/li><\/ul>\n\n\n\n<p>&nbsp;<strong>Feshsh \u00ebsht\u00eb i p\u00ebrb\u00ebr\u00eb nga 6 &#8211; departamente:<\/strong><\/p>\n\n\n\n<ul class=\"wp-block-list\"><li>Departamenti Histori \u2013 Gjeografi<\/li><li>Departamenti i Gjuheve te Huaja<\/li><li>Departamenti i Gjuhes Shqipe<\/li><li>Departamenti i Letersise Shqipe<\/li><li>Departamenti i Gjuhes, Letersise dhe Qyteterimit Grek<\/li><li>Departamenti i Shkencave te Edukimit dhe Metodologjise se Mesimdhenies<\/li><\/ul>\n","protected":false},"excerpt":{"rendered":"<p>Fakulteti i Edukimit dhe Shkencave Shoq\u00ebrore Pse duhet zgjedhur Fakulteti i Edukimit dhe Shkencave Shoq\u00ebrore? Student\u00ebt q\u00eb do t\u00eb zgjedhin [&hellip;]<\/p>\n","protected":false},"author":1,"featured_media":0,"parent":3320,"menu_order":0,"comment_status":"closed","ping_status":"closed","template":"","meta":{"_monsterinsights_skip_tracking":false,"_monsterinsights_sitenote_active":false,"_monsterinsights_sitenote_note":"","_monsterinsights_sitenote_category":0,"footnotes":""},"class_list":["post-1684","page","type-page","status-publish","hentry"],"_links":{"self":[{"href":"http:\/\/uogj.edu.al\/old\/wp-json\/wp\/v2\/pages\/1684"}],"collection":[{"href":"http:\/\/uogj.edu.al\/old\/wp-json\/wp\/v2\/pages"}],"about":[{"href":"http:\/\/uogj.edu.al\/old\/wp-json\/wp\/v2\/types\/page"}],"author":[{"embeddable":true,"href":"http:\/\/uogj.edu.al\/old\/wp-json\/wp\/v2\/users\/1"}],"replies":[{"embeddable":true,"href":"http:\/\/uogj.edu.al\/old\/wp-json\/wp\/v2\/comments?post=1684"}],"version-history":[{"count":25,"href":"http:\/\/uogj.edu.al\/old\/wp-json\/wp\/v2\/pages\/1684\/revisions"}],"predecessor-version":[{"id":4842,"href":"http:\/\/uogj.edu.al\/old\/wp-json\/wp\/v2\/pages\/1684\/revisions\/4842"}],"up":[{"embeddable":true,"href":"http:\/\/uogj.edu.al\/old\/wp-json\/wp\/v2\/pages\/3320"}],"wp:attachment":[{"href":"http:\/\/uogj.edu.al\/old\/wp-json\/wp\/v2\/media?parent=1684"}],"curies":[{"name":"wp","href":"https:\/\/api.w.org\/{rel}","templated":true}]}}