{"id":1695,"date":"2019-10-21T13:22:23","date_gmt":"2019-10-21T13:22:23","guid":{"rendered":"https:\/\/demo.themecentury.com\/wpthemes\/hamroclass\/?page_id=151"},"modified":"2022-09-09T18:12:56","modified_gmt":"2022-09-09T18:12:56","slug":"fakulteti-ekonomik","status":"publish","type":"page","link":"http:\/\/uogj.edu.al\/old\/njesite-kryesore\/fakulteti-ekonomik\/","title":{"rendered":"Fakulteti Ekonomik"},"content":{"rendered":"\n<p><strong>Fakulteti Ekonomik<\/strong><\/p>\n\n\n\n<p>Pse duhet zgjedhur Fakulteti Ekonomik?<\/p>\n\n\n\n<p>Student\u00ebt q\u00eb do t\u00eb zgjedhin t\u00eb kryejn\u00eb studimet n\u00eb Fakultetin Eonomik n\u00eb Gjirokast\u00ebr, do t\u00eb p\u00ebrfitojn\u00eb kompetenca profesionale t\u00eb standarteve bashk\u00ebkohore sepse n\u00eb departamentet tona ofrohen:<\/p>\n\n\n\n<ul class=\"wp-block-list\"><li>Angazhim n\u00eb sh\u00ebrbime p\u00ebrfituese.<\/li><li>P\u00ebrfshirje n\u00eb projektet k\u00ebrkimore t\u00eb departamenteve.<\/li><li>Vler\u00ebsim t\u00eb njohurive t\u00eb studentit n\u00eb m\u00ebnyr\u00eb t\u00eb vazhduar gjat\u00eb gjith\u00eb semestri.<\/li><li>K\u00ebshillim akademik t\u00eb personalizuar dhe t\u00eb vazhduesh\u00ebm gjat\u00eb gjith\u00eb periudh\u00ebs akademike.<\/li><li>Masterat profesional\u00eb 2 vje\u00e7ar\u00eb jan\u00eb t\u00eb strukturuara me num\u00ebr shum\u00eb t\u00eb lart\u00eb or\u00ebsh n\u00eb praktik\u00eb profesionale.<\/li><\/ul>\n\n\n\n<p><strong><em><strong><em>&nbsp;<\/em><\/strong><\/em>Fe \u00ebsht\u00eb p\u00ebrb\u00ebr\u00eb nga 3 &#8211; departamente:<\/strong><\/p>\n\n\n\n<ul class=\"wp-block-list\"><li>Departamenti Administrim Publik<\/li><li>Departamenti Kontabilitet Finance<\/li><li>Departamenti Politikave Ekonomike dhe Turizmit<\/li><\/ul>\n\n\n\n<p><\/p>\n","protected":false},"excerpt":{"rendered":"<p>Fakulteti Ekonomik Pse duhet zgjedhur Fakulteti Ekonomik? Student\u00ebt q\u00eb do t\u00eb zgjedhin t\u00eb kryejn\u00eb studimet n\u00eb Fakultetin Eonomik n\u00eb Gjirokast\u00ebr, [&hellip;]<\/p>\n","protected":false},"author":1,"featured_media":0,"parent":3320,"menu_order":0,"comment_status":"closed","ping_status":"closed","template":"","meta":{"_monsterinsights_skip_tracking":false,"_monsterinsights_sitenote_active":false,"_monsterinsights_sitenote_note":"","_monsterinsights_sitenote_category":0,"footnotes":""},"class_list":["post-1695","page","type-page","status-publish","hentry"],"_links":{"self":[{"href":"http:\/\/uogj.edu.al\/old\/wp-json\/wp\/v2\/pages\/1695"}],"collection":[{"href":"http:\/\/uogj.edu.al\/old\/wp-json\/wp\/v2\/pages"}],"about":[{"href":"http:\/\/uogj.edu.al\/old\/wp-json\/wp\/v2\/types\/page"}],"author":[{"embeddable":true,"href":"http:\/\/uogj.edu.al\/old\/wp-json\/wp\/v2\/users\/1"}],"replies":[{"embeddable":true,"href":"http:\/\/uogj.edu.al\/old\/wp-json\/wp\/v2\/comments?post=1695"}],"version-history":[{"count":12,"href":"http:\/\/uogj.edu.al\/old\/wp-json\/wp\/v2\/pages\/1695\/revisions"}],"predecessor-version":[{"id":5952,"href":"http:\/\/uogj.edu.al\/old\/wp-json\/wp\/v2\/pages\/1695\/revisions\/5952"}],"up":[{"embeddable":true,"href":"http:\/\/uogj.edu.al\/old\/wp-json\/wp\/v2\/pages\/3320"}],"wp:attachment":[{"href":"http:\/\/uogj.edu.al\/old\/wp-json\/wp\/v2\/media?parent=1695"}],"curies":[{"name":"wp","href":"https:\/\/api.w.org\/{rel}","templated":true}]}}