{"id":197,"date":"2019-10-30T08:24:07","date_gmt":"2019-10-30T08:24:07","guid":{"rendered":"https:\/\/demo.themecentury.com\/wpplugins\/hamroclass-pro\/?page_id=197"},"modified":"2021-04-25T06:20:41","modified_gmt":"2021-04-25T06:20:41","slug":"historiku","status":"publish","type":"page","link":"http:\/\/uogj.edu.al\/old\/uogj\/historiku\/","title":{"rendered":"Historiku I Universitetit \u201cEqrem \u00c7abej\u201d Gjirokast\u00ebr"},"content":{"rendered":"\n<br>\n\n\n\n<p class=\"has-black-color has-text-color\" style=\"font-size:19px\"><strong>P\u00ebrshkrim i shkurt\u00ebr historik i UGJ-s\u00eb<\/strong><\/p>\n\n\n\n<p class=\"has-black-color has-text-color\">Universiteti \u201cEqrem \u00c7abej\u201d i Gjirokastr\u00ebs u krijua me vendim t\u00eb K\u00ebshillit t\u00eb Ministrave nr.414, m\u00eb 12 N\u00ebntor 1991, mbi baz\u00ebn e Institutit t\u00eb Lart\u00eb Pedagogjik, q\u00eb ishte \u00e7elur&nbsp;m\u00eb 1971. Ai \u00ebsht\u00eb institucioni m\u00eb i r\u00ebnd\u00ebsish\u00ebm arsimor, shkencor e kulturor i Rajonit Jugor te Shqip\u00ebris\u00eb.<\/p>\n\n\n\n<p class=\"has-black-color has-text-color\">Arsimi i lart\u00eb n\u00eb Gjirokast\u00ebr, deri sa u kalua n\u00eb themelimin e Universitetit ka patur nj\u00eb tradit\u00eb dhe p\u00ebrvoj\u00eb t\u00eb konsiderueshme. M\u00eb 1968 hapet Filiali i Fakultetit Ekonomik (pa shk\u00ebputje nga puna) t\u00eb Universitetit t\u00eb Tiran\u00ebs, i cili vazhdoi p\u00ebr 11 vjet.<\/p>\n\n\n\n<p class=\"has-black-color has-text-color\">Nj\u00eb vit m\u00eb von\u00eb (1969) hapet dhe dega e Agronomis\u00eb, si Filial i Institutit t\u00eb Lart\u00eb Bujq\u00ebsor, e cila zgjati 10 vjet. Po n\u00eb k\u00ebt\u00eb vit u hap gjithashtu Instituti Pedagogjik 2-vje\u00e7ar pa shk\u00ebputje nga puna p\u00ebr p\u00ebrgatitjen e m\u00ebsuesve p\u00ebr specialitete t\u00eb tilla si Gjuh\u00eb \u2013 Let\u00ebrsi, Histori \u2013 Gjeografi, Biologji \u2013 Kimi, Matematik\u00eb \u2013 Fizik\u00eb. Gjithashtu, u hap dhe funksionoi p\u00ebr 5 vjet, Filiali i Institutit t\u00eb Kultur\u00ebs Fizike \u201cVojo Kushi\u201d.<\/p>\n\n\n\n<p class=\"has-black-color has-text-color\">Mbi baz\u00ebn e k\u00ebsaj p\u00ebrvoje n\u00eb vitin 1971 me Vendim t\u00eb K\u00ebshillit t\u00eb Ministrave, fillon veprimtarin\u00eb e tij Instituti i Lart\u00eb Pedagogjik 3-vje\u00e7ar me shk\u00ebputje nga puna, n\u00eb fillim me deg\u00ebt Histori-Gjeografi dhe Matematik\u00eb-Fizik\u00eb.<\/p>\n\n\n\n<p class=\"has-black-color has-text-color\">N\u00eb 1980 hapet dega e Biologji-Kimis\u00eb.&nbsp;&nbsp;&nbsp;N\u00eb vitin 1981 Instituti i Lart\u00eb Pedagogjik 3-vje\u00e7ar, me Vendim t\u00eb K\u00ebshillit t\u00eb Ministrave, shnd\u00ebrrohet n\u00eb Institut t\u00eb Lart\u00eb Pedagogjik 4-vje\u00e7ar. N\u00eb k\u00ebt\u00eb vit \u00e7elet dhe dega e p\u00ebrgatitjes s\u00eb m\u00ebsuesve t\u00eb Cikli i Ul\u00ebt dhe me Vendim t\u00eb K\u00ebshillit t\u00eb Ministrave Nr. 255, dat\u00eb 24.07.1986 u hap dega e Gjuh\u00ebs dhe Let\u00ebrsis\u00eb Shqipe.<\/p>\n\n\n\n<p class=\"has-black-color has-text-color\">P\u00ebr nj\u00eb periudh\u00eb prej 10 vjet\u00ebsh, Instituti i Lart\u00eb Pedagogjik 4 \u2013 vje\u00e7ar u kompletua me t\u00eb gjitha profilet e p\u00ebrgatitjes s\u00eb m\u00ebsuesve, u konsolidua, u pasurua me baz\u00eb t\u00eb nevojshme materialo-m\u00ebsimore. U nd\u00ebrtua korpusi i ri me t\u00eb gjitha mjediset e nevojshme p\u00ebr m\u00ebsim si dhe godina e konviktit. Nga viti n\u00eb vit u rrit shkalla e kualifikimit t\u00eb pedagog\u00ebve.<\/p>\n\n\n\n<p class=\"has-black-color has-text-color\">N\u00eb vitin akademik 1993-1994, me Vendim t\u00eb K\u00ebshillit t\u00eb Ministrave p\u00ebrkat\u00ebsisht Nr. 435, dat\u00eb 03.09.1993, dhe Nr. 300, dat\u00eb 21.06.1994, Universiteti i Gjirokastr\u00ebs u zgjerua me hapjen e dy deg\u00ebve t\u00eb reja, p\u00ebrkat\u00ebsisht t\u00eb deg\u00ebs s\u00eb Gjuh\u00ebs e Let\u00ebrsis\u00eb Greke, e cila p\u00ebrgatit m\u00ebsues p\u00ebr shkollat e minoritetit grek dhe asaj t\u00eb Gjuh\u00ebs Angleze.<\/p>\n\n\n\n<p class=\"has-black-color has-text-color\">N\u00eb vitet n\u00eb vazhdim Universiteti i Gjirokastr\u00ebs plot\u00ebsohet dhe me programe t\u00eb tjera studimi t\u00eb Ciklit t\u00eb Par\u00eb, jasht\u00eb profilit t\u00eb m\u00ebsuesis\u00eb, si Kontabilitet-Financ\u00eb, Administrim Publik, Turiz\u00ebm, Infermieri e Lart\u00eb, Infermieri Mami, si dhe me programe studimi t\u00eb Ciklit t\u00eb Dyt\u00eb \u201cMaster Profesional\u201d dhe \u201cMaster i Shkencave\u201d dhe t\u00eb Ciklit t\u00eb Tret\u00eb \u201cDoktoratur\u00eb\u201d.&nbsp;&nbsp;N\u00eb p\u00ebrgjith\u00ebsi kontigjenti i student\u00ebve \u00ebsht\u00eb nga rrethet e Shqip\u00ebris\u00eb s\u00eb Jugut. Gjithashtu ka patur mjaft student\u00eb nga rajone t\u00eb tjera jasht\u00eb kufijve t\u00eb Shqip\u00ebris\u00eb si Kosova dhe Ish Republika Jugosllave e Maqedonis\u00eb.<\/p>\n\n\n\n<p class=\"has-black-color has-text-color\">Nd\u00ebrkaq sot \u00ebsht\u00eb zgjeruar harta gjeografike e regjistrimit t\u00eb student\u00ebve. Kemi kontigjente q\u00eb vijn\u00eb edhe nga Shqip\u00ebria e Mesme, madje edhe nga rajonet veriore.<\/p>\n\n\n\n<p class=\"has-black-color has-text-color\">Pranimi i student\u00ebve pas vitit 1990 deri n\u00eb vitin 2005 b\u00ebhej mbi baz\u00ebn e konkursit t\u00eb organizuar nga vet\u00eb universiteti, kurse nga viti 2006 e n\u00eb vazhdim pranimi i student\u00ebve n\u00eb programet e studimit t\u00eb ciklit t\u00eb par\u00eb me koh\u00eb t\u00eb plot\u00eb b\u00ebhet mbi baz\u00ebn e \u201cMatur\u00ebs Shtet\u00ebrore\u201d, kurse n\u00eb programet e studimit t\u00eb ciklit t\u00eb par\u00eb me koh\u00eb t\u00eb pjesshme, n\u00eb programet e studimit t\u00eb ciklit t\u00eb dyt\u00eb \u201cMaster i Shkencave\u201d dhe \u201cMaster Profesional\u201d, pranimi i student\u00ebve b\u00ebhet mbi baz\u00ebn e kritereve q\u00eb p\u00ebrcakton vet\u00eb Universiteti.&nbsp;&nbsp;Student\u00ebt mund t\u00eb ndjekin studimet n\u00eb dy forma: n\u00eb form\u00ebn e studimit me koh\u00eb t\u00eb plot\u00eb dhe n\u00eb form\u00ebn e studimit me koh\u00eb t\u00eb pjesshme.<\/p>\n\n\n\n<p class=\"has-black-color has-text-color\">Nga viti 1994 e n\u00eb vazhdim, Universiteti \u201cEqrem \u00c7abej\u201d filloi funksionimin mbi baz\u00ebn e departamenteve (u suprimuan katedrat). Sipas Vendimit t\u00eb Ministris\u00eb s\u00eb Arsimit&nbsp;Nr. 128, dat\u00eb&nbsp;27.10.1994, filluan t\u00eb funksionojn\u00eb tre fakultete dhe 10 departamente.<\/p>\n\n\n\n<p class=\"has-black-color has-text-color\"><strong>Me vendim Nr. 823, dat\u00eb 05.12.2007<\/strong>&nbsp;t\u00eb K\u00ebshillit t\u00eb Ministrave Fakulteti i Shkencave Shoq\u00ebrore dhe Fakulteti i Edukimit bashkohen dhe krijohet Fakulteti i Edukimit dhe Shkencave Shoq\u00ebrore.&nbsp;&nbsp;&nbsp;&nbsp;&nbsp;&nbsp;&nbsp;&nbsp;&nbsp;&nbsp;&nbsp;&nbsp;<\/p>\n\n\n\n<p class=\"has-black-color has-text-color\">Aktualisht Universiteti \u201cEqrem \u00c7abej\u201d, Gjirokast\u00ebr ka n\u00eb p\u00ebrb\u00ebrje tre&nbsp;&nbsp;nj\u00ebsi kryesore:<\/p>\n\n\n\n<p class=\"has-black-color has-text-color\"><strong><em>Fakulteti i Edukimit dhe Shkencave Shoq\u00ebrore<\/em><\/strong><\/p>\n\n\n\n<p class=\"has-black-color has-text-color\"><em>N\u00eb p\u00ebrb\u00ebrje t\u00eb k\u00ebtij fakulteti jan\u00eb\u00a06 departamente.<\/em><\/p>\n\n\n\n<p class=\"has-black-color has-text-color\"><strong><em>Fakulteti i Shkencave Natyrore.<\/em><\/strong><em>&nbsp;&nbsp;&nbsp;&nbsp;&nbsp;<\/em><\/p>\n\n\n\n<p class=\"has-black-color has-text-color\"><em>N\u00eb p\u00ebrb\u00ebrje t\u00eb k\u00ebtij fakulteti jan\u00eb 3 departamente.<\/em><\/p>\n\n\n\n<p class=\"has-black-color has-text-color\"><strong><em>Fakulteti Ekonomik<\/em><\/strong><em>&nbsp;&nbsp;&nbsp;&nbsp;&nbsp;&nbsp;&nbsp;&nbsp;&nbsp;&nbsp;&nbsp;&nbsp;&nbsp;&nbsp;&nbsp;&nbsp;&nbsp;&nbsp;&nbsp;&nbsp;&nbsp;&nbsp;&nbsp;&nbsp;&nbsp;&nbsp; &nbsp;&nbsp;&nbsp;&nbsp;<\/em><\/p>\n\n\n\n<p class=\"has-black-color has-text-color\"><em>N\u00eb p\u00ebrb\u00ebrje t\u00eb k\u00ebtij fakulteti jan\u00eb 3 departamente.<\/em><\/p>\n","protected":false},"excerpt":{"rendered":"<p>P\u00ebrshkrim i shkurt\u00ebr historik i UGJ-s\u00eb Universiteti \u201cEqrem \u00c7abej\u201d i Gjirokastr\u00ebs u krijua me vendim t\u00eb K\u00ebshillit t\u00eb Ministrave nr.414, [&hellip;]<\/p>\n","protected":false},"author":1,"featured_media":1766,"parent":173,"menu_order":0,"comment_status":"closed","ping_status":"closed","template":"","meta":{"_monsterinsights_skip_tracking":false,"_monsterinsights_sitenote_active":false,"_monsterinsights_sitenote_note":"","_monsterinsights_sitenote_category":0,"footnotes":""},"class_list":["post-197","page","type-page","status-publish","has-post-thumbnail","hentry"],"_links":{"self":[{"href":"http:\/\/uogj.edu.al\/old\/wp-json\/wp\/v2\/pages\/197"}],"collection":[{"href":"http:\/\/uogj.edu.al\/old\/wp-json\/wp\/v2\/pages"}],"about":[{"href":"http:\/\/uogj.edu.al\/old\/wp-json\/wp\/v2\/types\/page"}],"author":[{"embeddable":true,"href":"http:\/\/uogj.edu.al\/old\/wp-json\/wp\/v2\/users\/1"}],"replies":[{"embeddable":true,"href":"http:\/\/uogj.edu.al\/old\/wp-json\/wp\/v2\/comments?post=197"}],"version-history":[{"count":13,"href":"http:\/\/uogj.edu.al\/old\/wp-json\/wp\/v2\/pages\/197\/revisions"}],"predecessor-version":[{"id":5109,"href":"http:\/\/uogj.edu.al\/old\/wp-json\/wp\/v2\/pages\/197\/revisions\/5109"}],"up":[{"embeddable":true,"href":"http:\/\/uogj.edu.al\/old\/wp-json\/wp\/v2\/pages\/173"}],"wp:featuredmedia":[{"embeddable":true,"href":"http:\/\/uogj.edu.al\/old\/wp-json\/wp\/v2\/media\/1766"}],"wp:attachment":[{"href":"http:\/\/uogj.edu.al\/old\/wp-json\/wp\/v2\/media?parent=197"}],"curies":[{"name":"wp","href":"https:\/\/api.w.org\/{rel}","templated":true}]}}