{"id":1995,"date":"2021-03-21T23:00:02","date_gmt":"2021-03-21T23:00:02","guid":{"rendered":"http:\/\/localhost:8080\/wordpress\/?page_id=1995"},"modified":"2022-11-10T08:33:20","modified_gmt":"2022-11-10T08:33:20","slug":"stafi-akademik","status":"publish","type":"page","link":"http:\/\/uogj.edu.al\/old\/njesite-kryesore\/fakultetin-e-edukimit-dhe-shkencave-shoqerore\/stafi-akademik\/","title":{"rendered":"Stafi Akademik &#8211; Fakulteti i Edukimit dhe Shkencave Shoq\u00ebrore"},"content":{"rendered":"\n<br>\n\n\n\n<ul class=\"wp-block-list\"><li><strong>Departameti i Histori &#8211; Gjeografis\u00eb<\/strong><\/li><\/ul>\n\n\n\n<div class=\"wp-block-columns is-layout-flex wp-container-core-columns-is-layout-1 wp-block-columns-is-layout-flex\">\n<div class=\"wp-block-column is-layout-flow wp-block-column-is-layout-flow\">\n<p>Pergjegjesi i njesise baze: <em>Prof.asoc.&nbsp;<\/em>Albina Sinani &nbsp;&nbsp;<\/p>\n<\/div>\n\n\n\n<div class=\"wp-block-column is-layout-flow wp-block-column-is-layout-flow\">\n<p>                                   <strong>e-mail:<\/strong><a href=\"mailto:%20%20a_sinani@uogj.edu.al\">a_sinani@uogj.edu.al<\/a><\/p>\n<\/div>\n<\/div>\n\n\n\n<p>Personeli akademik:<\/p>\n\n\n\n<figure class=\"wp-block-table is-style-regular\"><table class=\"has-fixed-layout\"><tbody><tr><td>Prof.Dr.&nbsp;G\u00ebzim Sala<\/td><td>Profesor<\/td><td><a href=\"mailto:gsala@uogj.edu.al\">gsala@uogj.edu.al<\/a><\/td><\/tr><tr><td>Prof. Dr.&nbsp;Bektash Mema<\/td><td>Profesor<\/td><td><a href=\"mailto:bmema@uogj.edu.al\">bmema@uogj.edu.al<\/a><\/td><\/tr><tr><td>Prof. Dr.Shyqyri Hysi<\/td><td>Profesor<\/td><td><a href=\"mailto:shhysi@uogj.edu.al\">shhysi@uogj.edu.al<\/a><\/td><\/tr><tr><td>Prof.Dr. Niko Rogo<\/td><td>Profesor<\/td><td><a href=\"mailto:amullai@uogj.edu.al\">nrogo@uogj.edu.al<\/a><\/td><\/tr><tr><td>Prof.asoc.&nbsp;Kozeta Sala<\/td><td>Profesor<\/td><td><a href=\"mailto:ksala@uogj.edu.al\">ksala@uogj.edu.al<\/a><\/td><\/tr><tr><td>Prof.asoc. Valbona Duri<\/td><td>Profesor<\/td><td><a href=\"mailto:vduri@uogj.edu.al\">vduri@uogj.edu.al<\/a><\/td><\/tr><tr><td>Dr. Mariglen Sherifaj<\/td><td>Lektor<\/td><td><a href=\"mailto:\">msherifaj@uogj.edu.al<\/a><\/td><\/tr><tr><td>Prof. Dr. Dhimiter Condi<\/td><td>Profesor<\/td><td><a href=\"mailto:dhcondi@uogj.edu.al\">dhcondi@uogj.edu.al<\/a><\/td><\/tr><tr><td>Dr. Majlinda Lici<\/td><td>Lektor<\/td><td><a href=\"mailto:mlici@uogj.edu.al\">mlici@uogj.edu.al<\/a><\/td><\/tr><tr><td>MSC. Xhuljana Zdrava<\/td><td>As\/Lektor<\/td><td><a href=\"mailto:xzdrava@uogj.edu.al\">xzdrava@uogj.edu.al<\/a><\/td><\/tr><tr><td>MSC.&nbsp;&nbsp;Alban Shahu<\/td><td>As\/Lektor<\/td><td><a href=\"mailto:ashahu1@uogj.edu.al\">ashahu1@uogj.edu.al<\/a><\/td><\/tr><\/tbody><\/table><\/figure>\n\n\n\n<p> Personeli akademik i ftuar:<\/p>\n\n\n\n<figure class=\"wp-block-table\"><table class=\"has-fixed-layout\"><tbody><tr><td>Prof. Dr.&nbsp;Valentina&nbsp;&nbsp;Duka<\/td><td>I Ftuar<\/td><td>Profesor<\/td><\/tr><tr><td>Prof.&nbsp;Dr.&nbsp;Ermal Baze<\/td><td>I Ftuar<\/td><td>Profesor<\/td><\/tr><tr><td>Prof. asoc.&nbsp;Muhamet Qerimi<\/td><td>I Ftuar<\/td><td>Profesor<\/td><\/tr><tr><td>Prof. Dr.&nbsp;Sabri Laci<\/td><td>I Ftuar<\/td><td>Profesor<\/td><\/tr><tr><td>Dr. Melsi Labi<\/td><td>I Ftuar<\/td><td>Lektor<\/td><\/tr><tr><td>Prof. Dr. Bilal Draci<\/td><td>Kohe e pjesshme<\/td><td>Profesor<\/td><\/tr><tr><td>Doc. Dr. Gentian Ruspi<\/td><td>Kohe e pjesshme<\/td><td>Lektor<\/td><\/tr><tr><td>Prof. Dr. Ajet Shahu<\/td><td>Kohe e pjesshme<\/td><td>Profesor<\/td><\/tr><tr><td>Msc. Sotir Cipa<\/td><td>Kohe e pjesshme<\/td><td>As Lektor<\/td><\/tr><tr><td>Msc. Kristina Fidhi<\/td><td>Kohe e Pjesshme<\/td><td>As&nbsp;<em>Lektor<\/em><\/td><\/tr><tr><td>Msc. &nbsp;Burbuqe&nbsp; Sala<\/td><td>Kohe e Pjesshme<\/td><td><em>As Lektor<\/em><\/td><\/tr><\/tbody><\/table><\/figure>\n\n\n\n<ul class=\"wp-block-list\"><li><strong>Departamenti i Gjuh\u00ebs Shqipe<\/strong><\/li><\/ul>\n\n\n\n<div class=\"wp-block-columns is-layout-flex wp-container-core-columns-is-layout-2 wp-block-columns-is-layout-flex\">\n<div class=\"wp-block-column is-layout-flow wp-block-column-is-layout-flow\">\n<p>Pergjegjesi i njesise baze: <em>Prof.asoc<\/em>.Spiridhulla Po\u00e7i&nbsp;<\/p>\n<\/div>\n\n\n\n<div class=\"wp-block-column is-layout-flow wp-block-column-is-layout-flow\">\n<p>                                  <strong>e-mail:<\/strong><a href=\"http:\/\/localhost:8080\/wordpress\/wp-admin\/spiridhulla_poci@yahoo.com\">spiridhulla_poci@yahoo.com<\/a><\/p>\n\n\n\n<p>                                  <strong>e-mail<\/strong>: <a href=\"mailto:spoci@uogj.edu.al\">spoci@uogj.edu.al<\/a><\/p>\n<\/div>\n<\/div>\n\n\n\n<p>Personeli akademik:<\/p>\n\n\n\n<figure class=\"wp-block-table\"><table class=\"has-fixed-layout\"><tbody><tr><td>Prof.asoc. Mimoza Zekaj<\/td><td>Profesor<\/td><td><a href=\"mailto:mzeka@uogj.edu.al\">mzeka@uogj.edu.al<\/a><\/td><\/tr><tr><td>Dr. Elvira \u00c7aushi<\/td><td>Lektor<\/td><td><a href=\"mailto:ecaushi@uogj.edu.al\">ecaushi@uogj.edu.al<\/a><\/td><\/tr><tr><td>Dr. Almira Sadikaj<\/td><td>Lektor&nbsp;<\/td><td><a href=\"mailto:asadikaj@uogj.edu.al\">asadikaj@uogj.edu.al<\/a><\/td><\/tr><tr><td>Dr. Sashenka Kamberi<\/td><td>Lektor&nbsp;<\/td><td><a href=\"mailto:skamberi@uogj.edu.al\">skamberi@uogj.edu.al<\/a><\/td><\/tr><tr><td>Msc. Arben Gaba<\/td><td>As\/Lektor<\/td><td><a href=\"mailto:asadikaj@uogj.edu.al\">agaba@uogj.edu.al<\/a><\/td><\/tr><tr><td>Dr.Entela Kore&nbsp; &nbsp;<\/td><td>Lektor<\/td><td><a href=\"mailto:ekore@uogj.edu.al\">ekore@uogj.edu.al<\/a><\/td><\/tr><\/tbody><\/table><\/figure>\n\n\n\n<ul class=\"wp-block-list\"><li><strong>Departamenti i Let\u00ebrsis\u00eb<\/strong><\/li><\/ul>\n\n\n\n<div class=\"wp-block-columns is-layout-flex wp-container-core-columns-is-layout-3 wp-block-columns-is-layout-flex\">\n<div class=\"wp-block-column is-layout-flow wp-block-column-is-layout-flow\">\n<p>Pergjegjesi i njesise baze:&nbsp;<em>Prof. asoc. <\/em>Merita Shehu&nbsp;&nbsp;<\/p>\n<\/div>\n\n\n\n<div class=\"wp-block-column is-layout-flow wp-block-column-is-layout-flow\">\n<p>                              <strong>e-mail:<\/strong> <a href=\"mailto:mshehu@uogj.edu.al\">mshehu@uogj.edu.al<\/a>&nbsp;<\/p>\n\n\n\n<p>                               <strong>e-mail:<\/strong> <a href=\"mailto:merigjokutaj@yahoo.com\">merigjokutaj@yahoo.com<\/a>&nbsp;<\/p>\n<\/div>\n<\/div>\n\n\n\n<p>Personeli akademik i ftuar:<\/p>\n\n\n\n<figure class=\"wp-block-table\"><table class=\"has-fixed-layout\"><tbody><tr><td>Prof.Dr.<\/td><td>Profesor<\/td><td><a href=\"mailto:grredhii@uogj.edu.al\">      @uogj.edu.al<\/a><\/td><\/tr><tr><td>Dr.Vjollca&nbsp; Rrapai<\/td><td>Lektor<\/td><td><a href=\"mailto:vrrapai@uogj.edu.al\">vrrapai@uogj.edu.al<\/a><\/td><\/tr><tr><td>Dr. Ermelinda Kashahu<\/td><td>Lektor<\/td><td><a href=\"mailto:ekashahu@uogj.edu.al\">ekashahu@uogj.edu.al<\/a><\/td><\/tr><tr><td>Msc.Laureta Konomi<\/td><td>As\/Lektor<\/td><td><a href=\"mailto:ldhoska@uogj.edu.al\">ldhoska@uogj.edu.al<\/a><\/td><\/tr><tr><td>Msc. Mirela&nbsp;&nbsp;Ta\u00e7i<\/td><td>As\/Lektor<\/td><td>&nbsp;<a href=\"mailto:mtaci@uogj.edu.al\">mtaci@uogj.edu.al<\/a><\/td><\/tr><tr><td>Msc.Yllka Proda<\/td><td>As\/Lektor<\/td><td><a href=\"mailto:ykenaci@uogj.edu.al\">ykenaci@uogj.edu.al<\/a><\/td><\/tr><\/tbody><\/table><\/figure>\n\n\n\n<ul class=\"wp-block-list\"><li><strong>Departamenti i Gjuheve t\u00eb Huaja<\/strong><\/li><\/ul>\n\n\n\n<div class=\"wp-block-columns is-layout-flex wp-container-core-columns-is-layout-4 wp-block-columns-is-layout-flex\">\n<div class=\"wp-block-column is-layout-flow wp-block-column-is-layout-flow\">\n<p>Pergjegjesi i njesise baze:&nbsp;<em>Prof.asoc. <\/em>Harallamb Mi\u00e7oni&nbsp;<\/p>\n<\/div>\n\n\n\n<div class=\"wp-block-column is-layout-flow wp-block-column-is-layout-flow\">\n<p>                                   <strong>e-mail:<\/strong><a href=\"mailto:hmiconi@uogj.edu.al\">hmiconi@uogj.edu.al<\/a>&nbsp;&nbsp;<\/p>\n\n\n\n<p>                                    <strong>e-mail:&nbsp;<\/strong><a href=\"mailto:%20ll.miconi@yahoo.com\"> ll.miconi@yahoo.com<\/a>&nbsp;&nbsp;&nbsp;<\/p>\n<\/div>\n<\/div>\n\n\n\n<p>Personeli akademik:<\/p>\n\n\n\n<figure class=\"wp-block-table\"><table class=\"has-fixed-layout\"><tbody><tr><td>Prof.asoc. Leonard Rapi<\/td><td>Profesor<\/td><td><a href=\"mailto:lrrapi@uogj.edu.al\">lrapi@uogj.edu.al<\/a><\/td><\/tr><tr><td>Dr. Eljana&nbsp;&nbsp; Kokalari<\/td><td>Lektor<\/td><td><a href=\"mailto:emosko@uogj.edu.al\">emosko@uogj.edu.al<\/a><\/td><\/tr><tr><td>Dr.Manjola Sulaj<\/td><td>Lektor<\/td><td><a href=\"mailto:msulaj@uogj.edu.al\">msulaj@uogj.edu.al<\/a><\/td><\/tr><tr><td>Doc. Dr. Merita Isaraj<\/td><td>Lektor<\/td><td><a href=\"mailto:misaraj@uogj.edu.al\">misaraj@uogj.edu.al<\/a><\/td><\/tr><tr><td>Dr. Joana Ta\u00e7i<\/td><td>Lektor<\/td><td><a href=\"mailto:jtaci@uogj.edu.al\">jtaci@uogj.edu.al<\/a><\/td><\/tr><tr><td>Dr. Blerta Kore<\/td><td>Lektor<\/td><td><a href=\"mailto:bkore@uogj.edu.al\">bkore@uogj.edu.al<\/a><\/td><\/tr><tr><td>Doc. MSc. Majlinda Bobrati<\/td><td>Lektor<\/td><td><a href=\"mailto:mbobrati@uogj.edu.al\">mbobrati@uogj.edu.al<\/a><\/td><\/tr><tr><td>MSc. Zamira Boboli<\/td><td>As\/Lektor<\/td><td><a href=\"mailto:zboboli@uogj.edu.al\">zboboli@uogj.edu.al<\/a><\/td><\/tr><tr><td>Doc. MSc. Zamira Kote<\/td><td>Lektor<\/td><td><a href=\"mailto:zkote@uogj.edu.al\">zkote@uogj.edu.al<\/a><\/td><\/tr><tr><td>MSc. Floriana Pango<\/td><td>As\/Lektor<\/td><td><a href=\"mailto:fpango@uogj.edu.al\">fpango@uogj.edu.al<\/a><\/td><\/tr><\/tbody><\/table><\/figure>\n\n\n\n<p>Personeli akademik i Ftuar :<\/p>\n\n\n\n<figure class=\"wp-block-table\"><table class=\"has-fixed-layout\"><tbody><tr><td>Doc.Dr. Artemisa Malo<\/td><td>&nbsp; I Ftuar<\/td><td>Lektor<\/td><\/tr><tr><td>MSc. Loena Bakuli<\/td><td>Kohe e pjesshme<\/td><td>As&nbsp;Lektor<\/td><\/tr><tr><td>MSc. Hristina Mallanezo<\/td><td>Kohe e pjesshme<\/td><td>As&nbsp;Lektor<\/td><\/tr><tr><td>MSc. Djana Kajdo&nbsp; &nbsp; &nbsp; &nbsp;&nbsp;<\/td><td>Kohe e pjesshme<\/td><td>As&nbsp;Lektor<\/td><\/tr><tr><td>Doc. Dr. Irena Shehu<\/td><td>Kohe e pjesshme<\/td><td>Lektor<\/td><\/tr><\/tbody><\/table><\/figure>\n\n\n\n<ul class=\"wp-block-list\"><li><strong>Departamenti i Gjuh\u00ebs, Let\u00ebrsis\u00eb dhe Qyteterimit Grek<\/strong><\/li><\/ul>\n\n\n\n<div class=\"wp-block-columns is-layout-flex wp-container-core-columns-is-layout-5 wp-block-columns-is-layout-flex\">\n<div class=\"wp-block-column is-layout-flow wp-block-column-is-layout-flow\">\n<p>Pergjegjesi i njesise baze: <em>Prof. asoc. <\/em>Panajot Barka&nbsp;&nbsp;<\/p>\n<\/div>\n\n\n\n<div class=\"wp-block-column is-layout-flow wp-block-column-is-layout-flow\">\n<p>                                &nbsp;<strong>e-mail:&nbsp;<\/strong><a href=\"mailto:pbarka@uogj.edu.al\">pbarka@uogj.edu.al<\/a>&nbsp;&nbsp;&nbsp;<\/p>\n<\/div>\n<\/div>\n\n\n\n<p>Personeli akademik :<\/p>\n\n\n\n<figure class=\"wp-block-table\"><table class=\"has-fixed-layout\"><tbody><tr><td>Dr. Oljeta Polo<\/td><td>Lektor<\/td><td><a href=\"mailto:opolo@uogj.edu.al\">opolo@uogj.edu.al<\/a><\/td><\/tr><tr><td>Dr. Kostando&nbsp; Ksera<\/td><td>Lektor<\/td><td><a href=\"mailto:kksera@uogj.edu.al\">kksera@uogj.edu.al<\/a><\/td><\/tr><tr><td>MSc. Evanthia Jovani<\/td><td>As\/Lektor<\/td><td><a href=\"mailto:ejovani@uogj.edu.al\">ejovani@uogj.edu.al<\/a><\/td><\/tr><tr><td>MSc.&nbsp;Jani&nbsp; Jani<\/td><td>As\/Lektor<\/td><td><a href=\"mailto:jjani@uogj.edu.al\">jjani@uogj.edu.al<\/a><\/td><\/tr><tr><td>MSc.Donika &nbsp;Boboli<\/td><td>As\/Lektor<\/td><td><a href=\"mailto:dboboli@uogj.edu.al\">dboboli@uogj.edu.al<\/a><\/td><\/tr><tr><td>MSc. Mirela Ko\u00e7a<\/td><td>As\/Lektor<\/td><td><a href=\"mailto:mkoca@uogj.edu.al\">mkoca@uogj.edu.al<\/a><\/td><\/tr><tr><td>MSc. Aleksander Boboli<\/td><td>As\/Lektor<\/td><td><a href=\"mailto:aboboli@uogj.edu.al\">aboboli@uogj.edu.al<\/a><\/td><\/tr><\/tbody><\/table><\/figure>\n\n\n\n<figure class=\"wp-block-table\"><table class=\"has-fixed-layout\"><tbody><tr><td>MSc.&nbsp;Valentina Boboli<\/td><td>As\/Lektor&nbsp;&nbsp;&nbsp;<\/td><td>Kohe e pjesshme<\/td><\/tr><tr><td>MSc.&nbsp;Ziso Lluci<\/td><td>As\/Lektor&nbsp;&nbsp;&nbsp;<\/td><td>Kohe e pjesshme<\/td><\/tr><\/tbody><\/table><\/figure>\n\n\n\n<ul class=\"wp-block-list\"><li><strong>Departamenti i Edukimit dhe Metodologjis\u00eb s\u00eb M\u00ebsimdh\u00ebnies<\/strong><\/li><\/ul>\n\n\n\n<div class=\"wp-block-columns is-layout-flex wp-container-core-columns-is-layout-6 wp-block-columns-is-layout-flex\">\n<div class=\"wp-block-column is-layout-flow wp-block-column-is-layout-flow\">\n<p>Pergjegjesi i njesise baze: <em>Dr.<\/em> Mimoza carka&nbsp;<\/p>\n<\/div>\n\n\n\n<div class=\"wp-block-column is-layout-flow wp-block-column-is-layout-flow\">\n<p>                                <strong>e-mail:<\/strong> <a href=\"mailto:mcarka@uogj.edu.al\">mcarka@uogj.edu.al<\/a>&nbsp;<\/p>\n\n\n\n<p>                                <strong>e-mail:<\/strong> <a href=\"mailto:mcarka2001@yahoo.com\">mcarka2001@yahoo.com<\/a><\/p>\n<\/div>\n<\/div>\n\n\n\n<p>Personel Akademik:<\/p>\n\n\n\n<figure class=\"wp-block-table\"><table class=\"has-fixed-layout\"><tbody><tr><td>Dr. ZHULJETA LILO<\/td><td>Lektor<\/td><td><a href=\"mailto:zlilo@uogj.edu.al\">zlilo@uogj.edu.al<\/a>&nbsp;&nbsp;&nbsp;<\/td><\/tr><tr><td>Doc.MSc. GJERGJI SPIRI<\/td><td>Lektor<\/td><td><a href=\"mailto:gspiri@uogj.edu.al\">gspiri@uogj.edu.al<\/a><\/td><\/tr><tr><td>Doc.MSc.HARALLAMB MARGARITI<\/td><td>Lektor<\/td><td><a href=\"mailto:lmargariti@uogj.edu.al\">lmargariti@uogj.edu.al<\/a><\/td><\/tr><tr><td>MSc. ELVIRA BARKA&nbsp;<\/td><td>As\/Lektor<\/td><td><a href=\"mailto:ebarka@uogj.edu.al\">ebarka@uogj.edu.al<\/a><\/td><\/tr><tr><td>MSc. Arjan Pano<\/td><td>As\/Lektor<\/td><td><a href=\"mailto:apano@uogj.edu.al\">apano@uogj.edu.al<\/a><\/td><\/tr><tr><td>MSc. Aida Sotiri<\/td><td>As\/Lektor<\/td><td><a href=\"mailto:asotiri@uogj.edu.al\">asotiri@uogj.edu.al<\/a><\/td><\/tr><tr><td>Dr. LORETA MAMANI<\/td><td>Lektor<\/td><td><a href=\"mailto:lmamani@uogj.edu.al\">lmamani@uogj.edu.al<\/a><\/td><\/tr><tr><td>MSC.&nbsp; Valbona&nbsp; Caushi&nbsp; &nbsp;&nbsp; &nbsp;<\/td><td>As\/Lektor&nbsp;<\/td><td><a href=\"mailto:vcaushi@uogj.edu.al\">vcaushi@uogj.edu.al<\/a><\/td><\/tr><\/tbody><\/table><\/figure>\n\n\n\n<p> Personel Akademik:<\/p>\n\n\n\n<figure class=\"wp-block-table\"><table class=\"has-fixed-layout\"><tbody><tr><td>Prof. asoc. Ilir&nbsp;Bozgo<\/td><td>Profesor&nbsp;&nbsp;&nbsp;<\/td><td>I Ftuar<\/td><\/tr><tr><td>Doc. MSc. Agim&nbsp; \u00c7ela<\/td><td>Lektor<\/td><td>Kohe e pjesshme&nbsp; &nbsp;&nbsp;<\/td><\/tr><tr><td>MSc. Drita Qeli<\/td><td>As\/Lektor&nbsp;&nbsp;<\/td><td>Kohe e pjesshme<\/td><\/tr><tr><td>MSc. Anila Cacaj<\/td><td>As\/Lektor&nbsp;&nbsp;<\/td><td>Kohe e pjesshme<\/td><\/tr><tr><td>Dr. Anila&nbsp; Xhumba<\/td><td>Lektor&nbsp;&nbsp;<\/td><td>Kohe e pjesshme&nbsp;&nbsp;&nbsp;<\/td><\/tr><tr><td>MSc. Silvana Neviri<\/td><td>As\/Lektor&nbsp;&nbsp;<\/td><td>Kohe e pjesshme<\/td><\/tr><tr><td>MSc. Etleva&nbsp; Korkuti<\/td><td>As\/Lektor&nbsp;&nbsp;<\/td><td>Kohe e pjesshme<\/td><\/tr><tr><td>MSc.ek. Mirela Mamani<\/td><td>As\/Lektor&nbsp;&nbsp;<\/td><td>Kohe e pjesshme<\/td><\/tr><tr><td>Doc.MSc. Margarita Hido<\/td><td>Lektor<\/td><td>Kohe e pjesshme<\/td><\/tr><tr><td>Msc. Juliana Pesha<\/td><td>Lektor&nbsp;&nbsp;<\/td><td>Kohe e pjesshme<\/td><\/tr><tr><td>Msc. Marsela Pinari<\/td><td>Lektor&nbsp;&nbsp;<\/td><td>Kohe e pjesshme<\/td><\/tr><\/tbody><\/table><\/figure>\n\n\n\n<p><\/p>\n","protected":false},"excerpt":{"rendered":"<p>Departameti i Histori &#8211; Gjeografis\u00eb Pergjegjesi i njesise baze: Prof.asoc.&nbsp;Albina Sinani &nbsp;&nbsp; e-mail:a_sinani@uogj.edu.al Personeli akademik: Prof.Dr.&nbsp;G\u00ebzim Sala Profesor gsala@uogj.edu.al Prof. [&hellip;]<\/p>\n","protected":false},"author":1,"featured_media":0,"parent":1684,"menu_order":0,"comment_status":"closed","ping_status":"closed","template":"","meta":{"_monsterinsights_skip_tracking":false,"_monsterinsights_sitenote_active":false,"_monsterinsights_sitenote_note":"","_monsterinsights_sitenote_category":0,"footnotes":""},"class_list":["post-1995","page","type-page","status-publish","hentry"],"_links":{"self":[{"href":"http:\/\/uogj.edu.al\/old\/wp-json\/wp\/v2\/pages\/1995"}],"collection":[{"href":"http:\/\/uogj.edu.al\/old\/wp-json\/wp\/v2\/pages"}],"about":[{"href":"http:\/\/uogj.edu.al\/old\/wp-json\/wp\/v2\/types\/page"}],"author":[{"embeddable":true,"href":"http:\/\/uogj.edu.al\/old\/wp-json\/wp\/v2\/users\/1"}],"replies":[{"embeddable":true,"href":"http:\/\/uogj.edu.al\/old\/wp-json\/wp\/v2\/comments?post=1995"}],"version-history":[{"count":13,"href":"http:\/\/uogj.edu.al\/old\/wp-json\/wp\/v2\/pages\/1995\/revisions"}],"predecessor-version":[{"id":6030,"href":"http:\/\/uogj.edu.al\/old\/wp-json\/wp\/v2\/pages\/1995\/revisions\/6030"}],"up":[{"embeddable":true,"href":"http:\/\/uogj.edu.al\/old\/wp-json\/wp\/v2\/pages\/1684"}],"wp:attachment":[{"href":"http:\/\/uogj.edu.al\/old\/wp-json\/wp\/v2\/media?parent=1995"}],"curies":[{"name":"wp","href":"https:\/\/api.w.org\/{rel}","templated":true}]}}