{"id":2099,"date":"2021-03-23T11:08:43","date_gmt":"2021-03-23T11:08:43","guid":{"rendered":"http:\/\/localhost:8080\/wordpress\/?page_id=2099"},"modified":"2021-04-21T15:55:13","modified_gmt":"2021-04-21T15:55:13","slug":"vendimet-fe","status":"publish","type":"page","link":"http:\/\/uogj.edu.al\/old\/njesite-kryesore\/fakulteti-ekonomik\/vendimet-fe\/","title":{"rendered":"Vendimet &#8211; FE"},"content":{"rendered":"\r\n<p>Per vitin akademik 2017 -2018 eshte firmosur hapja e njesise kryesore \u201cFakulteti Ekonomik\u201d t\u00eb Universitetit \u201cEqrem \u00c7abej\u201d Gjirokast\u00ebr.<\/p>\r\n\r\n\r\n\r\n<p>Kjo bazuar n\u00eb&nbsp;<strong><a target=\"_blank\" style=\"text-decoration: underline;\" href=\"http:\/\/uogj.edu.al\/wp-content\/uploads\/Test\/upload\/Shkresa%20e%20hapjes%20se%20Fakultetit%20Ekonomik.PDF\" data-type=\"URL\" data-id=\"http:\/\/uogj.edu.al\/wp-content\/uploads\/Test\/upload\/Shkresa%20e%20hapjes%20se%20Fakultetit%20Ekonomik.PDF\" rel=\"noopener\">Urdh\u00ebrin nr. 126&nbsp;<\/a><\/strong>m\u00eb 20\/03\/2017 p\u00ebr&nbsp;hapjen e nj\u00ebsis\u00eb kryesore.<\/p>\r\n\r\n\r\n\r\n<p>Mund te informoheni me vendimin nr 10 te Senatit dt 29\/10\/2015:<\/p>\r\n\r\n\r\n\r\n<p><a style=\"text-decoration: underline;\" target=\"_blank\" href=\"https:\/\/uogjedu-my.sharepoint.com\/personal\/dmiho_uogj_edu_al\/_layouts\/15\/onedrive.aspx?id=%2Fpersonal%2Fdmiho%5Fuogj%5Fedu%5Fal%2FDocuments%2FEvidenca%202017%2Fprogramet%20dhe%20kerkim%20shkencor%20nga%20departamentet%2Fekonomiku%2FVendim%20i%20Senatit%20per%20disa%20ndryshime%20ne%20Planin%20Mesimor%20MP%20ne%20Administrim%20Publik%2Epdf&#038;parent=%2Fpersonal%2Fdmiho%5Fuogj%5Fedu%5Fal%2FDocuments%2FEvidenca%202017%2Fprogramet%20dhe%20kerkim%20shkencor%20nga%20departamentet%2Fekonomiku&#038;originalPath=aHR0cHM6Ly91b2dqZWR1LW15LnNoYXJlcG9pbnQuY29tLzpiOi9nL3BlcnNvbmFsL2RtaWhvX3VvZ2pfZWR1X2FsL0VVNDhnQktqVFFWRGdOWm5Jd2tFdkNjQmYxdkVTRGJfYW9qQVpJSWozbndVbFE%5FcnRpbWU9N09CeTUyRDcyRWc\" data-type=\"URL\" data-id=\"https:\/\/uogjedu-my.sharepoint.com\/personal\/dmiho_uogj_edu_al\/_layouts\/15\/onedrive.aspx?id=%2Fpersonal%2Fdmiho%5Fuogj%5Fedu%5Fal%2FDocuments%2FEvidenca%202017%2Fprogramet%20dhe%20kerkim%20shkencor%20nga%20departamentet%2Fekonomiku%2FVendim%20i%20Senatit%20per%20disa%20ndryshime%20ne%20Planin%20Mesimor%20MP%20ne%20Administrim%20Publik%2Epdf&#038;parent=%2Fpersonal%2Fdmiho%5Fuogj%5Fedu%5Fal%2FDocuments%2FEvidenca%202017%2Fprogramet%20dhe%20kerkim%20shkencor%20nga%20departamentet%2Fekonomiku&#038;originalPath=aHR0cHM6Ly91b2dqZWR1LW15LnNoYXJlcG9pbnQuY29tLzpiOi9nL3BlcnNvbmFsL2RtaWhvX3VvZ2pfZWR1X2FsL0VVNDhnQktqVFFWRGdOWm5Jd2tFdkNjQmYxdkVTRGJfYW9qQVpJSWozbndVbFE%5FcnRpbWU9N09CeTUyRDcyRWc\" rel=\"noopener\"><strong>Vendim i Senatit per disa ndryshime ne Planin Mesimor MP ne Administrim Publik<\/strong><\/a><\/p>\r\n\r\n\r\n\r\n<p><\/p>\r\n","protected":false},"excerpt":{"rendered":"<p>Per vitin akademik 2017 -2018 eshte firmosur hapja e njesise kryesore \u201cFakulteti Ekonomik\u201d t\u00eb Universitetit \u201cEqrem \u00c7abej\u201d Gjirokast\u00ebr. Kjo bazuar [&hellip;]<\/p>\n","protected":false},"author":1,"featured_media":0,"parent":1695,"menu_order":0,"comment_status":"closed","ping_status":"closed","template":"","meta":{"_monsterinsights_skip_tracking":false,"_monsterinsights_sitenote_active":false,"_monsterinsights_sitenote_note":"","_monsterinsights_sitenote_category":0,"footnotes":""},"class_list":["post-2099","page","type-page","status-publish","hentry"],"_links":{"self":[{"href":"http:\/\/uogj.edu.al\/old\/wp-json\/wp\/v2\/pages\/2099"}],"collection":[{"href":"http:\/\/uogj.edu.al\/old\/wp-json\/wp\/v2\/pages"}],"about":[{"href":"http:\/\/uogj.edu.al\/old\/wp-json\/wp\/v2\/types\/page"}],"author":[{"embeddable":true,"href":"http:\/\/uogj.edu.al\/old\/wp-json\/wp\/v2\/users\/1"}],"replies":[{"embeddable":true,"href":"http:\/\/uogj.edu.al\/old\/wp-json\/wp\/v2\/comments?post=2099"}],"version-history":[{"count":6,"href":"http:\/\/uogj.edu.al\/old\/wp-json\/wp\/v2\/pages\/2099\/revisions"}],"predecessor-version":[{"id":5024,"href":"http:\/\/uogj.edu.al\/old\/wp-json\/wp\/v2\/pages\/2099\/revisions\/5024"}],"up":[{"embeddable":true,"href":"http:\/\/uogj.edu.al\/old\/wp-json\/wp\/v2\/pages\/1695"}],"wp:attachment":[{"href":"http:\/\/uogj.edu.al\/old\/wp-json\/wp\/v2\/media?parent=2099"}],"curies":[{"name":"wp","href":"https:\/\/api.w.org\/{rel}","templated":true}]}}