{"id":2139,"date":"2021-03-23T13:26:50","date_gmt":"2021-03-23T13:26:50","guid":{"rendered":"http:\/\/localhost:8080\/wordpress\/?page_id=2139"},"modified":"2021-06-29T10:43:38","modified_gmt":"2021-06-29T10:43:38","slug":"stafi-akademik-fakulteti-i-shkencave-te-natyres","status":"publish","type":"page","link":"http:\/\/uogj.edu.al\/old\/njesite-kryesore\/fakulteti-i-shkencave-te-natyres\/stafi-akademik-fakulteti-i-shkencave-te-natyres\/","title":{"rendered":"Stafi Akademik &#8211; Fakulteti i Shkencave t\u00eb Natyr\u00ebs"},"content":{"rendered":"\n<ul class=\"wp-block-list\"><li><strong>Departamenti i Biologji-Kimis\u00eb<\/strong><\/li><\/ul>\n\n\n\n<p>P\u00ebrgjegj\u00ebsi i njesise baze\/departamenti:<\/p>\n\n\n\n<div class=\"wp-block-columns is-layout-flex wp-container-core-columns-is-layout-1 wp-block-columns-is-layout-flex\">\n<div class=\"wp-block-column is-layout-flow wp-block-column-is-layout-flow\">\n<p><em>Prof. asoc.<\/em>&nbsp;SADIK MALO<\/p>\n<\/div>\n\n\n\n<div class=\"wp-block-column is-layout-flow wp-block-column-is-layout-flow\">\n<p><strong>e-mail:<\/strong> <a href=\"mailto:lhasani@uogj.edu.al\">smalo@uogj.edu.al<\/a><\/p>\n\n\n\n<p><strong>e-mail:<\/strong> <a href=\"mailto:lhasani@uogj.edu.al\">sadikmalo@gmail.com<\/a><\/p>\n<\/div>\n<\/div>\n\n\n\n<p>Personeli akademik:<\/p>\n\n\n\n<figure class=\"wp-block-table\"><table class=\"has-fixed-layout\"><tbody><tr><td>&nbsp;Prof. dr.&nbsp;Lavdi Hasani<\/td><td>Profesor<\/td><td><a href=\"mailto:hasanilavdi@yahoo.com\">hasanilavdi@yahoo.com<\/a><br><a href=\"mailto:lhasani@uogj.edu.al\">lhasani@uogj.edu.al<\/a><\/td><\/tr><tr><td>&nbsp;Prof. asoc. Selfo Oru\u00e7i&nbsp; &nbsp;<\/td><td>Profesor<\/td><td><a href=\"mailto:selfo.oruci@yahoo.com\">selfo.oruci@yahoo.com<\/a>&nbsp;&nbsp;<br><a href=\"mailto:soruci@uogj.edu.al\">soruci@uogj.edu.al<\/a><\/td><\/tr><tr><td>Prof.asoc.&nbsp;Majlinda Terpo&nbsp; &nbsp;<\/td><td>Profesor<\/td><td><a href=\"mailto:mterpo@yahoo.com\">mterpo@yahoo.com<\/a>&nbsp;<br><a href=\"mailto:mterpo@uogj.edu.al\">mterpo@uogj.edu.al<\/a><\/td><\/tr><tr><td>Prof.asoc.&nbsp;Glior Pasali<\/td><td>Profesor<\/td><td><a href=\"mailto:gpaspali@yahoo.com\">gpaspali@yahoo.com<\/a><br><a href=\"mailto:gpaspali@uogj.edu.al\">gpaspali@uogj.edu.al<\/a><\/td><\/tr><tr><td>Dr.&nbsp;Etleva Hysaj&nbsp;&nbsp;<\/td><td>Lektor<\/td><td><a href=\"mailto:hysaj_etleva@yahoo.com\">hysaj_etleva@yahoo.com<\/a>&nbsp;&nbsp;<br><a href=\"mailto:ehysaj@uogj.edu.al\">ehysaj@uogj.edu.al<\/a><\/td><\/tr><tr><td>Dr.&nbsp;Anduela Qendro&nbsp;<\/td><td>Lektor<\/td><td><a href=\"mailto:qendroa@yahoo.com\">qendroa@yahoo.com<\/a><br><a href=\"mailto:aqendro@uogj.edu.al\">aqendro@uogj.edu.al<\/a><\/td><\/tr><tr><td>MSc.&nbsp;Aneta \u00c7omo&nbsp; &nbsp;<\/td><td>As\/Lektor<\/td><td><a href=\"mailto:anetacomo@yahoo.com\">anetacomo@yahoo.com<\/a>&nbsp;<br><a href=\"mailto:acomo@uogj.edu.al\">acomo@uogj.edu.al<\/a><\/td><\/tr><\/tbody><\/table><\/figure>\n\n\n\n<p>Personeli akademik i ftuar:<\/p>\n\n\n\n<figure class=\"wp-block-table\"><table class=\"has-fixed-layout\"><tbody><tr><td>Prof.dr Murat Xhulaj&nbsp;<\/td><td>Profesor<\/td><td>I Ftuar<\/td><\/tr><tr><td>Msc &nbsp;Elefteria Liti&nbsp;<\/td><td>As\/Lektor<\/td><td>Kohe e pjesshme<\/td><\/tr><tr><td>Msc &nbsp;Joana Lena<\/td><td>As\/Lektor<\/td><td>Kohe e pjesshme<\/td><\/tr><tr><td>Msc Jonilda Llupa<\/td><td>As\/Lektor<\/td><td>Kohe e pjesshme<\/td><\/tr><tr><td>Msc Afize Sula<\/td><td>As\/Lektor<\/td><td>Kohe e pjesshme<\/td><\/tr><tr><td>Msc Xhuljana Frengu<\/td><td>As\/Lektor<\/td><td>Kohe e pjesshme<\/td><\/tr><\/tbody><\/table><\/figure>\n\n\n\n<ul class=\"wp-block-list\"><li><strong>Departamenti i Infermieris\u00eb<\/strong><\/li><\/ul>\n\n\n\n<p>P\u00ebrgjegj\u00ebse e Njesise Baze \/ Departamenti:<\/p>\n\n\n\n<div class=\"wp-block-columns is-layout-flex wp-container-core-columns-is-layout-2 wp-block-columns-is-layout-flex\">\n<div class=\"wp-block-column is-layout-flow wp-block-column-is-layout-flow\">\n<p><em>Prof.asoc.<\/em> Maria Agolli&nbsp;<\/p>\n<\/div>\n\n\n\n<div class=\"wp-block-column is-layout-flow wp-block-column-is-layout-flow\">\n<p>&nbsp;&nbsp;&nbsp; <strong>e-mail:<\/strong> <a href=\"mailto:mmeci@uogj.edu.al\">mmeci@uogj.edu.al<\/a><\/p>\n\n\n\n<p>    <strong>e-mail:<\/strong><a href=\"mailto:agollimaria@yahoo.com\">agollimaria@yahoo.com<\/a><\/p>\n<\/div>\n<\/div>\n\n\n\n<p>Personeli akademik:<\/p>\n\n\n\n<figure class=\"wp-block-table\"><table class=\"has-fixed-layout\"><tbody><tr><td>Doc. Dr. Zamira Vllaho&nbsp;<\/td><td>Lektor<\/td><td><a href=\"mailto:zvllaho@uogj.edu.al\">zvllaho@uogj.edu.al<\/a><\/td><\/tr><tr><td>Dr. Laura Mezini&nbsp;&nbsp; &nbsp;<\/td><td>Lektor&nbsp;<\/td><td><a href=\"mailto:lmezini@uogj.edu.al\">lmezini@uogj.edu.al<\/a><\/td><\/tr><tr><td>Msc.Dritan Rami&nbsp; &nbsp; &nbsp;<\/td><td>As\/Lektor<\/td><td><a href=\"mailto:drami@uogj.edu.al\">drami@uogj.edu.al<\/a><\/td><\/tr><tr><td>Msc.Zhenisa Gra\u00e7i&nbsp; &nbsp;<\/td><td>As\/Lektor<\/td><td><a href=\"mailto:zgraci@uogj.edu.al\">zgraci@uogj.edu.al<\/a><\/td><\/tr><tr><td>Msc.Bledar Late&nbsp; &nbsp; &nbsp;<\/td><td>As\/Lektor<\/td><td><a href=\"mailto:blate@uogj.edu.al\">blate@uogj.edu.al<\/a><\/td><\/tr><tr><td>Msc.Arjeta Xhemali&nbsp;<\/td><td>As\/Lektor<\/td><td><a href=\"mailto:axhemali@uogj.edu.al\">axhemali@uogj.edu.al<\/a><\/td><\/tr><tr><td>Msc. Altin Goxharaj&nbsp; &nbsp;<\/td><td>As\/Lektor<\/td><td><a href=\"mailto:agoxharaj@uogj.edu.al\">agoxharaj@uogj.edu.al<\/a><\/td><\/tr><tr><td>Msc.Mimoza&nbsp; Llavdaniti<\/td><td>As\/Lektor<\/td><td><a href=\"mailto:mllavdaniti@uogj.edu.al\">mllavdaniti@uogj.edu.al<\/a><\/td><\/tr><tr><td>Msc. Pamela&nbsp; Bajrami<\/td><td>As\/Lektor<\/td><td><a href=\"mailto:pbajrami@uogj.edu.al\">pbajrami@uogj.edu.al<\/a><\/td><\/tr><\/tbody><\/table><\/figure>\n\n\n\n<p>&nbsp;Personeli akademik:<\/p>\n\n\n\n<figure class=\"wp-block-table\"><table class=\"has-fixed-layout\"><tbody><tr><td>Msc. Olta Qurku<\/td><td>As\/Lektor<\/td><td>Kohe e pjesshme<\/td><\/tr><tr><td>Msc. Valentina Jupi<\/td><td>As\/Lektor<\/td><td>Kohe e pjesshme<\/td><\/tr><tr><td>Msc. Roland Karalli<\/td><td>As\/Lektor<\/td><td>Kohe e pjesshme<\/td><\/tr><tr><td>Dr. Gjergji Semini<\/td><td>Lektor<\/td><td>Kohe e pjesshme<\/td><\/tr><tr><td>Msc. Rovin Laro<\/td><td>As\/Lektor<\/td><td>Kohe e pjesshme<\/td><\/tr><tr><td>Msc. Florent Bushe<\/td><td>As\/Lektor<\/td><td>Kohe e pjesshme<\/td><\/tr><tr><td>Msc. Evjeni Hasani (Ymeri)<\/td><td>As\/Lektor<\/td><td>Kohe e pjesshme<\/td><\/tr><tr><td>Msc. Arqile Zhapa<\/td><td>As\/Lektor<\/td><td>Kohe e pjesshme<\/td><\/tr><tr><td>Msc. Aferdita Kristidhi (Terpo)<\/td><td>As\/Lektor<\/td><td>Kohe e pjesshme<\/td><\/tr><tr><td>Msc. Ledion&nbsp; Pandos<\/td><td>As\/Lektor<\/td><td>Kohe e pjesshme<\/td><\/tr><tr><td>Dr.&nbsp;Vjollca&nbsp; Koko<\/td><td>Lektor<\/td><td>Kohe e pjesshme<\/td><\/tr><tr><td>Msc.&nbsp;Dashamir&nbsp; Demiri<\/td><td>As\/Lektor<\/td><td>Kohe e pjesshme<\/td><\/tr><tr><td>Msc. Migena&nbsp; Kuro<\/td><td>As\/Lektor<\/td><td>Kohe e pjesshme<\/td><\/tr><tr><td>Msc. Julinda Mijo<\/td><td>As\/Lektor<\/td><td>Kohe e pjesshme<\/td><\/tr><tr><td>Msc. Sheme Cela<\/td><td>As\/Lektor<\/td><td>Kohe e pjesshme<\/td><\/tr><tr><td>Msc. Mimoza \u00c7ekani<\/td><td>As\/Lektor<\/td><td>Kohe e pjesshme<\/td><\/tr><tr><td>Msc. Ornela&nbsp; Garo<\/td><td>As\/Lektor<\/td><td>Kohe e pjesshme<\/td><\/tr><tr><td>Msc. Klarita&nbsp; Halo\u00e7i<\/td><td>As\/Lektor<\/td><td>Kohe e pjesshme<\/td><\/tr><tr><td>Msc. Vitjona Hunda<\/td><td>As\/Lektor<\/td><td>Kohe e pjesshme<\/td><\/tr><tr><td>Msc.&nbsp;Murat Ka\u00e7i<\/td><td>As\/Lektor<\/td><td>Kohe e pjesshme<\/td><\/tr><tr><td>Msc.&nbsp;Kostandin&nbsp; Hido<\/td><td>As\/Lektor<\/td><td>Kohe e pjesshme<\/td><\/tr><tr><td>Msc. Velma Hysaj<\/td><td>As\/Lektor<\/td><td>Kohe e pjesshme<\/td><\/tr><\/tbody><\/table><\/figure>\n\n\n\n<ul class=\"wp-block-list\"><li><strong>Departamenti i Matematik\u00ebs, Informatik\u00ebs dhe Fizik\u00ebs<\/strong><\/li><\/ul>\n\n\n\n<p>P\u00ebrgjegj\u00ebse e Njesise Baze \/ Departamenti:<\/p>\n\n\n\n<div class=\"wp-block-columns is-layout-flex wp-container-core-columns-is-layout-3 wp-block-columns-is-layout-flex\">\n<div class=\"wp-block-column is-layout-flow wp-block-column-is-layout-flow\">\n<p><em>Dr.<\/em>&nbsp;Dhori Terpo&nbsp;<\/p>\n<\/div>\n\n\n\n<div class=\"wp-block-column is-layout-flow wp-block-column-is-layout-flow\">\n<p><strong>e-mail:<\/strong> <a href=\"mailto:dhterpo@uogj.edu.al\">dhterpo@uogj.edu.al<\/a><\/p>\n<\/div>\n<\/div>\n\n\n\n<figure class=\"wp-block-table is-style-regular\"><table class=\"has-fixed-layout\"><tbody><tr><td>Dr.&nbsp;Kastriot Zoto<\/td><td>&nbsp;Lektor&nbsp;<\/td><td><a href=\"mailto:kzoto@uogj.edu.al\">kzoto@uogj.edu.al<\/a><\/td><\/tr><tr><td>Doc.Dr. Arben Isufati<\/td><td>&nbsp;Lektor&nbsp;<\/td><td><a href=\"mailto:aisufati@uogj.edu.al\">aisufati@uogj.edu.al<\/a><\/td><\/tr><tr><td>Doc.Dr. Romeo Mano<\/td><td>&nbsp;Lektor&nbsp;<\/td><td><a href=\"mailto:rmano@uogj.edu.al\">rmano@uogj.edu.al<\/a><\/td><\/tr><tr><td>Doc.Msc.&nbsp;Jani Lica&nbsp;<\/td><td>&nbsp;Lektor&nbsp;<\/td><td><a href=\"mailto:jlica@uogj.edu.al\">jlica@uogj.edu.al<\/a><\/td><\/tr><tr><td>Msc. Kosta Lili<\/td><td>As\/Lektor&nbsp;<\/td><td><a href=\"mailto:klili@uogj.edu.al\">klili@uogj.edu.al<\/a><\/td><\/tr><tr><td>Dr.&nbsp;Kristanthi Naka&nbsp;<\/td><td>&nbsp;Lektor&nbsp;<\/td><td><a href=\"mailto:knaka@uogj.edu.al\">knaka@uogj.edu.al<\/a>&nbsp; &nbsp;<\/td><\/tr><tr><td>Prof. asoc.Jani Dine&nbsp;<\/td><td>Profesor<\/td><td><a href=\"mailto:jdine@uogj.edu.al\">jdine@uogj.edu.al<\/a><\/td><\/tr><tr><td>Dr. Jollanda SHara<\/td><td>&nbsp;Lektor&nbsp;<\/td><td><a href=\"mailto:jshara@uogj.edu.al\">jshara@uogj.edu.al<\/a><\/td><\/tr><tr><td>Msc.&nbsp;Inva Muho<\/td><td>As\/Lektor&nbsp;<\/td><td><a href=\"mailto:ibilo@uogj.edu.al\">ibilo@uogj.edu.al<\/a><\/td><\/tr><tr><td>Dr.&nbsp;Antuela Sinani&nbsp;<\/td><td>&nbsp;Lektor&nbsp;<\/td><td><a href=\"mailto:asinani@uogj.edu.al\">asinani@uogj.edu.al<\/a>&nbsp;<\/td><\/tr><tr><td>Doc. Dr. Isidor Kokalari<\/td><td>&nbsp;Lektor&nbsp;<\/td><td><a href=\"mailto:ikokalari@uogj.edu.al\">ikokalari@uogj.edu.al<\/a><\/td><\/tr><\/tbody><\/table><\/figure>\n\n\n\n<p>Personel akademik i ftuar:<\/p>\n\n\n\n<figure class=\"wp-block-table is-style-regular\"><table class=\"has-fixed-layout\"><tbody><tr><td>Msc.&nbsp;Alba&nbsp;Meleqi<\/td><td>As\/Lektor<\/td><td>Kohe e pjesshme<\/td><\/tr><tr><td>Msc.&nbsp;Arjan&nbsp;Vllaho<\/td><td>As\/Lektor<\/td><td>Kohe e pjesshme<\/td><\/tr><tr><td>Msc.&nbsp;Vasil&nbsp;Minga<\/td><td>As\/Lektor<\/td><td>Kohe e pjesshme<\/td><\/tr><tr><td>Msc. Besian Rama<\/td><td>As\/Lektor<\/td><td>Kohe e pjesshme<\/td><\/tr><tr><td>Prof.dr.&nbsp;Kostaq&nbsp;Hila<\/td><td>Profesor<\/td><td>I Ftuar<\/td><\/tr><tr><td>Msc. Majlinda Aliko<\/td><td>As\/Lektor<\/td><td>Kohe e pjesshme<\/td><\/tr><tr><td>Msc.&nbsp;Nasi&nbsp;Kapurani<\/td><td>As\/Lektor<\/td><td>Kohe e pjesshme<\/td><\/tr><tr><td>Msc&nbsp;Besmir Kanushi<\/td><td>As\/Lektor<\/td><td>Kohe e pjesshme<\/td><\/tr><\/tbody><\/table><\/figure>\n","protected":false},"excerpt":{"rendered":"<p>Departamenti i Biologji-Kimis\u00eb P\u00ebrgjegj\u00ebsi i njesise baze\/departamenti: Prof. asoc.&nbsp;SADIK MALO e-mail: smalo@uogj.edu.al e-mail: sadikmalo@gmail.com Personeli akademik: &nbsp;Prof. dr.&nbsp;Lavdi Hasani Profesor [&hellip;]<\/p>\n","protected":false},"author":1,"featured_media":0,"parent":1726,"menu_order":0,"comment_status":"closed","ping_status":"closed","template":"","meta":{"_monsterinsights_skip_tracking":false,"_monsterinsights_sitenote_active":false,"_monsterinsights_sitenote_note":"","_monsterinsights_sitenote_category":0,"footnotes":""},"class_list":["post-2139","page","type-page","status-publish","hentry"],"_links":{"self":[{"href":"http:\/\/uogj.edu.al\/old\/wp-json\/wp\/v2\/pages\/2139"}],"collection":[{"href":"http:\/\/uogj.edu.al\/old\/wp-json\/wp\/v2\/pages"}],"about":[{"href":"http:\/\/uogj.edu.al\/old\/wp-json\/wp\/v2\/types\/page"}],"author":[{"embeddable":true,"href":"http:\/\/uogj.edu.al\/old\/wp-json\/wp\/v2\/users\/1"}],"replies":[{"embeddable":true,"href":"http:\/\/uogj.edu.al\/old\/wp-json\/wp\/v2\/comments?post=2139"}],"version-history":[{"count":8,"href":"http:\/\/uogj.edu.al\/old\/wp-json\/wp\/v2\/pages\/2139\/revisions"}],"predecessor-version":[{"id":5231,"href":"http:\/\/uogj.edu.al\/old\/wp-json\/wp\/v2\/pages\/2139\/revisions\/5231"}],"up":[{"embeddable":true,"href":"http:\/\/uogj.edu.al\/old\/wp-json\/wp\/v2\/pages\/1726"}],"wp:attachment":[{"href":"http:\/\/uogj.edu.al\/old\/wp-json\/wp\/v2\/media?parent=2139"}],"curies":[{"name":"wp","href":"https:\/\/api.w.org\/{rel}","templated":true}]}}