{"id":2471,"date":"2021-03-26T14:22:48","date_gmt":"2021-03-26T14:22:48","guid":{"rendered":"http:\/\/localhost:8080\/wordpress\/?page_id=2471"},"modified":"2023-05-05T08:12:02","modified_gmt":"2023-05-05T08:12:02","slug":"senati-akademik","status":"publish","type":"page","link":"http:\/\/uogj.edu.al\/old\/senati-akademik\/","title":{"rendered":"Senati Akademik"},"content":{"rendered":"\n<p><strong>Senatoret<\/strong><\/p>\n\n\n\n<ol class=\"wp-block-list\" type=\"1\" start=\"1\">\n<li><strong>Bektash Mema (Rektori i Universitetit \u201cEqrem \u00c7abej\u201d, Kryetar i Senatit Akademik)<\/strong><\/li>\n\n\n\n<li>G\u00ebzim Sala (an\u00ebtar, Fakulteti i Edukimit dhe Shkencave Shoq\u00ebrore)<\/li>\n\n\n\n<li>Panajot Barka (an\u00ebtar, Fakulteti i Edukimit dhe Shkencave Shoq\u00ebrore)<\/li>\n\n\n\n<li>Jaho Canaj (an\u00ebtar, Fakulteti i Edukimit dhe Shkencave Shoq\u00ebrore)<\/li>\n\n\n\n<li>Valbona Duri (an\u00ebtar, Fakulteti i Edukimit dhe Shkencave Shoq\u00ebrore)<\/li>\n\n\n\n<li>Merita Shehu (an\u00ebtar, Fakulteti i Edukimit dhe Shkencave Shoq\u00ebrore)<\/li>\n\n\n\n<li>Albina Sinani (an\u00ebtar, Fakulteti i Edukimit dhe Shkencave Shoq\u00ebrore)<\/li>\n\n\n\n<li>Mimoza Zekaj (an\u00ebtar, Fakulteti i Edukimit dhe Shkencave Shoq\u00ebrore)<\/li>\n\n\n\n<li>Harallamb Mi\u00e7oni (an\u00ebtar, Fakulteti i Edukimit dhe Shkencave Shoq\u00ebrore)<\/li>\n\n\n\n<li>Spiridhulla Po\u00e7i (an\u00ebtar, Fakulteti i Edukimit dhe Shkencave Shoq\u00ebrore)<\/li>\n\n\n\n<li>Selfo Oru\u00e7i (an\u00ebtar, Fakulteti i Shkencave t\u00eb Natyr\u00ebs)<\/li>\n\n\n\n<li>Lavdi Hasani (an\u00ebtar, Fakulteti i Shkencave t\u00eb Natyr\u00ebs)<\/li>\n\n\n\n<li>Marie Agolli (an\u00ebtar, Fakulteti i Shkencave t\u00eb Natyr\u00ebs)<\/li>\n\n\n\n<li>Majlinda Terpo (an\u00ebtar, Fakulteti i Shkencave t\u00eb Natyr\u00ebs)<\/li>\n\n\n\n<li>Sadik Malo (an\u00ebtar, Fakulteti i Shkencave t\u00eb Natyr\u00ebs)<\/li>\n\n\n\n<li>Lorenc Ko\u00e7iu (an\u00ebtar, Fakulteti Ekonomik)<\/li>\n\n\n\n<li>Eduina Guga (an\u00ebtar, Fakulteti Ekonomik)<\/li>\n\n\n\n<li>Belinda Xarba (an\u00ebtar, Fakulteti Ekonomik)<\/li>\n\n\n\n<li>Zamira Veizi (an\u00ebtar, Fakulteti Ekonomik)<\/li>\n\n\n\n<li>Sara Bixhaku (an\u00ebtar, student)<\/li>\n\n\n\n<li>Krenar M\u00ebma (an\u00ebtar, student)<\/li>\n\n\n\n<li>Briseda Kamemaj (Sekretare e Senatit Akademik)<\/li>\n<\/ol>\n\n\n\t\t\t\t\t\t<style>\r\n\t\t\t\t\r\n\t\t\t\t\t#tab_container_5312 {\r\n\toverflow:hidden;\r\n\tdisplay:block;\r\n\twidth:100%;\r\n\tborder:0px solid #ddd;\r\n\tmargin-bottom:30px;\r\n\t}\r\n\r\n#tab_container_5312 .tab-content{\r\n\tpadding:20px;\r\n\tborder: 1px solid #e6e6e6 !important;\r\n\tmargin-top: 0px;\r\n\tbackground-color:#ffffff !important;\r\n\tcolor: #000000 !important;\r\n\tfont-size:16px !important;\r\n\tfont-family: Open Sans !important;\r\n\t\r\n\t\tborder: 1px solid #e6e6e6 !important;\r\n\t}\r\n#tab_container_5312 .wpsm_nav-tabs {\r\n    border-bottom: 0px solid #ddd;\r\n}\r\n#tab_container_5312 .wpsm_nav-tabs > li.active > a, #tab_container_5312 .wpsm_nav-tabs > li.active > a:hover, #tab_container_5312 .wpsm_nav-tabs > li.active > a:focus {\r\n\tcolor: #000000 !important;\r\n\tcursor: default;\r\n\tbackground-color: #ffffff !important;\r\n\tborder: 1px solid #e6e6e6 !important;\r\n}\r\n\r\n#tab_container_5312 .wpsm_nav-tabs > li > a {\r\n    margin-right: 0px !important; \r\n    line-height: 1.42857143 !important;\r\n    border: 1px solid #d5d5d5 !important;\r\n    border-radius: 0px 0px 0 0 !important; \r\n\tbackground-color: #e8e8e8 !important;\r\n\tcolor: #000000 !important;\r\n\tpadding: 15px 18px 15px 18px !important;\r\n\ttext-decoration: none !important;\r\n\tfont-size: 14px !important;\r\n\ttext-align:center !important;\r\n\tfont-family: Open Sans !important;\r\n}\r\n#tab_container_5312 .wpsm_nav-tabs > li > a:focus {\r\noutline: 0px !important;\r\n}\r\n\r\n#tab_container_5312 .wpsm_nav-tabs > li > a:before {\r\n\tdisplay:none !important;\r\n}\r\n#tab_container_5312 .wpsm_nav-tabs > li > a:after {\r\n\tdisplay:none !important ;\r\n}\r\n#tab_container_5312 .wpsm_nav-tabs > li{\r\npadding:0px !important ;\r\nmargin:0px;\r\n}\r\n\r\n#tab_container_5312 .wpsm_nav-tabs > li > a:hover , #tab_container_5312 .wpsm_nav-tabs > li > a:focus {\r\n    color: #000000 !important;\r\n    background-color: #e8e8e8 !important;\r\n\tborder: 1px solid #d5d5d5 !important;\r\n\t\r\n}\r\n#tab_container_5312 .wpsm_nav-tabs > li > a .fa{\r\n\r\nmargin-right:5px !important;\r\n\r\nmargin-left:5px !important;\r\n\r\n\r\n}\r\n\r\n\t\t#tab_container_5312 .wpsm_nav-tabs a{\r\n\t\t\tbackground-image: none;\r\n\t\t\tbackground-position: 0 0;\r\n\t\t\tbackground-repeat: repeat-x;\r\n\t\t}\r\n\t\t\t\r\n\r\n\r\n#tab_container_5312 .wpsm_nav-tabs > li {\r\n    float: left;\r\n    margin-bottom: -1px !important;\r\n\tmargin-right:0px !important; \r\n}\r\n\r\n\r\n#tab_container_5312 .tab-content{\r\noverflow:hidden !important;\r\n}\r\n\r\n\r\n@media (min-width: 769px) {\r\n\r\n\t#tab_container_5312 .wpsm_nav-tabs > li{\r\n\t\tfloat:left !important ;\r\n\t\t\t\tmargin-right:-1px !important;\r\n\t\t\t\t\t}\r\n\t#tab_container_5312 .wpsm_nav-tabs{\r\n\t\tfloat:none !important;\r\n\t\tmargin:0px !important;\r\n\t}\r\n\r\n\t#tab_container_5312 .wpsm_nav-tabs > li {\r\n\t\t\t\t\r\n\t}\r\n\t#tab_container_5312 .wpsm_nav{\r\n\t\t\t}\r\n\r\n}\r\n\r\n\r\n\r\n@media (max-width: 768px) {\r\n\t#tab_container_5312 .wpsm_nav-tabs > li {\r\n\t\t\t\t\r\n\t}\r\n\t#tab_container_5312 .wpsm_nav{\r\n\t\t\t}\r\n}\r\n\r\n\r\n\t.wpsm_nav-tabs li:before{\r\n\t\tdisplay:none !important;\r\n\t}\r\n\r\n\t@media (max-width: 768px) {\r\n\t\t\t\t\r\n\t\t\t\t.wpsm_nav-tabs{\r\n\t\t\tmargin-left:0px !important;\r\n\t\t\tmargin-right:0px !important; \r\n\t\t\t\r\n\t\t}\r\n\t\t\t\t#tab_container_5312 .wpsm_nav-tabs > li{\r\n\t\t\tfloat:none !important;\r\n\t\t}\r\n\t\t\t\r\n\t}\t\t\t\t<\/style>\r\n\t\t\t\t<div id=\"tab_container_5312\" >\r\n\t \r\n\t\t\t\t\t<ul class=\"wpsm_nav wpsm_nav-tabs\" role=\"tablist\" id=\"myTab_5312\">\r\n\t\t\t\t\t\t\t\r\n\t\t\t\t\t\t\t<li role=\"presentation\"  class=\"active\"  onclick=\"do_resize()\">\r\n\t\t\t\t\t\t\t\t<a href=\"#tabs_desc_5312_1\" aria-controls=\"tabs_desc_5312_1\" role=\"tab\" data-toggle=\"tab\">\r\n\t\t\t\t\t\t\t\t\t\r\n\t\t\t\t\t\t\t\t\t\t\t\t\t\t\t\t\t\t\t\t\t\t\t\t\t\t\t\t\t\t\t\t\t\t\t\t\t\t\t\t\t\t\t\t\t\t\t\t\t\r\n\t\t\t\t\t\t\t\t\t\t\t\t\t\t\t\t\t\t\r\n\t\t\t\t\t\t\t\t\t<span>Senatoret<\/span>\r\n\t\t\t\t\t\t\t\t\t\r\n\t\t\t\t\t\t\t\t\t\t\t\t\t\t\t\t\t\t\r\n\t\t\t\t\t\t\t\t\t\t\t\t\t\t\t\t\t\t\t\t\r\n\t\t\t\t\t\t\t\t\t\r\n\t\t\t\t\t\t\t\t<\/a>\r\n\t\t\t\t\t\t\t<\/li>\r\n\t\t\t\t\t\t\t\r\n\t\t\t\t\t\t\t<li role=\"presentation\"  onclick=\"do_resize()\">\r\n\t\t\t\t\t\t\t\t<a href=\"#tabs_desc_5312_2\" aria-controls=\"tabs_desc_5312_2\" role=\"tab\" data-toggle=\"tab\">\r\n\t\t\t\t\t\t\t\t\t\r\n\t\t\t\t\t\t\t\t\t\t\t\t\t\t\t\t\t\t\t\t\t\t\t\t\t\t\t\t\t\t\t\t\t\t\t\t\t\t\t\t\t\t\t\t\t\t\t\t\t\r\n\t\t\t\t\t\t\t\t\t\t\t\t\t\t\t\t\t\t\r\n\t\t\t\t\t\t\t\t\t<span>Komisionet<\/span>\r\n\t\t\t\t\t\t\t\t\t\r\n\t\t\t\t\t\t\t\t\t\t\t\t\t\t\t\t\t\t\r\n\t\t\t\t\t\t\t\t\t\t\t\t\t\t\t\t\t\t\t\t\r\n\t\t\t\t\t\t\t\t\t\r\n\t\t\t\t\t\t\t\t<\/a>\r\n\t\t\t\t\t\t\t<\/li>\r\n\t\t\t\t\t\t\t\r\n\t\t\t\t\t\t\t<li role=\"presentation\"  onclick=\"do_resize()\">\r\n\t\t\t\t\t\t\t\t<a href=\"#tabs_desc_5312_3\" aria-controls=\"tabs_desc_5312_3\" role=\"tab\" data-toggle=\"tab\">\r\n\t\t\t\t\t\t\t\t\t\r\n\t\t\t\t\t\t\t\t\t\t\t\t\t\t\t\t\t\t\t\t\t\t\t\t\t\t\t\t\t\t\t\t\t\t\t\t\t\t\t\t\t\t\t\t\t\t\t\t\t\r\n\t\t\t\t\t\t\t\t\t\t\t\t\t\t\t\t\t\t\r\n\t\t\t\t\t\t\t\t\t<span>Rregullore<\/span>\r\n\t\t\t\t\t\t\t\t\t\r\n\t\t\t\t\t\t\t\t\t\t\t\t\t\t\t\t\t\t\r\n\t\t\t\t\t\t\t\t\t\t\t\t\t\t\t\t\t\t\t\t\r\n\t\t\t\t\t\t\t\t\t\r\n\t\t\t\t\t\t\t\t<\/a>\r\n\t\t\t\t\t\t\t<\/li>\r\n\t\t\t\t\t\t\t\r\n\t\t\t\t\t\t\t<li role=\"presentation\"  onclick=\"do_resize()\">\r\n\t\t\t\t\t\t\t\t<a href=\"#tabs_desc_5312_4\" aria-controls=\"tabs_desc_5312_4\" role=\"tab\" data-toggle=\"tab\">\r\n\t\t\t\t\t\t\t\t\t\r\n\t\t\t\t\t\t\t\t\t\t\t\t\t\t\t\t\t\t\t\t\t\t\t\t\t\t\t\t\t\t\t\t\t\t\t\t\t\t\t\t\t\t\t\t\t\t\t\t\t\r\n\t\t\t\t\t\t\t\t\t\t\t\t\t\t\t\t\t\t\r\n\t\t\t\t\t\t\t\t\t<span>VSA 2019 &amp; VSA 2020<\/span>\r\n\t\t\t\t\t\t\t\t\t\r\n\t\t\t\t\t\t\t\t\t\t\t\t\t\t\t\t\t\t\r\n\t\t\t\t\t\t\t\t\t\t\t\t\t\t\t\t\t\t\t\t\r\n\t\t\t\t\t\t\t\t\t\r\n\t\t\t\t\t\t\t\t<\/a>\r\n\t\t\t\t\t\t\t<\/li>\r\n\t\t\t\t\t\t\t\r\n\t\t\t\t\t\t\t<li role=\"presentation\"  onclick=\"do_resize()\">\r\n\t\t\t\t\t\t\t\t<a href=\"#tabs_desc_5312_5\" aria-controls=\"tabs_desc_5312_5\" role=\"tab\" data-toggle=\"tab\">\r\n\t\t\t\t\t\t\t\t\t\r\n\t\t\t\t\t\t\t\t\t\t\t\t\t\t\t\t\t\t\t\t\t\t\t\t\t\t\t\t\t\t\t\t\t\t\t\t\t\t\t\t\t\t\t\t\t\t\t\t\t\r\n\t\t\t\t\t\t\t\t\t\t\t\t\t\t\t\t\t\t\r\n\t\t\t\t\t\t\t\t\t<span>VSA 2021 &amp; VSA 2022<\/span>\r\n\t\t\t\t\t\t\t\t\t\r\n\t\t\t\t\t\t\t\t\t\t\t\t\t\t\t\t\t\t\r\n\t\t\t\t\t\t\t\t\t\t\t\t\t\t\t\t\t\t\t\t\r\n\t\t\t\t\t\t\t\t\t\r\n\t\t\t\t\t\t\t\t<\/a>\r\n\t\t\t\t\t\t\t<\/li>\r\n\t\t\t\t\t\t\t\t\t\t\t <\/ul>\r\n\r\n\t\t\t\t\t  <!-- Tab panes -->\r\n\t\t\t\t\t  <div class=\"tab-content\" id=\"tab-content_5312\">\r\n\t\t\t\t\t\t\t\t\t\t\t\t <div role=\"tabpanel\" class=\"tab-pane  in active \" id=\"tabs_desc_5312_1\">\r\n\t\t\t\t\t\t\t\t<h3>Senatoret<\/h3>\r\n<ol>\r\n<li><strong>Bektash Mema (Rektori i Universitetit \u201cEqrem \u00c7abej\u201d, Kryetar i Senatit Akademik)<\/strong><\/li>\r\n<li>G\u00ebzim Sala (an\u00ebtar, Fakulteti i Edukimit dhe Shkencave Shoq\u00ebrore)<\/li>\r\n<li>Panajot Barka (an\u00ebtar, Fakulteti i Edukimit dhe Shkencave Shoq\u00ebrore)<\/li>\r\n<li>Jaho Canaj (an\u00ebtar, Fakulteti i Edukimit dhe Shkencave Shoq\u00ebrore)<\/li>\r\n<li>Valbona Duri (an\u00ebtar, Fakulteti i Edukimit dhe Shkencave Shoq\u00ebrore)<\/li>\r\n<li>Merita Shehu (an\u00ebtar, Fakulteti i Edukimit dhe Shkencave Shoq\u00ebrore)<\/li>\r\n<li>Albina Sinani (an\u00ebtar, Fakulteti i Edukimit dhe Shkencave Shoq\u00ebrore)<\/li>\r\n<li>Mimoza Zekaj (an\u00ebtar, Fakulteti i Edukimit dhe Shkencave Shoq\u00ebrore)<\/li>\r\n<li>Harallamb Mi\u00e7oni (an\u00ebtar, Fakulteti i Edukimit dhe Shkencave Shoq\u00ebrore)<\/li>\r\n<li>Spiridhulla Po\u00e7i (an\u00ebtar, Fakulteti i Edukimit dhe Shkencave Shoq\u00ebrore)<\/li>\r\n<li>Selfo Oru\u00e7i (an\u00ebtar, Fakulteti i Shkencave t\u00eb Natyr\u00ebs)<\/li>\r\n<li>Lavdi Hasani (an\u00ebtar, Fakulteti i Shkencave t\u00eb Natyr\u00ebs)<\/li>\r\n<li>Marie Agolli (an\u00ebtar, Fakulteti i Shkencave t\u00eb Natyr\u00ebs)<\/li>\r\n<li>Majlinda Terpo (an\u00ebtar, Fakulteti i Shkencave t\u00eb Natyr\u00ebs)<\/li>\r\n<li>Sadik Malo (an\u00ebtar, Fakulteti i Shkencave t\u00eb Natyr\u00ebs)<\/li>\r\n<li>Lorenc Ko\u00e7iu (an\u00ebtar, Fakulteti Ekonomik)<\/li>\r\n<li>Eduina Guga (an\u00ebtar, Fakulteti Ekonomik)<\/li>\r\n<li>Belinda Xarba (an\u00ebtar, Fakulteti Ekonomik)<\/li>\r\n<li>Zamira Veizi (an\u00ebtar, Fakulteti Ekonomik)<\/li>\r\n<li>Sara Bixhaku (an\u00ebtar, student)<\/li>\r\n<li>Krenar M\u00ebma (an\u00ebtar, student)<\/li>\r\n<li>Briseda Kamemaj (Sekretare e Senatit Akademik)<\/li>\r\n<\/ol>\t\t\t\t\t\t <\/div>\r\n\t\t\t\t\t\t\t\t\t\t\t\t <div role=\"tabpanel\" class=\"tab-pane \" id=\"tabs_desc_5312_2\">\r\n\t\t\t\t\t\t\t\t<h3>Komisionet<\/h3>\r\n<img decoding=\"async\" style=\"text-align: center;\" src=\"http:\/\/uogj.edu.al\/wp-content\/uploads\/2021\/03\/image.png\">\r\n<ol>\r\n<h3>Shpallje per zgjedhjen e Sekretarit te Komisionit Institucional te zgjedhjeve<\/h3>\r\n<img decoding=\"async\" style=\"text-align: center;\" src=\"http:\/\/uogj.edu.al\/wp-content\/uploads\/2023\/04\/senati-shpallje-sekretar-i-komisionit.jpg\">\r\n\t\t\t\t\t\t <\/div>\r\n\t\t\t\t\t\t\t\t\t\t\t\t <div role=\"tabpanel\" class=\"tab-pane \" id=\"tabs_desc_5312_3\">\r\n\t\t\t\t\t\t\t\t<h3><a href=\"http:\/\/uogj.edu.al\/upload\/Rregullore%20e%20Senatit%20Akademik.pdf\">Rregullore e Senatit Akademik<\/a><\/h3>\r\n<p><iframe loading=\"lazy\" style=\"z-index: -10;\" src=\"http:\/\/uogj.edu.al\/upload\/Rregullore%20e%20Senatit%20Akademik.pdf\" allowfullscreen=\"allowfullscreen\" width=\"100%\" height=\"750\"><\/iframe><\/p>\t\t\t\t\t\t <\/div>\r\n\t\t\t\t\t\t\t\t\t\t\t\t <div role=\"tabpanel\" class=\"tab-pane \" id=\"tabs_desc_5312_4\">\r\n\t\t\t\t\t\t\t\t<h3>VSA 2020<\/h3>\r\n<p><a href=\"https:\/\/uogj.edu.al\/upload\/vendime%20senati\/Vendimi%20Senati%20%20Nr%201%20viti%202020.PDF\" target=\"_blank\" rel=\"noopener noreferrer\">Vendim Senati Nr.1, dat\u00eb 09.01.2020\u2033Per detajimin e buxhetit te vitit 2020, per zerat pagat sigurimet shoqerore dhe bursat e studenteve\u2033<\/a><\/p>\r\n<p><a href=\" https:\/\/uogj.edu.al\/upload\/vendime senati\/Vendimi Senati  Nr 2 viti 2020.PDF \" target=\"_blank\" rel=\"noopener noreferrer\">Vendim Senati Nr.2, dat\u00eb 09.01.2020\u2033Miratimi i forms se diplomes per programin me karakter profesional\u2033<\/a><\/p>\r\n<li> Vendim Senati Nr.3    (VSA 2020)<\/li>\r\n<li> Vendim Senati Nr.4    (VSA 2020)<\/li>\r\n<li> Vendim Senati Nr.5    (VSA 2020)<\/li>\r\n<li> Vendim Senati Nr.6    (VSA 2020)<\/li>\r\n<li> Vendim Senati Nr.7    (VSA 2020)<\/li>\r\n<li> Vendim Senati Nr.8    (VSA 2020)<\/li>\r\n<li> Vendim Senati Nr.9    (VSA 2020)<\/li>\r\n<p><a href=\"https:\/\/uogj.edu.al\/upload\/vendime%20senati\/Vendimi%20Senati%20%20Nr%2010%20viti%202020.PDF\" target=\"_blank\" rel=\"noopener noreferrer\">Vendim Senati Nr.10, dat\u00eb 05.02.2020\u2033Miratimi i hapjes te programeve te reja\u2033<\/a><\/p>\r\n<li> Vendim Senati Nr.11   (VSA 2020)<\/li>\r\n<li> Vendim Senati Nr.12   (VSA 2020)<\/li>\r\n<li> Vendim Senati Nr.13   (VSA 2020)<\/li>\r\n<li> Vendim Senati Nr.14   (VSA 2020)<\/li>\r\n<li> Vendim Senati Nr.15   (VSA 2020)<\/li>\r\n<li> Vendim Senati Nr.16   (VSA 2020)<\/li>\r\n<li> Vendim Senati Nr.17   (VSA 2020)<\/li>\r\n<li> Vendim Senati Nr.18   (VSA 2020)<\/li>\r\n<li> Vendim Senati Nr.19   (VSA 2020)<\/li>\r\n<li> Vendim Senati Nr.20   (VSA 2020)<\/li>\r\n<li> Vendim Senati Nr.21   (VSA 2020)<\/li>\r\n<li> Vendim Senati Nr.22   (VSA 2020)<\/li>\r\n<li> Vendim Senati Nr.23   (VSA 2020)<\/li>\r\n<li> Vendim Senati Nr.24   (VSA 2020)<\/li>\r\n<li> Vendim Senati Nr.25   (VSA 2020)<\/li>\r\n<li> Vendim Senati Nr.26   (VSA 2020)<\/li>\r\n<li> Vendim Senati Nr.27   (VSA 2020)<\/li>\r\n<li> Vendim Senati Nr.28   (VSA 2020)<\/li>\r\n<li> Vendim Senati Nr.29   (VSA 2020)<\/li>\r\n<li> Vendim Senati Nr.30   (VSA 2020)<\/li>\r\n<li> Vendim Senati Nr.31   (VSA 2020)<\/li>\r\n<li> Vendim Senati Nr.32   (VSA 2020)<\/li>\r\n<li> Vendim Senati Nr.33   (VSA 2020)<\/li>\r\n<li> Vendim Senati Nr.34   (VSA 2020)<\/li>\r\n<li> Vendim Senati Nr.35   (VSA 2020)<\/li>\r\n<li> Vendim Senati Nr.36   (VSA 2020)<\/li>\r\n<li> Vendim Senati Nr.37   (VSA 2020)<\/li>\r\n<li> Vendim Senati Nr.38   (VSA 2020)<\/li>\r\n<li> Vendim Senati Nr.39   (VSA 2020)<\/li>\r\n<li> Vendim Senati Nr.40   (VSA 2020)<\/li>\r\n<li> Vendim Senati Nr.41   (VSA 2020)<\/li>\r\n<li> Vendim Senati Nr.42   (VSA 2020)<\/li>\r\n<li> Vendim Senati Nr.43   (VSA 2020)<\/li>\r\n<li> Vendim Senati Nr.44   (VSA 2020)<\/li>\r\n\r\n\r\n<h3>VSA 2019<\/h3>\r\n<p><a href=\"http:\/\/uogj.edu.al\/upload\/vendime%20senati\/Vendimi%20nr%201.pdf\" target=\"_blank\" rel=\"noopener noreferrer\">Vendim Senati Nr.1, dat\u00eb 10.01.2019\u2033PER DETAJIMIN E BUXHETIT PER VITIN 2019 PER ZERAT PAGAT, SIGURIMET SHOQERORE DHE BURSAT E STUDENTEVE \u2033<\/a><\/p>\r\n<p><a href=\"http:\/\/uogj.edu.al\/upload\/vendime%20senati\/Vendimi%20nr%202.pdf\" target=\"_blank\" rel=\"noopener noreferrer\">Vendim Senati Nr.2, dat\u00eb 07.02.2019\u2033P\u00cbR NJ\u00cb NDRYSHIM N\u00cb VENDIMIN NR. 25, DAT\u00cb 26.09.2017 T\u00cb SENATIT AKADEMIK\u201d<\/a><\/p>\r\n<p><a href=\"http:\/\/uogj.edu.al\/upload\/vendime%20senati\/Vendimi%20nr%203.pdf\" target=\"_blank\" rel=\"noopener noreferrer\">Vendim Senati Nr.3, dat\u00eb 07.02.2019\u2033MIRATIMI I STRUKTURES SE UNIVERSITETIT \"EQEREM \u00c7ABEJ\"\u201d<\/a><\/p>\r\n<p><a href=\"http:\/\/uogj.edu.al\/upload\/vendime%20senati\/Vendimi%20nr%204.pdf\" target=\"_blank\" rel=\"noopener noreferrer\">Vendim Senati Nr.4, dat\u00eb 07.02.2019\u2033MIRATIMI I RAPORTIT FINACIAR I VITEVE 2018-2019\u201d<\/a><\/p>\r\n<p><a href=\"http:\/\/uogj.edu.al\/upload\/vendime%20senati\/Vendimi%20nr%205.pdf\" target=\"_blank\" rel=\"noopener noreferrer\">Vendim Senati Nr.5, dat\u00eb 07.02.2019\u2033VENDOSJA E KRITEREVE TE PRANIMIT PER STUDENTET E CIKLIT TE PARE TE STUDIMEVE \"BACHELOR\", PER VITIN AKADEMIK 2020-2021.\u201d<\/a><\/p>\r\n<p><a href=\"http:\/\/uogj.edu.al\/upload\/vendime%20senati\/Vendimi%20nr%206.pdf\" target=\"_blank\" rel=\"noopener noreferrer\">Vendim Senati Nr.6, dat\u00eb 07.02.2019\u2033MIRATIMI PER NGARKESEN MESIMORE E PERSONELIT AKADEMIK ME KOHE TE PLOTE, ME KOHE TE PJESSHME DHE TE FTUAR\u201d<\/a><\/p>\r\n<p><a href=\"http:\/\/uogj.edu.al\/upload\/vendime%20senati\/Vendimi%20nr%207.pdf\" target=\"_blank\" rel=\"noopener noreferrer\">Vendim Senati Nr.7, dat\u00eb 07.02.2019\u2033P\u00cbR NJ\u00cb NDRYSHIM N\u00cb VENDIMIN NR. 2, DAT\u00cb 08.01.2019 DHE 04.02.2019 T\u00cb SENATIT AKADEMIK\u201d<\/a><\/p>\r\n<p><a href=\"http:\/\/uogj.edu.al\/upload\/vendime%20senati\/Vendimi%20nr%208.pdf\" target=\"_blank\" rel=\"noopener noreferrer\">Vendim Senati Nr.8, dat\u00eb 18.03.2019\u2033\u201dPROCEDURA E PERZGJEDHJES E NJE VENDI VAKANT NE BORDIN E ADMINISTRIMIT TE UNIVERSITETIT \"EQEREM \u00c7ABEJ\"<\/a><\/p>\r\n<p><a href=\"http:\/\/uogj.edu.al\/upload\/vendime%20senati\/Vendimi%20nr%209.pdf\" target=\"_blank\" rel=\"noopener noreferrer\">Vendim Senati Nr.9, dat\u00eb 18.03.2019\u2033AKORDIMI I TITULLIT AKADEMIK \"DOKTOR HONORIS CAUSA\" PROF.DR.ARBEN MALAJ\u201d<\/a><\/p>\r\n<p><a href=\"http:\/\/uogj.edu.al\/upload\/vendime%20senati\/Vendimi%20nr%2010.pdf\" target=\"_blank\" rel=\"noopener noreferrer\">Vendim Senati Nr.10, dat\u00eb 18.03.2019\u2033AKORDIMI I TITULLIT AKADEMIK \"DOKTOR HONORIS CAUSA\" AKAD.SHABAN SIANI\u201d<\/a><\/p>\r\n<p><a href=\"http:\/\/uogj.edu.al\/upload\/vendime%20senati\/Vendimi%20nr%2011.pdf\" target=\"_blank\" rel=\"noopener noreferrer\">Vendim Senati Nr.11, dat\u00eb 10.05.2019\u2033MIRATIMI I LISTES SE PROGRAMEVE TE STUDIMIT PER FILLIMIN E PROCEDUARVE PER AKREDITIMIN E PROGRAMEVE TE STUDIMIT.\u201d<\/a><\/p>\r\n<p><a href=\"http:\/\/uogj.edu.al\/upload\/vendime%20senati\/Vendimi%20nr%2012.pdf\" target=\"_blank\" rel=\"noopener noreferrer\">Vendim Senati Nr.12, dat\u00eb 10.05.2019\u2033P\u00cbR MIRATIM E GRUPEVE TE VLERESIMIT SE BRENDSHEM PER FILLIMIN E PROCEDURAVE E AKRETIDIMIT E PROGRAMEVE TE STUDIMIT\u201d<\/a><\/p>\r\n<p><a href=\"http:\/\/uogj.edu.al\/upload\/vendime%20senati\/Vendimi%20nr%2013.pdf\" target=\"_blank\" rel=\"noopener noreferrer\">Vendim Senati Nr.13, dat\u00eb 10.05.2019\u2033P\u00cbR SINJALIZIMIN DHE MBROJTJEN E SINJALIZUESVE\u2033<\/a><\/p>\r\n<p><a href=\"http:\/\/uogj.edu.al\/upload\/vendime%20senati\/Vendimi%20nr%2014.pdf\" target=\"_blank\" rel=\"noopener noreferrer\">Vendim Senati Nr.14, dat\u00eb 11.07.2019\u2033RISHIKIMI I KUOTAVE TE PRANIMIT TE STUDENTEVE PER VITIN AKADEMIK 2019-2020\u201d<\/a><\/p>\r\n<p><a href=\"http:\/\/uogj.edu.al\/upload\/vendime%20senati\/Vendimi%20nr%2015.pdf\" target=\"_blank\" rel=\"noopener noreferrer\">Vendim Senati Nr.15, dat\u00eb 11.07.2019\u2033RIORGANIZIMIN E NJESIVE BAZE TE GJUHES, GJEOGRAFISE DHE HISTORISE.\u201d<\/a><\/p>\r\n<p><a href=\"http:\/\/uogj.edu.al\/upload\/vendime%20senati\/Vendimi%20nr%2016.pdf\" target=\"_blank\" rel=\"noopener noreferrer\">Vendim Senati Nr.16, dat\u00eb 11.07.2019\u2033EM\u00cbRIMIN E ANTAREVE TE KESHILLIT TE ETIKES\u201d<\/a><\/p>\r\n<p><a href=\"http:\/\/uogj.edu.al\/upload\/vendime%20senati\/Vendimi%20nr%2017.pdf\" target=\"_blank\" rel=\"noopener noreferrer\">Vendim Senati Nr.17, dat\u00eb 11.07.2019\u2033P\u00cbR MARATIMIN E RREGULLORES PER ORGANIZIMIN E ZGJEDHJEVE TE KESHILLIT STUDENTOR.\u2033<\/a><\/p>\r\n<p><a href=\"http:\/\/uogj.edu.al\/upload\/vendime%20senati\/Vendimi%20nr%2018.pdf\" target=\"_blank\" rel=\"noopener noreferrer\">Vendim Senati Nr.18, dat\u00eb 11.07.2019\u2033NDRYSHIMI I EMERTIMIT TE PROGRAMIT TE STUDIMIT \"MASTER PROFESIONAL\" NE \"MASTER\" NE FESHSH DHE PROCEDURA E REGJISTRIMIT NE TE NJETIN REGJISTER.\u2033<\/a><\/p>\r\n<p><a href=\"http:\/\/uogj.edu.al\/upload\/vendime%20senati\/Vendimi%20nr%2019.pdf\" target=\"_blank\" rel=\"noopener noreferrer\">Vendim Senati Nr.19, dat\u00eb 23.09.2019\u2033MIRATIMIN E KANDIDATURAVE QE PLOTESOJNE KRITERET LIGJORE PER ADMINISTRATOR TE UNIVERSITETIT.\u2033<\/a><\/p>\r\n<p><a href=\"http:\/\/uogj.edu.al\/upload\/vendime%20senati\/Vendimi%20nr%2020.pdf\" target=\"_blank\" rel=\"noopener noreferrer\">Vendim Senati Nr.20, dat\u00eb 23.09.2019\u2033MARREVESHJE BASHKEPUNIMI MIDIS UNIVERSITETI \"EQEREM \u00c7ABEJ\" DHE INSTIRUTI TE FIZIKES BERTHAMORE TE ZABATUAR, UNIVERSITETI I TIRANES\u201d<\/a><\/p>\r\n<p><a href=\"http:\/\/uogj.edu.al\/upload\/vendime%20senati\/Vendimi%20nr%2021.pdf\" target=\"_blank\" rel=\"noopener noreferrer\">Vendim Senati Nr.21, dat\u00eb 08.11.2019\u2033MIRATIMI I HAPJES SE PROGRAMEVE TE CIKLIT TE PARE \"BACHELOR\" PAS PERFUNDIMIT TE REGJISTRIMEVE PER VITIN AKADEMIK 2019 - 2020 DHE MIRATIMI I SHPALLJES JO AKTIVE I THE PROGRAMEVE TE STUDIMIT PER VITIN AKADEMIK 2019-2020\u201d<\/a><\/p>\r\n<p><a href=\"http:\/\/uogj.edu.al\/upload\/vendime%20senati\/Vendimi%20nr%2022.pdf\" target=\"_blank\" rel=\"noopener noreferrer\">Vendim Senati Nr.22, dat\u00eb 08.11.2013\u2033MIRATIMI I BASHKEPUNIMIT NDERINSTITUCIONAL MIDIS UNIVERSITETIT \"EQEREM \u00c7ABEJ\" GJIROKASTER DHE UIVERSITETIT TE STUDIMEVE TE HUAJA PEKIN\u201d<\/a><\/p>\r\n<p><a href=\"http:\/\/uogj.edu.al\/upload\/vendime%20senati\/Vendimi%20nr%2023.pdf\" target=\"_blank\" rel=\"noopener noreferrer\">Vendim Senati Nr.23, dat\u00eb 08.11.2019\u2033MIRATIMI I NGARKESES MESIMORE VJETORE TE PERSONELIT AKADEMIK NE UNIVERSITETIN \"EQREM cABEJ\" PER VITIN AKADEMIK 2019 - 2020. \u201d<\/a><\/p>\r\n<p><a href=\"http:\/\/uogj.edu.al\/upload\/vendime%20senati\/Vendimi%20nr%2024.pdf\" target=\"_blank\" rel=\"noopener noreferrer\">Vendim Senati Nr.24, dat\u00eb 08.11.2019\u2033MIRATIMI I PERSONELIT AKADEMIK ME KOHEZGJATJE TE CAKTUAR PER VITIN AKADEMIK 2019-2020\u201d<\/a><\/p>\r\n<p><a href=\"http:\/\/uogj.edu.al\/upload\/vendime%20senati\/Vendimi%20nr%2025.pdf\" target=\"_blank\" rel=\"noopener noreferrer\">Vendim Senati Nr.25, dat\u00eb 08.11.2019\u2033MIRATIMI I HAPJES SE PROGRAMIT TE STUDIMIT TE CIKLIT TE DYTE \"MASTER I SHKENCAVE \" NE BASHKEPUNIM ME UNIVERSITETIN E MACERATES - ITALI \"ARKEOLOGJI, HISTORI DHE ADMINISTRIM I PASURIVE KULTURORE - ASPIC\" \u201d<\/a><\/p>\r\n<p><a href=\"http:\/\/uogj.edu.al\/upload\/vendime%20senati\/Vendimi%20nr%2026.pdf\" target=\"_blank\" rel=\"noopener noreferrer\">Vendim Senati Nr.26, dat\u00eb 08.11.2019\u2033MIRATIMI I LISTES PER FILLIMIM E PROCEDURAVE PER AKREDITIMIN E PROGRAMEVE TE STUDIMIT NE UNIVERSITETIN \"EQREM CABEJ\" \u201d<\/a><\/p>\r\n<p><a href=\"http:\/\/uogj.edu.al\/upload\/vendime%20senati\/Vendimi%20nr%2027.pdf\" target=\"_blank\" rel=\"noopener noreferrer\">Vendim Senati Nr.27, dat\u00eb 08.11.2019\u2033MIRATIMI I ATASHIMIT TE PERSONELIT AKADEMIK PRANE NJESISE RAZE TE POLITIKAVE EKONOMIKE DHE TURIZMIT \u201d<\/a><\/p>\r\n<p><a href=\"http:\/\/uogj.edu.al\/upload\/vendime%20senati\/Vendimi%20nr%2028.pdf\" target=\"_blank\" rel=\"noopener noreferrer\">Vendim Senati Nr.28, dat\u00eb 20.12.2019\u2033MIRATIMI I RAPORTIT VJETOR PER VEPRIMTARINE MESIMORE, SHKENCORE DHE FINANCIARE NE UNIVERSITETIN \"EQREM CABEJ\" PER VITIN 2018 - 2019 \u201d<\/a><\/p>\r\n<p><a href=\"http:\/\/uogj.edu.al\/upload\/vendime%20senati\/Vendimi%20nr%2029.pdf\" target=\"_blank\" rel=\"noopener noreferrer\">Vendim Senati Nr.29, dat\u00eb 20.12.2019\u2033MIRATIMI I STRATEGJISE SE ZHVILLIMIT TE UNIVERSITETIT \"EQREM CABEJ\" PER PERIUDHEN 2020 - 2025. \u201d<\/a><\/p>\r\n<p><a href=\"http:\/\/uogj.edu.al\/upload\/vendime%20senati\/Vendimi%20nr%2030.pdf\" target=\"_blank\" rel=\"noopener noreferrer\">Vendim Senati Nr.30, dat\u00eb 20.12.2019\u2033MIRATIMI I PLANIT TE AKTIVITETEVE NE UNIVERSITETIN \"EQREM CABEJ\" PER VITIN AKADEMIK 2019 - 2020 \u2033<\/a><\/p>\t\t\t\t\t\t <\/div>\r\n\t\t\t\t\t\t\t\t\t\t\t\t <div role=\"tabpanel\" class=\"tab-pane \" id=\"tabs_desc_5312_5\">\r\n\t\t\t\t\t\t\t\t<h3>VSA 2022<\/h3>\r\n<p><a href=\"https:\/\/uogj.edu.al\/upload\/vendime%20senati\/Vendime%20Senati%202022.pdf\" target=\"_blank\" rel=\"noopener noreferrer\">Vendime te Senatit per vitin 2022\"Te gjitha Vendimet\"<\/a><\/p>\r\n\r\n<h3>VSA 2021<\/h3>\r\n<p><a href=\"https:\/\/uogj.edu.al\/upload\/vendime%20senati\/Vendime%20Senati%202021.pdf\" target=\"_blank\" rel=\"noopener noreferrer\">Vendime te Senatit 2021\"54 Vendimet\"<\/a><\/p>\t\t\t\t\t\t <\/div>\r\n\t\t\t\t\t\t\t\r\n\t\t\t\t\t <\/div>\r\n\t\t\t\t\t \r\n\t\t\t\t <\/div>\r\n <script>\r\n\t\tjQuery(function () {\r\n\t\t\tjQuery('#myTab_5312 a:first').tab('show')\r\n\t\t});\r\n\t\t\r\n\t\t\t\tjQuery(function(){\r\n\t\t\tvar b=\"fadeIn\";\r\n\t\t\tvar c;\r\n\t\t\tvar a;\r\n\t\t\td(jQuery(\"#myTab_5312 a\"),jQuery(\"#tab-content_5312\"));function d(e,f,g){\r\n\t\t\t\te.click(function(i){\r\n\t\t\t\t\ti.preventDefault();\r\n\t\t\t\t\tjQuery(this).tab(\"show\");\r\n\t\t\t\t\tvar h=jQuery(this).data(\"easein\");\r\n\t\t\t\t\tif(c){c.removeClass(a);}\r\n\t\t\t\t\tif(h){f.find(\"div.active\").addClass(\"animated \"+h);a=h;}\r\n\t\t\t\t\telse{if(g){f.find(\"div.active\").addClass(\"animated \"+g);a=g;}else{f.find(\"div.active\").addClass(\"animated \"+b);a=b;}}c=f.find(\"div.active\");\r\n\t\t\t\t});\r\n\t\t\t}\r\n\t\t});\r\n\t\t\r\n\r\n\t\tfunction do_resize(){\r\n\r\n\t\t\tvar width=jQuery( '.tab-content .tab-pane iframe' ).width();\r\n\t\t\tvar height=jQuery( '.tab-content .tab-pane iframe' ).height();\r\n\r\n\t\t\tvar toggleSize = true;\r\n\t\t\tjQuery('iframe').animate({\r\n\t\t\t    width: toggleSize ? width : 640,\r\n\t\t\t    height: toggleSize ? height : 360\r\n\t\t\t  }, 250);\r\n\r\n\t\t\t  toggleSize = !toggleSize;\r\n\t\t}\r\n\r\n\r\n\t<\/script>\r\n\t\t\t\t\r\n\t\t\t\n","protected":false},"excerpt":{"rendered":"<p>Senatoret<\/p>\n","protected":false},"author":1,"featured_media":0,"parent":0,"menu_order":0,"comment_status":"closed","ping_status":"closed","template":"","meta":{"_monsterinsights_skip_tracking":false,"_monsterinsights_sitenote_active":false,"_monsterinsights_sitenote_note":"","_monsterinsights_sitenote_category":0,"footnotes":""},"class_list":["post-2471","page","type-page","status-publish","hentry"],"_links":{"self":[{"href":"http:\/\/uogj.edu.al\/old\/wp-json\/wp\/v2\/pages\/2471"}],"collection":[{"href":"http:\/\/uogj.edu.al\/old\/wp-json\/wp\/v2\/pages"}],"about":[{"href":"http:\/\/uogj.edu.al\/old\/wp-json\/wp\/v2\/types\/page"}],"author":[{"embeddable":true,"href":"http:\/\/uogj.edu.al\/old\/wp-json\/wp\/v2\/users\/1"}],"replies":[{"embeddable":true,"href":"http:\/\/uogj.edu.al\/old\/wp-json\/wp\/v2\/comments?post=2471"}],"version-history":[{"count":31,"href":"http:\/\/uogj.edu.al\/old\/wp-json\/wp\/v2\/pages\/2471\/revisions"}],"predecessor-version":[{"id":6328,"href":"http:\/\/uogj.edu.al\/old\/wp-json\/wp\/v2\/pages\/2471\/revisions\/6328"}],"wp:attachment":[{"href":"http:\/\/uogj.edu.al\/old\/wp-json\/wp\/v2\/media?parent=2471"}],"curies":[{"name":"wp","href":"https:\/\/api.w.org\/{rel}","templated":true}]}}