{"id":2682,"date":"2021-03-29T07:25:41","date_gmt":"2021-03-29T07:25:41","guid":{"rendered":"http:\/\/localhost:8080\/wordpress\/?page_id=2682"},"modified":"2026-02-13T13:10:59","modified_gmt":"2026-02-13T13:10:59","slug":"seria-matematika-dhe-shkencat-e-natyres","status":"publish","type":"page","link":"http:\/\/uogj.edu.al\/old\/seria-matematika-dhe-shkencat-e-natyres\/","title":{"rendered":"Publikime Shkencore"},"content":{"rendered":"\n<br>\n\n\n\n<ul class=\"wp-block-list\">\n<li>T\u00cb<a href=\"https:\/\/uogj.edu.al\/upload\/aktivitetet\/K%C3%8BRKIMOR%20SHKENCOR%202024%20-%202025.pdf\"> DH\u00cbNA P\u00cbRMBLEDH\u00cbSE P\u00cbR AKTIVITETIN K\u00cbRKIMOR \u2013 SHKENCOR 2024-2025<\/a><\/li>\n<\/ul>\n\n\n\n<br>\n\n\n\n<iframe loading=\"lazy\" src=\"https:\/\/uogj.edu.al\/upload\/aktivitetet\/K%C3%8BRKIMOR%20SHKENCOR%202024%20-%202025.pdf \" width=\"100%\" height=\"700\" \"=\"\"> \n<\/iframe>\n\n\n\n<br>\n\n\n\n<ul class=\"wp-block-list\">\n<li><a href=\"https:\/\/uogj.edu.al\/upload\/aktivitetet\/K%C3%8BRKIMI%20SHKENCOR%202023-2024.pdf\">T\u00cb DH\u00cbNA P\u00cbRMBLEDH\u00cbSE P\u00cbR AKTIVITETIN K\u00cbRKIMOR \u2013 SHKENCOR T\u00cb PERSONELIT AKADEMIK P\u00cbR VITIN AKADEMIK 2023-2024&nbsp;&nbsp;(FSHN)&nbsp; &nbsp;(FE) dhe (FESHSH)<\/a><\/li>\n<\/ul>\n\n\n\n<iframe loading=\"lazy\" src=\"https:\/\/uogj.edu.al\/upload\/aktivitetet\/K%C3%8BRKIMI%20SHKENCOR%202023-2024.pdf\" width=\"100%\" height=\"700\" \"=\"\"> \n<\/iframe>\n\n\n\n<br>\n\n\n\n<ul class=\"wp-block-list\">\n<li><a href=\"https:\/\/uogj.edu.al\/upload\/aktivitetet\/K%C3%ABrkimi%20shkencor%202022-2023.pdf\">T\u00cb DH\u00cbNA P\u00cbRMBLEDH\u00cbSE P\u00cbR AKTIVITETIN K\u00cbRKIMOR \u2013 SHKENCOR T\u00cb PERSONELIT AKADEMIK P\u00cbR VITIN AKADEMIK 2022-2023&nbsp;&nbsp;(FSHN)&nbsp; &nbsp;(FE) dhe (FESHSH)<\/a><\/li>\n<\/ul>\n\n\n\n<iframe loading=\"lazy\" src=\"https:\/\/uogj.edu.al\/upload\/aktivitetet\/K%C3%ABrkimi%20shkencor%202022-2023.pdf\" width=\"100%\" height=\"700\" \"=\"\"> \n<\/iframe>\n\n\n\n<br>\n\n\n\n<ul class=\"wp-block-list\">\n<li><a href=\"https:\/\/uogj.edu.al\/upload\/aktivitetet\/K%C3%ABrkim%20Shkencor%202021-2022.pdf\">T\u00cb DH\u00cbNA P\u00cbRMBLEDH\u00cbSE P\u00cbR AKTIVITETIN K\u00cbRKIMOR \u2013 SHKENCOR T\u00cb PERSONELIT AKADEMIK P\u00cbR VITIN AKADEMIK 2021-2022&nbsp;&nbsp;(FSHN)&nbsp; &nbsp;(FE) dhe (FESHSH)<\/a><\/li>\n<\/ul>\n\n\n\n<iframe loading=\"lazy\" src=\"https:\/\/uogj.edu.al\/upload\/aktivitetet\/K%C3%ABrkim%20Shkencor%202021-2022.pdf\" width=\"100%\" height=\"700\" \"=\"\"> \n<\/iframe>\n\n\n\n<br>\n\n\n\n<ul class=\"wp-block-list\">\n<li><a href=\"https:\/\/uogj.edu.al\/upload\/aktivitetet\/K%C3%ABrkimi%20shkencor%202020-2021.pdf\">T\u00cb DH\u00cbNA P\u00cbRMBLEDH\u00cbSE P\u00cbR AKTIVITETIN K\u00cbRKIMOR \u2013 SHKENCOR T\u00cb PERSONELIT AKADEMIK P\u00cbR VITIN AKADEMIK 2020-2021<\/a>&nbsp;&nbsp; (FESHSH) (FE) dhe (FSHN)<\/li>\n<\/ul>\n\n\n\n<iframe loading=\"lazy\" src=\"https:\/\/uogj.edu.al\/upload\/aktivitetet\/K%C3%ABrkimi%20shkencor%202020-2021.pdf\" width=\"100%\" height=\"700\" \"=\"\"> \n<\/iframe>\n\n\n\n<br>\n\n\n\n<p><a href=\"https:\/\/uogj.edu.al\/upload\/aktivitetet\/FE%20%202019-2020.pdf\" target=\"_blank\" rel=\"noreferrer noopener\">FAKULTETI EKONOMIK PUBLIKIMET SHKENCORE TE STAFIT AKADEMIK PER VITIN 2019-2020<\/a><\/p>\n\n\n\n<p><a href=\"https:\/\/uogj.edu.al\/upload\/aktivitetet\/FESHSH%202019-2020.pdf\" target=\"_blank\" rel=\"noreferrer noopener\">FAKULTETI I EDUKIMIT DHE SHKENCAVE SHOQERORE PUBLIKIME SHKENCORE TE STAFIT AKADEMIK 2019-2020<\/a><\/p>\n\n\n\n<p><a href=\"https:\/\/uogj.edu.al\/upload\/aktivitetet\/FSHN%202019-2020.pdf\" target=\"_blank\" rel=\"noreferrer noopener\">FAKULTETI I SHKENCAVE TE NATYRES PUBLIKIMET SHKENCORE TE STAFIT AKADEMIK PER VITIN 2019-2020<\/a><\/p>\n\n\n\n<p><a href=\"https:\/\/uogj.edu.al\/upload\/aktivitetet\/Publikime%202017%20,%203%20fakultetet.pdf\" target=\"_blank\" rel=\"noreferrer noopener\">PUBLIKIMET SHKENCORE PER VITIN 2017<\/a><\/p>\n","protected":false},"excerpt":{"rendered":"","protected":false},"author":1,"featured_media":0,"parent":0,"menu_order":0,"comment_status":"closed","ping_status":"closed","template":"","meta":{"_monsterinsights_skip_tracking":false,"_monsterinsights_sitenote_active":false,"_monsterinsights_sitenote_note":"","_monsterinsights_sitenote_category":0,"footnotes":""},"class_list":["post-2682","page","type-page","status-publish","hentry"],"_links":{"self":[{"href":"http:\/\/uogj.edu.al\/old\/wp-json\/wp\/v2\/pages\/2682"}],"collection":[{"href":"http:\/\/uogj.edu.al\/old\/wp-json\/wp\/v2\/pages"}],"about":[{"href":"http:\/\/uogj.edu.al\/old\/wp-json\/wp\/v2\/types\/page"}],"author":[{"embeddable":true,"href":"http:\/\/uogj.edu.al\/old\/wp-json\/wp\/v2\/users\/1"}],"replies":[{"embeddable":true,"href":"http:\/\/uogj.edu.al\/old\/wp-json\/wp\/v2\/comments?post=2682"}],"version-history":[{"count":25,"href":"http:\/\/uogj.edu.al\/old\/wp-json\/wp\/v2\/pages\/2682\/revisions"}],"predecessor-version":[{"id":7024,"href":"http:\/\/uogj.edu.al\/old\/wp-json\/wp\/v2\/pages\/2682\/revisions\/7024"}],"wp:attachment":[{"href":"http:\/\/uogj.edu.al\/old\/wp-json\/wp\/v2\/media?parent=2682"}],"curies":[{"name":"wp","href":"https:\/\/api.w.org\/{rel}","templated":true}]}}