{"id":2721,"date":"2021-03-29T08:48:44","date_gmt":"2021-03-29T08:48:44","guid":{"rendered":"http:\/\/localhost:8080\/wordpress\/?page_id=2721"},"modified":"2024-10-04T12:12:11","modified_gmt":"2024-10-04T12:12:11","slug":"revista","status":"publish","type":"page","link":"http:\/\/uogj.edu.al\/old\/revista\/","title":{"rendered":"Revista"},"content":{"rendered":"\n<br>\n\n\n\n<ul class=\"wp-block-list\">\n<li class=\"has-medium-font-size\"><a href=\"https:\/\/uogj.edu.al\/upload\/transparenca\/Periodik%C3%ABt%20e%20botuar%20n%C3%AB%20UGJ.pdf\" target=\"_blank\" rel=\"noreferrer noopener\">PERIODIKET E BOTUAR NGA UNIVERSITETI I GJIROKASTR\u00cbS<\/a><\/li>\n<\/ul>\n\n\n\n<br>\n\n\n\n<p>P\u00ebr t\u00eb v\u00ebn\u00eb n\u00eb jet\u00eb vizionin e tij k\u00ebrkimor, UGJ-ja nd\u00ebrton dhe p\u00ebrmir\u00ebson n\u00eb vazhdim\u00ebsi &nbsp;infrastruktur\u00ebn e k\u00ebrkimit shkencor p\u00ebr t\u2019i dh\u00ebn\u00eb frym\u00ebmarrjen e duhur pun\u00ebs studimore t\u00eb stafit akademik.<\/p>\n\n\n\n<p class=\"has-text-align-center\"><a href=\"http:\/\/www.uogj.edu.al\/upload\/Rregullore%20buletinit%202022.pdf\" target=\"_blank\" rel=\"noreferrer noopener\"><strong>Rregullore &nbsp;e buletinit shkencor&nbsp;<\/strong><\/a><\/p>\n\n\n\n<p>Botimet periodike t\u00eb UGJ-s\u00eb, jan\u00eb konceptuar si tribun\u00eb e mendimit akademik p\u00ebr tema dhe probleme t\u00eb teoris\u00eb dhe t\u00eb praktik\u00ebs akademike, t\u00eb m\u00ebsimdh\u00ebnies dhe t\u00eb k\u00ebrkimit shkencor.Revista publikon studimet e k\u00ebrkimeve shkencore t\u00eb stafit akademik dhe t\u00eb bashk\u00ebpun\u00ebtor\u00ebve t\u00eb jasht\u00ebm, pasqyron jet\u00ebn dhe veprimtarit\u00eb k\u00ebrkimore-shkencore t\u00eb UGJ-s\u00eb, promovon vepra akademike e shkencore, duke zbatuar kriteret dhe standardet shkencore.<\/p>\n\n\n\n<p>Universiteti ka botuar p\u00ebr vite t\u00eb t\u00ebra <strong>2 buletine shkencore<\/strong> \u201c<strong>K\u00ebrkime Universitare<\/strong>\u201d&nbsp; (3 &#8211; 4 buletine n\u00eb vit, n\u00eb raste t\u00eb ve\u00e7anta), p\u00ebrkat\u00ebsisht me titujt:<\/p>\n\n\n\n<ol class=\"wp-block-list\" type=\"1\">\n<li><strong><em>Periodik \u201cMatematika dhe Shkencat e Natyr\u00ebs<\/em><\/strong><em>\u201d, Journal \u201cMathematics and Natural Sciences\u201d.<\/em><\/li>\n\n\n\n<li><strong><em>Periodik \u201cShkencat Shoq\u00ebrore, t\u00eb Edukimit dhe Ekonomike<\/em><\/strong><em>\u201d, Journal \u201cSocial, Economics and Educational Sciences\u201d.<\/em><\/li>\n<\/ol>\n\n\n\n<p>Numri total i periodik\u00ebve nga dalja e numrit t\u00eb par\u00eb, titulluar \u201cBuletin Pedagogjik\u201d (1989), &#8211; n\u00eb \u201cK\u00ebrkime Universitare\u201d(2004), tashm\u00eb Buletin Shkencor (2020) i Universitetit \u201cEqrem \u00c7abej\u201d Gjirokast\u00ebr, rezulton&nbsp; n\u00eb <strong>42 revista.<\/strong><\/p>\n\n\n\n<p><strong>&nbsp;&nbsp;&nbsp;&nbsp;&nbsp;&nbsp;&nbsp;&nbsp;&nbsp;&nbsp;&nbsp;&nbsp;&nbsp;&nbsp;&nbsp;&nbsp;&nbsp;&nbsp;&nbsp;&nbsp; <u>Redaksia<\/u><\/strong>&nbsp;&nbsp;&nbsp;<\/p>\n\n\n\n<p>&nbsp;<strong>Drejtor: <\/strong>Prof. dr. Bektash MEMA<\/p>\n\n\n\n<p><strong>Kordinator administrativ:&nbsp; <\/strong>Dr. Lorenc KO\u00c7IU<\/p>\n\n\n\n<p><strong>&nbsp; &nbsp;&nbsp;&nbsp;Bordi Editorial:<\/strong><\/p>\n\n\n\n<p>Prof. dr. <\/p>\n\n\n\n<p>Prof. dr. Shyqyri HYSI<\/p>\n\n\n\n<p>Prof. dr. Lavdi HASANI<\/p>\n\n\n\n<p>Prof. asoc. Valbona DURI<\/p>\n\n\n\n<p>Prof. asoc. Jaho CANA<\/p>\n\n\n\n<p>Prof. asoc. Selfo ORU\u00c7I<\/p>\n\n\n\n<p>Dr. Robert \u00c7ELA<\/p>\n\n\n\n<p>Dr. Eduina GUGA<\/p>\n\n\n\n<p>Dr. Drita LUZO<\/p>\n\n\n\n<p>Dr. Isidor KOKALARI<\/p>\n\n\n\n<p>Dr. Romeo MANO<\/p>\n\n\n\n<p><strong>Korrektor letrar:<\/strong> <em>Prof. asoc.<\/em> Spiridhulla PO\u00c7I<\/p>\n\n\n\n<p><strong>ISSN: 2226 \u2013 082X<\/strong><\/p>\n\n\n\n<p>Q\u00eb nga viti 2004 Periodiku \u201c<em>K\u00ebrkime Universitare<\/em>\u201d i Universitetit \u201cEqrem&nbsp;\u00c7abej\u201d t\u00eb Gjirokastr\u00ebs&nbsp;botohet n\u00eb dy seri,<\/p>\n\n\n\n<div class=\"wp-block-columns is-layout-flex wp-container-core-columns-is-layout-1 wp-block-columns-is-layout-flex\">\n<div class=\"wp-block-column is-layout-flow wp-block-column-is-layout-flow\">\n<figure class=\"wp-block-image size-large is-resized\"><a href=\"http:\/\/uogj.edu.al\/wp-content\/uploads\/2021\/03\/image-34.png\" target=\"_blank\" rel=\"noopener\"><img loading=\"lazy\" decoding=\"async\" src=\"http:\/\/uogj.edu.al\/wp-content\/uploads\/2021\/03\/image-34.png\" alt=\"\" class=\"wp-image-2722\" width=\"233\" height=\"292\"\/><\/a><\/figure>\n<\/div>\n\n\n\n<div class=\"wp-block-column is-layout-flow wp-block-column-is-layout-flow\" style=\"flex-basis:60%\">\n<p id=\"seria\">Periodik \u201c<em>Matematika dhe Shkencat e Natyr\u00ebs<\/em>\u201d Journal \u201c<em>Mathematics and Natural Sciences<\/em>\u201d.<\/p>\n\n\n\n<p id=\"seria\">Periodik \u201c<em>Shkencat Shoq\u00ebrore, t\u00eb Edukimit dhe Ekonomike<\/em>\u201d Journal \u201c<em>Social, Economics and Educations Sciences\u201d<\/em>.<\/p>\n<\/div>\n<\/div>\n\n\n\n<p><strong>Q\u00ebllimi<\/strong><\/p>\n\n\n\n<p>Periodiku<strong>&nbsp;\u201c<\/strong>K\u00ebrkime Universitare<strong>\u201d :&nbsp;<\/strong>Seria \u201cShkencat Shoq\u00ebrore, t\u00eb Edukimit dhe Ekonomike\u201d boton artikuj k\u00ebrkimor-shkencor origjinal dhe artikuj informues, studimor\u00eb, analizues me cil\u00ebsi t\u00eb lart\u00eb n\u00eb gjith\u00eb fushat e shkencave ekonomike, t\u00eb edukimit dhe atyre shoq\u00ebrore si psh: historia, gjeografia, let\u00ebrsia, gjuha shqipe, fusha e financ\u00ebs, e kontabilitetit, e bank\u00ebs, e turizmit, e menaxhimit etj.&nbsp;Artikujt i n\u00ebnshtrohen procesit t\u00eb re\u00e7ens\u00ebs.<\/p>\n\n\n\n<p><strong><a href=\"http:\/\/www.uogj.edu.al\/wp-content\/uploads\/Test\/upload\/bordi%20drejtues.pdf\" data-type=\"URL\" data-id=\"http:\/\/www.uogj.edu.al\/wp-content\/uploads\/Test\/upload\/bordi%20drejtues.pdf\" target=\"_blank\" rel=\"noreferrer noopener\"><u>Bordi i redaksise<\/u><\/a><\/strong><\/p>\n\n\n\n<p>T\u00eb nderuar koleg\u00eb dhe bashk\u00ebpun\u00ebtor\u00eb<\/p>\n\n\n\n<p>Redaksia e Periodikut \u201cK\u00ebrkime Universitare\u201d , Seria \u201cShkencat Shoq\u00ebrore, t\u00eb Edukimit dhe Ekonomike\u201d&nbsp;&nbsp;t\u00eb Universitetit \u201cE.\u00c7abej\u201d t\u00eb Gjirokastr\u00ebs, ju fton t\u00eb d\u00ebrgoni dor\u00ebshkrimet dhe punimet tuaja shkencore n\u00eb adres\u00ebn elektronike t\u00eb k\u00ebsaj redaksie:&nbsp;<\/p>\n\n\n\n<p><strong><a style=\"text-decoration: underline;\" href=\"mailto:buletinifeshsh@uogj.edu.al\">buletinifeshsh@uogj.edu.al<\/a><\/strong><\/p>\n\n\n\n<p>&nbsp;N\u00eb faqen e internetit t\u00eb k\u00ebtij periodiku<\/p>\n\n\n\n<p>mund t\u00eb gjeni udh\u00ebzimet p\u00ebr formatin e dor\u00ebshkrimit t\u00eb artikullit tuaj.&nbsp;Dor\u00ebshkrimet e punimeve, d\u00ebrguar n\u00eb m\u00ebnyr\u00eb elektronike n\u00eb adres\u00ebn e sip\u00ebrp\u00ebrmendur, dhe formatuar sipas udh\u00ebzimeve, pranohen p\u00ebr shqyrtim nga Redaksia deri n\u00eb dat\u00ebn 30 N\u00ebntor 2016.<\/p>\n\n\n\n<p>Nga Redaksia<\/p>\n\n\n\n<p><strong><a href=\"http:\/\/www.uogj.edu.al\/wp-content\/uploads\/Test\/upload\/instruksionet%20e%20autoreve%20buletini%20FESHSH.pdf\" data-type=\"URL\" data-id=\"http:\/\/www.uogj.edu.al\/wp-content\/uploads\/Test\/upload\/instruksionet%20e%20autoreve%20buletini%20FESHSH.pdf\" target=\"_blank\" rel=\"noreferrer noopener\"><u>Udhezime per autoret<\/u><\/a><\/strong><\/p>\n\n\n\n<p><strong>P\u00ebrmbajtja&nbsp;:&nbsp;<\/strong><a rel=\"noreferrer noopener\" href=\"http:\/\/www.uogj.edu.al\/wp-content\/uploads\/Test\/upload\/REVISTA%2039.pdf\" data-type=\"URL\" data-id=\"http:\/\/www.uogj.edu.al\/wp-content\/uploads\/Test\/upload\/REVISTA%2039.pdf\" target=\"_blank\">Numri 39(2015)<\/a><\/p>\n\n\n\n<figure class=\"wp-block-image size-large\"><img loading=\"lazy\" decoding=\"async\" width=\"234\" height=\"293\" src=\"https:\/\/uogj.edu.al\/wp-content\/uploads\/2021\/10\/image-1-1.png\" alt=\"\" class=\"wp-image-5564\"\/><figcaption class=\"wp-element-caption\">ISSN 2226 \u2013 082X<\/figcaption><\/figure>\n\n\n\n<hr class=\"wp-block-separator has-css-opacity\"\/>\n\n\n\n<p><strong>Q\u00ebllimi<\/strong><\/p>\n\n\n\n<p>Periodiku<strong>&nbsp;\u201c<\/strong>K\u00ebrkime Universitare<strong>\u201d :&nbsp;<\/strong>Seria \u201cMatematika dhe Shkencat e Natyr\u00ebs\u201d boton artikuj k\u00ebrkimor-shkencor origjinal dhe artikuj informues, studimor\u00eb, analizues me cil\u00ebsi t\u00eb lart\u00eb n\u00eb gjith\u00eb fushat e matematik\u00ebs s\u00eb past\u00ebr teorike dhe t\u00eb zbatuar, shkencave kompjuterike, biologjis\u00eb, fizik\u00ebs, kimis\u00eb etj.&nbsp;&nbsp;Artikujt i n\u00ebnshtrohen procesit t\u00eb re\u00e7ens\u00ebs.<\/p>\n\n\n\n<p>&nbsp;Periodiku synon t\u00eb veproj\u00eb si nj\u00eb forum nd\u00ebrdisiplinar p\u00ebr matematik\u00ebn dhe shkencat e natyr\u00ebs dhe zbatimet e tyre.<\/p>\n\n\n\n<p><strong><a href=\"http:\/\/uogj.edu.al\/wp-content\/uploads\/2021\/04\/perberja-e-redaksise.pdf\" target=\"_blank\" rel=\"noreferrer noopener\"><u>Bordi i redaksise<\/u><\/a><\/strong><\/p>\n\n\n\n<p>T\u00eb nderuar koleg\u00eb dhe bashk\u00ebpun\u00ebtor\u00eb<\/p>\n\n\n\n<p>Redaksia e Periodikut \u201cK\u00ebrkime Universitare\u201d , Seria \u201cMatematika dhe Shkencat e Natyr\u00ebs\u201d&nbsp;&nbsp;t\u00eb Universitetit \u201cE.\u00c7abej\u201d t\u00eb Gjirokastr\u00ebs, ju fton t\u00eb d\u00ebrgoni dor\u00ebshkrimet dhe punimet tuaja shkencore n\u00eb adres\u00ebn elektronike t\u00eb k\u00ebsaj redaksie:<\/p>\n\n\n\n<p><strong><a href=\"mailto:buletinifshn@uogj.edu.al\">buletinifshn@uogj.edu.al<\/a><\/strong><\/p>\n\n\n\n<p>N\u00eb faqen e internetit t\u00eb k\u00ebtij periodiku mund t\u00eb gjeni udh\u00ebzimet p\u00ebr formatin e dor\u00ebshkrimit t\u00eb artikullit tuaj.<\/p>\n\n\n\n<p>Dor\u00ebshkrimet e punimeve, d\u00ebrguar n\u00eb m\u00ebnyr\u00eb elektronike n\u00eb adres\u00ebn e sip\u00ebrp\u00ebrmendur, dhe formatuar sipas udh\u00ebzimeve, pranohen p\u00ebr shqyrtim nga Redaksia deri n\u00eb dat\u00ebn 15 dhjetor 2016.<\/p>\n\n\n\n<p>Nga Redaksia<\/p>\n\n\n\n<p><strong><a href=\"http:\/\/uogj.edu.al\/wp-content\/uploads\/2021\/04\/instruksionet-e-autoreve-buletini-UGJ.pdf\" target=\"_blank\" rel=\"noreferrer noopener\"><u>Udhezime per autoret<\/u><\/a><\/strong><\/p>\n\n\n\n<p><strong>P\u00ebrmbajtja&nbsp;:&nbsp;<\/strong><\/p>\n\n\n\n<p><a href=\"http:\/\/uogj.edu.al\/wp-content\/uploads\/Test\/upload\/NR%208.pdf\" target=\"_blank\" rel=\"noreferrer noopener\">Numri 8(2004)<\/a>&nbsp;&nbsp;&nbsp;&nbsp;&nbsp;&nbsp;&nbsp;&nbsp;&nbsp;&nbsp;&nbsp; &nbsp;&nbsp; &nbsp;&nbsp;&nbsp;&nbsp;&nbsp;&nbsp;&nbsp;&nbsp; <a href=\"http:\/\/uogj.edu.al\/wp-content\/uploads\/Test\/upload\/NR%2012.pdf\" target=\"_blank\" rel=\"noreferrer noopener\">Numri 12(2006)<\/a><\/p>\n\n\n\n<p><a href=\"http:\/\/uogj.edu.al\/wp-content\/uploads\/Test\/upload\/Nr_%2015.pdf\" target=\"_blank\" rel=\"noreferrer noopener\">Numri 15(2007)<\/a>&nbsp;&nbsp;&nbsp;&nbsp;&nbsp;&nbsp;&nbsp;&nbsp;&nbsp; &nbsp;&nbsp;&nbsp;&nbsp;&nbsp;&nbsp;&nbsp;&nbsp;&nbsp;&nbsp; <a href=\"http:\/\/uogj.edu.al\/wp-content\/uploads\/Test\/upload\/Nr_%2020.pdf\" target=\"_blank\" rel=\"noreferrer noopener\">Numri 20(2008)<\/a>&nbsp;<\/p>\n\n\n\n<p><a href=\"http:\/\/uogj.edu.al\/wp-content\/uploads\/Test\/upload\/Numri%2023(2009).pdf\" target=\"_blank\" rel=\"noreferrer noopener\">Numri 23(2009)&nbsp;<\/a>&nbsp;&nbsp;&nbsp;&nbsp;&nbsp;&nbsp;&nbsp;&nbsp; &nbsp;&nbsp;&nbsp;&nbsp;&nbsp;&nbsp;&nbsp;&nbsp;&nbsp;&nbsp; <a href=\"http:\/\/uogj.edu.al\/wp-content\/uploads\/Test\/upload\/Numri%2026(2010).pdf\" target=\"_blank\" rel=\"noreferrer noopener\">Numri 26(2010)<\/a>&nbsp;&nbsp;<\/p>\n\n\n\n<p><a href=\"http:\/\/uogj.edu.al\/wp-content\/uploads\/Test\/upload\/Numri%2029(2010).pdf\" target=\"_blank\" rel=\"noreferrer noopener\">Numri 29(2010)<\/a>&nbsp;&nbsp;&nbsp;&nbsp;&nbsp;&nbsp;&nbsp;&nbsp;&nbsp;&nbsp;&nbsp;&nbsp;&nbsp;&nbsp;&nbsp;&nbsp;&nbsp;&nbsp;&nbsp;&nbsp;&nbsp; <a href=\"http:\/\/uogj.edu.al\/wp-content\/uploads\/Test\/upload\/Numri%2031(2011).pdf\" target=\"_blank\" rel=\"noreferrer noopener\">Numri 31(2011)<\/a><\/p>\n\n\n\n<p><a href=\"http:\/\/uogj.edu.al\/wp-content\/uploads\/Test\/upload\/Numri%2035%282012%29.pdf\" target=\"_blank\" rel=\"noreferrer noopener\">Numri 35(2012)<\/a>&nbsp;&nbsp;&nbsp;&nbsp;&nbsp;&nbsp;&nbsp;&nbsp;&nbsp;&nbsp;&nbsp;&nbsp;&nbsp;&nbsp;&nbsp;&nbsp;&nbsp;&nbsp;&nbsp;&nbsp;&nbsp; <a href=\"http:\/\/uogj.edu.al\/wp-content\/uploads\/Test\/upload\/Numri%2038%282014%29.pdf\" target=\"_blank\" rel=\"noreferrer noopener\">Numri 38(2014)<\/a>&nbsp;&nbsp;<\/p>\n\n\n\n<p><a href=\"http:\/\/uogj.edu.al\/wp-content\/uploads\/Test\/upload\/permbajtja%20NR.40.pdf\" target=\"_blank\" rel=\"noreferrer noopener\">Numri 40(2015)<\/a><\/p>\n","protected":false},"excerpt":{"rendered":"<p>P\u00ebr t\u00eb v\u00ebn\u00eb n\u00eb jet\u00eb vizionin e tij k\u00ebrkimor, UGJ-ja nd\u00ebrton dhe p\u00ebrmir\u00ebson n\u00eb vazhdim\u00ebsi &nbsp;infrastruktur\u00ebn e k\u00ebrkimit shkencor p\u00ebr [&hellip;]<\/p>\n","protected":false},"author":1,"featured_media":0,"parent":0,"menu_order":0,"comment_status":"closed","ping_status":"closed","template":"","meta":{"_monsterinsights_skip_tracking":false,"_monsterinsights_sitenote_active":false,"_monsterinsights_sitenote_note":"","_monsterinsights_sitenote_category":0,"footnotes":""},"class_list":["post-2721","page","type-page","status-publish","hentry"],"_links":{"self":[{"href":"http:\/\/uogj.edu.al\/old\/wp-json\/wp\/v2\/pages\/2721"}],"collection":[{"href":"http:\/\/uogj.edu.al\/old\/wp-json\/wp\/v2\/pages"}],"about":[{"href":"http:\/\/uogj.edu.al\/old\/wp-json\/wp\/v2\/types\/page"}],"author":[{"embeddable":true,"href":"http:\/\/uogj.edu.al\/old\/wp-json\/wp\/v2\/users\/1"}],"replies":[{"embeddable":true,"href":"http:\/\/uogj.edu.al\/old\/wp-json\/wp\/v2\/comments?post=2721"}],"version-history":[{"count":28,"href":"http:\/\/uogj.edu.al\/old\/wp-json\/wp\/v2\/pages\/2721\/revisions"}],"predecessor-version":[{"id":6722,"href":"http:\/\/uogj.edu.al\/old\/wp-json\/wp\/v2\/pages\/2721\/revisions\/6722"}],"wp:attachment":[{"href":"http:\/\/uogj.edu.al\/old\/wp-json\/wp\/v2\/media?parent=2721"}],"curies":[{"name":"wp","href":"https:\/\/api.w.org\/{rel}","templated":true}]}}