{"id":2886,"date":"2021-03-29T13:06:19","date_gmt":"2021-03-29T13:06:19","guid":{"rendered":"http:\/\/localhost:8080\/wordpress\/?page_id=2886"},"modified":"2023-05-05T07:20:33","modified_gmt":"2023-05-05T07:20:33","slug":"qnkzh","status":"publish","type":"page","link":"http:\/\/uogj.edu.al\/old\/qnkzh\/","title":{"rendered":"Qendra Nderdisiplinore e Kerkimit dhe Zhvillimit"},"content":{"rendered":"\n<p>ishte        Dekanati<\/p>\n\n\n\n<br>\n\n\n\n<ul class=\"wp-block-list\">\n<li><strong>Fakulteti i Shkencave t\u00eb Natyr\u00ebs&nbsp;<\/strong><\/li>\n<\/ul>\n\n\n\n<div class=\"wp-block-columns is-layout-flex wp-container-core-columns-is-layout-1 wp-block-columns-is-layout-flex\">\n<div class=\"wp-block-column is-layout-flow wp-block-column-is-layout-flow\">\n<p><strong>Dekan:<\/strong>&nbsp;<em>Prof. asoc<\/em>. Selfo Oru\u00e7i&nbsp;&nbsp;&nbsp;<\/p>\n<\/div>\n\n\n\n<div class=\"wp-block-column is-layout-flow wp-block-column-is-layout-flow\">\n<p><strong>e-mail:<\/strong> <a style=\"text-decoration: underline;\" href=\"mailto:dekanifshn@uogj.edu.al\">dekanifshn@uogj.edu.al<\/a><\/p>\n\n\n\n<p><strong>e-mail:<\/strong> <a style=\"text-decoration: underline;\" href=\"mailto:selfo.oruci@yahoo.com\">selfo.oruci@yahoo.com<\/a><\/p>\n<\/div>\n<\/div>\n\n\n\n<div class=\"wp-block-columns is-layout-flex wp-container-core-columns-is-layout-2 wp-block-columns-is-layout-flex\">\n<div class=\"wp-block-column is-layout-flow wp-block-column-is-layout-flow\">\n<p><strong>Zv\/Dekan:<\/strong>&nbsp;<em>Doc. Dr. Isidor Kokalari&nbsp; &nbsp;<\/em><\/p>\n<\/div>\n\n\n\n<div class=\"wp-block-column is-layout-flow wp-block-column-is-layout-flow\">\n<p><strong>e-mail:<\/strong><a style=\"text-decoration: underline;\" href=\"mailto:ikokalari@uogj.edu.al\">ikokalari@uogj.edu.al<\/a><\/p>\n<\/div>\n<\/div>\n\n\n\n<hr>\n\n\n\n<ul class=\"wp-block-list\">\n<li><strong>Fakulteti Ekonomik<\/strong><\/li>\n<\/ul>\n\n\n\n<div class=\"wp-block-columns is-layout-flex wp-container-core-columns-is-layout-3 wp-block-columns-is-layout-flex\">\n<div class=\"wp-block-column is-layout-flow wp-block-column-is-layout-flow\">\n<p><strong>Dekan:<\/strong> <em>Dr<\/em>. Zamira Veizi&nbsp;&nbsp;&nbsp;&nbsp;<\/p>\n<\/div>\n\n\n\n<div class=\"wp-block-column is-layout-flow wp-block-column-is-layout-flow\">\n<p><strong>e-mail:<\/strong>&nbsp;<a style=\"text-decoration: underline;\" href=\"mailto:dekanife@uogj.edu.al\">dekanife@uogj.edu.al<\/a><\/p>\n\n\n\n<p><strong>e-mail:<\/strong><a style=\"text-decoration: underline;\" href=\"mailto:veizizamira@outlook.com\"> veizizamira@outlook.com<\/a>&nbsp;<\/p>\n<\/div>\n<\/div>\n\n\n\n<div class=\"wp-block-columns is-layout-flex wp-container-core-columns-is-layout-4 wp-block-columns-is-layout-flex\">\n<div class=\"wp-block-column is-layout-flow wp-block-column-is-layout-flow\">\n<p><strong>Zv\/Dekan:<\/strong>&nbsp;<em>Dr<\/em>. Robert \u00c7elo&nbsp;&nbsp;<\/p>\n<\/div>\n\n\n\n<div class=\"wp-block-column is-layout-flow wp-block-column-is-layout-flow\">\n<p><strong>e-mail: <\/strong><a style=\"text-decoration: underline;\" href=\"mailto:rcelo@uogj.edu.al\">rcelo@uogj.edu.al<\/a><\/p>\n<\/div>\n<\/div>\n\n\n\n<hr>\n\n\n\n<ul class=\"wp-block-list\">\n<li><strong>Fakulteti i Edukimit dhe Shkencave Shoq\u00ebrore<\/strong><\/li>\n<\/ul>\n\n\n\n<div class=\"wp-block-columns is-layout-flex wp-container-core-columns-is-layout-5 wp-block-columns-is-layout-flex\">\n<div class=\"wp-block-column is-layout-flow wp-block-column-is-layout-flow\">\n<p><strong>Dekan: <\/strong><em>Prof.&nbsp;Dr.&nbsp;<\/em>Gezim Sala&nbsp;<\/p>\n<\/div>\n\n\n\n<div class=\"wp-block-column is-layout-flow wp-block-column-is-layout-flow\">\n<p><strong>e-mail:<\/strong> <a style=\"text-decoration: underline;\" href=\"mailto:dekanifeshsh@uogj.edu.al\">dekanifeshsh@uogj.edu.al<\/a>&nbsp;&nbsp;&nbsp;<\/p>\n\n\n\n<p><strong>e-mail:<\/strong> <a style=\"text-decoration: underline;\" href=\"mailto:gezimsala@yahoo.com\">gezimsala@yahoo.com<\/a><\/p>\n<\/div>\n<\/div>\n\n\n\n<div class=\"wp-block-columns is-layout-flex wp-container-core-columns-is-layout-6 wp-block-columns-is-layout-flex\">\n<div class=\"wp-block-column is-layout-flow wp-block-column-is-layout-flow\">\n<p><strong>Zv\/Dekan:<\/strong>&nbsp;<em>Prof. Dr. <\/em>&nbsp;<\/p>\n<\/div>\n\n\n\n<div class=\"wp-block-column is-layout-flow wp-block-column-is-layout-flow\">\n<p><strong>e-mail:&nbsp;<\/strong><a style=\"text-decoration: underline;\" href=\"mailto:grredhii@uogj.edu.al\">                  <\/a><a style=\"text-decoration: underline;\" href=\"mailto:grredhii@uogj.edu.al\">@uogj.edu.al<\/a><\/p>\n<\/div>\n<\/div>\n\n\n\n<p><strong>Pergjegjesat e Departamenteve<\/strong><\/p>\n\n\n\n<ul class=\"wp-block-list\">\n<li>Departamenti i Matematik\u00ebs, Informatikes&nbsp;dhe&nbsp;&nbsp;i Fizik\u00ebs<\/li>\n<\/ul>\n\n\n\n<div class=\"wp-block-columns is-layout-flex wp-container-core-columns-is-layout-7 wp-block-columns-is-layout-flex\">\n<div class=\"wp-block-column is-layout-flow wp-block-column-is-layout-flow\">\n<p><em>Dr<\/em>. Dhori Terpo&nbsp;&nbsp;&nbsp;&nbsp;<\/p>\n<\/div>\n\n\n\n<div class=\"wp-block-column is-layout-flow wp-block-column-is-layout-flow\">\n<p><strong>e-mail:<\/strong> <a style=\"text-decoration: underline;\" href=\"mailto:vdhterpo@uogj.edu.al\">vdhterpo@uogj.edu.al<\/a><\/p>\n<\/div>\n<\/div>\n\n\n\n<hr>\n\n\n\n<ul class=\"wp-block-list\">\n<li>Departamenti i Biologji-Kimis\u00eb<\/li>\n<\/ul>\n\n\n\n<div class=\"wp-block-columns is-layout-flex wp-container-core-columns-is-layout-8 wp-block-columns-is-layout-flex\">\n<div class=\"wp-block-column is-layout-flow wp-block-column-is-layout-flow\">\n<p><em>Prof.asoc. <\/em>Sadik Malo<\/p>\n<\/div>\n\n\n\n<div class=\"wp-block-column is-layout-flow wp-block-column-is-layout-flow\">\n<p><strong>e-mail: <\/strong><a style=\"text-decoration: underline;\" href=\"mailto:sadikmalo@gmail.com\">sadikmalo@gmail.com<\/a><\/p>\n<\/div>\n<\/div>\n\n\n\n<hr>\n\n\n\n<ul class=\"wp-block-list\">\n<li>Departamenti i Infermieris\u00eb<\/li>\n<\/ul>\n\n\n\n<div class=\"wp-block-columns is-layout-flex wp-container-core-columns-is-layout-9 wp-block-columns-is-layout-flex\">\n<div class=\"wp-block-column is-layout-flow wp-block-column-is-layout-flow\">\n<p><em>Prof.asoc.<\/em>Maria Agolli&nbsp;<\/p>\n<\/div>\n\n\n\n<div class=\"wp-block-column is-layout-flow wp-block-column-is-layout-flow\">\n<p>&nbsp;<strong>e-mail: <\/strong><a style=\"text-decoration: underline;\" href=\"mailto:mmeci@uogj.edu.al\">mmeci@uogj.edu.al<\/a><\/p>\n<\/div>\n<\/div>\n\n\n\n<hr>\n\n\n\n<ul class=\"wp-block-list\">\n<li>Departamenti i dhe Historise &nbsp;dhe Gjeografis\u00eb<\/li>\n<\/ul>\n\n\n\n<div class=\"wp-block-columns is-layout-flex wp-container-core-columns-is-layout-10 wp-block-columns-is-layout-flex\">\n<div class=\"wp-block-column is-layout-flow wp-block-column-is-layout-flow\">\n<p><em>Prof.asoc.<\/em>Albina Sinani<\/p>\n<\/div>\n\n\n\n<div class=\"wp-block-column is-layout-flow wp-block-column-is-layout-flow\">\n<p><strong>e-mail:<\/strong> <a style=\"text-decoration: underline;\" href=\"mailto:sinanialbina@yahoo.com\">sinanialbina@yahoo.com<\/a><\/p>\n<\/div>\n<\/div>\n\n\n\n<hr>\n\n\n\n<ul class=\"wp-block-list\">\n<li>Departamenti i Gjuh\u00ebs Shqipe<\/li>\n<\/ul>\n\n\n\n<div class=\"wp-block-columns is-layout-flex wp-container-core-columns-is-layout-11 wp-block-columns-is-layout-flex\">\n<div class=\"wp-block-column is-layout-flow wp-block-column-is-layout-flow\">\n<p><em>Prof.asoc.<\/em>Spiridhulla Po\u00e7i<\/p>\n<\/div>\n\n\n\n<div class=\"wp-block-column is-layout-flow wp-block-column-is-layout-flow\">\n<p><strong>e-mail:<\/strong> <a style=\"text-decoration: underline;\" href=\"mailto:spiridhulla_poci@yahoo.com\">spiridhulla_poci@yahoo.com<\/a><\/p>\n<\/div>\n<\/div>\n\n\n\n<hr>\n\n\n\n<ul class=\"wp-block-list\">\n<li>Departamenti i Let\u00ebrsise Shqipe<\/li>\n<\/ul>\n\n\n\n<div class=\"wp-block-columns is-layout-flex wp-container-core-columns-is-layout-12 wp-block-columns-is-layout-flex\">\n<div class=\"wp-block-column is-layout-flow wp-block-column-is-layout-flow\">\n<p><em>Prof. asoc. <\/em>Merita Shehu&nbsp;<\/p>\n<\/div>\n\n\n\n<div class=\"wp-block-column is-layout-flow wp-block-column-is-layout-flow\">\n<p><strong>e-mail:<\/strong> <a style=\"text-decoration: underline;\" href=\"mailto:merigjokutaj@yahoo.com\">merigjokutaj@yahoo.com<\/a><\/p>\n<\/div>\n<\/div>\n\n\n\n<hr>\n\n\n\n<ul class=\"wp-block-list\">\n<li>Departamenti i Gjuh\u00ebs, Let\u00ebrsis\u00eb dhe Qytet\u00ebrimit Grek<\/li>\n<\/ul>\n\n\n\n<div class=\"wp-block-columns is-layout-flex wp-container-core-columns-is-layout-13 wp-block-columns-is-layout-flex\">\n<div class=\"wp-block-column is-layout-flow wp-block-column-is-layout-flow\">\n<p><em>Prof.asoc.&nbsp;<\/em>Panajot Barka&nbsp;&nbsp;<\/p>\n<\/div>\n\n\n\n<div class=\"wp-block-column is-layout-flow wp-block-column-is-layout-flow\">\n<p><strong>e-mail:<\/strong> <a style=\"text-decoration: underline;\" href=\"mailto:panajotbarka@yahoo.gr\">panajotbarka@yahoo.gr<\/a><\/p>\n<\/div>\n<\/div>\n\n\n\n<hr>\n\n\n\n<ul class=\"wp-block-list\">\n<li>Departamenti i Gjuh\u00ebve t\u00eb Huaja<\/li>\n<\/ul>\n\n\n\n<div class=\"wp-block-columns is-layout-flex wp-container-core-columns-is-layout-14 wp-block-columns-is-layout-flex\">\n<div class=\"wp-block-column is-layout-flow wp-block-column-is-layout-flow\">\n<p><em>Prof.asoc.&nbsp;<\/em>Harallamb Mi\u00e7oni&nbsp;&nbsp;<\/p>\n<\/div>\n\n\n\n<div class=\"wp-block-column is-layout-flow wp-block-column-is-layout-flow\">\n<p><strong>e-mail:<\/strong>&nbsp;<a style=\"text-decoration: underline;\" href=\"mailto:ll.miconi@yahoo.com\">ll.miconi@yahoo.com<\/a><\/p>\n<\/div>\n<\/div>\n\n\n\n<hr>\n\n\n\n<ul class=\"wp-block-list\">\n<li>Departamenti i Shkencave t\u00eb Edukimit dhe Metodologjis\u00eb s\u00eb M\u00ebsimdh\u00ebnies<\/li>\n<\/ul>\n\n\n\n<div class=\"wp-block-columns is-layout-flex wp-container-core-columns-is-layout-15 wp-block-columns-is-layout-flex\">\n<div class=\"wp-block-column is-layout-flow wp-block-column-is-layout-flow\">\n<p><em>Doc.Dr<\/em>. Mimoza \u00c7arka&nbsp; &nbsp;<\/p>\n<\/div>\n\n\n\n<div class=\"wp-block-column is-layout-flow wp-block-column-is-layout-flow\">\n<p><strong>e-mail:<\/strong> <a style=\"text-decoration: underline;\" href=\"mailto:mcarka@uogj.edu.al\">mcarka@uogj.edu.al<\/a><\/p>\n<\/div>\n<\/div>\n\n\n\n<hr>\n\n\n\n<ul class=\"wp-block-list\">\n<li>Departamenti i&nbsp; Kontabilitet Finance<\/li>\n<\/ul>\n\n\n\n<div class=\"wp-block-columns is-layout-flex wp-container-core-columns-is-layout-16 wp-block-columns-is-layout-flex\">\n<div class=\"wp-block-column is-layout-flow wp-block-column-is-layout-flow\">\n<p><em>Doc. Dr.&nbsp;&nbsp;<\/em>Etleva Peta<\/p>\n<\/div>\n\n\n\n<div class=\"wp-block-column is-layout-flow wp-block-column-is-layout-flow\">\n<p><strong>e-mail:<\/strong> <a style=\"text-decoration: underline;\" href=\"mailto:epeta@yahoo.com\">epeta@yahoo.com<\/a><\/p>\n<\/div>\n<\/div>\n\n\n\n<hr>\n\n\n\n<ul class=\"wp-block-list\">\n<li>Departamenti&nbsp; &nbsp; Administrim Publik<\/li>\n<\/ul>\n\n\n\n<p><\/p>\n\n\n\n<hr>\n\n\n\n<ul class=\"wp-block-list\">\n<li>Departamenti i&nbsp; Politikave Ekonomike dhe Turizmit<\/li>\n<\/ul>\n\n\n\n<div class=\"wp-block-columns is-layout-flex wp-container-core-columns-is-layout-17 wp-block-columns-is-layout-flex\">\n<div class=\"wp-block-column is-layout-flow wp-block-column-is-layout-flow\">\n<p><em>Dr. Daniela Qiqi<\/em><\/p>\n<\/div>\n\n\n\n<div class=\"wp-block-column is-layout-flow wp-block-column-is-layout-flow\">\n<p><strong>e-mail:<\/strong> <a style=\"text-decoration: underline;\" href=\"mailto:dqiqi@uogj.edu.al\">dqiqi@uogj.edu.al<\/a>&nbsp;<\/p>\n<\/div>\n<\/div>\n\n\n\n<hr>\n","protected":false},"excerpt":{"rendered":"<p>ishte Dekanati Dekan:&nbsp;Prof. asoc. Selfo Oru\u00e7i&nbsp;&nbsp;&nbsp; e-mail: dekanifshn@uogj.edu.al e-mail: selfo.oruci@yahoo.com Zv\/Dekan:&nbsp;Doc. Dr. Isidor Kokalari&nbsp; &nbsp; e-mail:ikokalari@uogj.edu.al Dekan: Dr. Zamira Veizi&nbsp;&nbsp;&nbsp;&nbsp; [&hellip;]<\/p>\n","protected":false},"author":1,"featured_media":0,"parent":0,"menu_order":0,"comment_status":"closed","ping_status":"closed","template":"","meta":{"_monsterinsights_skip_tracking":false,"_monsterinsights_sitenote_active":false,"_monsterinsights_sitenote_note":"","_monsterinsights_sitenote_category":0,"footnotes":""},"class_list":["post-2886","page","type-page","status-publish","hentry"],"_links":{"self":[{"href":"http:\/\/uogj.edu.al\/old\/wp-json\/wp\/v2\/pages\/2886"}],"collection":[{"href":"http:\/\/uogj.edu.al\/old\/wp-json\/wp\/v2\/pages"}],"about":[{"href":"http:\/\/uogj.edu.al\/old\/wp-json\/wp\/v2\/types\/page"}],"author":[{"embeddable":true,"href":"http:\/\/uogj.edu.al\/old\/wp-json\/wp\/v2\/users\/1"}],"replies":[{"embeddable":true,"href":"http:\/\/uogj.edu.al\/old\/wp-json\/wp\/v2\/comments?post=2886"}],"version-history":[{"count":11,"href":"http:\/\/uogj.edu.al\/old\/wp-json\/wp\/v2\/pages\/2886\/revisions"}],"predecessor-version":[{"id":6313,"href":"http:\/\/uogj.edu.al\/old\/wp-json\/wp\/v2\/pages\/2886\/revisions\/6313"}],"wp:attachment":[{"href":"http:\/\/uogj.edu.al\/old\/wp-json\/wp\/v2\/media?parent=2886"}],"curies":[{"name":"wp","href":"https:\/\/api.w.org\/{rel}","templated":true}]}}