{"id":3081,"date":"2021-03-31T07:36:35","date_gmt":"2021-03-31T07:36:35","guid":{"rendered":"http:\/\/localhost:8080\/wordpress\/?page_id=3081"},"modified":"2024-01-30T09:44:36","modified_gmt":"2024-01-30T09:44:36","slug":"legjislacioni","status":"publish","type":"page","link":"http:\/\/uogj.edu.al\/old\/legjislacioni\/","title":{"rendered":"Legjislacioni"},"content":{"rendered":"\n<br>\n\n\n\n<ul class=\"wp-block-list\">\n<li><a href=\"https:\/\/uogj.edu.al\/upload\/Evidenacat%20shqip%202021\/dok%20juridike\/ligj-2015-04-30-44,%20Kodi%20i%20Procedurave%20Administrative.pdf\">LIGJ Nr. 44\/2015 KODI I PROCEDURAVE ADMINISTRATIVE I REPUBLIK\u00cbS S\u00cb SHQIP\u00cbRIS\u00cb<\/a><\/li>\n<\/ul>\n\n\n\n<ul class=\"wp-block-list\">\n<li><a href=\"https:\/\/uogj.edu.al\/upload\/Evidenacat%20shqip%202021\/dok%20juridike\/ligj-1995-07-12-7961,%20kodi%20i%20Punes.pdf\">LIGJ Nr. 7961, dat\u00eb 12.7.1995 KODI I PUN\u00cbS I REPUBLIK\u00cbS S\u00cb SHQIP\u00cbRIS\u00cb<\/a><\/li>\n<\/ul>\n\n\n\n<p><a href=\"https:\/\/uogj.edu.al\/upload\/Evidenacat%20shqip%202021\/dok%20juridike\/ligji-nr-49-2012-per-organizimin-dhe-funksionimin-e-gjykatave-administrative-i-ndryshuar.pdf\">LIGJ Nr. 49\/2012&nbsp;&nbsp; &nbsp;P\u00cbR ORGANIZIMIN DHE FUNKSIONIMIN E GJYKATAVE ADMINISTRATIVE DHE<br>GJYKIMIN E MOSMARR\u00cbVESHJEVE ADMINISTRATIVE<\/a><\/p>\n\n\n\n<ul class=\"wp-block-list\">\n<li><a href=\"https:\/\/uogj.edu.al\/upload\/Evidenacat%20shqip%202021\/dok%20juridike\/Ligji-nr-8457-per-informacionin-e-klasifikuar-sekret-shtetero-i-ndryshuar.pdf\">LIGJ&nbsp;&nbsp; Nr. 8457, dat\u00eb 11.02.1999&nbsp; P\u00cbR INFORMACIONIN E KLASIFIKUAR &#8220;SEKRET SHTET\u00cbROR\u201d<\/a><\/li>\n<\/ul>\n\n\n\n<ul class=\"wp-block-list\">\n<li><a href=\"https:\/\/uogj.edu.al\/upload\/Evidenacat%20shqip%202021\/dok%20juridike\/Ligj-Nr.9887-dat%C3%AB-10.3.2008-i-ndryshuar.pdf\">LIGJ Nr.9887, dat\u00eb 10.3.2008&nbsp;&nbsp; P\u00cbR MBROJTJEN E T\u00cb DH\u00cbNAVE PERSONALE<\/a><\/li>\n<\/ul>\n\n\n\n<ul class=\"wp-block-list\">\n<li><a href=\"https:\/\/uogj.edu.al\/upload\/Evidenacat%20shqip%202021\/dok%20juridike\/Nr-10279-PeR-KUNDeRVAJTJET-ADMINISTRATIVE.pdf\">LIGJ Nr. 10 279, dat\u00eb 20.5.2010 P\u00cbR KUND\u00cbRVAJTJET ADMINISTRATIVE<\/a><\/li>\n<\/ul>\n\n\n\n<ul class=\"wp-block-list\">\n<li><a href=\"https:\/\/uogj.edu.al\/upload\/Evidenacat%20shqip%202021\/dok%20juridike\/Permbledhje%20e%20barazise%20gjinore%20dhe%20diskriminimi%20OK1.pdf\">P\u00cbRMBLEDH\u00cbSE LEGJISLACIONI P\u00cbR BARAZIN\u00cb GJINORE<\/a><\/li>\n<\/ul>\n\n\n\n<ul class=\"wp-block-list\">\n<li><a href=\"https:\/\/uogj.edu.al\/upload\/Evidenacat%20shqip%202021\/dok%20juridike\/Permbledhje%20legjislacioni%20per%20te%20drejtave%20te%20njeriut%20-2020.pdf\">KONVENTA P\u00cbR MBROJTJEN E T\u00cb DREJTAVE T\u00cb NJERIUT DHE LIRIVE THEMELORE DHE PROTOKOLLET<\/a><\/li>\n<\/ul>\n\n\n\n<ul class=\"wp-block-list\">\n<li><a href=\"https:\/\/uogj.edu.al\/upload\/Evidenacat%20shqip%202021\/dok%20juridike\/VKM-145.pdf\">VENDIM Nr. 145, dat\u00eb 13.3.2018 P\u00cbR KRIJIMIN E BAZ\u00cbS T\u00cb T\u00cb DH\u00cbNAVE SHTET\u00cbRORE<\/a><\/li>\n<\/ul>\n\n\n\n<ul class=\"wp-block-list\">\n<li><a href=\"https:\/\/uogj.edu.al\/upload\/Evidenacat%20shqip%202021\/dok%20juridike\/Vendimi-I-KM-Nr.-39-dat%C3%AB-23012019.pdf\">VENDIM Nr. 39, dat\u00eb 23.1.2019<\/a><\/li>\n<\/ul>\n\n\n\n<ul class=\"wp-block-list\">\n<li><a href=\"https:\/\/uogj.edu.al\/upload\/Evidenacat%20shqip%202021\/dok%20juridike\/VKM-nr-40-dt-23.1.2019.pdf\">VKM nr.40 dt 23.01.2019<\/a><\/li>\n<\/ul>\n\n\n\n<ul class=\"wp-block-list\">\n<li><a href=\"https:\/\/uogj.edu.al\/upload\/Evidenacat%20shqip%202021\/dok%20juridike\/vkm-187-date-08032017.pdf\">Vkm nr 187 date 08.03.2017<\/a><\/li>\n<\/ul>\n\n\n\n<ul class=\"wp-block-list\">\n<li><a rel=\"noreferrer noopener\" href=\"http:\/\/uogj.edu.al\/upload\/Evidenacat%20anglisht%202021\/ligj-2016-06-02-60-2016.pdf\" target=\"_blank\"><strong><\/strong><\/a><strong><a href=\"https:\/\/uogj.edu.al\/upload\/Evidenacat%20shqip%202021\/dok%20juridike\/Permbledhje-e-ligjit-dhe-akteve-n%C3%ABnligjore-n%C3%AB-fush%C3%ABn-e-rinis%C3%AB.pdf\">LIGJI&nbsp; Nr. 75\/2019 \u201cP\u00cbR RININ\u00cb\u201d Permbledhje e ligjit dhe akteve n\u00ebnligjore n\u00eb fush\u00ebn e rinis\u00eb<\/a><\/strong><\/li>\n<\/ul>\n\n\n\n<ul class=\"wp-block-list\">\n<li><a rel=\"noreferrer noopener\" href=\"https:\/\/uogj.edu.al\/upload\/Evidenacat%20anglisht%202021\/Rregullore_mbrojtje%20nga_hakmarrja.pdf\" target=\"_blank\">RREGULLORE P\u00cbR HETIMIN ADMINISTRATIV T\u00cb K\u00cbRKES\u00cbS S\u00cb SINJALIZUESIT P\u00cbR MBROJTJEN NGA  HAKMARRJA N\u00cb UNIVERSITETIN \u201cEQREM \u00c7ABEJ\u201d GJIROKASTER<\/a><\/li>\n<\/ul>\n\n\n\n<ul class=\"wp-block-list\">\n<li><a rel=\"noreferrer noopener\" href=\"http:\/\/uogj.edu.al\/upload\/Evidenacat%20anglisht%202021\/ligj-2016-06-02-60-2016.pdf\" target=\"_blank\"><strong>LIGJ Nr. 60\/2016 <\/strong>P\u00cbR SINJALIZIMIN DHE MBROJTJEN E SINJALIZUESVE<\/a><\/li>\n<\/ul>\n\n\n\n<ul class=\"wp-block-list\">\n<li><a target=\"_blank\" href=\"http:\/\/www.uogj.edu.al\/wp-content\/uploads\/Test\/upload\/Vendimi%20nr.%20777%20date%2026.12.2018.pdf\" data-type=\"URL\" data-id=\"http:\/\/www.uogj.edu.al\/wp-content\/uploads\/Test\/upload\/Vendimi%20nr.%20777%20date%2026.12.2018.pdf\" rel=\"noopener\"><strong>Vendimi Nr.777 , dat\u00eb 26.12.2018<\/strong> &#8220;KONTROLLIN ANTIPLAWIATURE TE DISERTACIONEVE PER FITIMIN E GRADAVE SHKENCORE&#8221;<\/a><\/li>\n<\/ul>\n\n\n\n<ul class=\"wp-block-list\">\n<li><a target=\"_blank\" href=\"http:\/\/www.uogj.edu.al\/wp-content\/uploads\/Test\/upload\/Vendimi%20nr.%20778%20date%2026.12.2018.pdf\" data-type=\"URL\" data-id=\"http:\/\/www.uogj.edu.al\/wp-content\/uploads\/Test\/upload\/Vendimi%20nr.%20778%20date%2026.12.2018.pdf\" rel=\"noopener\"><strong>Vendimi Nr. 778, dat\u00eb 26.12.2018 <\/strong>&#8220;PER NJE NDRYSHIM DHE SHTESE NE VENDIMIN NR.288, DATE 21.5.2018. TE KESHILLIT TE MINISTRAVE&#8221;<\/a><\/li>\n<\/ul>\n\n\n\n<ul class=\"wp-block-list\">\n<li><a target=\"_blank\" href=\"http:\/\/www.uogj.edu.al\/wp-content\/uploads\/Test\/upload\/Vendimi%20nr.%20779%20date%2026.12.2018.pdf\" data-type=\"URL\" data-id=\"http:\/\/www.uogj.edu.al\/wp-content\/uploads\/Test\/upload\/Vendimi%20nr.%20779%20date%2026.12.2018.pdf\" rel=\"noopener\"><strong>Vendimi Nr. 779, dat\u00eb 26.12.2018<\/strong> &#8220;PER DISA NDRYSHIME NE VENDIMIN NR269, DATE 29.3.2017, TE KESHILIXT TE MINISTRAVE&#8221;<\/a><\/li>\n<\/ul>\n\n\n\n<ul class=\"wp-block-list\">\n<li><a target=\"_blank\" href=\"http:\/\/www.uogj.edu.al\/wp-content\/uploads\/Test\/upload\/Vendimi%20nr.%20780%20date%2026.12.2018.pdf\" data-type=\"URL\" data-id=\"http:\/\/www.uogj.edu.al\/wp-content\/uploads\/Test\/upload\/Vendimi%20nr.%20780%20date%2026.12.2018.pdf\" rel=\"noopener\"><strong>Vendim Nr. 780, dat\u00eb 26.12.2018<\/strong> &#8220;PER PERCAKTI MIN E KATEGORIVE TE INDIVIDEVE OE PLOTESOJNE KRITERET PER ULJE TE TARIFES VJETORE TE STUDIMIT NE PROGRAMET E clan&#8217; TE DYTE It STUDIMEVE, NE INSTITUCIONET PUBLIKE TE ARSIMIT TE LARTE&#8221;<\/a><\/li>\n<\/ul>\n\n\n\n<ul class=\"wp-block-list\">\n<li><a target=\"_blank\" href=\"http:\/\/www.uogj.edu.al\/wp-content\/uploads\/Test\/upload\/Vendimi%20nr.%20781%20date%2026.12.2018.pdf\" data-type=\"URL\" data-id=\"http:\/\/www.uogj.edu.al\/wp-content\/uploads\/Test\/upload\/Vendimi%20nr.%20781%20date%2026.12.2018.pdf\" rel=\"noopener\"><strong>Vendimi Nr. 781, dat\u00eb 26.12.2018<\/strong> &#8220;GARANTIMIN E TRANSPARENCES NE INSTITUCIONET PUBLIKE TE ARSIMIT It LARTE&#8221;<\/a><\/li>\n<\/ul>\n\n\n\n<ul class=\"wp-block-list\">\n<li><a target=\"_blank\" href=\"http:\/\/www.uogj.edu.al\/wp-content\/uploads\/Test\/upload\/Vendimi%20nr.%20783%20date%2026.12.2018.pdf\" data-type=\"URL\" data-id=\"http:\/\/www.uogj.edu.al\/wp-content\/uploads\/Test\/upload\/Vendimi%20nr.%20783%20date%2026.12.2018.pdf\" rel=\"noopener\"><strong>Vendimi Nr. 783, dat\u00eb 26.12.2018<\/strong> &#8220;PER VLERESIMIN E PERFORMANCES NE MESIMDHENIE TE PERSONELIT AKADEMIK NE INSTITUCIONET E ARSIMIT TE LARTE EDHE NEPERMJET SON DAZHIT KOMBETAR TE STUDENTEVE&#8221;<\/a><\/li>\n<\/ul>\n\n\n\n<ul class=\"wp-block-list\">\n<li><a target=\"_blank\" href=\"http:\/\/www.uogj.edu.al\/wp-content\/uploads\/Test\/upload\/Vendimi%20nr.%20784%20date%2026.12.2018.pdf\" rel=\"noopener\"><strong>Vendimi Nr. 784, dat\u00eb 26.12.2018 <\/strong>&#8220;PER DISA NDRYSHIME NE VENDIMIN NR.903, DATE 21.12.2016, TE KESHILLIT TE MINISTRAVE&#8221;<\/a><\/li>\n<\/ul>\n","protected":false},"excerpt":{"rendered":"<p>LIGJ Nr. 49\/2012&nbsp;&nbsp; &nbsp;P\u00cbR ORGANIZIMIN DHE FUNKSIONIMIN E GJYKATAVE ADMINISTRATIVE DHEGJYKIMIN E MOSMARR\u00cbVESHJEVE ADMINISTRATIVE<\/p>\n","protected":false},"author":1,"featured_media":0,"parent":0,"menu_order":0,"comment_status":"closed","ping_status":"closed","template":"","meta":{"_monsterinsights_skip_tracking":false,"_monsterinsights_sitenote_active":false,"_monsterinsights_sitenote_note":"","_monsterinsights_sitenote_category":0,"footnotes":""},"class_list":["post-3081","page","type-page","status-publish","hentry"],"_links":{"self":[{"href":"http:\/\/uogj.edu.al\/old\/wp-json\/wp\/v2\/pages\/3081"}],"collection":[{"href":"http:\/\/uogj.edu.al\/old\/wp-json\/wp\/v2\/pages"}],"about":[{"href":"http:\/\/uogj.edu.al\/old\/wp-json\/wp\/v2\/types\/page"}],"author":[{"embeddable":true,"href":"http:\/\/uogj.edu.al\/old\/wp-json\/wp\/v2\/users\/1"}],"replies":[{"embeddable":true,"href":"http:\/\/uogj.edu.al\/old\/wp-json\/wp\/v2\/comments?post=3081"}],"version-history":[{"count":18,"href":"http:\/\/uogj.edu.al\/old\/wp-json\/wp\/v2\/pages\/3081\/revisions"}],"predecessor-version":[{"id":6531,"href":"http:\/\/uogj.edu.al\/old\/wp-json\/wp\/v2\/pages\/3081\/revisions\/6531"}],"wp:attachment":[{"href":"http:\/\/uogj.edu.al\/old\/wp-json\/wp\/v2\/media?parent=3081"}],"curies":[{"name":"wp","href":"https:\/\/api.w.org\/{rel}","templated":true}]}}