{"id":3112,"date":"2021-03-31T08:06:22","date_gmt":"2021-03-31T08:06:22","guid":{"rendered":"http:\/\/localhost:8080\/wordpress\/?page_id=3112"},"modified":"2023-04-19T11:09:50","modified_gmt":"2023-04-19T11:09:50","slug":"honoris-causa","status":"publish","type":"page","link":"http:\/\/uogj.edu.al\/old\/honoris-causa\/","title":{"rendered":"Honoris Causa"},"content":{"rendered":"\n<p>ishte Zyrat<\/p>\n\n\n\n<figure class=\"wp-block-table\"><table class=\"has-fixed-layout\"><tbody><tr><td><strong>Zyra p\u00ebr Marr\u00ebdh\u00ebniet me Jasht\u00eb<\/strong><br>Universiteti \u201cEqrem \u00c7abej\u201d<br>Lagjia \u201c18 Shtatori\u201d<br>Gjirokast\u00ebr<br>Shqip\u00ebri<br><strong>Tel: <\/strong>+355 8426 80 25<br><strong>e-mail:<\/strong> <a href=\"mailto:maredhenietmejashte@uogj.edu.al\">maredhenietmejashte@uogj.edu.al<\/a><\/td><td><strong>Zyra e Projekteve dhe K\u00ebrkimeve Shkencore<\/strong><br>Universiteti \u201cEqrem \u00c7abej\u201d&nbsp;&nbsp;Gjirokast\u00ebr<br>Lagjia \u201c18 Shtatori\u201d<br>Gjirokast\u00ebr<br>Shqip\u00ebri<br><strong>Tel:<\/strong> +355 8426 80 25<br><strong>e-mail:<\/strong> <a href=\"mailto:maredhenietmejashte@uogj.edu.al\">maredhenietmejashte@uogj.edu.al<\/a><\/td><\/tr><tr><td><strong><strong>DREJTORIA E SHERBIMEVE NDIHMES AKADEMIKE -ADMINISTRATIVE<\/strong>.<\/strong><\/td><td><strong>Zyre e sigurimit te cilesise &amp; vleresimit Institucion pran\u00eb Deg\u00ebs s\u00eb Zhvillimit Kurrikular, Karrier\u00ebs dhe e Vler\u00ebsimit Institucional.<\/strong><\/td><\/tr><tr><td><strong>Administratori ,&nbsp;Drejtoria&nbsp; e sherbimeve universitare<\/strong><\/td><td><strong>Dega e Mardhenieve me Jashte dhe e Kerkimit Shkencor<\/strong><\/td><\/tr><tr><td><strong>Drejtoria e sh\u00ebrbimeve universitare <\/strong><\/td><td><strong>Sektori i financ\u00eb prokurimeve<\/strong><\/td><\/tr><tr><td><strong>Sektori i sh\u00ebrbimeve<\/strong><\/td><td><strong>Drejtoria e sherbimeve ndihmes akademike -administrative<\/strong><\/td><\/tr><tr><td><strong>Sektori sherbimeve juridike, personelit dhe sekretari -protokoll<\/strong><\/td><td><strong>Sektori i kerkimit shkencor dhe mar\u00ebdhenieve me jasht\u00eb<\/strong><\/td><\/tr><tr><td><strong>Sektori i sherbimeve bibliotekare, arkivore dhe studentore<\/strong><\/td><td><strong>Sherbimet bibliotekare dhe arkivore<\/strong><\/td><\/tr><tr><td><strong>Sektori i standarteve dhe kurrikulave<\/strong><\/td><td><strong>Teknologjia e informacionit<\/strong><\/td><\/tr><tr><td><strong>Kurrikulat dhe sigurimi i brendshem i cilesise<\/strong><\/td><td><\/td><\/tr><\/tbody><\/table><\/figure>\n","protected":false},"excerpt":{"rendered":"<p>ishte Zyrat Zyra p\u00ebr Marr\u00ebdh\u00ebniet me Jasht\u00ebUniversiteti \u201cEqrem \u00c7abej\u201dLagjia \u201c18 Shtatori\u201dGjirokast\u00ebrShqip\u00ebriTel: +355 8426 80 25e-mail: maredhenietmejashte@uogj.edu.al Zyra e Projekteve dhe [&hellip;]<\/p>\n","protected":false},"author":1,"featured_media":0,"parent":0,"menu_order":0,"comment_status":"closed","ping_status":"closed","template":"","meta":{"_monsterinsights_skip_tracking":false,"_monsterinsights_sitenote_active":false,"_monsterinsights_sitenote_note":"","_monsterinsights_sitenote_category":0,"footnotes":""},"class_list":["post-3112","page","type-page","status-publish","hentry"],"_links":{"self":[{"href":"http:\/\/uogj.edu.al\/old\/wp-json\/wp\/v2\/pages\/3112"}],"collection":[{"href":"http:\/\/uogj.edu.al\/old\/wp-json\/wp\/v2\/pages"}],"about":[{"href":"http:\/\/uogj.edu.al\/old\/wp-json\/wp\/v2\/types\/page"}],"author":[{"embeddable":true,"href":"http:\/\/uogj.edu.al\/old\/wp-json\/wp\/v2\/users\/1"}],"replies":[{"embeddable":true,"href":"http:\/\/uogj.edu.al\/old\/wp-json\/wp\/v2\/comments?post=3112"}],"version-history":[{"count":7,"href":"http:\/\/uogj.edu.al\/old\/wp-json\/wp\/v2\/pages\/3112\/revisions"}],"predecessor-version":[{"id":6247,"href":"http:\/\/uogj.edu.al\/old\/wp-json\/wp\/v2\/pages\/3112\/revisions\/6247"}],"wp:attachment":[{"href":"http:\/\/uogj.edu.al\/old\/wp-json\/wp\/v2\/media?parent=3112"}],"curies":[{"name":"wp","href":"https:\/\/api.w.org\/{rel}","templated":true}]}}