{"id":3210,"date":"2021-03-31T10:43:30","date_gmt":"2021-03-31T10:43:30","guid":{"rendered":"http:\/\/localhost:8080\/wordpress\/?page_id=3210"},"modified":"2022-09-09T18:43:01","modified_gmt":"2022-09-09T18:43:01","slug":"ligji-i-arsimit-te-larte","status":"publish","type":"page","link":"http:\/\/uogj.edu.al\/old\/ligji-i-arsimit-te-larte\/","title":{"rendered":"Ligji i Arsimit t\u00eb Lart\u00eb"},"content":{"rendered":"\n<br>\n\n\n\n<p>P\u00cbR ARSIMIN E LART\u00cb DHE K\u00cbRKIMIN SHKENCOR N\u00cb INSTITUCIONET E ARSIMIT T\u00cb LART\u00cb N\u00cb REPUBLIK\u00cbN E SHQIP\u00cbRIS\u00cb.<\/p>\n\n\n\n<div class=\"wp-block-columns is-layout-flex wp-container-core-columns-is-layout-1 wp-block-columns-is-layout-flex\">\n<div class=\"wp-block-column is-layout-flow wp-block-column-is-layout-flow\">\n<p>VENDIM&nbsp; Nr. 531, dat\u00eb11.9.2018&nbsp;<\/p>\n\n\n\n<p>LIGJ Nr. 80\/2015 dt 22\/07\/2015&nbsp;<\/p>\n<\/div>\n\n\n\n<div class=\"wp-block-column is-layout-flow wp-block-column-is-layout-flow\">\n<p><a style=\"text-decoration: underline;\" target=\"_blank\" href=\"http:\/\/www.uogj.edu.al\/wp-content\/uploads\/Test\/upload\/Ligji-Arsimit-Larte-2015.pdf\" data-type=\"URL\" data-id=\"http:\/\/www.uogj.edu.al\/wp-content\/uploads\/Test\/upload\/Ligji-Arsimit-Larte-2015.pdf\" rel=\"noopener\">Kodi i Cilesis\u00eb p\u00ebr Arsimin e Lart\u00eb<\/a><\/p>\n\n\n\n<p><a style=\"text-decoration: underline;\" target=\"_blank\" href=\"http:\/\/www.uogj.edu.al\/wp-content\/uploads\/Test\/upload\/Ligji-Arsimit-Larte-2015.pdf\" data-type=\"URL\" data-id=\"http:\/\/www.uogj.edu.al\/wp-content\/uploads\/Test\/upload\/Ligji-Arsimit-Larte-2015.pdf\" rel=\"noopener\">Ligji p\u00ebr Arsimin e Lart\u00eb<\/a><\/p>\n<\/div>\n<\/div>\n\n\n\n<iframe loading=\"lazy\" src=\" http:\/\/www.uogj.edu.al\/upload\/Ligji-Arsimit-Larte-2015.pdf \" title=\" Ligji p\u00ebr Arsimin e Lart\u00eb \" width=\"100%\" height=\"700\"><\/iframe>\n\n\n\n<p>&nbsp;&nbsp;&nbsp;&nbsp;&nbsp;&nbsp;<\/p>\n","protected":false},"excerpt":{"rendered":"<p>P\u00cbR ARSIMIN E LART\u00cb DHE K\u00cbRKIMIN SHKENCOR N\u00cb INSTITUCIONET E ARSIMIT T\u00cb LART\u00cb N\u00cb REPUBLIK\u00cbN E SHQIP\u00cbRIS\u00cb. VENDIM&nbsp; Nr. 531, [&hellip;]<\/p>\n","protected":false},"author":1,"featured_media":0,"parent":0,"menu_order":0,"comment_status":"closed","ping_status":"closed","template":"","meta":{"_monsterinsights_skip_tracking":false,"_monsterinsights_sitenote_active":false,"_monsterinsights_sitenote_note":"","_monsterinsights_sitenote_category":0,"footnotes":""},"class_list":["post-3210","page","type-page","status-publish","hentry"],"_links":{"self":[{"href":"http:\/\/uogj.edu.al\/old\/wp-json\/wp\/v2\/pages\/3210"}],"collection":[{"href":"http:\/\/uogj.edu.al\/old\/wp-json\/wp\/v2\/pages"}],"about":[{"href":"http:\/\/uogj.edu.al\/old\/wp-json\/wp\/v2\/types\/page"}],"author":[{"embeddable":true,"href":"http:\/\/uogj.edu.al\/old\/wp-json\/wp\/v2\/users\/1"}],"replies":[{"embeddable":true,"href":"http:\/\/uogj.edu.al\/old\/wp-json\/wp\/v2\/comments?post=3210"}],"version-history":[{"count":10,"href":"http:\/\/uogj.edu.al\/old\/wp-json\/wp\/v2\/pages\/3210\/revisions"}],"predecessor-version":[{"id":5479,"href":"http:\/\/uogj.edu.al\/old\/wp-json\/wp\/v2\/pages\/3210\/revisions\/5479"}],"wp:attachment":[{"href":"http:\/\/uogj.edu.al\/old\/wp-json\/wp\/v2\/media?parent=3210"}],"curies":[{"name":"wp","href":"https:\/\/api.w.org\/{rel}","templated":true}]}}