{"id":3231,"date":"2021-03-31T11:17:10","date_gmt":"2021-03-31T11:17:10","guid":{"rendered":"http:\/\/localhost:8080\/wordpress\/?page_id=3231"},"modified":"2023-03-06T10:54:28","modified_gmt":"2023-03-06T10:54:28","slug":"rregullore-per-ruajtjen-e-te-dhenave-personale","status":"publish","type":"page","link":"http:\/\/uogj.edu.al\/old\/rregullore-per-ruajtjen-e-te-dhenave-personale\/","title":{"rendered":"Rregullore p\u00ebr Ruajtjen e T\u00eb Dh\u00ebnave Personale"},"content":{"rendered":"\n<p><\/p>\n\n\n\n<br>\n\n\n\n<iframe loading=\"lazy\" src=\"https:\/\/uogj.edu.al\/upload\/Evidenacat%20shqip%202021\/Burimet\/E2.44%20Rregullore%20per%20mbrojtjen,%20perpunimin,%20ruajtjen%20dhe%20sigurine%20e%20te%20dhenave%20personale.pdf\" width=\"100%\" height=\"700\" \"=\"\">\n<\/iframe>\n\n\n\n<p class=\"has-text-align-center\">Kliko <a href=\"https:\/\/uogj.edu.al\/upload\/Evidenacat%20shqip%202021\/Burimet\/E2.44%20Rregullore%20per%20mbrojtjen,%20perpunimin,%20ruajtjen%20dhe%20sigurine%20e%20te%20dhenave%20personale.pdf\">Rregullore p\u00ebr Ruajtjen e T\u00eb Dh\u00ebnave Personale<\/a><\/p>\n","protected":false},"excerpt":{"rendered":"","protected":false},"author":1,"featured_media":0,"parent":0,"menu_order":0,"comment_status":"closed","ping_status":"closed","template":"","meta":{"_monsterinsights_skip_tracking":false,"_monsterinsights_sitenote_active":false,"_monsterinsights_sitenote_note":"","_monsterinsights_sitenote_category":0,"footnotes":""},"class_list":["post-3231","page","type-page","status-publish","hentry"],"_links":{"self":[{"href":"http:\/\/uogj.edu.al\/old\/wp-json\/wp\/v2\/pages\/3231"}],"collection":[{"href":"http:\/\/uogj.edu.al\/old\/wp-json\/wp\/v2\/pages"}],"about":[{"href":"http:\/\/uogj.edu.al\/old\/wp-json\/wp\/v2\/types\/page"}],"author":[{"embeddable":true,"href":"http:\/\/uogj.edu.al\/old\/wp-json\/wp\/v2\/users\/1"}],"replies":[{"embeddable":true,"href":"http:\/\/uogj.edu.al\/old\/wp-json\/wp\/v2\/comments?post=3231"}],"version-history":[{"count":6,"href":"http:\/\/uogj.edu.al\/old\/wp-json\/wp\/v2\/pages\/3231\/revisions"}],"predecessor-version":[{"id":6142,"href":"http:\/\/uogj.edu.al\/old\/wp-json\/wp\/v2\/pages\/3231\/revisions\/6142"}],"wp:attachment":[{"href":"http:\/\/uogj.edu.al\/old\/wp-json\/wp\/v2\/media?parent=3231"}],"curies":[{"name":"wp","href":"https:\/\/api.w.org\/{rel}","templated":true}]}}