{"id":3509,"date":"2021-04-02T12:17:41","date_gmt":"2021-04-02T12:17:41","guid":{"rendered":"http:\/\/localhost:8080\/wordpress\/?page_id=3509"},"modified":"2022-09-09T20:28:50","modified_gmt":"2022-09-09T20:28:50","slug":"rregullore-e-studimeve","status":"publish","type":"page","link":"http:\/\/uogj.edu.al\/old\/rregullore-e-studimeve\/","title":{"rendered":"Rregullore e studimeve"},"content":{"rendered":"\n<br>\n\n\n\n<p><a target=\"_blank\" href=\"http:\/\/www.uogj.edu.al\/wp-content\/uploads\/Test\/upload\/Rregullore%20e%20studimeve%20ne%20UGJ.pdf\" rel=\"noopener\">Rregullore e studimeve ne UGJ<\/a><\/p>\n\n\n\n<iframe loading=\"lazy\" src=\"http:\/\/www.uogj.edu.al\/wp-content\/uploads\/Test\/upload\/Rregullore%20e%20studimeve%20ne%20UGJ.pdf\" width=\"100%\" height=\"600\" style=\"border:none;\">\n<\/iframe>\n\n\n\n<p><strong>ORGANIZIMI I STUDIMEVE<\/strong><\/p>\n\n\n\n<div id=\"primary\" class=\"content-area main-content-area\"><main id=\"main\" class=\"site-main\" role=\"main\">\n<article id=\"post-20501\" class=\"post-20501 page type-page status-publish hentry\">\n<div class=\"hmc-article-thumb\">&nbsp;<\/div>\n<!-- .hmc-article-thumb --><header class=\"entry-header\"><\/header><!-- .entry-header -->\n<div class=\"entry-content\">\n<div id=\"learn-press-course-tabs\" class=\"course-tabs\">\n<ul class=\"learn-press-nav-tabs course-nav-tabs\">\n<li class=\"course-nav course-nav-tab-curriculum default\"><a href=\"?tab=tab-nje\" data-tab=\"#tab-nje\">Neni 24<\/a><\/li>\n<li class=\"course-nav course-nav-tab-instructor\"><a href=\"?tab=tab-dy\" data-tab=\"#tab-dy\">Neni 25<\/a><\/li>\n<li class=\"course-nav course-nav-tab-instructor\"><a href=\"?tab=tab-kater\" data-tab=\"#tab-gjashte\">Neni 26<\/a><\/li>\n<li class=\"course-nav course-nav-tab-instructor\"><a href=\"?tab=tab-kater\" data-tab=\"#tab-kater\">Neni 27<\/a><\/li>\n<li class=\"course-nav course-nav-tab-instructor\"><a href=\"?tab=tab-tre\" data-tab=\"#tab-tre\">Neni 28<\/a><\/li>\n<li class=\"course-nav course-nav-tab-instructor\"><a href=\"?tab=tab-pese\" data-tab=\"#tab-pese\">Neni 29<\/a><\/li>\n<li class=\"course-nav course-nav-tab-instructor\"><a href=\"?tab=tab-shtate\" data-tab=\"#tab-shtate\">Neni 31<\/a><\/li>\n<li class=\"course-nav course-nav-tab-instructor\"><a href=\"?tab=tab-tete\" data-tab=\"#tab-tete\">Neni 33<\/a><\/li>\n<\/ul>\n<div id=\"tab-nje\" class=\"course-tab-panel-curriculum course-tab-panel\">\n<h3>Pranimet p\u00ebr studimet universitare<\/h3>\n<ol><li>Studimet organizohen n\u00eb k\u00ebto sisteme:<ul><li>studime me koh\u00eb t\u00eb plot\u00eb<\/li><li>studime me koh\u00eb t\u00eb pjesshme<\/li><li>studime n\u00eb distanc\u00eb<\/li><\/ul><\/li><li>Programet e studimeve propozohen nga Departamentet e Fakulteteve dhe K\u00ebshilli i Fakultetit ia paraqet p\u00ebr miratim Senatit Akademik.<\/li><li> Rektorati shpall publikisht programet e akredituara t\u00eb studimeve q\u00eb ofron, para fillimit t\u00eb aplikimeve p\u00ebr pranime n\u00eb t\u00eb.<\/li><\/ol>\n<\/div>\n<div id=\"tab-dy\" class=\"course-tab-panel-instructor course-tab-panel\">\n<h3>Ciklet dhe titujt e studimeve universitare<\/h3>\n<ol><li>Programet e studimeve n\u00eb UGJ organizohen n\u00eb tre cikle t\u00eb nj\u00ebpasnj\u00ebshme:<ul><li>cikli i par\u00eb<\/li><li>cikli i dyt\u00eb<\/li><li>cikli i tret\u00eb<\/li><\/ul><\/li><li>Programet e studimeve \u201cMaster i Nivelit t\u00eb Dyt\u00eb\u201d (MND):<ul><li>Programet e studimeve \u201cMaster i Nivelit t\u00eb Dyt\u00eb\u201d u ofrojn\u00eb t\u00eb diplomuarve, me nj\u00eb diplom\u00eb t\u00eb nivelit t\u00eb dyt\u00eb, arsimim dhe trajnim t\u00eb nj\u00eb niveli m\u00eb t\u00eb lart\u00eb shkencor ose profesional, realizohen me jo m\u00eb pak se 60 kredite dhe zgjatja normale e tyre \u00ebsht\u00eb minimumi nj\u00eb vit<\/li><li>Kriteret e pranimit p\u00ebr kandidat\u00ebt q\u00eb d\u00ebshirojn\u00eb t\u00eb ndjekin k\u00ebto programe dhe menyra e organizimit te studimeve p\u00ebrcaktohen n\u00eb Rregulloren e Fakultetit q\u00eb ofron k\u00ebto programe.<\/li><\/ul><\/li><li>Studimet e ciklit t\u00eb tret\u00eb:<ul><li>Programet e studimeve t\u00eb doktorat\u00ebs: Programet e studimeve t\u00eb doktorat\u00ebs jan\u00eb programe t\u00eb studimeve t\u00eb ciklit t\u00eb tret\u00eb, me karakter plot\u00ebsisht akademik, q\u00eb kan\u00eb n\u00eb baz\u00eb k\u00ebrkim shkencor dhe veprimtari krijuese t\u00eb pavarura, zgjasin t\u00eb pakt\u00ebn 3 vite dhe p\u00ebrfshijn\u00eb edhe 60 kredite p\u00ebr studime t\u00eb organizuara<\/li><li>Organizimi dhe funksionimi i programeve t\u00eb studimeve t\u00eb doktorat\u00ebs, p\u00ebrcaktohet me rregullore t\u00eb ve\u00e7ant\u00eb t\u00eb Universitetit t\u00eb Gjirokastr\u00ebs.<\/li><\/ul><\/li><li>&nbsp;Universiteti i Gjirokastr\u00ebs ka t\u00eb drejt\u00eb t\u00eb ofroj\u00eb edhe programe t\u00eb studimeve jouniversitare, t\u00eb natyr\u00ebs profesionale, me jo m\u00eb pak se 120 kredite. Zgjatja normale e k\u00ebtyre programeve \u00ebsht\u00eb jo m\u00eb pak se 2 vite akademike dhe n\u00eb p\u00ebrfundim t\u00eb tyre l\u00ebshohet diplom\u00eb.Kriteret p\u00ebr pranimin n\u00eb programet e studimeve jo universitare p\u00ebrcaktohen n\u00eb Rregulloret e Fakulteteve t\u00eb cilat ofrojn\u00eb k\u00ebt\u00eb program studimesh.<\/li><\/ol>\n<\/div>\n<div id=\"tab-gjashte\" class=\"course-tab-panel-instructor course-tab-panel\">\n<h3>Pranimi n\u00eb ciklin e par\u00eb t\u0451 studimeve<\/h3>\n<ol><li>Ciklin e par\u00eb t\u00eb studimeve n\u00eb Universitetin e Gjirokastr\u00ebs mund ta ndjekin:<ul><li>\u00c7do shtetas shqiptar q\u00eb ka p\u00ebrfunduar me sukses Matur\u00ebn Shtet\u00ebrore dhe q\u00eb ka ushtruar t\u00eb drejt\u00ebn e kandidimit n\u00eb k\u00ebt\u00eb institucion t\u00eb arsimit t\u00eb lart\u00eb.<\/li><li>Student\u00eb t\u00eb transferuar nga universitete t\u00eb tjera t\u00eb vendit, sipas p\u00ebrcaktimeve t\u00eb ve\u00e7anta n\u00eb k\u00ebt\u00eb statut.<\/li><li>Shtetas t\u00eb huaj bazuar n\u00eb marr\u00ebveshjet dypal\u00ebshe ose shum\u00ebpal\u00ebshe.<\/li><li>Shtetas shqiptar\u00eb apo t\u00eb huaj q\u00eb kan\u00eb perfunduar studimet e larta dhe d\u00ebshirojn\u00eb t\u00eb vazhdojn\u00eb nj\u00eb deg\u00eb t\u00eb dyt\u00eb p\u00ebrkundrejt pagimit te tarifes se caktuar.<\/li><\/ul><\/li><li>Kriteret e p\u00ebrgjithshme dhe procedurat e pranimit n\u00eb ciklin e par\u00eb t\u00eb studimeve n\u00eb UGJ p\u00ebrcaktohen sipas akteve n\u00ebnligjore t\u00eb MASH-it.<\/li><li>Senati Akademik ne baze te njesive perberese te institucionit ka t\u00eb drejt\u00eb t\u00eb p\u00ebrcaktoj\u00eb kritere t\u00eb ve\u00e7anta p\u00ebr p\u00ebrzgjedhjen e kandidat\u00ebve, t\u00eb cil\u00ebt kan\u00eb mbaruar Matur\u00ebn Shtet\u00ebrore, p\u00ebr t\u2019u pranuar n\u00eb ciklin e par\u00eb t\u00eb studimeve. K\u00ebto kritere b\u00ebhen publikisht t\u00eb njohura nga institucioni, t\u00eb pakt\u00ebn nj\u00eb vit para fillimit t\u00eb pranimeve t\u0451 radh\u00ebs, s\u00eb bashku me informacionin e nevojsh\u00ebm mbi Fakultetin p\u00ebrkat\u00ebs dhe programet q\u00eb ofron.&nbsp;<\/li><\/ol>\n<\/div>\n<div id=\"tab-kater\" class=\"course-tab-panel-instructor course-tab-panel\">\n<h3>Viti akademik dhe organizimi i m\u00ebsimdh\u00ebnies<\/h3>\n<ol><li>Studimet n\u00eb UGJ zhvillohen me baz\u00eb vitin akademik i cili organizohet n\u00eb semestra me s\u00eb paku 20 or\u00eb m\u00ebsimi leksione, seminare e laborator\u00eb n\u00eb jav\u00eb<\/li><li>Kriteret e pranimit p\u00ebr standardet akademike t\u00eb p\u00ebrzgjedhjes s\u00eb kandidat\u00ebve p\u00ebr t\u2019u pranuar n\u00eb programet e ciklit t\u00eb dyt\u00eb dhe te trete t\u00eb studimeve p\u00ebrcaktohen n\u00eb Rregulloren e Universitetit.<\/li><\/ol>\n<\/div>\n<div id=\"tab-tre\" class=\"course-tab-panel-instructor course-tab-panel\">\n<h3>Ndjekja e nj\u00eb programi t\u00eb dyt\u00eb studimi<\/h3>\n<ol><li>Personat q\u00eb kan\u00eb p\u00ebrfunduar nj\u00eb program studimi, kan\u00eb t\u00eb drejt\u00eb t\u00eb ndjekin nj\u00eb program t\u00eb dyt\u00eb studimi. N\u00eb k\u00ebt\u00eb rast, kandidat\u00ebt p\u00ebrballojn\u00eb koston e plot\u00eb t\u00eb studimeve. Nga ky rregull p\u00ebrjashtohen student\u00ebt e shk\u00eblqyer.<\/li><li>Kriteret p\u00ebr t\u2019u pranuar n\u00eb nj\u00eb program t\u00eb dyt\u00eb studimi p\u00ebrcaktohen n\u00eb rregulloren e Universitetit.<\/li><\/ol>\n<\/div>\n<div id=\"tab-pese\" class=\"course-tab-panel-instructor course-tab-panel\">\n<h3>Transferimet<\/h3>\n<ol><li>UGJ ofron mund\u00ebsi p\u00ebr transferime t\u00eb student\u00ebve midis programeve t\u00eb t\u00eb nj\u00ebjtit cik\u00ebl, brenda vet\u00eb institucionit apo institucioneve t\u00eb ndryshme t\u00eb arsimit t\u00eb lart\u00eb, si dhe p\u00ebr transferime nga programet e m\u00ebparshme n\u00eb programe t\u00eb studimeve t\u00eb ciklit t\u00eb par\u00eb.<\/li><li>Vendimi p\u00ebr njohjen e plot\u00eb ose t\u00eb pjesshme t\u00eb krediteve t\u00eb grumbulluara nga nj\u00eb student, me q\u00ebllim vazhdimin e studimeve, i takon Fakultetit q\u00eb pranon studentin, sipas kritereve t\u00eb p\u00ebrcaktuara n\u00eb rregulloren e tij.<\/li><\/ol>\n<\/div>\n<div id=\"tab-shtate\" class=\"course-tab-panel-instructor course-tab-panel\">\n<h3>Njohja dhe ekuivalentimi i diplomave dhe i periudhave t\u00eb studimeve<\/h3>\n<ol><li>UGJ mund t\u00eb b\u00ebj\u00eb ekuivalentim t\u00eb pjes\u00ebve ose programesh t\u00eb plota studimi ose diploma t\u00eb marra n\u00eb institucione t\u00eb tjera t\u00eb vendit ose t\u00eb huaja.<\/li><li> K\u00ebrkesat p\u00ebr ekuivalentim te pjeseve ose programesh te plota studimi ose diploma paraqiten prane Deges Mesimore te UGJ, qe shqyrton paraprakisht plotesine e dokumentacionit dhe i percjell ne departamentet perkatese. Pergjegjesi i Departamentit ngre komisionin respektiv i cili shqyrton dhe merr vendim per ekuivalentim.<\/li><li>Dokumentacioni i nevojshem qe duhet te paraqitet nga personat e interesuar per ekuivalentim te pjeseve ose programesh te plota studimi ose diploma te marra ne institucione te tjera te vendit ose te huaja eshte si me posht\u00eb:<ul><li>Diploma e Nivelit te Studimit per ata persona qe kerkojne ekuivalentim diplome<\/li><li> Pasqyra e notave dhe piket e krediteve te marra<\/li><li>Programet e lendeve.<\/li><\/ul><\/li><\/ol>\n<\/div>\n<div id=\"tab-tete\" class=\"course-tab-panel-instructor course-tab-panel\">\n<h3>Vler\u00ebsimi moral p\u00ebr student\u00ebt<\/h3>\n<ol><li>Student\u00ebt q\u00eb, n\u00eb p\u00ebrfundim t\u00eb studimeve t\u00eb plota, kan\u00eb t\u00eb gjitha notat dhjeta, fitojn\u00eb \u201cMedalje te Arte\u201d me \u00e7ertifikat\u00ebn p\u00ebrkat\u00ebse; ata q\u00eb kan\u00eb jo m\u00eb pak se 80% te notave dhjeta e pjes\u00ebn tjeter n\u00ebnta, fitojn\u00eb \u00c7ertifikat\u00ebn \u201cStudent i Shk\u00eblqyer\u201d.<\/li><li>Dor\u00ebzimi i diplomave b\u00ebhet me ceremoni n\u00eb \u00e7do fakultet; p\u00ebr studentet q\u00eb fitojn\u00eb \u201cMedalje te Arte\u201d ose \u00c7ertifikat\u00ebn \u201cStudent i Shkelqyer\u201d, ceremonia organizohet n\u00eb shkall\u00eb Universiteti dhe dor\u00ebzimi i diplomave b\u00ebhet personalisht nga Rektori, n\u00eb prani t\u00eb p\u00ebrfaqesuesve t\u00eb Senatit, te profesoratit, administrat\u00ebs e student\u00ebve.&nbsp;<\/li><\/ol>\n<\/div>\n<\/div>\n<\/div>\n<!-- .entry-content --><\/article>\n<!-- #post-20501 --><\/main><!-- #main --><\/div>\n\n\n\n<p><\/p>\n","protected":false},"excerpt":{"rendered":"<p>Rregullore e studimeve ne UGJ ORGANIZIMI I STUDIMEVE &nbsp; Neni 24 Neni 25 Neni 26 Neni 27 Neni 28 Neni [&hellip;]<\/p>\n","protected":false},"author":1,"featured_media":0,"parent":0,"menu_order":0,"comment_status":"closed","ping_status":"closed","template":"","meta":{"_monsterinsights_skip_tracking":false,"_monsterinsights_sitenote_active":false,"_monsterinsights_sitenote_note":"","_monsterinsights_sitenote_category":0,"footnotes":""},"class_list":["post-3509","page","type-page","status-publish","hentry"],"_links":{"self":[{"href":"http:\/\/uogj.edu.al\/old\/wp-json\/wp\/v2\/pages\/3509"}],"collection":[{"href":"http:\/\/uogj.edu.al\/old\/wp-json\/wp\/v2\/pages"}],"about":[{"href":"http:\/\/uogj.edu.al\/old\/wp-json\/wp\/v2\/types\/page"}],"author":[{"embeddable":true,"href":"http:\/\/uogj.edu.al\/old\/wp-json\/wp\/v2\/users\/1"}],"replies":[{"embeddable":true,"href":"http:\/\/uogj.edu.al\/old\/wp-json\/wp\/v2\/comments?post=3509"}],"version-history":[{"count":10,"href":"http:\/\/uogj.edu.al\/old\/wp-json\/wp\/v2\/pages\/3509\/revisions"}],"predecessor-version":[{"id":4981,"href":"http:\/\/uogj.edu.al\/old\/wp-json\/wp\/v2\/pages\/3509\/revisions\/4981"}],"wp:attachment":[{"href":"http:\/\/uogj.edu.al\/old\/wp-json\/wp\/v2\/media?parent=3509"}],"curies":[{"name":"wp","href":"https:\/\/api.w.org\/{rel}","templated":true}]}}