{"id":3619,"date":"2021-04-06T07:47:59","date_gmt":"2021-04-06T07:47:59","guid":{"rendered":"http:\/\/localhost:8080\/wordpress\/?page_id=3619"},"modified":"2023-02-01T07:57:44","modified_gmt":"2023-02-01T07:57:44","slug":"oraret-dhe-sezoni-i-provimeve-feshsh","status":"publish","type":"page","link":"http:\/\/uogj.edu.al\/old\/njesite-kryesore\/fakultetin-e-edukimit-dhe-shkencave-shoqerore\/oraret-dhe-sezoni-i-provimeve-feshsh\/","title":{"rendered":"Oraret dhe sezoni i provimeve &#8211; FESHSH"},"content":{"rendered":"\n<p>&nbsp;<\/p>\n\n\n\n<p>Fakulteti i Edukimit dhe Shkencave Shoqerore<\/p>\n\n\n\n<p><strong>Programi i studimit Histori-Gjeografi, Gjuh\u00eb-Let\u00ebrsi, Anglisht:<\/strong><\/p>\n\n\n\n<ul class=\"wp-block-list\"><li><a rel=\"noreferrer noopener\" href=\"https:\/\/uogj.edu.al\/upload\/oraret\/4.%e2%80%9cMaster%20i%20shkencave%e2%80%9d.pdf\" target=\"_blank\">Vjeshta Master i Shkencave n\u00eb Arkeologji 2021-2022<\/a> <\/li><\/ul>\n\n\n\n<ul class=\"wp-block-list\"><li><a href=\"https:\/\/uogj.edu.al\/upload\/oraret\/VJESHTE-%20Master%20Anglisht.pdf\" target=\"_blank\" rel=\"noreferrer noopener\">Vjeshta Anglisht Master <\/a><\/li><\/ul>\n\n\n\n<ul class=\"wp-block-list\"><li><a href=\"https:\/\/uogj.edu.al\/upload\/oraret\/VJESHTE-%20Bachelor%20Anglisht.pdf\" target=\"_blank\" rel=\"noreferrer noopener\">Vjeshta Anglish BA<\/a><\/li><\/ul>\n\n\n\n<ul class=\"wp-block-list\"><li><a href=\"https:\/\/uogj.edu.al\/upload\/oraret\/MASTER%20I-%20II%20gjuhe%20let%20VJESHTA.pdf\" target=\"_blank\" rel=\"noreferrer noopener\">Vjeshta Gjuhe-Letersi&nbsp; Master  <\/a><\/li><\/ul>\n\n\n\n<ul class=\"wp-block-list\"><li><a href=\"https:\/\/uogj.edu.al\/upload\/oraret\/Bachelor%20I-II%20%20Gjuhe%20Letersi%20Vjeshta.pdf\" target=\"_blank\" rel=\"noreferrer noopener\">Vjeshta Gjuhe Letersi Shqipe BA<\/a><\/li><\/ul>\n\n\n\n<ul class=\"wp-block-list\"><li><a href=\"http:\/\/uogj.edu.al\/wp-content\/uploads\/Test\/upload\/oraret\/orari-mesimeve_master_sem_II%202020-2021.pdf\" target=\"_blank\" rel=\"noopener\">Orari Gjuhe-Letersi&nbsp; Qyteterim Grek Master Profesional<\/a><\/li><\/ul>\n\n\n\n<ul class=\"wp-block-list\"><li><a href=\"http:\/\/uogj.edu.al\/wp-content\/uploads\/Test\/upload\/oraret\/GREQISHT%20Bachelor%20SEZ%20II.pdf\" target=\"_blank\" rel=\"noopener\">Orari Gjuhe Letersi Qyteterim Grek BA<\/a><\/li><\/ul>\n\n\n\n<ul class=\"wp-block-list\"><li><a href=\"https:\/\/uogj.edu.al\/upload\/oraret\/3.%e2%80%9cMaster%e2%80%9d%20n%c3%ab%20m%c3%absuesi%20p%c3%abr%20Histori-Gjeografi.pdf\" target=\"_blank\" rel=\"noreferrer noopener\">Vjeshta Histori Gjeografi&nbsp; Master<\/a><\/li><\/ul>\n\n\n\n<ul class=\"wp-block-list\"><li><a href=\"https:\/\/uogj.edu.al\/upload\/oraret\/1.%e2%80%9cBachelor%e2%80%9d%20n%c3%ab%20Histori-Gjeografi.pdf\" target=\"_blank\" rel=\"noreferrer noopener\">Vjeshta Histori Gjeografi&nbsp; BA<\/a><\/li><\/ul>\n\n\n\n<ul class=\"wp-block-list\"><li><a href=\"https:\/\/uogj.edu.al\/upload\/oraret\/2020-2021%20data%20provimi%20-VJESHTE-%20Master%20Italisht.pdf\" target=\"_blank\" rel=\"noreferrer noopener\">Vjeshta Italisht Master <\/a><\/li><\/ul>\n\n\n\n<ul class=\"wp-block-list\"><li><a href=\"https:\/\/uogj.edu.al\/upload\/oraret\/2.%e2%80%9cBachelor%e2%80%9d%20n%c3%ab%20Histori%20dhe%20Gjuh%c3%ab%20italiane.pdf\" target=\"_blank\" rel=\"noreferrer noopener\">Vjeshta Histori-Gjuh\u00eb Italiane BA<\/a><\/li><\/ul>\n\n\n\n<ul class=\"wp-block-list\"><li><a rel=\"noreferrer noopener\" href=\"https:\/\/uogj.edu.al\/upload\/oraret\/Vjeshta%2021%20%e2%80%9cBachelor%e2%80%9d%20arsimin%20parashkollor.pdf\" target=\"_blank\">Vjeshta Mesuesi Arsimi Fillor dhe <\/a><a href=\"https:\/\/uogj.edu.al\/upload\/oraret\/Vjeshta%2022%20Bachelor%20Parashkollor.pdf\" target=\"_blank\" rel=\"noreferrer noopener\">Parashkollor BA<\/a><\/li><\/ul>\n\n\n\n<ul class=\"wp-block-list\"><li><a href=\"http:\/\/uogj.edu.al\/wp-content\/uploads\/Test\/upload\/oraret\/orari%20i%20mesimit%20MP%20AF%20dhe%20MN%2020-21%20Sez2.pdf\">Master Profesional:br \/&gt; \u201cM\u00ebsues i arsimit fillor klasa I-V\u201d dhe <\/a><a href=\"https:\/\/uogj.edu.al\/upload\/oraret\/Vjeshte%2022%20Master%20mesuesi%20Ndihmes.pdf\">Master Profesional: \u201cM\u00ebsuesi ndihm\u00ebs n\u00eb edukimin gjith\u00ebperfshir\u00ebs\u201d<\/a><\/li><\/ul>\n\n\n\n<ul class=\"wp-block-list\"><li><a href=\"https:\/\/uogj.edu.al\/upload\/oraret\/5.%e2%80%9cUdh%c3%abrr%c3%abfyes%20turistik%e2%80%9d.pdf\" target=\"_blank\" rel=\"noreferrer noopener\">Vjeshta Prog. Profesional 2-vjecar Udherefyesi Turistik<\/a><\/li><\/ul>\n\n\n\n<ul class=\"wp-block-list\"><li><a href=\"https:\/\/uogj.edu.al\/upload\/oraret\/Vjeshta%2022%E2%80%9CEZHFH%20%200-3%20vje%C3%A7%E2%80%9D.pdf\" target=\"_blank\" rel=\"noreferrer noopener\">Vjeshta Prog. Profesional 2-vjecar Edukatore 0-3 vje\u00e7<\/a><\/li><\/ul>\n\n\n\n<ul class=\"wp-block-list\"><li><a href=\"https:\/\/uogj.edu.al\/upload\/oraret\/Librari%20I%20Vjeshta.pdf\" target=\"_blank\" rel=\"noreferrer noopener\">Vjeshta Prog. Profesional 2-vjecar Librar dhe Bibliotekar<\/a><\/li><\/ul>\n\n\n\n<p><strong>Provimet p\u00ebr sezonin e dimrit dhe veres  FAKULTETI I EDUKIMIT DHE SHKENCAVE SHOQ\u00cbRORE:&nbsp;&nbsp;<\/strong>&nbsp;&nbsp;&nbsp;&nbsp;&nbsp;&nbsp;&nbsp;<\/p>\n\n\n\n<ul class=\"wp-block-list\"><li><a href=\"https:\/\/uogj.edu.al\/upload\/oraret\/%E2%80%9CBachelor%E2%80%9D%202%20vjecar%20feshsh%2022-23.pdf\" target=\"_blank\" rel=\"noreferrer noopener\">&nbsp;Programet e Studimit sezoni dimrit 2022-2023 \u201cBachelor\u201d &nbsp;dhe 2 vjecar FESHSH<\/a><ul><li><\/li><\/ul><\/li><li>&nbsp;<a href=\"https:\/\/uogj.edu.al\/upload\/oraret\/qershor%202022%20Bachelor%202%20vjecar%20Feshsh.pdf\">Programet e Studimit sezoni veres \u201cBachelor\u201d &nbsp;dhe 2 vjecar FESHSH<\/a><\/li><\/ul>\n\n\n\n<p><strong>Provimet p\u00ebr sezonin e dimrit&nbsp;2022-2023 dhe te veres 2021-2022<\/strong><\/p>\n\n\n\n<ul class=\"wp-block-list\"><li><a rel=\"noreferrer noopener\" href=\"https:\/\/uogj.edu.al\/upload\/oraret\/DIMER%202022-2023%20Mastera%20FESHSH.pdf\" target=\"_blank\">Programet e Studimit Master sezon i dimrit<\/a><ul><li><\/li><\/ul><\/li><li><a href=\"https:\/\/uogj.edu.al\/upload\/oraret\/masterat%20FESHSH.pdf\">Programet e Studimit Master sezoni i veres<\/a><\/li><\/ul>\n","protected":false},"excerpt":{"rendered":"<p>&nbsp; Fakulteti i Edukimit dhe Shkencave Shoqerore Programi i studimit Histori-Gjeografi, Gjuh\u00eb-Let\u00ebrsi, Anglisht: Vjeshta Master i Shkencave n\u00eb Arkeologji 2021-2022 [&hellip;]<\/p>\n","protected":false},"author":1,"featured_media":0,"parent":1684,"menu_order":0,"comment_status":"closed","ping_status":"closed","template":"","meta":{"_monsterinsights_skip_tracking":false,"_monsterinsights_sitenote_active":false,"_monsterinsights_sitenote_note":"","_monsterinsights_sitenote_category":0,"footnotes":""},"class_list":["post-3619","page","type-page","status-publish","hentry"],"_links":{"self":[{"href":"http:\/\/uogj.edu.al\/old\/wp-json\/wp\/v2\/pages\/3619"}],"collection":[{"href":"http:\/\/uogj.edu.al\/old\/wp-json\/wp\/v2\/pages"}],"about":[{"href":"http:\/\/uogj.edu.al\/old\/wp-json\/wp\/v2\/types\/page"}],"author":[{"embeddable":true,"href":"http:\/\/uogj.edu.al\/old\/wp-json\/wp\/v2\/users\/1"}],"replies":[{"embeddable":true,"href":"http:\/\/uogj.edu.al\/old\/wp-json\/wp\/v2\/comments?post=3619"}],"version-history":[{"count":18,"href":"http:\/\/uogj.edu.al\/old\/wp-json\/wp\/v2\/pages\/3619\/revisions"}],"predecessor-version":[{"id":6094,"href":"http:\/\/uogj.edu.al\/old\/wp-json\/wp\/v2\/pages\/3619\/revisions\/6094"}],"up":[{"embeddable":true,"href":"http:\/\/uogj.edu.al\/old\/wp-json\/wp\/v2\/pages\/1684"}],"wp:attachment":[{"href":"http:\/\/uogj.edu.al\/old\/wp-json\/wp\/v2\/media?parent=3619"}],"curies":[{"name":"wp","href":"https:\/\/api.w.org\/{rel}","templated":true}]}}