{"id":3625,"date":"2021-04-06T07:56:11","date_gmt":"2021-04-06T07:56:11","guid":{"rendered":"http:\/\/localhost:8080\/wordpress\/?page_id=3625"},"modified":"2023-01-23T10:28:41","modified_gmt":"2023-01-23T10:28:41","slug":"oraret-dhe-sezoni-i-provimeve-fshn","status":"publish","type":"page","link":"http:\/\/uogj.edu.al\/old\/njesite-kryesore\/fakulteti-i-shkencave-te-natyres\/oraret-dhe-sezoni-i-provimeve-fshn\/","title":{"rendered":"Oraret dhe sezoni i provimeve \u2013 FSHN"},"content":{"rendered":"\n<p>Fakulteti i Shkencave te Natyres<\/p>\n\n\n\n<ul class=\"wp-block-list\"><li><a href=\"http:\/\/uogj.edu.al\/wp-content\/uploads\/Test\/upload\/oraret\/Orari%20Matematike%20Informatike%20sez%20II.pdf\" target=\"_blank\" rel=\"noopener\">Orari Matematike Informatike<\/a><\/li><\/ul>\n\n\n\n<ul class=\"wp-block-list\"><li><a href=\"http:\/\/uogj.edu.al\/wp-content\/uploads\/Test\/upload\/oraret\/Orari%20Teknologji%20Informacioni%20sez%20II.pdf\" target=\"_blank\" rel=\"noopener\">Orari Teknologji Informacioni<\/a><\/li><\/ul>\n\n\n\n<ul class=\"wp-block-list\"><li><a href=\"http:\/\/uogj.edu.al\/wp-content\/uploads\/Test\/upload\/oraret\/ORARI%20INF%20MAMI%20VITI%20SIM%20II.pdf\" target=\"_blank\" rel=\"noopener\" data-type=\"URL\" data-id=\"http:\/\/uogj.edu.al\/wp-content\/uploads\/Test\/upload\/oraret\/ORARI%20INF%20MAMI%20VITI%20SIM%20II.pdf\">Orari Infermieri Mami<\/a><\/li><\/ul>\n\n\n\n<ul class=\"wp-block-list\"><li><a href=\"http:\/\/uogj.edu.al\/wp-content\/uploads\/Test\/upload\/oraret\/Orari%20Infermieri%20e%20pergj%20sim%20II.pdf\" target=\"_blank\" rel=\"noopener\" data-type=\"URL\" data-id=\"http:\/\/uogj.edu.al\/wp-content\/uploads\/Test\/upload\/oraret\/Orari%20Infermieri%20e%20pergj%20sim%20II.pdf\">Orari Infermieri e Pergjithshme<\/a><\/li><\/ul>\n\n\n\n<ul class=\"wp-block-list\"><li><a href=\"http:\/\/uogj.edu.al\/wp-content\/uploads\/Test\/upload\/oraret\/orari%20i%20master%20Infermieri.pdf\" target=\"_blank\" rel=\"noopener\">Orari Master Profesional ne Shkencat Infermierore<\/a><\/li><\/ul>\n\n\n\n<ul class=\"wp-block-list\"><li><a href=\"http:\/\/uogj.edu.al\/wp-content\/uploads\/Test\/upload\/oraret\/Orari%20Master%20MI%20Viti%20II.pdf\" target=\"_blank\" rel=\"noopener\">Orari Master ne Matematike Informatike<\/a><\/li><\/ul>\n\n\n\n<ul class=\"wp-block-list\"><li><a href=\"http:\/\/uogj.edu.al\/wp-content\/uploads\/Test\/upload\/oraret\/Orari%20Master%20MF%20Viti%20II.pdf\" target=\"_blank\" rel=\"noopener\">Orari Master ne Matematike Fizike<\/a><\/li><\/ul>\n\n\n\n<ul class=\"wp-block-list\"><li><a href=\"http:\/\/uogj.edu.al\/wp-content\/uploads\/Test\/upload\/oraret\/Orari%20Ba%20Biologji%20Kimi%20vitit%202021%20SIM%20II.pdf\" target=\"_blank\" rel=\"noopener\">Orari Bachelor ne Bilogji Kimi<\/a><\/li><\/ul>\n\n\n\n<ul class=\"wp-block-list\"><li><a href=\"http:\/\/uogj.edu.al\/wp-content\/uploads\/Test\/upload\/oraret\/ORAR%20PROG%20MASTER%20NE%20BIOLOGJI%20Kimi.pdf\" target=\"_blank\" rel=\"noopener\">Orari Master ne Bilogji Kimi<\/a><\/li><\/ul>\n\n\n\n<p><strong>Provimet p\u00ebr sezonin e dimrit  2022-2023 Fakulteti i Shkencave T\u00eb Natyr\u00ebs:<\/strong><\/p>\n\n\n\n<ul class=\"wp-block-list\"><li><a href=\"https:\/\/uogj.edu.al\/upload\/oraret\/Dimer%20Fshn%202022-2023.pdf\" target=\"_blank\" rel=\"noreferrer noopener\">Programet e Studimit Bachelor  dhe Master \u2013 FSHN<\/a><\/li><\/ul>\n\n\n\n<p><strong>Provimet p\u00ebr sezonin e dimrit dhe te veres 2021-2022 Fakulteti i Shkencave T\u00eb Natyr\u00ebs:<\/strong><\/p>\n\n\n\n<ul class=\"wp-block-list\"><li><a rel=\"noopener\" href=\"http:\/\/uogj.edu.al\/wp-content\/uploads\/Test\/upload\/oraret\/DATAT%20MARS%20BACHELOR%20FSHN.pdf\" target=\"_blank\">Programet e Studimit Bachelor sezoni dimrit &#8211; FSHN<\/a><ul><li><\/li><\/ul><\/li><li><a href=\"http:\/\/uogj.edu.al\/upload\/oraret\/qershor%202022%20BACHELOR%20FSHN.pdf\">Programet e Studimit Bachelor sezoni veres \u2013 FSHN<\/a><\/li><\/ul>\n\n\n\n<p>Sezoni i provimeve te vjeshtes 2021-2022 Fakulteti i Shkencave te Natyres<\/p>\n\n\n\n<ul class=\"wp-block-list\"><li>&nbsp;<a href=\"https:\/\/uogj.edu.al\/upload\/oraret\/VJESHTE%20%2021-22%20Matematike%20Informatike.pdf\" target=\"_blank\" rel=\"noreferrer noopener\">Vjeshta Matematike Informatike<\/a><\/li><li><a href=\"https:\/\/uogj.edu.al\/upload\/oraret\/VJESHTE%20%2021-22%20Teknologji%20Informacioni.pdf\" target=\"_blank\" rel=\"noreferrer noopener\">&nbsp;Vjeshta Teknologji Informacioni<\/a><\/li><li><a href=\"https:\/\/uogj.edu.al\/upload\/oraret\/VJESHTE%20%2021-22%20Bachelor%20ne%20Bilogji%20Kimi.pdf\" target=\"_blank\" rel=\"noreferrer noopener\">&nbsp;Vjeshta Bachelor ne Bilogji Kimi<\/a><\/li><li><a href=\"https:\/\/uogj.edu.al\/upload\/oraret\/VJESHTE%20%2021-22-MAMI.pdf\">&nbsp;Vjeshta Infermieri Mami<\/a><\/li><li>&nbsp;<a href=\"https:\/\/uogj.edu.al\/upload\/oraret\/VJESHTE%2021-22%20Infermieri%20e%20pergjithshme.pdf\">Vjeshta &nbsp;Infermieri e Pergjithshme<\/a><\/li><li><a href=\"https:\/\/uogj.edu.al\/upload\/oraret\/VJESHTE%20%2021-22%20master%20shkenca%20infermierore.pdf\">&nbsp;Vjeshta &nbsp;Master Profesional ne Shkencat Infermierore<\/a><\/li><li>&nbsp;<a href=\"https:\/\/uogj.edu.al\/upload\/oraret\/VJESHTE%20%2021-22%20Master%20ne%20Matematike%20Informatike.pdf\" target=\"_blank\" rel=\"noreferrer noopener\">Vjeshta Master ne Matematike Informatike<\/a><\/li><li>&nbsp;<a href=\"https:\/\/uogj.edu.al\/upload\/oraret\/VJESHTE%20%2021-22%20Master%20ne%20Matematike%20Fizike.pdf\" target=\"_blank\" rel=\"noreferrer noopener\">Vjeshta Master ne Matematike Fizike<\/a><\/li><li>&nbsp;<a href=\"https:\/\/uogj.edu.al\/upload\/oraret\/VJESHTE%20%2021-22%20Master%20ne%20Bilogji%20Kimi.pdf\" target=\"_blank\" rel=\"noreferrer noopener\">Vjeshta Master ne Bilogji Kimi<\/a><\/li><\/ul>\n","protected":false},"excerpt":{"rendered":"<p>Fakulteti i Shkencave te Natyres Orari Matematike Informatike Orari Teknologji Informacioni Orari Infermieri Mami Orari Infermieri e Pergjithshme Orari Master [&hellip;]<\/p>\n","protected":false},"author":1,"featured_media":0,"parent":1726,"menu_order":0,"comment_status":"closed","ping_status":"closed","template":"","meta":{"_monsterinsights_skip_tracking":false,"_monsterinsights_sitenote_active":false,"_monsterinsights_sitenote_note":"","_monsterinsights_sitenote_category":0,"footnotes":""},"class_list":["post-3625","page","type-page","status-publish","hentry"],"_links":{"self":[{"href":"http:\/\/uogj.edu.al\/old\/wp-json\/wp\/v2\/pages\/3625"}],"collection":[{"href":"http:\/\/uogj.edu.al\/old\/wp-json\/wp\/v2\/pages"}],"about":[{"href":"http:\/\/uogj.edu.al\/old\/wp-json\/wp\/v2\/types\/page"}],"author":[{"embeddable":true,"href":"http:\/\/uogj.edu.al\/old\/wp-json\/wp\/v2\/users\/1"}],"replies":[{"embeddable":true,"href":"http:\/\/uogj.edu.al\/old\/wp-json\/wp\/v2\/comments?post=3625"}],"version-history":[{"count":14,"href":"http:\/\/uogj.edu.al\/old\/wp-json\/wp\/v2\/pages\/3625\/revisions"}],"predecessor-version":[{"id":6067,"href":"http:\/\/uogj.edu.al\/old\/wp-json\/wp\/v2\/pages\/3625\/revisions\/6067"}],"up":[{"embeddable":true,"href":"http:\/\/uogj.edu.al\/old\/wp-json\/wp\/v2\/pages\/1726"}],"wp:attachment":[{"href":"http:\/\/uogj.edu.al\/old\/wp-json\/wp\/v2\/media?parent=3625"}],"curies":[{"name":"wp","href":"https:\/\/api.w.org\/{rel}","templated":true}]}}