{"id":3634,"date":"2021-04-06T08:29:11","date_gmt":"2021-04-06T08:29:11","guid":{"rendered":"http:\/\/localhost:8080\/wordpress\/?page_id=3634"},"modified":"2023-03-06T11:10:10","modified_gmt":"2023-03-06T11:10:10","slug":"keshilli-studentor","status":"publish","type":"page","link":"http:\/\/uogj.edu.al\/old\/keshilli-studentor\/","title":{"rendered":"K\u00ebshilli Studentor"},"content":{"rendered":"\n<br>\n\n\n\n<p class=\"has-text-align-center\"><a href=\"https:\/\/uogj.edu.al\/upload\/Evidenacat%20shqip%202021\/Studentet%20dhe%20Mbeshtetja%20e%20tyre\/E5.12%20Rregullore%20e%20organizimit%20te%20zgjedhjeve%20per%20Keshillin%20Studentor.pdf\" target=\"_blank\" rel=\"noreferrer noopener\">Rregullore e organizimit te zgjedhjeve per Keshillin Studentor<\/a><\/p>\n\n\n\n<p>P\u00ebrfaqesues i k\u00ebshillit studentor:<\/p>\n\n\n\n<div class=\"wp-block-columns is-layout-flex wp-container-core-columns-is-layout-1 wp-block-columns-is-layout-flex\">\n<div class=\"wp-block-column is-layout-flow wp-block-column-is-layout-flow\">\n<p>&nbsp;Anxhela Late<\/p>\n<\/div>\n\n\n\n<div class=\"wp-block-column is-layout-flow wp-block-column-is-layout-flow\">\n<p><strong>e-mail:<\/strong> &nbsp;<a href=\"mailto:anxhelalate51@gmail.com\">anxhelalate51@gmail.com<\/a><\/p>\n<\/div>\n<\/div>\n\n\n\n<div class=\"wp-block-columns is-layout-flex wp-container-core-columns-is-layout-2 wp-block-columns-is-layout-flex\">\n<div class=\"wp-block-column is-layout-flow wp-block-column-is-layout-flow\">\n<div class=\"wp-block-media-text alignwide is-stacked-on-mobile\"><figure class=\"wp-block-media-text__media\"><a href=\"http:\/\/uogj.edu.al\/wp-content\/uploads\/2021\/04\/keshilli-studentor.png\" target=\"_blank\" rel=\"noopener\"><img loading=\"lazy\" decoding=\"async\" width=\"628\" height=\"472\" src=\"http:\/\/uogj.edu.al\/wp-content\/uploads\/2021\/04\/keshilli-studentor.png\" alt=\"\" class=\"wp-image-3635 size-full\"\/><\/a><\/figure><div class=\"wp-block-media-text__content\">\n<ul class=\"wp-block-list\"><li><a target=\"_blank\" href=\"http:\/\/www.uogj.edu.al\/wp-content\/uploads\/Test\/upload\/publikimi%20te%20dhenave%20te%20detajuara%20mbi%20te%20ardhurat%20dhe%20shpenzimet%20financiare%202019.pdf\" rel=\"noopener\">Formati I publikimit te te &nbsp;dhenave te detajuara mbi te ardhurat dhe shpenzimet financiare te institucioneve publike te Arsimit te Larte per vitin 2019<\/a><\/li><\/ul>\n\n\n\n<ul class=\"wp-block-list\"><li>&nbsp;Dt. 30\/01\/2019 ne ambientet e UGj u organizua: forumi I hapur&nbsp;<a target=\"_blank\" href=\"http:\/\/www.uogj.edu.al\/wp-content\/uploads\/Test\/upload\/Angazhimi%20I%20studenteve%20ne%20procesin%20e%20Integrimit%20Evropian%20te%20Shqiperise.pdf\" rel=\"noopener\"><strong>\u201cAngazhimi i studenteve ne procesin e Integrimit Evropian te Shqiperise\u201d<\/strong><\/a><\/li><\/ul>\n<\/div><\/div>\n<\/div>\n<\/div>\n\n\n\n<p><strong>Q\u00ebndra e Sh\u00ebrbimit Studentor <\/strong>ofron n\u00eb ambientet e saj akses interneti, e-maili, cd, katalog\u00eb dhe udh\u00ebzues p\u00ebr orientimin e student\u00ebve t\u00eb universitetit \u201cEqrem \u00c7abej\u201d.&nbsp;<\/p>\n","protected":false},"excerpt":{"rendered":"<p>Rregullore e organizimit te zgjedhjeve per Keshillin Studentor P\u00ebrfaqesues i k\u00ebshillit studentor: &nbsp;Anxhela Late e-mail: &nbsp;anxhelalate51@gmail.com Formati I publikimit te [&hellip;]<\/p>\n","protected":false},"author":1,"featured_media":0,"parent":0,"menu_order":0,"comment_status":"closed","ping_status":"closed","template":"","meta":{"_monsterinsights_skip_tracking":false,"_monsterinsights_sitenote_active":false,"_monsterinsights_sitenote_note":"","_monsterinsights_sitenote_category":0,"footnotes":""},"class_list":["post-3634","page","type-page","status-publish","hentry"],"_links":{"self":[{"href":"http:\/\/uogj.edu.al\/old\/wp-json\/wp\/v2\/pages\/3634"}],"collection":[{"href":"http:\/\/uogj.edu.al\/old\/wp-json\/wp\/v2\/pages"}],"about":[{"href":"http:\/\/uogj.edu.al\/old\/wp-json\/wp\/v2\/types\/page"}],"author":[{"embeddable":true,"href":"http:\/\/uogj.edu.al\/old\/wp-json\/wp\/v2\/users\/1"}],"replies":[{"embeddable":true,"href":"http:\/\/uogj.edu.al\/old\/wp-json\/wp\/v2\/comments?post=3634"}],"version-history":[{"count":11,"href":"http:\/\/uogj.edu.al\/old\/wp-json\/wp\/v2\/pages\/3634\/revisions"}],"predecessor-version":[{"id":6145,"href":"http:\/\/uogj.edu.al\/old\/wp-json\/wp\/v2\/pages\/3634\/revisions\/6145"}],"wp:attachment":[{"href":"http:\/\/uogj.edu.al\/old\/wp-json\/wp\/v2\/media?parent=3634"}],"curies":[{"name":"wp","href":"https:\/\/api.w.org\/{rel}","templated":true}]}}