{"id":3674,"date":"2021-04-06T09:17:02","date_gmt":"2021-04-06T09:17:02","guid":{"rendered":"http:\/\/localhost:8080\/wordpress\/?page_id=3674"},"modified":"2024-01-30T08:37:01","modified_gmt":"2024-01-30T08:37:01","slug":"kriteret-dhe-kuotat-e-pranimit","status":"publish","type":"page","link":"http:\/\/uogj.edu.al\/old\/kriteret-dhe-kuotat-e-pranimit\/","title":{"rendered":"Kriteret dhe Kuotat e Pranimit"},"content":{"rendered":"\n<br>\n\n\n\n<ul class=\"wp-block-list\">\n<li>\u00a0\u00a0Kriteret e pranimit per vitin akademik 2024-2025\u00a0:<\/li>\n<\/ul>\n\n\n\n<p><\/p>\n\n\n\n<p class=\"has-text-align-center\"><strong><a href=\"http:\/\/uogj.edu.al\/upload\/Plan%20kuota%20dhe%20kritere\/Kriteret%20bachelor%202024-2025.pdf\" target=\"_blank\" rel=\"noreferrer noopener\">KRITERET E PRANIMIT N\u00cb CIKLIN E PAR\u00cb &nbsp;BACHELOR T\u00cb STUDIMEVE<\/a><\/strong><\/p>\n\n\n\n<br>\n\n\n\n<p class=\"has-text-align-center\"><strong><a href=\"http:\/\/uogj.edu.al\/upload\/Plan%20kuota%20dhe%20kritere\/kriteret%20prog%20profesional%202024-2025.pdf\" target=\"_blank\" rel=\"noreferrer noopener\">KRITERET E PRANIMIT N\u00cb PROGRAMET ME KARAKTER PROFESIONAL<\/a>&nbsp;<\/strong><\/p>\n\n\n\n<br>\n\n\n\n<p class=\"has-text-align-center\"><strong><a href=\"http:\/\/uogj.edu.al\/upload\/Plan%20kuota%20dhe%20kritere\/Kriteret%20%20cikli%20i%20dyte%202024-2025.pdf\" target=\"_blank\" rel=\"noreferrer noopener\">KRITERET E PRANIMIT N\u00cb CIKLIN E DYT\u00cb T\u00cb STUDIMEVE<\/a><\/strong><\/p>\n\n\n\n<iframe loading=\"lazy\" src=\"http:\/\/uogj.edu.al\/upload\/Plan%20kuota%20dhe%20kritere\/Kriteret%20bachelor%202024-2025.pdf\" width=\"90%\" height=\"400\"><\/iframe>\n\n\n\n<ul class=\"wp-block-list\">\n<li><a href=\"http:\/\/uogj.edu.al\/upload\/Plan%20kuota%20dhe%20kritere\/Kriteret%20e%20panimit%202023-2024.pdf\" target=\"_blank\" rel=\"noreferrer noopener\">Kriteret e pranimit ,nota mesatare, pesha specifike sipas lendeve 2023-2024&nbsp;<\/a><\/li>\n<\/ul>\n\n\n\n<br>\n\n\n\n<ul class=\"wp-block-list\">\n<li>&nbsp;<a href=\"http:\/\/uogj.edu.al\/upload\/Plan%20kuota%20dhe%20kritere\/Kuotat%20e%20pranimit%20p%C3%ABr%20t%C3%AB%20gjitha%20Ciklet%202023-2024.pdf\" target=\"_blank\" rel=\"noreferrer noopener\">Kuotat e pranimit p\u00ebr t\u00eb gjitha Ciklet e studimit p\u00ebr&nbsp; vitin akademik 2023 \u2013 2024<\/a><\/li>\n<\/ul>\n\n\n\n<iframe loading=\"lazy\" target=\"_blank\" src=\"http:\/\/uogj.edu.al\/upload\/Plan%20kuota%20dhe%20kritere\/Kuotat%20e%20pranimit%20p%C3%ABr%20t%C3%AB%20gjitha%20Ciklet%202023-2024.pdf\" width=\"90%\" height=\"400\"><\/iframe>\n","protected":false},"excerpt":{"rendered":"<p>KRITERET E PRANIMIT N\u00cb CIKLIN E PAR\u00cb &nbsp;BACHELOR T\u00cb STUDIMEVE KRITERET E PRANIMIT N\u00cb PROGRAMET ME KARAKTER PROFESIONAL&nbsp; KRITERET E [&hellip;]<\/p>\n","protected":false},"author":1,"featured_media":0,"parent":0,"menu_order":0,"comment_status":"closed","ping_status":"closed","template":"","meta":{"_monsterinsights_skip_tracking":false,"_monsterinsights_sitenote_active":false,"_monsterinsights_sitenote_note":"","_monsterinsights_sitenote_category":0,"footnotes":""},"class_list":["post-3674","page","type-page","status-publish","hentry"],"_links":{"self":[{"href":"http:\/\/uogj.edu.al\/old\/wp-json\/wp\/v2\/pages\/3674"}],"collection":[{"href":"http:\/\/uogj.edu.al\/old\/wp-json\/wp\/v2\/pages"}],"about":[{"href":"http:\/\/uogj.edu.al\/old\/wp-json\/wp\/v2\/types\/page"}],"author":[{"embeddable":true,"href":"http:\/\/uogj.edu.al\/old\/wp-json\/wp\/v2\/users\/1"}],"replies":[{"embeddable":true,"href":"http:\/\/uogj.edu.al\/old\/wp-json\/wp\/v2\/comments?post=3674"}],"version-history":[{"count":13,"href":"http:\/\/uogj.edu.al\/old\/wp-json\/wp\/v2\/pages\/3674\/revisions"}],"predecessor-version":[{"id":6512,"href":"http:\/\/uogj.edu.al\/old\/wp-json\/wp\/v2\/pages\/3674\/revisions\/6512"}],"wp:attachment":[{"href":"http:\/\/uogj.edu.al\/old\/wp-json\/wp\/v2\/media?parent=3674"}],"curies":[{"name":"wp","href":"https:\/\/api.w.org\/{rel}","templated":true}]}}