{"id":3709,"date":"2021-04-06T11:04:36","date_gmt":"2021-04-06T11:04:36","guid":{"rendered":"http:\/\/localhost:8080\/wordpress\/?page_id=3709"},"modified":"2022-09-09T18:44:08","modified_gmt":"2022-09-09T18:44:08","slug":"lidhje-nderkombetare","status":"publish","type":"page","link":"http:\/\/uogj.edu.al\/old\/lidhje-nderkombetare\/","title":{"rendered":"Lidhje Nd\u00ebrkombetare"},"content":{"rendered":"\n<br>\n\n\n\n<ul class=\"wp-block-list\"><li>Universiteti i Gjirokastr\u00ebs \u00ebsht\u00eb gjithmon\u00eb aktiv n\u00eb politik\u00ebn e tij t\u00eb jashtme, duke bashk\u00ebpunuar ngusht\u00eb me t\u00eb gjitha Universitetet shqiptare, por edhe me Universitete t\u00eb tjera t\u00eb huaja duke n\u00ebnshkruar Marr\u00ebveshje bashk\u00ebpunimi dypal\u00ebshe me to, por gjithashtu edhe bashk\u00ebpunime n\u00eb kuad\u00ebr t\u00eb projekteve t\u00eb ndryshme t\u00eb fituara nga Universiteti jon\u00eb n\u00eb bashk\u00ebpunim me partner\u00eb t\u00eb huaj.<\/li><li>K\u00ebshtu, m\u00eb 24 Qeshor 1994 u n\u00ebnshkrua Protokolli i Bashk\u00ebpunimit me Universitetin e Janin\u00ebs(Greqi).<\/li><li>N\u00eb kuad\u00ebr t\u00eb programit TEMPUS, Universiteti i Gjirokastr\u00ebs \u00ebsht\u00eb p\u00ebrfshir\u00eb n\u00eb projektin JEP 09363-95 (Tetor 1995 \u2013 Dhjetor 1998) me koordinator Universitetin e Janin\u00ebs, projekt q\u00eb synonte ristrukturimin e Departamentit t\u00eb Matematik\u00ebs.<\/li><li>Gjat\u00eb vitit akademik 1998 \u2013 1999 pran\u00eb Universitetit t\u00eb Gjirokastr\u00ebs u \u00e7el dega e Infermjeris\u00eb p\u00ebr t\u00eb cil\u00ebn do t\u00eb kemi dhe asistenc\u00ebn e stafit akademik shkencor nga pala greke.<\/li><li>Gjithashtu pas rinovimit t\u00eb Marr\u00ebveshjes n\u00eb 29 Janar 2002 Universiteti i Gjirokastr\u00ebs u p\u00ebrfshi n\u00eb programin Interreg II ku n\u00eb partneritet me Universitetin e Janin\u00ebs bashk\u00ebpunimi u thellua me botime t\u00eb p\u00ebrbashk\u00ebta mes pedagog\u00ebve t\u00eb Universitetit t\u00eb Janin\u00ebs dhe homolog\u00ebve t\u00eb tyre n\u00eb Universitetin ton\u00eb.<\/li><li>N\u00eb 14 dhjetor 1995 u n\u00ebnshkrua Protokolli i Bashk\u00ebpunimit me Universitetin e Le\u00e7es (Itali).&nbsp;&nbsp;<\/li><li>N\u00eb 08 Prill 1996 u n\u00ebnshkrua Marr\u00ebveshja e Bashk\u00ebpunimit me Universitetin e Athin\u00ebs (Greqi).<\/li><li>M\u00eb pas n\u00eb 02 dhjetor 2000 u n\u00ebnshkrua Marr\u00ebveshja e Bashk\u00ebpunimit me St. Mary\u2019s College of Ave Maria University (USA).&nbsp;&nbsp;<\/li><li>25 Janar 2001 u n\u00ebnshkrua Marr\u00ebveshja e Bashk\u00ebpunimit me Universitetin e Ionit (Greqi).<\/li><li>27 Janar 2002 n\u00ebnshkruhet Protokolli i Bashk\u00ebpunimit mes Universitetit t\u00eb Tetov\u00ebs (Maqedoni) dhe Universitetit ton\u00eb.&nbsp;&nbsp;<\/li><li>11 Prill 2006 u n\u00ebnshkrua Marr\u00ebveshja e Bashk\u00ebpunimit me Universitetin e Poznan (Poloni).&nbsp;&nbsp;<\/li><li>11 Dhjetor 2006 u n\u00ebnshkrua Marr\u00ebveshja e Bashk\u00ebpunimit me Universitetin e Ma\u00e7erat\u00ebs (Itali).&nbsp;&nbsp;<\/li><li>12 Qershor 2007 u n\u00ebnshkrua Marr\u00ebveshja e Bashk\u00ebpunimit me Universitetin e Oradeas (Rumani).&nbsp;&nbsp;<\/li><li>18 Tetor 2007 u n\u00ebnshkrua Marr\u00ebveshja e Bashk\u00ebpunimit me Universitetin e Qipros.&nbsp;<\/li><li>Gjithashtu Universiteti jon\u00eb \u00ebsht\u00eb n\u00eb prag t\u00eb n\u00ebnshkrimit t\u00eb Protokolleve t\u00eb Bashk\u00ebpunimit me Universitetin e Eastern Michigan (Sh.B.A) dhe Universitetin e Montenegros (Mali i Zi).<\/li><li>Universiteti i Gjirokastr\u00ebs \u00ebsht\u00eb p\u00ebrfshir\u00eb si institucion partner n\u00eb disa programe bashk\u00ebpunimi n\u00eb kuadrin e Projekteve Evropiane JEP TEMPUS PHARE, nga p\u00ebrfundimi me sukses i t\u00eb cilave kan\u00eb p\u00ebrfituar t\u00eb gjitha strukturat e Universitetit t\u00eb Gjirokastr\u00ebs, n\u00eb p\u00ebrmbajtje dhe n\u00eb form\u00eb.<\/li><li>Universiteti ka marr\u00eb pjes\u00eb n\u00eb nj\u00eb projekt TEMPUS Jep-09369-95 p\u00ebr rikonstuktimin e departamentit t\u00eb Matematik\u00ebs n\u00eb bashk\u00ebpunim me Universitetin e Janin\u00ebs, Universitetin e Tiran\u00ebs dhe Universitetin e Trentos.<\/li><li>Po ashtu \u00ebsht\u00eb p\u00ebrfshir\u00eb n\u00eb nj\u00eb projekt JEP me tre Universitete shqiptare duke patur si koordinator Hogesschool Gederland Nijmengen (Holland\u00eb). Ky projekt ka p\u00ebrfshir\u00eb rikonstruktimin e Fakultetit t\u00eb Shkencave t\u00eb Edukimit.<\/li><li>Projekti Jep Nr. 12144-1998 \u2013 me koordinator IUFM Montpellier (Franc\u00eb) p\u00ebrfshiu p\u00ebrfaqsues nga t\u00eb gjitha departamentet e fakulteteve tona, duke dh\u00ebn\u00eb n\u00eb k\u00ebt\u00eb m\u00ebnyr\u00eb nj\u00eb ndihmes\u00eb n\u00eb p\u00ebrsosjen e p\u00ebrgatitjes s\u00eb m\u00ebsuesve pran\u00eb institucionit ton\u00eb.<\/li><li>Projekti Tempus JEP Nr.14356-1999 n\u00eb fush\u00ebn e zhvillimit t\u00eb Kurrikulave n\u00eb Administrimin Publik e trainimin e stafit me koordinator Universitetin e Staffordshire, Stoke-on-Trent (Britani e Madhe) \u00e7oi n\u00eb hapjen e Deg\u00ebs s\u00eb re, at\u00eb t\u00eb Administrimit Publik pran\u00eb Departamentit t\u00eb Ekonomikut.<\/li><li>Projekti JEP Nr. 14174-1999 me koordinator Universitetin e Jonit, Korfuz (Greqi) mb\u00ebshteti rikonstruktimin e bibliotekave t\u00eb Universiteteve partnere.<\/li><li>Po n\u00eb kuad\u00ebr t\u00eb Programit Tempus, Universiteti i Gjirokastr\u00ebs s\u00eb bashku me Universitetin e Vlor\u00ebs dhe at\u00eb t\u00eb Prishtin\u00ebs bashk\u00ebpunuan n\u00eb projektin 2-vje\u00e7ar UM-JEP 16077-2001, me titull, \u201cZhvillimi i Menaxhimit Universitar\u201d.&nbsp;&nbsp;<\/li><li>N\u00eb 2005 Organizata Jo-qeveritare HUMANET implementoi n\u00eb kuad\u00ebr t\u00eb projekteve&nbsp;t\u00eb Qeveris\u00eb s\u00eb Jashtme Greke vendosjen e rrjetit kompiuterik n\u00eb t\u00eb gjith\u00eb Universitetin duke b\u00ebr\u00eb q\u00eb ky rrjet t\u00eb jet\u00eb nga m\u00eb modern\u00ebt n\u00eb Universitetet shqiptare. Gjithashtu \u00e7elja e Multimedia Room i sh\u00ebrben m\u00eb s\u00eb miri aktiviteteve m\u00ebsimore t\u00eb Universitetit por dhe zhvillimit n\u00eb t\u00eb ardhmen t\u00eb M\u00ebsimit n\u00eb Distanc\u00eb.<\/li><li>Gjithashtu p\u00ebr t\u2019u p\u00ebrmendur jan\u00eb dhe bashk\u00ebpunimet me organizata e fondacione nd\u00ebrkomb\u00ebtare t\u00eb cilat mb\u00ebshtesin zhvillimin dhe modernizimin e standarteve cil\u00ebsore t\u00eb Arsimit t\u00eb Lart\u00eb ku nd\u00ebr to mund t\u00eb ve\u00e7ojm\u00eb:<\/li><li><strong>Fondacioni SOROS<\/strong>&nbsp;i Shoq\u00ebris\u00eb s\u00eb Hapur p\u00ebr Shqip\u00ebrin\u00eb, Tiran\u00eb: Projekt i shtrir\u00eb n\u00eb tre faza i n\u00ebnshkruar n\u00eb Korrik 2003 q\u00eb synon n\u00eb hapjen dhe funksionimin e Qendr\u00ebs p\u00ebr Informim dhe K\u00ebshillim t\u00eb student\u00ebve t\u00eb Universitetit t\u00eb Gjirokastr\u00ebs.<\/li><li>Shoqata Ballkanike p\u00ebr Pedagogji dhe Arsim, Selanik (Greqi) n\u00eb bashk\u00ebpunim me Institutin Komb\u00ebtar t\u00eb Edukimit \u2013 Sofie (Bullgari): Antar\u00ebsim n\u00eb Bordin Drejtues t\u00eb k\u00ebsaj shoqate si dhe pjes\u00ebmarrje n\u00eb konferenca t\u00eb tjera nd\u00ebrkomb\u00ebtare.<\/li><li>Universiteti i Gjirokastr\u00ebs \u00ebsht\u00eb pjes\u00ebmarr\u00ebs n\u00eb \u201cBalkan Universities Network\u201d; Protokoll i cili u n\u00ebnshkrua n\u00eb Selanik, m\u00eb 10 Shkurt 2006 dhe ka p\u00ebr q\u00ebllim harmonizimin&nbsp;e kurrikulave, shk\u00ebmbimin e student\u00ebve dhe t\u00eb stafit pedagogjik si dhe promovimin e kultur\u00ebs dhe dialogut mes vendeve antare. Gjithashtu ky rrjet Universitetesh do t\u00eb shk\u00ebmbej\u00eb informacion duke vendosur nj\u00eb rrjet t\u00eb fort\u00eb informacioni t\u00eb bazuar n\u00eb teknologjin\u00eb e lart\u00eb. Me pas ky rrjet i gjer\u00eb do t\u00eb hedh\u00eb bazat e sigurta p\u00ebr M\u00ebsimdh\u00ebnien n\u00eb Distanc\u00eb.<\/li><li>Prioriteti i Universitetit t\u00eb Gjirokastr\u00ebs \u00ebsht\u00eb p\u00ebrfshirja n\u00eb programet FP7 dhe TEMPUS IV si nj\u00eb hap i m\u00ebtejsh\u00ebm n\u00eb p\u00ebrqafimin e standarteve evropiane.<\/li><\/ul>\n\n\n\n<p class=\"has-text-align-center\"><a href=\"http:\/\/www.uogj.edu.al\/upload\/Strategjia%20e%20Nderkombetarizimit%20te%20UGJ.pdf\" target=\"_blank\" rel=\"noreferrer noopener\">Strategjia e Nderkometarizimit<\/a><\/p>\n\n\n\n<p class=\"has-text-align-center\">                               <\/p>\n","protected":false},"excerpt":{"rendered":"<p>Universiteti i Gjirokastr\u00ebs \u00ebsht\u00eb gjithmon\u00eb aktiv n\u00eb politik\u00ebn e tij t\u00eb jashtme, duke bashk\u00ebpunuar ngusht\u00eb me t\u00eb gjitha Universitetet shqiptare, [&hellip;]<\/p>\n","protected":false},"author":1,"featured_media":0,"parent":0,"menu_order":0,"comment_status":"closed","ping_status":"closed","template":"","meta":{"_monsterinsights_skip_tracking":false,"_monsterinsights_sitenote_active":false,"_monsterinsights_sitenote_note":"","_monsterinsights_sitenote_category":0,"footnotes":""},"class_list":["post-3709","page","type-page","status-publish","hentry"],"_links":{"self":[{"href":"http:\/\/uogj.edu.al\/old\/wp-json\/wp\/v2\/pages\/3709"}],"collection":[{"href":"http:\/\/uogj.edu.al\/old\/wp-json\/wp\/v2\/pages"}],"about":[{"href":"http:\/\/uogj.edu.al\/old\/wp-json\/wp\/v2\/types\/page"}],"author":[{"embeddable":true,"href":"http:\/\/uogj.edu.al\/old\/wp-json\/wp\/v2\/users\/1"}],"replies":[{"embeddable":true,"href":"http:\/\/uogj.edu.al\/old\/wp-json\/wp\/v2\/comments?post=3709"}],"version-history":[{"count":6,"href":"http:\/\/uogj.edu.al\/old\/wp-json\/wp\/v2\/pages\/3709\/revisions"}],"predecessor-version":[{"id":5442,"href":"http:\/\/uogj.edu.al\/old\/wp-json\/wp\/v2\/pages\/3709\/revisions\/5442"}],"wp:attachment":[{"href":"http:\/\/uogj.edu.al\/old\/wp-json\/wp\/v2\/media?parent=3709"}],"curies":[{"name":"wp","href":"https:\/\/api.w.org\/{rel}","templated":true}]}}