{"id":3712,"date":"2021-04-06T11:06:30","date_gmt":"2021-04-06T11:06:30","guid":{"rendered":"http:\/\/localhost:8080\/wordpress\/?page_id=3712"},"modified":"2022-09-09T18:54:23","modified_gmt":"2022-09-09T18:54:23","slug":"pjesmarrja-ne-organizma","status":"publish","type":"page","link":"http:\/\/uogj.edu.al\/old\/pjesmarrja-ne-organizma\/","title":{"rendered":"Pjesmarrja n\u00eb organizma"},"content":{"rendered":"\n<p><strong>An\u00ebtar\u00ebsimi I UGJ n\u00eb Organizata dhe Shoqata nd\u00ebrkomb\u00ebtare<\/strong><\/p>\n\n\n\n<p>Universiteti \u201cE.\u00c7abej\u201d&nbsp; prej 10\/02\/2006&nbsp; anetar I Balkan Universities Network.&nbsp;<\/p>\n\n\n\n<p>N\u00eb 20\/09\/2008 an\u00ebtar\u00ebsohet n\u00eb &nbsp;International Association of University, &nbsp;<strong>IAU<\/strong><\/p>\n\n\n\n<p>N\u00eb&nbsp;24\/09\/2008 Universiteti u an\u00ebtar\u00ebsua n\u00eb CUM ( Community of Mediterranean Universities).&nbsp; Prej 02\/11\/2008 Universiteti \u00ebsht\u00eb&nbsp; an\u00ebtar i <strong>ESREA <\/strong>\u2013 Europian Society for Research on the Education of Adults ,<\/p>\n\n\n\n<p>UGJ n\u00eb 22\/11\/2008 u an\u00ebtar\u00ebsua n\u00eb&nbsp; Balkan Association of Pedagogical and Related Faculties, <strong>Shoqat\u00ebs Ballkanike t\u00eb Fakulteteve t\u00eb Edukimit.<\/strong><\/p>\n\n\n\n<p><strong>An\u00ebtar\u00ebsimi n\u00eb k\u00ebto shoqata \u00ebsht\u00eb nj\u00eb pik\u00eb e fort\u00eb e universitetit, sepse<\/strong>:<\/p>\n\n\n\n<ul class=\"wp-block-list\"><li>ndihmon pedagog\u00ebt p\u00ebr t\u00eb marr\u00eb pjes\u00eb n\u00eb konferenca t\u00eb ndryshme<\/li><li>krijon mund\u00ebsi p\u00ebr nd\u00ebrtime bashk\u00ebpunimi mes universitetit ton\u00eb dhe homolog\u00ebve tan\u00eb n\u00eb Europ\u00eb e m\u00eb gjer\u00eb;<\/li><li>mund\u00ebson shk\u00ebmbimin e p\u00ebrvoj\u00ebs mes pedagog\u00ebve;<\/li><li>mund\u00ebson botime artikujsh t\u00eb pedagog\u00ebve tan\u00eb n\u00eb revista shkencore t\u00eb universiteteve homolog\u00eb per\u00ebndimor\u00eb si dhe artikuj t\u00eb tyre n\u00eb revistat tona&nbsp; shkencore. <strong><\/strong><\/li><\/ul>\n","protected":false},"excerpt":{"rendered":"<p>An\u00ebtar\u00ebsimi I UGJ n\u00eb Organizata dhe Shoqata nd\u00ebrkomb\u00ebtare Universiteti \u201cE.\u00c7abej\u201d&nbsp; prej 10\/02\/2006&nbsp; anetar I Balkan Universities Network.&nbsp; N\u00eb 20\/09\/2008 an\u00ebtar\u00ebsohet [&hellip;]<\/p>\n","protected":false},"author":1,"featured_media":0,"parent":0,"menu_order":0,"comment_status":"closed","ping_status":"closed","template":"","meta":{"_monsterinsights_skip_tracking":false,"_monsterinsights_sitenote_active":false,"_monsterinsights_sitenote_note":"","_monsterinsights_sitenote_category":0,"footnotes":""},"class_list":["post-3712","page","type-page","status-publish","hentry"],"_links":{"self":[{"href":"http:\/\/uogj.edu.al\/old\/wp-json\/wp\/v2\/pages\/3712"}],"collection":[{"href":"http:\/\/uogj.edu.al\/old\/wp-json\/wp\/v2\/pages"}],"about":[{"href":"http:\/\/uogj.edu.al\/old\/wp-json\/wp\/v2\/types\/page"}],"author":[{"embeddable":true,"href":"http:\/\/uogj.edu.al\/old\/wp-json\/wp\/v2\/users\/1"}],"replies":[{"embeddable":true,"href":"http:\/\/uogj.edu.al\/old\/wp-json\/wp\/v2\/comments?post=3712"}],"version-history":[{"count":2,"href":"http:\/\/uogj.edu.al\/old\/wp-json\/wp\/v2\/pages\/3712\/revisions"}],"predecessor-version":[{"id":5102,"href":"http:\/\/uogj.edu.al\/old\/wp-json\/wp\/v2\/pages\/3712\/revisions\/5102"}],"wp:attachment":[{"href":"http:\/\/uogj.edu.al\/old\/wp-json\/wp\/v2\/media?parent=3712"}],"curies":[{"name":"wp","href":"https:\/\/api.w.org\/{rel}","templated":true}]}}