{"id":3805,"date":"2021-04-07T01:19:43","date_gmt":"2021-04-07T01:19:43","guid":{"rendered":"http:\/\/localhost:8080\/wordpress\/?page_id=3805"},"modified":"2023-11-30T14:00:16","modified_gmt":"2023-11-30T14:00:16","slug":"akreditimi-ascal","status":"publish","type":"page","link":"http:\/\/uogj.edu.al\/old\/akreditimi-ascal\/","title":{"rendered":"Akreditimi (ASCAL)"},"content":{"rendered":"\n<figure class=\"wp-block-image size-large\"><img loading=\"lazy\" decoding=\"async\" width=\"1024\" height=\"680\" src=\"https:\/\/uogj.edu.al\/old\/wp-content\/uploads\/2023\/11\/Akreditimi-21-deri-25-1024x680.jpg\" alt=\"\" class=\"wp-image-6410\"\/><\/figure>\n\n\n\n<p><a rel=\"noreferrer noopener\" href=\"http:\/\/uogj.edu.al\/upload\/sondazhi%20kombetar%20i%20studenteve%20prill%202022.pdf\" target=\"_blank\">Agjencia e Sigurimit t\u00eb Cil\u00ebsis\u00eb n\u00eb Arsimin e Lart\u00eb (ASCAL), n\u00eb kuad\u00ebr t\u00eb Sondazhit Komb\u00ebtar t\u00eb Student\u00ebve (SKS), zhvilloi sot m\u00eb dat\u00eb 11 Prill 2022 takimet informuese me grupet e pun\u00ebs dhe student\u00ebt n\u00eb Institucionet e Arsimit t\u00eb Lart\u00eb (IAL) n\u00eb Shqip\u00ebri. Takimet e sotme informuese dhe udh\u00ebzuese u zhvilluan n\u00eb Universitetin \u2018\u2019Eqrem \u00c7abej\u2019\u2019 Gjirokaster<\/a><\/p>\n\n\n<div class=\"wp-block-image\">\n<figure class=\"aligncenter size-large\"><a href=\"http:\/\/uogj.edu.al\/upload\/sondazhi%20kombetar%20i%20studenteve%20prill%202022.pdf\"><img loading=\"lazy\" decoding=\"async\" width=\"617\" height=\"500\" src=\"https:\/\/uogj.edu.al\/wp-content\/uploads\/2022\/04\/image.png\" alt=\"\" class=\"wp-image-5787\"\/><\/a><figcaption class=\"wp-element-caption\">http:\/\/uogj.edu.al\/upload\/sondazhi%20kombetar%20i%20studenteve%20prill%202022.pdf<\/figcaption><\/figure><\/div>\n\n\n<p>Mund te informoheni me te gjitha evidencat e raportit 2021:<\/p>\n\n\n\n<p>Kliko p\u00ebr: <strong><a rel=\"noreferrer noopener\" target=\"_blank\" href=\"https:\/\/uogjedu-my.sharepoint.com\/personal\/dmiho_uogj_edu_al\/_layouts\/15\/onedrive.aspx?id=%2Fpersonal%2Fdmiho%5Fuogj%5Fedu%5Fal%2FDocuments%2FEvidencat%202021%2FEvidenacat%20ne%20gjuhen%20shqipe&amp;originalPath=aHR0cHM6Ly91b2dqZWR1LW15LnNoYXJlcG9pbnQuY29tLzpmOi9nL3BlcnNvbmFsL2RtaWhvX3VvZ2pfZWR1X2FsL0VoMWJYb1Q1SGdkT2l6X19kbmx6RERBQjdNMUZPcXo2ZFNyUmJQSmlscUljR2c%5FcnRpbWU9RnowZml4SF8yRWc\" data-type=\"URL\" data-id=\"https:\/\/uogjedu-my.sharepoint.com\/personal\/dmiho_uogj_edu_al\/_layouts\/15\/onedrive.aspx?id=%2Fpersonal%2Fdmiho%5Fuogj%5Fedu%5Fal%2FDocuments%2FEvidencat%202021%2FEvidenacat%20ne%20gjuhen%20shqipe&amp;originalPath=aHR0cHM6Ly91b2dqZWR1LW15LnNoYXJlcG9pbnQuY29tLzpmOi9nL3BlcnNvbmFsL2RtaWhvX3VvZ2pfZWR1X2FsL0VoMWJYb1Q1SGdkT2l6X19kbmx6RERBQjdNMUZPcXo2ZFNyUmJQSmlscUljR2c%5FcnRpbWU9RnowZml4SF8yRWc\">Evidencat Shqip<\/a><a rel=\"noopener\" target=\"_blank\" href=\"https:\/\/uogjedu-my.sharepoint.com\/:u:\/g\/personal\/dmiho_uogj_edu_al\/ESTeQ86ccCNInuOXlFK0X5oBZsXcAZv5cAhGbGrMSKqXYw?e=agEmPv\">&nbsp;<\/a><\/strong> (2021)<\/p>\n\n\n\n<p>Click for:&nbsp;<strong><a href=\"https:\/\/uogjedu-my.sharepoint.com\/:f:\/g\/personal\/dmiho_uogj_edu_al\/Ess4I8PinW1Ei_5Ogv-Dp-sBuyoadEfmECY-SZCqjG8m5g?e=sRLBpT\">English Evidence<\/a><\/strong>&nbsp;(2021)<\/p>\n\n\n\n<p>kliko p\u00ebr:&nbsp;<strong><a href=\"http:\/\/www.uogj.edu.al\/upload\/Raporti%20i%20GVB%20shqip.pdf\" target=\"_blank\" rel=\"noreferrer noopener\">Raporti Vet\u00ebvler\u00ebsimit&nbsp;(2021)<\/a><\/strong><\/p>\n\n\n\n<p>click for:&nbsp;<a href=\"http:\/\/www.uogj.edu.al\/upload\/Raporti%20i%20GVB%20ne%20gjuhen%20angleze.pdf\" target=\"_blank\" rel=\"noreferrer noopener\">Self-Assessment Report&nbsp;(2021)<\/a><\/p>\n\n\n\n<p>Mund te informoheni me te gjitha evidencat e raportit 2017:<\/p>\n\n\n\n<p>Kliko p\u00ebr: <strong><a rel=\"noopener\" target=\"_blank\" href=\"https:\/\/uogjedu-my.sharepoint.com\/:u:\/g\/personal\/dmiho_uogj_edu_al\/ESTeQ86ccCNInuOXlFK0X5oBZsXcAZv5cAhGbGrMSKqXYw?e=agEmPv\">Evidencat Shqip&nbsp;<\/a><\/strong>(2017)<\/p>\n\n\n\n<p>kliko p\u00ebr: <strong><a rel=\"noopener\" target=\"_blank\" href=\"http:\/\/www.uogj.edu.al\/wp-content\/uploads\/Test\/upload\/RVB%20Shqip.pdf\">Raporti Vet\u00ebvler\u00ebsimit<\/a><\/strong> (2017)<\/p>\n\n\n\n<p>Agjencia e Sigurimit t\u00eb Cil\u00ebsis\u00eb n\u00eb Arsimin e Lart\u00eb (ASCAL), n\u00eb kuad\u00ebr t\u00eb Sondazhit Komb\u00ebtar t\u00eb Student\u00ebve (SKS), zhvilloi sot m\u00eb dat\u00eb 28 Mars 2019 takimet informuese me grupet e pun\u00ebs dhe student\u00ebt n\u00eb Institucionet e Arsimit t\u00eb Lart\u00eb (IAL) n\u00eb Shqip\u00ebri. Takimet e sotme informuese dhe udh\u00ebzuese u zhvilluan n\u00eb Universitetin \u201cAleksand\u00ebr Moisiu\u201d, Durr\u00ebs; Universitetin \u201cEqrem \u00c7abej\u201d, Gjirokast\u00ebr; Universitetin Europian t\u00eb Tiran\u00ebs; Universitetin \u201cMesdhetar t\u00eb Shqip\u00ebris\u00eb\u201d.<\/p>\n\n\n\n<p>N\u00eb vijim gjeni foto t\u00eb b\u00ebra gjat\u00eb aktivitetit n\u00eb Institucionet e Arsimit t\u00eb Lart\u00eb p\u00ebrkat\u00ebse.<\/p>\n\n\n\n<p><a rel=\"noopener\" target=\"_blank\" href=\"https:\/\/www.ascal.al\/sq\/informacione\/aktivitete\/sondazhi-kombetar-i-studenteve-takimet-informuese-dhe-udhezuese-me-date-28-mars-2019\"><strong>Universiteti \u201cEqrem \u00c7abej\u201d, Gjirokast\u00ebr<\/strong><\/a><\/p>\n\n\n\n<figure class=\"wp-block-image size-large\"><a href=\"https:\/\/www.ascal.al\/sq\/informacione\/aktivitete\/sondazhi-kombetar-i-studenteve-takimet-informuese-dhe-udhezuese-me-date-28-mars-2019\"><img loading=\"lazy\" decoding=\"async\" width=\"768\" height=\"444\" src=\"https:\/\/uogj.edu.al\/wp-content\/uploads\/2022\/04\/image-7-768x444-1.png\" alt=\"\" class=\"wp-image-5788\"\/><\/a><figcaption class=\"wp-element-caption\"><a href=\"https:\/\/www.ascal.al\/sq\/informacione\/aktivitete\/sondazhi-kombetar-i-studenteve-takimet-informuese-dhe-udhezuese-me-date-28-mars-2019\">https:\/\/www.ascal.al\/sq\/informacione\/aktivitete\/sondazhi-kombetar-i-studenteve-takimet-informuese-dhe-udhezuese-me-date-28-mars-2019<\/a><\/figcaption><\/figure>\n\n\n\n<p><a href=\"http:\/\/uogj.edu.al\/wp-content\/uploads\/2021\/04\/Vendimi-67-dt-21.09.2017.pdf\" data-type=\"URL\" data-id=\"http:\/\/uogj.edu.al\/wp-content\/uploads\/2021\/04\/Vendimi-67-dt-21.09.2017.pdf\" target=\"_blank\" rel=\"noreferrer noopener\">Vendimi Nr.67 Date 21\/09\/2017<\/a><\/p>\n\n\n\n<p>&nbsp;&nbsp; &nbsp;&nbsp;&nbsp;&nbsp;&nbsp;&nbsp;&nbsp;&nbsp;&nbsp;&nbsp;&nbsp;&nbsp;&nbsp;&nbsp; &nbsp;&nbsp;&nbsp;<\/p>\n","protected":false},"excerpt":{"rendered":"<p>Agjencia e Sigurimit t\u00eb Cil\u00ebsis\u00eb n\u00eb Arsimin e Lart\u00eb (ASCAL), n\u00eb kuad\u00ebr t\u00eb Sondazhit Komb\u00ebtar t\u00eb Student\u00ebve (SKS), zhvilloi sot [&hellip;]<\/p>\n","protected":false},"author":1,"featured_media":0,"parent":0,"menu_order":0,"comment_status":"closed","ping_status":"closed","template":"","meta":{"_monsterinsights_skip_tracking":false,"_monsterinsights_sitenote_active":false,"_monsterinsights_sitenote_note":"","_monsterinsights_sitenote_category":0,"footnotes":""},"class_list":["post-3805","page","type-page","status-publish","hentry"],"_links":{"self":[{"href":"http:\/\/uogj.edu.al\/old\/wp-json\/wp\/v2\/pages\/3805"}],"collection":[{"href":"http:\/\/uogj.edu.al\/old\/wp-json\/wp\/v2\/pages"}],"about":[{"href":"http:\/\/uogj.edu.al\/old\/wp-json\/wp\/v2\/types\/page"}],"author":[{"embeddable":true,"href":"http:\/\/uogj.edu.al\/old\/wp-json\/wp\/v2\/users\/1"}],"replies":[{"embeddable":true,"href":"http:\/\/uogj.edu.al\/old\/wp-json\/wp\/v2\/comments?post=3805"}],"version-history":[{"count":15,"href":"http:\/\/uogj.edu.al\/old\/wp-json\/wp\/v2\/pages\/3805\/revisions"}],"predecessor-version":[{"id":6411,"href":"http:\/\/uogj.edu.al\/old\/wp-json\/wp\/v2\/pages\/3805\/revisions\/6411"}],"wp:attachment":[{"href":"http:\/\/uogj.edu.al\/old\/wp-json\/wp\/v2\/media?parent=3805"}],"curies":[{"name":"wp","href":"https:\/\/api.w.org\/{rel}","templated":true}]}}