{"id":4340,"date":"2021-04-13T06:46:05","date_gmt":"2021-04-13T06:46:05","guid":{"rendered":"http:\/\/uogj.edu.al\/new\/?page_id=4340"},"modified":"2024-04-03T07:39:49","modified_gmt":"2024-04-03T07:39:49","slug":"programe-studimi","status":"publish","type":"page","link":"http:\/\/uogj.edu.al\/old\/programe-studimi\/","title":{"rendered":"Programe  Studimi"},"content":{"rendered":"\n<br>\n\n\n\n<p><\/p>\n\n\n\n<p>Programet M\u00ebsimore n\u00eb Universitetin E. \u00c7abej<\/p>\n\n\n\n<br>\n\n\n\n<div class=\"wp-block-columns is-layout-flex wp-container-core-columns-is-layout-1 wp-block-columns-is-layout-flex\">\n<div class=\"wp-block-column is-layout-flow wp-block-column-is-layout-flow\">\n<p><strong>Programet e studimit me karakter profesional<\/strong><\/p>\n\n\n\n<ul class=\"wp-block-list\" type=\"1\">\n<li><strong>Fakulteti i Edukimit dhe Shkencave Shoq\u00ebrore<\/strong><\/li>\n<\/ul>\n\n\n\n<p>Ofron 3 (tre) programe studimi me karakter profesional<\/p>\n\n\n\n<ol class=\"wp-block-list\" type=\"a\">\n<li><strong>Program profesional n\u00eb \u201cLibrar dhe bibliotekar\u201d<\/strong><\/li>\n\n\n\n<li><strong>Program profesional n\u00eb \u201cEdukator\u00eb p\u00ebr zhvillimin dhe edukimin e f\u00ebmij\u00ebris\u00eb s\u00eb hershme\u201d<\/strong><\/li>\n\n\n\n<li><strong>Program profesional n\u00eb \u201cUdh\u00ebrr\u00ebfyes Turistik\u201d<\/strong><\/li>\n<\/ol>\n\n\n\n<br>\n\n\n\n<ul class=\"wp-block-list\" type=\"1\">\n<li><strong>Fakulteti Ekonomik<\/strong><\/li>\n<\/ul>\n\n\n\n<p>Ofron 3 (tre) programe studimi me karakter profesional<strong><\/strong><\/p>\n\n\n\n<ol class=\"wp-block-list\" type=\"a\">\n<li><strong>Program profesional n\u00eb \u201cAsistent Administrativ \u201d<\/strong><\/li>\n\n\n\n<li><strong>Program profesional n\u00eb \u201cAsistent-menaxher n\u00eb sh\u00ebrbimet turistike\u201d<\/strong><\/li>\n\n\n\n<li><strong>Program profesional n\u00eb \u201cNdihm\u00ebs Ekonomist\u201d<\/strong><\/li>\n<\/ol>\n\n\n\n<br>\n\n\n\n<ul class=\"wp-block-list\" type=\"I\">\n<li><strong>Programet e Ciklit t\u00eb Par\u00eb, Bachelor <\/strong><strong><\/strong><\/li>\n<\/ul>\n\n\n\n<p>Programet e ciklit t\u00eb par\u00eb t\u00eb studimeve, referuar nivelit 6 t\u00eb Korniz\u00ebs Shqiptare t\u00eb Kualifikimeve, organizohen me 180 kredite (ECTS) dhe koh\u00ebzgjatja normale e tyre \u00ebsht\u00eb tri vite akademike. Pranimi i student\u00ebve n\u00eb programet e studimit t\u00eb ciklit t\u00eb par\u00eb n\u00eb UGJ \u00ebsht\u00eb i mundur p\u00ebr \u00e7do kandidat, i cili, \u00ebsht\u00eb i paisur me dokumentacionin ligjor t\u00eb p\u00ebrfundimit t\u00eb&nbsp; arsimit t\u00eb mes\u00ebm t\u00eb lart\u00eb; plot\u00ebson kriterin e not\u00ebs mesatare t\u00eb p\u00ebrcaktuar me vendim t\u00eb K\u00ebshilli t\u00eb Ministrave dhe kriteret shtes\u00eb t\u00eb p\u00ebrcaktuara nga nj\u00ebsit\u00eb kryesore; nuk rezulton i regjistruar n\u00eb nj\u00eb program tjet\u00ebr studimi.<\/p>\n\n\n\n<p>Nj\u00ebsia baz\u00eb, p\u00ebrzgjedh student\u00ebt fitues, sipas programeve p\u00ebrkat\u00ebse, t\u00eb cil\u00ebt miratohen nga Dekani. Aplikant\u00ebt fitues regjistrohen pran\u00eb nj\u00ebsis\u00eb p\u00ebrkat\u00ebse kryesore, brenda afatit t\u00eb p\u00ebrcaktuar n\u00eb udh\u00ebzimet e ministris\u00eb p\u00ebrgjegj\u00ebse p\u00ebr arsimin. Pas p\u00ebrfundimit t\u00eb regjistrimit t\u00eb kandidat\u00ebve fitues, UGJ-ja p\u00ebrcjell n\u00eb QSHA list\u00ebn e student\u00ebve t\u00eb regjistruar, me q\u00ebllim paisjen e tyre me numur matrikullimi (NIM).<\/p>\n\n\n\n<p>Student\u00ebt n\u00eb programet e ciklit t\u00eb par\u00eb t\u00eb studimeve diplomohen me provim t\u00eb p\u00ebrgjithsh\u00ebm p\u00ebrfundimtar ose punim diplome. Student\u00ebt q\u00eb do t\u00eb p\u00ebrgatitin nj\u00eb punim diplome duhet t\u00eb p\u00ebrmbushin kriteret q\u00eb p\u00ebrcaktohen nga nj\u00ebsia baz\u00eb n\u00eb rregulloret p\u00ebrkat\u00ebse t\u00eb programeve t\u00eb studimit.<\/p>\n\n\n\n<p>P\u00ebr t\u2019u njohur me kriteret e pranimit n\u00eb Ciklin e par\u00eb t\u00eb studimeve Bachelor, n\u00eb UGJ, p\u00ebr Vitin Akademik 2023-2024<\/p>\n\n\n\n<ol class=\"wp-block-list\" type=\"1\">\n<li><strong>Fakulteti i Edukimit dhe Shkencave Shoq\u00ebrore<\/strong><\/li>\n<\/ol>\n\n\n\n<p>Ofron 6 (gjasht\u00eb) programe studimi t\u00eb Ciklit t\u00eb Par\u00eb Bachelor <\/p>\n\n\n\n<ul class=\"wp-block-list\">\n<li class=\"has-medium-font-size\"><strong>\u201cBachelor\u201d n\u00eb \u201cHistori \u2013 Gjeografi \u201d<\/strong><\/li>\n\n\n\n<li class=\"has-medium-font-size\"><strong>\u201cBachelor\u201d n\u00eb \u201cGjuh\u00eb &#8211; Let\u00ebrsi Shqipe\u201d<\/strong><\/li>\n\n\n\n<li class=\"has-medium-font-size\"><strong>\u201cBachelor\u201d n\u00eb \u201c Gjuh\u00eb Angleze\u201d<\/strong><\/li>\n\n\n\n<li class=\"has-medium-font-size\"><strong>Bachelor n\u00eb \u201cM\u00ebsuesi p\u00ebr Arsimin Fillor\u201d<\/strong><\/li>\n\n\n\n<li class=\"has-medium-font-size\"><strong>Bachelor n\u00eb \u201cM\u00ebsuesi p\u00ebr Arsimin Parashkollor\u201d<\/strong><\/li>\n\n\n\n<li class=\"has-medium-font-size\"><strong>\u201cBachelor\u201d n\u00eb \u201cGjuh\u00eb, Let\u00ebrsi dhe Qytet\u00ebrim Grek \u201d<\/strong><\/li>\n<\/ul>\n\n\n\n<br>\n\n\n\n<p>2.  <strong>Fakulteti i Shkencave t\u00eb Natyr\u00ebs<\/strong><\/p>\n\n\n\n<ul class=\"wp-block-list\">\n<li class=\"has-medium-font-size\"><strong>\u201cBachelor\u201d n\u00eb \u201c<strong>Teknollogji Informacioni<\/strong>\u201d<\/strong><\/li>\n\n\n\n<li class=\"has-medium-font-size\"><strong>\u201cBachelor\u201d n\u00eb \u201c<strong>Biologji Kimi<\/strong>\u201d<\/strong><\/li>\n\n\n\n<li class=\"has-medium-font-size\"><strong>\u201cBachelor\u201d n\u00eb \u201c <strong><strong>Infermieri e P\u00ebrgjithshme<\/strong><\/strong>\u201d<\/strong><\/li>\n\n\n\n<li class=\"has-medium-font-size\"><strong>\u201cBachelor\u201d n\u00eb \u201c <strong>Infermieri Mami<\/strong>\u201d<\/strong><\/li>\n<\/ul>\n\n\n\n<br>\n\n\n\n<p>3.   <strong>Fakulteti Ekonomik<\/strong><\/p>\n\n\n\n<ul class=\"wp-block-list\">\n<li class=\"has-medium-font-size\"><strong>\u201cBachelor\u201d n\u00eb \u201c<strong><strong>Kontabilitet \u2013 Financ\u00eb<\/strong><\/strong>\u201d<\/strong><\/li>\n\n\n\n<li class=\"has-medium-font-size\"><strong>\u201cBachelor\u201d n\u00eb \u201c<strong><strong>Administrim Publik<\/strong><\/strong>\u201d<\/strong><\/li>\n\n\n\n<li class=\"has-medium-font-size\"><strong>\u201cBachelor\u201d n\u00eb \u201c<strong><strong><strong>Turiz\u00ebm<\/strong><\/strong><\/strong>\u201d<\/strong><\/li>\n\n\n\n<li class=\"has-medium-font-size\"><strong>\u201cBachelor\u201d n\u00eb \u201c<strong><strong>Menaxhim Digjital<\/strong><\/strong>\u201d<\/strong> <strong>(Program i p\u00ebrbashk\u00ebt me Universitetin e Salentos, Itali)<\/strong> (Diplom\u00eb e dyfisht\u00eb)<\/li>\n\n\n\n<li class=\"has-medium-font-size\"><strong>\u201cBachelor\u201d n\u00eb \u201c<strong><strong>Menaxhim i Turizmit t\u00eb Q\u00ebndruesh\u00ebm<\/strong><\/strong>\u201d   (Program i perbashk\u00ebt\u00a0 me Univeresitetin e Molises, Itali)<\/strong> (Diplom\u00eb e dyfisht\u00eb)<\/li>\n<\/ul>\n\n\n\n<br>\n\n\n\n<p><strong>Programet e Ciklit t\u00eb Dyt\u00eb, Master n\u00eb M\u00ebsuesi, Master Profesional dhe Master i Shkencave<\/strong><\/p>\n\n\n\n<p>Programet e studimeve \u201cMaster n\u00eb M\u00ebsuesi\u201d dhe <strong>\u201c<\/strong>Master profesional\u201d u ofrojn\u00eb t\u00eb diplomuar\u00ebve me nj\u00eb diplom\u00eb t\u00eb ciklit t\u00eb par\u00eb njohuri t\u00eb thelluara teorike dhe praktike profesionale n\u00eb drejtimin p\u00ebrkat\u00ebs. <strong>&nbsp;<\/strong>K\u00ebto programe: realizohen me 60 ose 120 kredite dhe koh\u00ebzgjatja normale e tyre \u00ebsht\u00eb nj\u00eb vit ose dy vite akademike; student\u00ebt n\u00eb k\u00ebt\u00eb program, mund t\u00eb diplomohen me provim t\u00eb p\u00ebrgjithsh\u00ebm p\u00ebrfundimtar formimi ose punim diplome;&nbsp;&nbsp; n\u00eb p\u00ebrfundim t\u00eb studimit l\u00ebshohet diplom\u00eb \u201cMaster profesional\u201d n\u00eb fush\u00ebn e arsimimit t\u00eb kryer.<\/p>\n\n\n\n<p>Programet e studimit \u201cMaster i shkencave\u201di pajisin t\u00eb diplomuarit, q\u00eb zot\u00ebrojn\u00eb diplom\u00ebn universitare \u201cBachelor\u201d, me njohuri t\u00eb thelluara shkencore teorike dhe praktike n\u00eb drejtimin p\u00ebrkat\u00ebs. K\u00ebto programe: organizohen me 120 kredite formimi n\u00eb vijim t\u00eb ciklit t\u00eb par\u00eb dhe kan\u00eb koh\u00ebzgjatje normale jo m\u00eb pak se dy vite akademike; p\u00ebrfshin 30-40 kredite p\u00ebr nj\u00eb projekt k\u00ebrkimor, n\u00ebn udh\u00ebheqje t\u00eb kualifikuar,&nbsp; i cili p\u00ebrfundon me diplom\u00eb (mikrotez\u00eb); n\u00eb p\u00ebrfundim t\u00eb programit t\u00eb studimit l\u00ebshohet diplom\u00eb \u201cMaster i shkencave\u201d n\u00eb fush\u00ebn e arsimimit t\u00eb kryer.<\/p>\n\n\n\n<p>Kriteret e pranimit p\u00ebr programet e studimeve <strong>\u201c<\/strong>Master profesional\u201d&nbsp; dhe \u201cMaster i shkencave\u201d, p\u00ebrcaktohen nga nj\u00ebsia baz\u00eb q\u00eb ofron programin p\u00ebrkat\u00ebs. Ato b\u00ebhen publike n\u00eb faqen zyrtare t\u00eb UGJ-s\u00eb, pas miratimit nga Senati Akademik.<\/p>\n\n\n\n<p>&nbsp;Nj\u00ebsia baz\u00eb, p\u00ebrzgjedh student\u00ebt fitues, sipas programeve p\u00ebrkat\u00ebse, t\u00eb cil\u00ebt miratohen nga Dekani. Aplikant\u00ebt fitues regjistrohen pran\u00eb nj\u00ebsis\u00eb p\u00ebrkat\u00ebse kryesore, brenda afatit t\u00eb p\u00ebrcaktuar n\u00eb udh\u00ebzimet e ministris\u00eb p\u00ebrgjegj\u00ebse p\u00ebr arsimin. Pas p\u00ebrfundimit t\u00eb regjistrimit t\u00eb kandidat\u00ebve fitues, UGJ-ja p\u00ebrcjell n\u00eb QSHA list\u00ebn e student\u00ebve t\u00eb regjistruar, me q\u00ebllim paisjen e tyre me numur matrikullimi (NIM).<\/p>\n\n\n\n<p>P\u00ebr t\u2019u njohur me kriteret e pranimit n\u00eb Ciklin e dyt\u00eb t\u00eb studimeve , n\u00eb UGJ, p\u00ebr Vitin Akademik 2023-2024<\/p>\n\n\n\n<ol class=\"wp-block-list\" type=\"1\">\n<li><strong>Fakulteti Edukimit dhe Shkencave Shoq\u00ebrore<\/strong><\/li>\n<\/ol>\n\n\n\n<p>Ofron 7 (shtat\u00eb ) programe \u201cMaster\u201d n\u00eb \u201cM\u00ebsuesi\u201d; 2 (dy) programe \u201cMaster Profesional\u201d; 2 (dy) programe \u201cMaster i Shkencave\u201d.<\/p>\n\n\n\n<p class=\"has-text-align-center\"><strong>Master n\u00eb M\u00ebsuesi<\/strong><\/p>\n\n\n\n<ul class=\"wp-block-list\" type=\"a\">\n<li><strong>&#8220;Master&#8221; n\u00eb \u201cM\u00ebsuesi\u201d p\u00ebr \u201cAMU n\u00eb Matematik\u00eb-Informatik\u00eb\u201d<\/strong><\/li>\n\n\n\n<li><strong>&#8220;Master&#8221; n\u00eb \u201cM\u00ebsuesi\u201d p\u00ebr AMU n\u00eb Biologji-Kimi\u201d<\/strong><\/li>\n\n\n\n<li><strong>&#8220;Master&#8221; n\u00eb \u201cM\u00ebsuesi\u201d p\u00ebr \u201cAMU n\u00eb Gjuh\u00eb Let\u00ebrsi dhe Qytet\u00ebrim Grek\u201d<\/strong><\/li>\n\n\n\n<li><strong>&#8220;Master&#8221; n\u00eb \u201cM\u00ebsuesi &nbsp;p\u00ebr AMU n\u00eb Gjuh\u00eb Let\u00ebrsi\u201d<\/strong><\/li>\n\n\n\n<li><strong>&#8220;Master&#8221; n\u00eb \u201cM\u00ebsuesi p\u00ebr Arsimin e Mes\u00ebm t\u00eb Ul\u00ebt n\u00eb Gjuh\u00eb Angleze\u201d<\/strong><\/li>\n\n\n\n<li><strong>&#8220;Master&#8221; n\u00eb \u201cM\u00ebsuesi p\u00ebr Arsimin e Mes\u00ebm t\u00eb Ul\u00ebt n\u00eb Histori Gjeografi\u201d<\/strong><\/li>\n\n\n\n<li><strong>\u201cMaster \u201c n\u00eb&nbsp; \u201cM\u00ebsues n\u00eb Arsimin Special\u201d<\/strong><\/li>\n<\/ul>\n\n\n\n<br>\n\n\n\n<p class=\"has-text-align-center\"><strong>Master Profesional<\/strong><\/p>\n\n\n\n<p><\/p>\n\n\n\n<ul class=\"wp-block-list\" type=\"a\">\n<li><strong>&nbsp;\u201cMaster Profesional\u201d n\u00eb \u201cM\u00ebsuesi p\u00ebr Arsimin Fillor\u201d<\/strong><\/li>\n\n\n\n<li><strong>\u201cMaster Profesional\u201d n\u00eb \u201cM\u00ebsuesi p\u00ebr Arsimin Fillor n\u00eb Gjuh\u00ebn Greke\u201d<\/strong>\n<ul class=\"wp-block-list\">\n<li><strong>Master i Shkencave<\/strong><\/li>\n<\/ul>\n<\/li>\n\n\n\n<li><strong>&nbsp;\u201cMaster i Shkencave\u201d n\u00eb \u201cArkeologji dhe Administrim i Pasurive Arkeologjike\u201d<\/strong>\n<ul class=\"wp-block-list\">\n<li><strong>\u201cMaster i Shkencave\u201d n\u00eb \u201cArkeologji, Histori dhe Administrim i Pasurive Kulturore \u2013 ASPIC\u201d (Program i p\u00ebrbashk\u00ebt me Universitetin e Ma\u00e7erat\u00ebs, Itali)<\/strong><\/li>\n\n\n\n<li>\n<ul class=\"wp-block-list\">\n<li><strong>Fakulteti i Shkencave te Natyr\u00ebs<\/strong>      <strong>ofron 1 (nj\u00eb) program Master Profesional<\/strong><\/li>\n<\/ul>\n<\/li>\n<\/ul>\n<\/li>\n\n\n\n<li><strong>\u201cMaster Profesional\u201d n\u00eb \u201cShkencat Infermierore\u201d<\/strong>\n<ul class=\"wp-block-list\">\n<li>\n<ul class=\"wp-block-list\">\n<li><strong>Fakulteti Ekonomik<\/strong>                      <strong>Master Profesional<\/strong><\/li>\n<\/ul>\n<\/li>\n<\/ul>\n<\/li>\n\n\n\n<li><strong>\u201cMaster Profesional\u201d n\u00eb \u201cTuriz\u00ebm\u201d<\/strong><\/li>\n\n\n\n<li><strong>\u201cMaster Profesional\u201d n\u00eb \u201cAdministrim-Publik\u201d<\/strong><\/li>\n\n\n\n<li><strong>\u201cMaster Profesional\u201d n\u00eb \u201cKontabilitet-Financ\u00eb\u201d<\/strong>\n<ul class=\"wp-block-list\">\n<li>\n<ul class=\"wp-block-list\">\n<li><strong>Master i shkencave<\/strong><\/li>\n<\/ul>\n<\/li>\n<\/ul>\n<\/li>\n\n\n\n<li><strong>&nbsp;\u201cMaster i Shkencave\u201d n\u00eb \u201cFinanc\u00eb &#8211; Kontabilitet\u201d<\/strong><\/li>\n<\/ul>\n\n\n\n<ul class=\"wp-block-list\" type=\"I\">\n<li><strong>&nbsp;Programet e Cikli i t\u00eb Tret\u00eb, Master Ekzekutiv<\/strong><\/li>\n\n\n\n<li><strong>\u201cMaster Ekzekutiv\u201d<\/strong><strong> n\u00eb \u201cRestaurim, Konservim dhe Menaxhim i Trash\u00ebgimise Arkitekturore\u201d (Program i p\u00ebrbashk\u00ebt&nbsp; midis universitetit Zoja e Keshillit te Mir\u00eb, Universitetit t\u00eb Firences (Itali) dhe UGJ-s\u00eb )<\/strong><strong><\/strong><\/li>\n<\/ul>\n<\/div>\n<\/div>\n","protected":false},"excerpt":{"rendered":"<p>Programet M\u00ebsimore n\u00eb Universitetin E. \u00c7abej Programet e studimit me karakter profesional Ofron 3 (tre) programe studimi me karakter profesional [&hellip;]<\/p>\n","protected":false},"author":1,"featured_media":0,"parent":0,"menu_order":0,"comment_status":"closed","ping_status":"closed","template":"","meta":{"_monsterinsights_skip_tracking":false,"_monsterinsights_sitenote_active":false,"_monsterinsights_sitenote_note":"","_monsterinsights_sitenote_category":0,"footnotes":""},"class_list":["post-4340","page","type-page","status-publish","hentry"],"_links":{"self":[{"href":"http:\/\/uogj.edu.al\/old\/wp-json\/wp\/v2\/pages\/4340"}],"collection":[{"href":"http:\/\/uogj.edu.al\/old\/wp-json\/wp\/v2\/pages"}],"about":[{"href":"http:\/\/uogj.edu.al\/old\/wp-json\/wp\/v2\/types\/page"}],"author":[{"embeddable":true,"href":"http:\/\/uogj.edu.al\/old\/wp-json\/wp\/v2\/users\/1"}],"replies":[{"embeddable":true,"href":"http:\/\/uogj.edu.al\/old\/wp-json\/wp\/v2\/comments?post=4340"}],"version-history":[{"count":16,"href":"http:\/\/uogj.edu.al\/old\/wp-json\/wp\/v2\/pages\/4340\/revisions"}],"predecessor-version":[{"id":6638,"href":"http:\/\/uogj.edu.al\/old\/wp-json\/wp\/v2\/pages\/4340\/revisions\/6638"}],"wp:attachment":[{"href":"http:\/\/uogj.edu.al\/old\/wp-json\/wp\/v2\/media?parent=4340"}],"curies":[{"name":"wp","href":"https:\/\/api.w.org\/{rel}","templated":true}]}}