{"id":4414,"date":"2021-04-13T08:59:57","date_gmt":"2021-04-13T08:59:57","guid":{"rendered":"http:\/\/uogj.edu.al\/new\/?page_id=4414"},"modified":"2023-05-08T10:17:43","modified_gmt":"2023-05-08T10:17:43","slug":"akreditimi-periodik-i-ugj","status":"publish","type":"page","link":"http:\/\/uogj.edu.al\/old\/akreditimi-periodik-i-ugj\/","title":{"rendered":"Akreditimi Periodik i UGJ"},"content":{"rendered":"\n<br>\n\n\n\n<p><strong>NJ\u00cbSIA E SIGURIMIT T\u00cb BRENDSH\u00cbM T\u00cb CIL\u00cbSIS\u00cb (NJSBC)<\/strong><\/p>\n\n\n\n<p>Nj\u00ebsia e Sigurimit t\u00eb Brendsh\u00ebm t\u00eb Cil\u00ebsis\u00eb miratohet&nbsp; nga Senati Akademik, dhe p\u00ebrmes Koordinatorit Institucional, hartojn\u00eb e japin raporte p\u00ebr veprimtarit\u00eb dhe iniciativat e reja q\u00eb lidhen me sigurimin e cil\u00ebsis\u00eb p\u00ebr t\u00eb gjitha nj\u00ebsit\u00eb e UGJ-s\u00eb. Funksionimi i tyre \u00ebsht\u00eb i rregulluar nga Statuti, n\u00eb p\u00ebrputhje me Kodin e Cil\u00ebsis\u00eb s\u00eb Arsimit t\u00eb Lart\u00eb.<\/p>\n\n\n\n<p>NJSBC n\u00eb shkall\u00eb institucioni \u00ebsht\u00eb p\u00ebrgjegj\u00ebse para Senatit Akademik p\u00ebr pun\u00ebn e saj. Ajo diskuton dhe vendos p\u00ebr \u00e7\u00ebshtje t\u00eb fush\u00ebs s\u00eb menaxhimit t\u00eb cil\u00ebsis\u00eb dhe promovon, bashk\u00ebpunon, dhe monitoron veprimtarin\u00eb e sigurimit t\u00eb cil\u00ebsis\u00eb n\u00eb Universitet dhe an\u00ebtar\u00ebt e tij.<\/p>\n\n\n\n<ul class=\"wp-block-list\">\n<li><strong><a rel=\"noreferrer noopener\" href=\"https:\/\/uogj.edu.al\/old\/upload\/Evidenacat%20shqip%202021\/Organizimi%20dhe%20menaxhimi%20i%20institucionit\/Urdher%20per%20ngritjen%20e%20NJSBC%20ne%20UGJ.pdf\" target=\"_blank\"><strong>Urdher per ngritjen e NJSBC<\/strong> ne UGJ  <\/a>  <\/strong>                   .        <a href=\"https:\/\/uogj.edu.al\/old\/upload\/Evidenacat%20shqip%202021\/Organizimi%20dhe%20menaxhimi%20i%20institucionit\/Urdher%20per%20ngritjen%20e%20NJSBC%20ne%20UGJ.pdf\"><img loading=\"lazy\" decoding=\"async\" width=\"80\" height=\"42\" class=\"wp-image-6269\" style=\"width: 80px;\" src=\"http:\/\/uogj.edu.al\/old\/wp-content\/uploads\/2023\/04\/ikona-pdf.jpg\" alt=\"\"><\/a>        <\/li>\n<\/ul>\n\n\n\n<div class=\"wp-block-columns is-layout-flex wp-container-core-columns-is-layout-1 wp-block-columns-is-layout-flex\">\n<div class=\"wp-block-column is-layout-flow wp-block-column-is-layout-flow\">\n<ul class=\"wp-block-list\">\n<li><strong><a href=\"https:\/\/uogj.edu.al\/old\/upload\/Evidenacat%20shqip%202021\/Organizimi%20dhe%20menaxhimi%20i%20institucionit\/Vendim%20i%20SA%20per%20ngritjen%20e%20NJSBC.pdf\" target=\"_blank\" rel=\"noreferrer noopener\"><strong>Vendim i SA per ngritjen e NJSBC<\/strong> <\/a>   <\/strong>                   .        <a href=\"https:\/\/uogj.edu.al\/old\/upload\/Evidenacat%20shqip%202021\/Organizimi%20dhe%20menaxhimi%20i%20institucionit\/Vendim%20i%20SA%20per%20ngritjen%20e%20NJSBC.pdf\"><img loading=\"lazy\" decoding=\"async\" width=\"80\" height=\"42\" class=\"wp-image-6269\" style=\"width: 80px;\" src=\"http:\/\/uogj.edu.al\/old\/wp-content\/uploads\/2023\/04\/ikona-pdf.jpg\" alt=\"\"><\/a>        <\/li>\n<\/ul>\n<\/div>\n<\/div>\n\n\n\n<p><strong>ORGANIZIMI I NJSBC-s\u00eb<\/strong><\/p>\n\n\n\n<p>NJSBC-ja p\u00ebrb\u00ebhet nga 7&nbsp; (shtat\u00eb ) an\u00ebtar\u00eb, nga t\u00eb cil\u00ebt<\/p>\n\n\n\n<ol class=\"wp-block-list\" type=\"a\">\n<li>1 (nj\u00eb ) p\u00ebrfaq\u00ebsues t\u00eb Rektoratit t\u00eb UGJ-s\u00eb<\/li>\n\n\n\n<li>3 (tre) p\u00ebrfaq\u00ebsues nga personeli akademik i Nj\u00ebsive Kryesore<\/li>\n\n\n\n<li>2 (dy) p\u00ebrfaq\u00ebsues nga Sektori i Standarteve t\u00eb Cil\u00ebsis\u00eb dhe Kurrikulave<\/li>\n\n\n\n<li>1 (nj\u00eb) &nbsp;p\u00ebrfaq\u00ebsues i student\u00ebve.<\/li>\n<\/ol>\n\n\n\n<p>NJSBC-ja p\u00ebr \u00e7do vler\u00ebsim q\u00eb organizon (akreditim institucional \/ program studimi) , ngrihen Grupet e Vler\u00ebsimit t\u00eb Brendsh\u00ebm (m\u00eb tej GVB), ku merr pjes\u00eb edhe nj\u00eb p\u00ebrfaq\u00ebsues i student\u00ebve.<\/p>\n\n\n\n<div class=\"wp-block-columns is-layout-flex wp-container-core-columns-is-layout-2 wp-block-columns-is-layout-flex\">\n<div class=\"wp-block-column is-layout-flow wp-block-column-is-layout-flow\" style=\"flex-basis:100%\">\n<ul class=\"wp-block-list\">\n<li><a href=\"https:\/\/uogj.edu.al\/old\/upload\/Evidenacat%20shqip%202021\/Organizimi%20dhe%20menaxhimi%20i%20institucionit\/Rregullore%20e%20NJSBC.pdf\" target=\"_blank\" rel=\"noreferrer noopener\"><strong>Rregullore &nbsp;e  NJSBC   <\/strong>    <\/a>               .        <a href=\"https:\/\/uogj.edu.al\/old\/upload\/Evidenacat%20shqip%202021\/Organizimi%20dhe%20menaxhimi%20i%20institucionit\/Rregullore%20e%20NJSBC.pdf\"><img loading=\"lazy\" decoding=\"async\" width=\"80\" height=\"42\" class=\"wp-image-6269\" style=\"width: 80px;\" src=\"http:\/\/uogj.edu.al\/old\/wp-content\/uploads\/2023\/04\/ikona-pdf.jpg\" alt=\"\"><\/a>        <\/li>\n<\/ul>\n<\/div>\n<\/div>\n\n\n\n<p><strong>AKREDITIMI I UNIVERSITETIT \u201cEQREM \u00c7ABEJ\u201d<\/strong><\/p>\n\n\n\n<p>Universiteti synon t\u2019i p\u00ebrshtatet e t\u2019i paraprij\u00eb zhvillimit shoq\u00ebror dhe ekonomik t\u00eb vendit. Ai synon t\u00eb kthehet n\u00eb nj\u00eb q\u00ebnd\u00ebr t\u00eb k\u00ebrkimit shkencor p\u00ebr Rajonin e Jugut. UGJ-ja do t\u00eb vazhdoj\u00eb t\u00eb jet\u00eb qend\u00ebr e fuqishme p\u00ebr arsimimin dhe k\u00ebrkimin shkencor t\u00eb orientuar nga tregu i pun\u00ebs, nga reformat social-ekonomike dhe nga standartet e reja t\u00eb integrimit europian.<\/p>\n\n\n\n<p>Universiteti \u201cEqrem \u00c7abej\u201d Gjirokast\u00ebr vjen n\u00eb pro\u00e7esin e akreditimit institucional&nbsp; periodik pas nj\u00eb eksperince t\u00eb suksesshme tre vjet m\u00eb par\u00eb, ku Institucioni me Vendim Nr.67 dat\u00eb 21.09.2017 , u akreditua p\u00ebr nj\u00eb periudh\u00eb kohore tre vje\u00e7are nga Bordi i Akreditimit i ASCAL.<\/p>\n\n\n\n<p>Pro\u00e7esi i akreditimit \u00ebsht\u00eb n\u00eb vazhdim\u00ebsi t\u00eb k\u00ebsaj eksperince dhe synon plot\u00ebsimin e standardeve t\u00eb cil\u00ebsis\u00eb nga UGJ.<\/p>\n\n\n\n<div class=\"wp-block-columns is-layout-flex wp-container-core-columns-is-layout-4 wp-block-columns-is-layout-flex\">\n<div class=\"wp-block-column is-layout-flow wp-block-column-is-layout-flow\" style=\"flex-basis:100%\">\n<div class=\"wp-block-group\"><div class=\"wp-block-group__inner-container is-layout-constrained wp-block-group-is-layout-constrained\">\n<div class=\"wp-block-columns is-layout-flex wp-container-core-columns-is-layout-3 wp-block-columns-is-layout-flex\">\n<div class=\"wp-block-column is-layout-flow wp-block-column-is-layout-flow\" style=\"flex-basis:100%\">\n<ul class=\"wp-block-list\">\n<li><strong><em>Raporti i Vler\u00ebsimit t\u00eb Brendsh\u00ebm Institucional<\/em><\/strong> <strong><em>shqip<\/em><\/strong>        <img decoding=\"async\" style=\"width: 80px;\" src=\"http:\/\/uogj.edu.al\/old\/wp-content\/uploads\/2023\/04\/ikona-pdf.jpg\"><\/li>\n\n\n\n<li><strong><em>Raporti i Vler\u00ebsimit t\u00eb Brendsh\u00ebm Institucional<\/em><\/strong> <strong><em>anglisht<\/em><\/strong>    <img decoding=\"async\" style=\"width: 80px;\" src=\"http:\/\/uogj.edu.al\/old\/wp-content\/uploads\/2023\/04\/ikona-pdf.jpg\"><\/li>\n<\/ul>\n<\/div>\n<\/div>\n<\/div><\/div>\n<\/div>\n<\/div>\n\n\n\n<p>Agjensia e Sigurimit t\u00eb Cil\u00ebsis\u00eb n\u00eb Arsimin e Lart\u00eb&nbsp; me Vendimin nr. 55, dat\u00eb 16.12.2021<\/p>\n\n\n\n<p class=\"has-text-align-center\">p\u00ebr<\/p>\n\n\n\n<p>Akreditimin Periodik t\u00eb Institucionit t\u00eb Arsimit t\u00eb Lart\u00eb Universiteti \u201cEqrem \u00c7abej\u201d, Gjirokast\u00ebr<\/p>\n\n\n\n<p><strong>VENDOSI;<\/strong><\/p>\n\n\n\n<ol class=\"wp-block-list\" type=\"1\">\n<li>Vler\u00ebsim p\u00ebrfundimtar<strong> POZITIV <\/strong>p\u00ebr institucionin e arsimit t\u00eb lart\u00eb, Universiteti \u201cEqrem \u00c7abej\u201d, Gjirokast\u00ebr, me rekomandimet sipas shtojc\u00ebs s\u00eb k\u00ebtij vendimi.<\/li>\n\n\n\n<li>Akreditimin institucional t\u00eb&nbsp; institucionit&nbsp; t\u00eb arsimit t\u00eb lart\u00eb, Universiteti \u201cEqrem \u00c7abej\u201d, Gjirokast\u00ebr , me koh\u00ebzgjatjen prej&nbsp; 4 (kat\u00ebr) vite.<\/li>\n\n\n\n<li>Afati p\u00ebrfundimtar i vlefshm\u00ebris\u00eb s\u00eb akreditimit t\u00eb institucionit \u00ebsht\u00eb 15. 12. 2025.<\/li>\n\n\n\n<li>Ngarkohet Agjensia e Sigurimit t\u00eb Brendsh\u00ebm t\u00eb Cil\u00ebsis\u00eb n\u00eb Arsimin e Lart\u00eb p\u00ebr zbatimin e k\u00ebtij vendimi, publikimin, dhe l\u00ebshimin e certifikat\u00ebs s\u00eb Akreditimit brenda nj\u00eb muaji nga data e marrjes s\u00eb k\u00ebtij vendimi, si dhe&nbsp; monitorimin e rekomandimeve&nbsp; sipas shtojc\u00ebs bashkelidhur.<\/li>\n<\/ol>\n\n\n\n<ul class=\"wp-block-list\">\n<li><strong><em>Vendimi i BA nr. 55 dat\u00eb 15.12.2021<\/em><\/strong>                      <img decoding=\"async\" style=\"width: 80px;\" src=\"http:\/\/uogj.edu.al\/old\/wp-content\/uploads\/2023\/04\/ikona-pdf.jpg\"><\/li>\n<\/ul>\n\n\n\n<p><strong>Link-u i ASCAL :&nbsp;      <\/strong><a href=\"https:\/\/www.ascal.al\/index.php?option=com_k2&amp;vie\u00eb=item&amp;layout=item&amp;id=93&amp;Itemid=698&amp;lang=sq\"><strong>https:\/\/www.ascal.al\/index.php?option=com_k2&amp;vie\u00eb=item&amp;layout=item&amp;id=93&amp;Itemid=698&amp;lang=sq<\/strong><\/a><\/p>\n\n\n\n<p><strong><u>PLANI I VEPRIMEVE&nbsp; T\u00cb UNIVERSITETIT \u201cEQREM \u00c7ABEJ\u201d N\u00cb KUAD\u00cbR T\u00cb REKOMANDIMEVE T\u00cb BORDIT T\u00cb AKREDITIMIT<\/u><\/strong><\/p>\n\n\n\n<ul class=\"wp-block-list\">\n<li><strong><em>Plani i&nbsp; veprimit t\u00eb UGJ -s\u00eb<\/em><\/strong>                                                               <img decoding=\"async\" style=\"width: 80px;\" src=\"http:\/\/uogj.edu.al\/old\/wp-content\/uploads\/2023\/04\/ikona-pdf.jpg\"><\/li>\n\n\n\n<li><strong><em>Vendimi i Senatit Akademik p\u00ebr miratimin e planit t\u00eb veprimit<\/em><\/strong>  <img decoding=\"async\" style=\"width: 80px;\" src=\"http:\/\/uogj.edu.al\/old\/wp-content\/uploads\/2023\/04\/ikona-pdf.jpg\"><\/li>\n<\/ul>\n\n\n\n<p><\/p>\n","protected":false},"excerpt":{"rendered":"<p>NJ\u00cbSIA E SIGURIMIT T\u00cb BRENDSH\u00cbM T\u00cb CIL\u00cbSIS\u00cb (NJSBC) Nj\u00ebsia e Sigurimit t\u00eb Brendsh\u00ebm t\u00eb Cil\u00ebsis\u00eb miratohet&nbsp; nga Senati Akademik, dhe [&hellip;]<\/p>\n","protected":false},"author":1,"featured_media":0,"parent":0,"menu_order":0,"comment_status":"closed","ping_status":"closed","template":"","meta":{"_monsterinsights_skip_tracking":false,"_monsterinsights_sitenote_active":false,"_monsterinsights_sitenote_note":"","_monsterinsights_sitenote_category":0,"footnotes":""},"class_list":["post-4414","page","type-page","status-publish","hentry"],"_links":{"self":[{"href":"http:\/\/uogj.edu.al\/old\/wp-json\/wp\/v2\/pages\/4414"}],"collection":[{"href":"http:\/\/uogj.edu.al\/old\/wp-json\/wp\/v2\/pages"}],"about":[{"href":"http:\/\/uogj.edu.al\/old\/wp-json\/wp\/v2\/types\/page"}],"author":[{"embeddable":true,"href":"http:\/\/uogj.edu.al\/old\/wp-json\/wp\/v2\/users\/1"}],"replies":[{"embeddable":true,"href":"http:\/\/uogj.edu.al\/old\/wp-json\/wp\/v2\/comments?post=4414"}],"version-history":[{"count":21,"href":"http:\/\/uogj.edu.al\/old\/wp-json\/wp\/v2\/pages\/4414\/revisions"}],"predecessor-version":[{"id":6361,"href":"http:\/\/uogj.edu.al\/old\/wp-json\/wp\/v2\/pages\/4414\/revisions\/6361"}],"wp:attachment":[{"href":"http:\/\/uogj.edu.al\/old\/wp-json\/wp\/v2\/media?parent=4414"}],"curies":[{"name":"wp","href":"https:\/\/api.w.org\/{rel}","templated":true}]}}