{"id":4654,"date":"2021-04-14T14:42:48","date_gmt":"2021-04-14T14:42:48","guid":{"rendered":"http:\/\/uogj.edu.al\/new\/?page_id=4654"},"modified":"2024-01-30T12:34:43","modified_gmt":"2024-01-30T12:34:43","slug":"info-te-reja","status":"publish","type":"page","link":"http:\/\/uogj.edu.al\/old\/info-te-reja\/","title":{"rendered":"Info te reja"},"content":{"rendered":"\n<hr class=\"wp-block-separator has-text-color has-cyan-bluish-gray-color has-css-opacity has-cyan-bluish-gray-background-color has-background is-style-wide\"\/>\n\n\n\n<div class=\"wp-block-columns is-layout-flex wp-container-core-columns-is-layout-1 wp-block-columns-is-layout-flex\">\n<div class=\"wp-block-column is-layout-flow wp-block-column-is-layout-flow\">\n<p><strong>Koordinatori p\u00ebr t\u00eb drejt\u00ebn e informimit&nbsp;i Komisionerit p\u00ebr t\u00eb Drejt\u00ebn e Informimit dhe Mbrojtjen e t\u00eb Dh\u00ebnave Personale<\/strong>:<\/p>\n<\/div>\n\n\n\n<div class=\"wp-block-column is-layout-flow wp-block-column-is-layout-flow\">\n<p><strong>Znj<\/strong>. Briseda Kamemaj<\/p>\n\n\n\n<p><strong>Email<\/strong>:&nbsp; &nbsp; &nbsp;&nbsp;<a href=\"mailto:bkamemaj@uogj.edu.al\" target=\"_blank\" rel=\"noreferrer noopener\">bkamemaj@uogj.edu.al<\/a>&nbsp;<\/p>\n\n\n\n<p><strong>Tel:<\/strong>&nbsp;&nbsp;&nbsp; &nbsp; &nbsp; &nbsp; +355 8 4263408<\/p>\n\n\n\n<p><strong>Adresa:<\/strong>&nbsp; &nbsp; Lagjia \u201c18 Shtatori\u201d, rruga \u201c Studenti\u201d,&nbsp; Gjirokaster<\/p>\n\n\n\n<p><strong>Orari:<\/strong>&nbsp;&nbsp;&nbsp;&nbsp;&nbsp;&nbsp;&nbsp; E H\u00ebn\u00eb \u2013 E Premte 08:00 \u2013 16:00<\/p>\n<\/div>\n<\/div>\n\n\n\n<hr class=\"wp-block-separator has-text-color has-cyan-bluish-gray-color has-css-opacity has-cyan-bluish-gray-background-color has-background is-style-wide\"\/>\n\n\n\n<br>\n\n\n\n<p class=\"has-text-align-center\"><strong>NJOFTIM PUBLIK<\/strong><br><a href=\"https:\/\/uogj.edu.al\/upload\/Thirrja%20e%20aplikimeve%20per%20mbeshtetje%20financiare.pdf\" target=\"_blank\" rel=\"noreferrer noopener\">P\u00cbR PARAQITJEN E APLIKIMEVE P\u00cbR T\u00cb P\u00cbRFITUAR MB\u00cbSHTETJE FINANCIARE, NGA STUDENT\u00cbT E REGJISTRUAR<br>N\u00cb VITIN AKADEMIK 2023-2024. Shkarko formular aplikimi<\/a><\/p>\n\n\n\n<br>\n\n\n\n<p><strong>Video-materiali n\u00eb kuad\u00ebr t\u00eb Dit\u00ebs Nd\u00ebrkomb\u00ebtare t\u00eb Mbrojtjes s\u00eb t\u00eb Dh\u00ebnave Personale<\/strong>\u2013 28 Janar 2024. Link i video-materiali:\u00a0<strong><a rel=\"noreferrer noopener\" href=\"https:\/\/www.youtube.com\/watch?v=HCiwJkUo404\" target=\"_blank\">https:\/\/www.youtube.com\/watch?v=HCiwJkUo404<\/a> \u00a0<\/strong>\u00a0\u00a0\u00a0\u00a0\u00a0\u00a0\u00a0\u00a0\u00a0\u00a0\u00a0\u00a0P\u00ebr t\u00eb sjell\u00eb n\u00eb v\u00ebmendjen e gjith\u00ebsecilit se sa t\u00eb kujdessh\u00ebm duhet t\u00eb jemi gjat\u00eb p\u00ebrdorimit t\u00eb pajisjeve elektronike dhe teknologjis\u00eb, n\u00eb kuad\u00ebr t\u00eb ruajtjes s\u00eb informacionit dhe t\u00eb dh\u00ebnat personale.<\/p>\n\n\n\n<p><\/p>\n\n\n\n<p>Zyra e Komisionerit p\u00ebr t\u00eb Drejt\u00ebn e Informimit dhe Mbrojtjen e t\u00eb Dh\u00ebnave Personale, n\u00eb kuad\u00ebr t\u00eb aktiviteteve p\u00ebr Jav\u00ebn e Mbrojtjes s\u00eb t\u00eb Dh\u00ebnave Personale dhe n\u00eb funksion t\u00eb interesit publik, ka <a href=\"https:\/\/www.uogj.edu.al\/upload\/poster%20autoritetet%20publike.pdf\">p\u00ebrgatitur <strong>nj\u00eb poster elektronik<\/strong> nd\u00ebrgjegj\u00ebsuese.kliko posterin\u2026<\/a><strong> &nbsp;&nbsp;&nbsp;&nbsp;&nbsp;&nbsp;&nbsp;&nbsp;&nbsp;&nbsp;&nbsp;&nbsp;&nbsp;&nbsp;&nbsp;&nbsp;&nbsp;&nbsp;&nbsp;&nbsp;&nbsp;&nbsp;&nbsp;&nbsp;&nbsp;&nbsp;&nbsp;&nbsp;&nbsp;&nbsp;&nbsp;&nbsp;&nbsp;&nbsp;&nbsp;&nbsp;&nbsp;&nbsp;&nbsp;&nbsp;&nbsp;&nbsp;&nbsp;&nbsp;&nbsp;&nbsp;&nbsp;&nbsp;&nbsp;28 Janari \u00ebsht\u00eb Dita e Mbrojtjes s\u00eb t\u00eb Dh\u00ebnave Personale dhe n\u00eb bot\u00eb njihet si Dita e Privat\u00ebsis\u00eb \u2013 Privacy Day&nbsp;&nbsp;&nbsp;&nbsp;&nbsp;&nbsp;&nbsp;&nbsp;&nbsp;&nbsp;&nbsp;&nbsp;&nbsp;&nbsp;&nbsp;&nbsp;<\/strong><\/p>\n\n\n<div class=\"wp-block-image\">\n<figure class=\"aligncenter size-large is-resized\"><a href=\"https:\/\/www.uogj.edu.al\/upload\/poster%20autoritetet%20publike.pdf\"><img loading=\"lazy\" decoding=\"async\" src=\"https:\/\/uogj.edu.al\/wp-content\/uploads\/2023\/01\/poster-autoritetet-publike-1024x590.jpg\" alt=\"\" class=\"wp-image-6072\" width=\"656\" height=\"377\"\/><\/a><figcaption class=\"wp-element-caption\"><a href=\"https:\/\/www.uogj.edu.al\/upload\/poster%20autoritetet%20publike.pdf\" target=\"_blank\" rel=\"noreferrer noopener\">https:\/\/www.uogj.edu.al\/upload\/poster%20autoritetet%20publike.pdf<\/a><\/figcaption><\/figure><\/div>\n\n\n<p>Zyra e Komisionerit k\u00ebrkon bashk\u00ebpunimin p\u00ebr publikimin\/vendosjen e tij n\u00eb faqet zyrtare t\u00eb internetit t\u00eb autoritetit\/kontrolluesit publik q\u00eb p\u00ebrfaq\u00ebsoni, n\u00eb cil\u00ebsin\u00eb e \u201c<em>n\u00ebpun\u00ebsit t\u00eb mbrojtjes s\u00eb t\u00eb dh\u00ebnave<\/em>\u201d (DPO), n\u00eb intervalin kohor 27-29 janar 2023, p\u00ebr rritjen e njohurive t\u00eb qytetar\u00ebve mbi ushtrimin e k\u00ebsaj t\u00eb drejte themelore kushtetuese.<\/p>\n\n\n\n<br>\n\n\n\n<p>Ju informojm\u00eb se Ministria e Mbrojtjes hap &nbsp;Njoftimin <a href=\"http:\/\/www.uogj.edu.al\/upload\/Thirrje%20AADF.pdf\">MBI KRITERET E PRANIMIT DHE REGJISTRIMI I KANDIDAT\u00cbVE, DOKUMENTACIONI I NEVOJSH\u00cbM<\/a>     Afati per dorezimin e dokumentacionit: deri ne 11 Gusht 2022<\/p>\n\n\n\n<br>\n\n\n\n<p class=\"has-text-align-center\"><strong>Eja tek ne t\u00eb m\u00ebsosh gjuh\u00ebn italiane!<\/strong><\/p>\n\n\n\n<p>N\u00eb dat\u00ebn 1 shtator rihapen regjistrimet n\u00eb kurset e nivelit A1, A2, B1 dhe B2 t\u00eb Institutit Italian t\u00eb Kultur\u00ebs, t\u00eb cil\u00ebt do t\u00eb fillojn\u00eb m\u00eb 16 shtator 2022: konsulto sitin tone &nbsp;<a href=\"http:\/\/www.iictirana.esteri.it\/\" target=\"_blank\" rel=\"noreferrer noopener\">www.iictirana.esteri.it<\/a>&nbsp;ose, p\u00ebr t\u00eb gjitha informacionet e nevojshme, na kontakto n\u00eb numrin &nbsp;+35542379580<\/p>\n\n\n\n<br>\n\n\n\n<p>Ju informojm\u00eb se programi&nbsp;<strong><a rel=\"noreferrer noopener\" href=\"https:\/\/b4students.com\/\" target=\"_blank\">B4Students<\/a>&nbsp;<\/strong>nga&nbsp;<strong>Grupi BALFIN,<\/strong>&nbsp;ka rihapur thirrjet p\u00ebr aplikim nga student\u00ebt n\u00eb: i.&nbsp;<strong><u>Programin e Praktik\u00ebs &amp; Pun\u00ebsimit<\/u>&nbsp;<\/strong>dhe ii.&nbsp;<strong><u>Konkursin e Ideve t\u00eb Biznesit<\/u>.<\/strong><\/p>\n\n\n\n<p><strong><u><a href=\"https:\/\/b4students.com\/internships\/\" target=\"_blank\" rel=\"noreferrer noopener\">i. Programi i Praktik\u00ebs &amp; Pun\u00ebsimit,<\/a><\/u><\/strong>&nbsp;p\u00ebr k\u00ebt\u00eb vit, do t\u00eb ofrohet n\u00eb dy periudha 3-mujore,&nbsp;<strong>mars \u2013 prill \u2013 maj<\/strong>&nbsp;dhe&nbsp;<strong>gusht \u2013 shtator \u2013 tetor<\/strong>. P\u00ebr 3-mujorin e par\u00eb t\u00eb praktik\u00ebs,&nbsp;aplikimet do t\u00eb pranohen deri m\u00eb dat\u00eb 20 shkurt, n\u00ebp\u00ebrmjet&nbsp;<a href=\"http:\/\/www.b4students.com\/\" target=\"_blank\" rel=\"noreferrer noopener\">www.b4students.com<\/a>.<\/p>\n\n\n\n<p>&nbsp;Student\u00ebt kan\u00eb mund\u00ebsi t\u00eb vler\u00ebsojn\u00eb&nbsp;mund\u00ebsit\u00eb p\u00ebr praktik\u00eb n\u00eb 5 sektor\u00eb,&nbsp;45 kategori pun\u00ebsimi&nbsp;dhe&nbsp;13 kompani partnere.&nbsp;P\u00ebr secil\u00ebn prej mund\u00ebsive, student\u00ebt mund t\u00eb informohen n\u00eb detaje mbi detyrat, p\u00ebrfitimet dhe profilin e kandidatit, duke lexuar p\u00ebrshkrimin e pun\u00ebs t\u00eb publikuar n\u00eb&nbsp;<a href=\"http:\/\/www.b4students.com\/\" target=\"_blank\" rel=\"noreferrer noopener\">www.b4students.com<\/a>&nbsp;sipas preferenc\u00ebs s\u00eb tyre dhe vijuar me aplikimin online.<\/p>\n\n\n\n<p><strong><u><a href=\"https:\/\/b4students.com\/business-idea-competition\/\" target=\"_blank\" rel=\"noreferrer noopener\">ii. Konkursi i Ideve t\u00eb Biznesit,<\/a><\/u><\/strong>&nbsp;\u00ebsht\u00eb nj\u00eb mund\u00ebsi tjet\u00ebr p\u00ebr student\u00ebt q\u00eb synojn\u00eb t\u00eb nd\u00ebrtojn\u00eb biznesin e tyre, por ju duhet mb\u00ebshtetje. P\u00ebr edicionin e dyt\u00eb t\u00eb konkursit,&nbsp;aplikimet do t\u00eb pranohen deri m\u00eb dat\u00eb 7 mars, n\u00ebp\u00ebrmjet&nbsp;<a href=\"http:\/\/www.b4students.com\/\" target=\"_blank\" rel=\"noreferrer noopener\">www.b4students.com<\/a>.<\/p>\n\n\n\n<p>P\u00ebr aplikant\u00ebt me idet\u00eb m\u00eb t\u00eb mira, B4Students do t\u00eb mund\u00ebsoj\u00eb: i.&nbsp;<strong>grant deri n\u00eb 5000 euro<\/strong>&nbsp;p\u00ebr mbulimin e shpenzimeve t\u00eb fillimit t\u00eb aktivitetit, ii.&nbsp;<strong>paket\u00eb trajnimi<\/strong>&nbsp;p\u00ebr zhvillimin e kompetencave n\u00eb biznes, iii.&nbsp;<strong>mentorim p\u00ebr 6 muaj<\/strong>, iv. mund\u00ebsi kreditimi nga Tirana Bank, n\u00eb rast nevoje, si dhe v. mund\u00ebsi partneriteti me Grupin BALFIN dhe shoq\u00ebrit\u00eb e saj.<\/p>\n\n\n\n<p>N\u00ebp\u00ebrmjet programit B4Students, Grupi BALFIN synon t\u00eb luaj\u00eb nj\u00eb rol t\u00eb r\u00ebnd\u00ebsish\u00ebm n\u00eb edukimin e lart\u00eb, duke u angazhuar t\u00eb ofroj\u00eb mb\u00ebshtetje p\u00ebr student\u00ebt n\u00eb zhvillimin profesional, pun\u00ebsimin n\u00eb profil, si dhe vet\u00ebpun\u00ebsimin n\u00ebp\u00ebrmjet sip\u00ebrmarrrjes.<\/p>\n\n\n\n<p><strong>Duke ju falenderuar p\u00ebr koh\u00ebn, lutemi p\u00ebrcjelljen e k\u00ebtij njoftimi tek struktura e duhur p\u00ebr informimin e student\u00ebve.<\/strong><\/p>\n\n\n\n<br>\n\n\n\n<p>CleanScore hap :&nbsp; <a rel=\"noreferrer noopener\" href=\"http:\/\/www.uogj.edu.al\/upload\/Konkursi%20Punimeve%20K%C3%ABrkimore%203.jpeg\" target=\"_blank\"><strong>Thirrjen p\u00ebr aplikime n\u00eb Konkursin e Punimeve K\u00ebrkimore 3<\/strong><\/a><\/p>\n\n\n\n<p><em>Gjithmon\u00eb do t\u00eb ekzistoj\u00eb di\u00e7ka e re dhe interesante \u201cp\u00ebr t\u2019u zbuluar\u201d!<br>CleanScore organizon &#8220;Konkursin e Punimeve K\u00ebrkimore &#8211; 3&#8221;<br>Pjes\u00ebmarrja n\u00eb k\u00ebt\u00eb konkurs \u00ebsht\u00eb e hapur p\u00ebr t\u00eb gjith\u00eb student\u00ebt q\u00eb ndjekin aktualisht studimet n\u00eb t\u00eb gjitha universitetet n\u00eb Shqip\u00ebri si dhe student\u00ebt q\u00eb ndjekin studimet n\u00eb t\u00eb gjitha universitetet n\u00eb ballkan q\u00eb kan\u00eb programe studimi n\u00eb gjuh\u00ebn shqipe. Punimet q\u00eb do t\u00eb pranohen n\u00eb konkurs nuk kan\u00eb kufizim p\u00ebr fush\u00ebn e studimit.<\/em><\/p>\n\n\n\n<p class=\"has-text-align-center\"><em>&#8211; Afati i dor\u00ebzimit: deri n\u00eb 15 Maj 2022,<br>&#8211; Shpallja e fituesve n\u00eb 15 Qershor 2022.<\/em><\/p>\n\n\n\n<p>CleanScore ben : <a href=\"http:\/\/www.uogj.edu.al\/upload\/thirrje%20konkurs%20me%20punime.pdf\"><strong>THIRRJE P\u00cbR APLIKIME &#8211; KONKURS ME PUNIME K\u00cbRKIMORE<\/strong><\/a><\/p>\n\n\n\n<p><a href=\"http:\/\/www.uogj.edu.al\/upload\/Publikim%20te%20dhenave%20financiare%2007.2021.pdf\">Formati i publikimit te te dhenave per periudhen Janar &#8211; Qershor 2021<\/a><\/p>\n\n\n\n<p>Kliko: <a href=\"http:\/\/www.uogj.edu.al\/upload\/Publikim%20te%20dhenave%20financiare%2004.2021.pdf\"><strong>Formati i publikimit te te dhenave per periudhen Janar-Prill 2021<\/strong><\/a><\/p>\n\n\n\n<br>\n\n\n\n<p class=\"has-text-align-center\"><strong>Thirrje p\u00ebr aplikim <\/strong><\/p>\n\n\n\n<p>Ministria e Ekonomis\u00eb dhe Financave shpall thirrjen p\u00ebr aplikime p\u00ebr ngritjen e&nbsp;&nbsp;<strong>Platform\u00ebs s\u00eb Partneritetit t\u00eb Integrimit Europian&nbsp; MFE \u2013 GIZ,&nbsp;<\/strong>&nbsp;publikuar n\u00eb Fletoren Zyrtare (<strong>Buletini nr. 7, viti 2021<\/strong>).Mund t\u00eb aplikoni si organizat\u00eb, por edhe si individ.        <strong>Afati i aplikimit \u00ebsht\u00eb data 15 mars, 2021.<\/strong>&nbsp;P\u00ebr cdo sqarim komunikoni n\u00eb adres\u00ebn elektronike:&nbsp;&nbsp;laureta.spahiu<a rel=\"noreferrer noopener\" href=\"mailto:alma.bilali@giz.de\" target=\"_blank\">@giz.de<\/a><\/p>\n\n\n\n<p>Ju informojme se Instituti Konfuci-UT, ka nisur regjistrimet p\u00ebr nj\u00eb program veror kushtuar gjuh\u00ebs dhe kultur\u00ebs kineze p\u00ebr t\u00eb gjith\u00eb t\u00eb interesuarit.   N\u00eb k\u00ebt\u00eb program veror ofrohen nivelet fillestare HSK 1 dhe HSK 2, t\u00eb cilat do t\u00eb zhvillohen online n\u00eb platformen ZOOM.                    &nbsp;Bashk\u00ebngjitur gjeni  dhe  linkun p\u00ebr njoftim :                       <a href=\"https:\/\/docs.google.com\/forms\/d\/1TV-J-X8tur10Hk3ROuv4elyX5JbYBHPLDudnY9YePx0\/viewform?edit_requested=true\"><strong> Linku<\/strong><\/a><\/p>\n\n\n\n<br>\n\n\n\n<p class=\"has-text-align-center\"><strong>NJOFTIM<\/strong><\/p>\n\n\n\n<p>Mund t\u00eb informoheni me projektin e hartuar p\u00ebr&nbsp; \u201crikonstruksionin dhe shtes\u00ebn e re t\u00eb ish&nbsp;Sht\u00ebpis\u00eb s\u00eb Ushtarak\u00ebve\u201d duke klikuar si m\u00eb poshte:<\/p>\n\n\n\n<ul class=\"wp-block-list\">\n<li><a href=\"http:\/\/uogj.edu.al\/upload\/Imazhe%20Univ%20Gjirokaster.pdf\">Pamje p\u00ebr rikonstruksionin&nbsp;&nbsp;e godin\u00ebs<\/a><\/li>\n<\/ul>\n\n\n\n<p>Mund te informoheni p\u00ebr shpallje konkursi p\u00ebr pedagog\u00eb t\u00eb ftuar (t\u00eb jasht\u00ebm) me kriteret dhe&nbsp;dokumentacionin e nevojshem duke klikuar si me poshte:<\/p>\n\n\n\n<ul class=\"wp-block-list\">\n<li><a href=\"http:\/\/www.uogj.edu.al\/upload\/pedagog%20te%20ftuar%20FESHSH.pdf\">&nbsp; Njoftim p\u00ebr shpallje konkursi p\u00ebr pedagog t\u00eb ftuar<\/a><\/li>\n<\/ul>\n\n\n\n<p>Ju mund te informoheni mbi ecurin\u00eb e procesit zgjedhor n\u00eb UGJ p\u00ebr autoritetet dhe organet drejtuese p\u00ebr zgjedhjet e dt. 20 prill 2016:<\/p>\n\n\n\n<ul class=\"wp-block-list\">\n<li><a href=\"http:\/\/www.uogj.edu.al\/upload\/KOMUNIKATE.pdf\">KOMUNIKAT\u00cb<\/a><\/li>\n<\/ul>\n\n\n\n<br>\n\n\n\n<p>Gjithashtu mund te informoheni duke klikuar mbi:&nbsp;&nbsp;<a href=\"http:\/\/www.uogj.edu.al\/upload\/PROGRAM%20TRANSPARENCE.docx\"><strong>PROGRAM TRANSPARENCE<\/strong><\/a><\/p>\n\n\n\n<p>Data e fillimit te vitit akademik 16 tetor 2017&nbsp;<a href=\"http:\/\/www.uogj.edu.al\/upload\/fillimi%20vitit%20te%20ri%20akademik.pdf\">Urdheri nr.418<\/a><\/p>\n\n\n\n<ul class=\"wp-block-list\">\n<li><a href=\"http:\/\/www.uogj.edu.al\/upload\/Udhezimi%20nr%2024%20dt%207%2010%202016.pdf\">Udh\u00ebzimin nr. 24, dat\u00eb 07.10.2016 t\u00eb Ministrit t\u00eb Arsimit dhe Sportit, mbi regjistrimet n\u00eb IAL p\u00ebr vitin akademik 2016 \u2013 2017.<\/a><\/li>\n<\/ul>\n\n\n\n<ul class=\"wp-block-list\">\n<li><a href=\"http:\/\/www.uogj.edu.al\/upload\/Pranimet%20per%20ciklin%20e%20dyte%20te%20studimeve.pdf\">Pranimet per ciklin e dyte te studimeve me kohe te plote \u201cMaster Profesional\u201d dhe \u201cMaster i Shkencave\u201d<\/a><\/li>\n<\/ul>\n","protected":false},"excerpt":{"rendered":"<p>Koordinatori p\u00ebr t\u00eb drejt\u00ebn e informimit&nbsp;i Komisionerit p\u00ebr t\u00eb Drejt\u00ebn e Informimit dhe Mbrojtjen e t\u00eb Dh\u00ebnave Personale: Znj. Briseda [&hellip;]<\/p>\n","protected":false},"author":1,"featured_media":0,"parent":0,"menu_order":0,"comment_status":"closed","ping_status":"closed","template":"","meta":{"_monsterinsights_skip_tracking":false,"_monsterinsights_sitenote_active":false,"_monsterinsights_sitenote_note":"","_monsterinsights_sitenote_category":0,"footnotes":""},"class_list":["post-4654","page","type-page","status-publish","hentry"],"_links":{"self":[{"href":"http:\/\/uogj.edu.al\/old\/wp-json\/wp\/v2\/pages\/4654"}],"collection":[{"href":"http:\/\/uogj.edu.al\/old\/wp-json\/wp\/v2\/pages"}],"about":[{"href":"http:\/\/uogj.edu.al\/old\/wp-json\/wp\/v2\/types\/page"}],"author":[{"embeddable":true,"href":"http:\/\/uogj.edu.al\/old\/wp-json\/wp\/v2\/users\/1"}],"replies":[{"embeddable":true,"href":"http:\/\/uogj.edu.al\/old\/wp-json\/wp\/v2\/comments?post=4654"}],"version-history":[{"count":18,"href":"http:\/\/uogj.edu.al\/old\/wp-json\/wp\/v2\/pages\/4654\/revisions"}],"predecessor-version":[{"id":6541,"href":"http:\/\/uogj.edu.al\/old\/wp-json\/wp\/v2\/pages\/4654\/revisions\/6541"}],"wp:attachment":[{"href":"http:\/\/uogj.edu.al\/old\/wp-json\/wp\/v2\/media?parent=4654"}],"curies":[{"name":"wp","href":"https:\/\/api.w.org\/{rel}","templated":true}]}}