{"id":4667,"date":"2021-04-15T07:14:17","date_gmt":"2021-04-15T07:14:17","guid":{"rendered":"http:\/\/uogj.edu.al\/new\/?page_id=4667"},"modified":"2024-11-25T09:59:17","modified_gmt":"2024-11-25T09:59:17","slug":"biblioteka-online","status":"publish","type":"page","link":"http:\/\/uogj.edu.al\/old\/biblioteka-online\/","title":{"rendered":"Biblioteka Online"},"content":{"rendered":"\n<p class=\"has-text-align-center\"><strong>&nbsp;<a href=\"https:\/\/uogj.edu.al\/upload\/Evidenacat%20shqip%202021\/Studentet%20dhe%20Mbeshtetja%20e%20tyre\/E5.8%20Rregullore%20e%20bibliotekes.pdf\" target=\"_blank\" rel=\"noreferrer noopener\">Rregullore    e&nbsp;  bibliotekes&nbsp;&nbsp;<\/a><\/strong><\/p>\n\n\n\n<p>Aksesi online do t\u00eb mund\u00ebsohet me emailin q\u00eb p\u00ebrdorni n\u00eb universitetetin tuaj duke aksesuar:<strong>&nbsp;<a rel=\"noreferrer noopener\" href=\"https:\/\/ulibrary.rash.al\/\" target=\"_blank\">k\u00ebt\u00eb link<\/a><a href=\"https:\/\/ulibrary.rash.al\/\">&nbsp;<\/a><\/strong><\/p>\n\n\n\n<figure class=\"wp-block-image size-large\"><a href=\"https:\/\/ulibrary.rash.al\/\" target=\"_blank\" rel=\"noopener\"><img loading=\"lazy\" decoding=\"async\" width=\"768\" height=\"330\" src=\"http:\/\/uogj.edu.al\/wp-content\/uploads\/2021\/04\/u-library-768x330-1.jpg\" alt=\"\" class=\"wp-image-3501\"\/><\/a><\/figure>\n\n\n<div class=\"wp-block-image\">\n<figure class=\"aligncenter is-resized\"><a href=\"https:\/\/plus.al.cobiss.net\/opac7\/bib\/search\"><img decoding=\"async\" src=\"https:\/\/uogj.edu.al\/wp-content\/uploads\/2019\/12\/image-19.png\" alt=\"\" style=\"width:534px;height:197px\"\/><\/a><figcaption class=\"wp-element-caption\"><a href=\"https:\/\/plus.al.cobiss.net\/opac7\/bib\/search\">https:\/\/plus.al.cobiss.net\/opac7\/bib\/search<\/a><\/figcaption><\/figure><\/div>\n\n\n<p><a href=\"https:\/\/plus.al.cobiss.net\/opac7\/bib\/search\">Biblioteka virtuale<\/a><\/p>\n\n\n\n<p class=\"has-text-align-right\"><strong><a href=\"http:\/\/www.uogj.edu.al\/upload\/Biblioteka-Manual%20p%C3%ABrdorimi.pdf\">Biblioteka-Manual p\u00ebrdorimi<\/a><\/strong><\/p>\n","protected":false},"excerpt":{"rendered":"<p>&nbsp;Rregullore e&nbsp; bibliotekes&nbsp;&nbsp; Aksesi online do t\u00eb mund\u00ebsohet me emailin q\u00eb p\u00ebrdorni n\u00eb universitetetin tuaj duke aksesuar:&nbsp;k\u00ebt\u00eb link&nbsp; Biblioteka virtuale [&hellip;]<\/p>\n","protected":false},"author":1,"featured_media":0,"parent":0,"menu_order":0,"comment_status":"closed","ping_status":"closed","template":"","meta":{"_monsterinsights_skip_tracking":false,"_monsterinsights_sitenote_active":false,"_monsterinsights_sitenote_note":"","_monsterinsights_sitenote_category":0,"footnotes":""},"class_list":["post-4667","page","type-page","status-publish","hentry"],"_links":{"self":[{"href":"http:\/\/uogj.edu.al\/old\/wp-json\/wp\/v2\/pages\/4667"}],"collection":[{"href":"http:\/\/uogj.edu.al\/old\/wp-json\/wp\/v2\/pages"}],"about":[{"href":"http:\/\/uogj.edu.al\/old\/wp-json\/wp\/v2\/types\/page"}],"author":[{"embeddable":true,"href":"http:\/\/uogj.edu.al\/old\/wp-json\/wp\/v2\/users\/1"}],"replies":[{"embeddable":true,"href":"http:\/\/uogj.edu.al\/old\/wp-json\/wp\/v2\/comments?post=4667"}],"version-history":[{"count":7,"href":"http:\/\/uogj.edu.al\/old\/wp-json\/wp\/v2\/pages\/4667\/revisions"}],"predecessor-version":[{"id":6740,"href":"http:\/\/uogj.edu.al\/old\/wp-json\/wp\/v2\/pages\/4667\/revisions\/6740"}],"wp:attachment":[{"href":"http:\/\/uogj.edu.al\/old\/wp-json\/wp\/v2\/media?parent=4667"}],"curies":[{"name":"wp","href":"https:\/\/api.w.org\/{rel}","templated":true}]}}