{"id":5194,"date":"2021-06-15T17:10:51","date_gmt":"2021-06-15T17:10:51","guid":{"rendered":"http:\/\/uogj.edu.al\/?page_id=5194"},"modified":"2024-05-28T11:21:49","modified_gmt":"2024-05-28T11:21:49","slug":"programi-quadic","status":"publish","type":"page","link":"http:\/\/uogj.edu.al\/old\/programi-quadic\/","title":{"rendered":"Thirrje per pjesemarrje ne aktivitete akademike"},"content":{"rendered":"\n<p><\/p>\n\n\n\n<p class=\"has-medium-font-size\"><a href=\"https:\/\/www.uogj.edu.al\/upload\/thirrje\/Konferenca%20e%207_ICONSR.pdf\">Hapet thirrja\u00a0 Konferenc\u00eb Nd\u00ebrkomb\u00ebtare p\u00ebr k\u00ebrkimin n\u00eb Shkencat Shoq\u00ebrore: \u00a0Konferenca e 7-t\u00eb ICONSR<\/a><\/p>\n\n\n\n<p class=\"has-medium-font-size\"><a href=\"https:\/\/www.uogj.edu.al\/upload\/thirrje\/Thirrje%20Perugia%202024.pdf\">Hapet thirrja p\u00ebr pjes\u00ebmarrje n\u00eb kursin e avancuar t\u00eb trajnimit: \u201cMaria Montessori: &nbsp;Pedagogjia p\u00ebr paqen\u201d, UNIVERSITETI P\u00cbR T\u00cb HUAJT, Peruxhia<\/a><\/p>\n\n\n\n<p><strong>Hapet thirrja p\u00ebr aplikime p\u00ebr Konferenc\u00ebn e XII Nd\u00ebrkomb\u00ebtare p\u00ebr Gazetari, Media dhe Komunikim n\u00eb Prishtin\u00eb, Kosov\u00eb<\/strong><\/p>\n\n\n\n<p><strong>Hapet thirrja p\u00ebr aplikime p\u00ebr Konferenc\u00ebn e IX Shkencore Nd\u00ebrkomb\u00ebtare \u201cMedia dhe Ekonomia\u201d<\/strong><\/p>\n\n\n\n<p><strong>Hapet thirrja p\u00ebr aplikime p\u00ebr &#8220;AKADEMIA P\u00cbR PROTOKOLL, KOMUNIKIM DHE ETIKET\u00cb DIPLOMATIKE&#8221;<\/strong><\/p>\n\n\n\n<p><strong>Hapet thirrja p\u00ebr aplikime p\u00ebr pjes\u00ebmarrje n\u00eb konferenc\u00ebn e 7-t\u00eb nd\u00ebrkomb\u00ebtare p\u00ebr Software dhe E-biznesin n\u00eb Osaka, Japoni<\/strong><\/p>\n\n\n\n<p><strong>Hapet thirrja p\u00ebr aplikime n\u00eb Konferenc\u00ebn Evropiane p\u00ebr Etik\u00ebn dhe Integritetin n\u00eb Akademin\u00eb 2023<\/strong><\/p>\n","protected":false},"excerpt":{"rendered":"<p>Hapet thirrja\u00a0 Konferenc\u00eb Nd\u00ebrkomb\u00ebtare p\u00ebr k\u00ebrkimin n\u00eb Shkencat Shoq\u00ebrore: \u00a0Konferenca e 7-t\u00eb ICONSR Hapet thirrja p\u00ebr pjes\u00ebmarrje n\u00eb kursin e [&hellip;]<\/p>\n","protected":false},"author":3,"featured_media":0,"parent":0,"menu_order":0,"comment_status":"closed","ping_status":"closed","template":"","meta":{"_monsterinsights_skip_tracking":false,"_monsterinsights_sitenote_active":false,"_monsterinsights_sitenote_note":"","_monsterinsights_sitenote_category":0,"footnotes":""},"class_list":["post-5194","page","type-page","status-publish","hentry"],"_links":{"self":[{"href":"http:\/\/uogj.edu.al\/old\/wp-json\/wp\/v2\/pages\/5194"}],"collection":[{"href":"http:\/\/uogj.edu.al\/old\/wp-json\/wp\/v2\/pages"}],"about":[{"href":"http:\/\/uogj.edu.al\/old\/wp-json\/wp\/v2\/types\/page"}],"author":[{"embeddable":true,"href":"http:\/\/uogj.edu.al\/old\/wp-json\/wp\/v2\/users\/3"}],"replies":[{"embeddable":true,"href":"http:\/\/uogj.edu.al\/old\/wp-json\/wp\/v2\/comments?post=5194"}],"version-history":[{"count":9,"href":"http:\/\/uogj.edu.al\/old\/wp-json\/wp\/v2\/pages\/5194\/revisions"}],"predecessor-version":[{"id":6661,"href":"http:\/\/uogj.edu.al\/old\/wp-json\/wp\/v2\/pages\/5194\/revisions\/6661"}],"wp:attachment":[{"href":"http:\/\/uogj.edu.al\/old\/wp-json\/wp\/v2\/media?parent=5194"}],"curies":[{"name":"wp","href":"https:\/\/api.w.org\/{rel}","templated":true}]}}