{"id":5507,"date":"2021-10-03T09:06:03","date_gmt":"2021-10-03T09:06:03","guid":{"rendered":"https:\/\/uogj.edu.al\/?page_id=5507"},"modified":"2025-09-16T09:40:27","modified_gmt":"2025-09-16T09:40:27","slug":"tabela-e-projekteve","status":"publish","type":"page","link":"http:\/\/uogj.edu.al\/old\/tabela-e-projekteve\/","title":{"rendered":"Tabela e Projekteve"},"content":{"rendered":"\n<p><\/p>\n\n\n\n<Br>\n\n\n\n<iframe loading=\"lazy\" src=\"https:\/\/uogj.edu.al\/upload\/aktivitetet\/LISTA%20E%20PROJEKTEVE%202025.pdf \n\" width=\"100%\" height=\"700\" \"=\"\">\n<\/iframe>\n\n\n\n<p class=\"has-text-align-center has-medium-font-size\"><a href=\"https:\/\/uogj.edu.al\/upload\/aktivitetet\/LISTA%20E%20PROJEKTEVE%202025.pdf\">Kliko list\u00ebn e p\u00ebrdit\u00ebsuar t\u00eb projekteve<\/a><\/p>\n\n\n\n<p><\/p>\n","protected":false},"excerpt":{"rendered":"","protected":false},"author":3,"featured_media":0,"parent":0,"menu_order":0,"comment_status":"closed","ping_status":"closed","template":"","meta":{"_monsterinsights_skip_tracking":false,"_monsterinsights_sitenote_active":false,"_monsterinsights_sitenote_note":"","_monsterinsights_sitenote_category":0,"footnotes":""},"class_list":["post-5507","page","type-page","status-publish","hentry"],"_links":{"self":[{"href":"http:\/\/uogj.edu.al\/old\/wp-json\/wp\/v2\/pages\/5507"}],"collection":[{"href":"http:\/\/uogj.edu.al\/old\/wp-json\/wp\/v2\/pages"}],"about":[{"href":"http:\/\/uogj.edu.al\/old\/wp-json\/wp\/v2\/types\/page"}],"author":[{"embeddable":true,"href":"http:\/\/uogj.edu.al\/old\/wp-json\/wp\/v2\/users\/3"}],"replies":[{"embeddable":true,"href":"http:\/\/uogj.edu.al\/old\/wp-json\/wp\/v2\/comments?post=5507"}],"version-history":[{"count":9,"href":"http:\/\/uogj.edu.al\/old\/wp-json\/wp\/v2\/pages\/5507\/revisions"}],"predecessor-version":[{"id":6987,"href":"http:\/\/uogj.edu.al\/old\/wp-json\/wp\/v2\/pages\/5507\/revisions\/6987"}],"wp:attachment":[{"href":"http:\/\/uogj.edu.al\/old\/wp-json\/wp\/v2\/media?parent=5507"}],"curies":[{"name":"wp","href":"https:\/\/api.w.org\/{rel}","templated":true}]}}