{"id":5510,"date":"2021-10-03T09:06:03","date_gmt":"2021-10-03T09:06:03","guid":{"rendered":"https:\/\/uogj.edu.al\/?page_id=5510"},"modified":"2024-02-29T12:36:01","modified_gmt":"2024-02-29T12:36:01","slug":"projekte-ipa","status":"publish","type":"page","link":"http:\/\/uogj.edu.al\/old\/projekte-ipa\/","title":{"rendered":"Projekte IPA"},"content":{"rendered":"\n<p><strong>PROJEKTE INTERREG IPA CBC GREECE-ALBANIA<\/strong><\/p>\n\n\n\n<ol class=\"wp-block-list\" type=\"1\">\n<li><strong>STONEART &#8211; <\/strong><strong>ZHVILLIMI TEMATIK I TURIZMIT ND\u00cbRKUFITAR N\u00cbP\u00cbRMJET RUAJTJES S\u00cb MJESHT\u00cbRIS\u00cb S\u00cb GURIT<\/strong><\/li>\n<\/ol>\n\n\n\n<p><strong>Programi<\/strong>: INTERREG-IPA CBC<\/p>\n\n\n\n<p><strong>Periudha<\/strong>: 01\/2020&nbsp; &#8211;&nbsp; 11\/2023<\/p>\n\n\n\n<p><strong>Lider i projektit: Bashkia Konic\u00eb, Greqi<\/strong><strong><\/strong><\/p>\n\n\n\n<p><strong>Partner\u00ebt e projektit:&nbsp;<\/strong><strong><\/strong><\/p>\n\n\n\n<ul class=\"wp-block-list\">\n<li><strong>Universiteti i Janin\u00ebs, Greqi<\/strong><strong><\/strong><\/li>\n\n\n\n<li><strong>Bashkia P\u00ebrmet<\/strong><strong>&nbsp;<\/strong><\/li>\n\n\n\n<li><strong>Universiteti \u201cEqrem \u00c7abej\u201d, Gjirokast\u00ebr.<\/strong><strong><\/strong><\/li>\n<\/ul>\n\n\n\n<p><strong>P\u00ebrshkrimi i projektit:<\/strong> Zonat e Konic\u00ebs, P\u00ebrmetit, Janin\u00ebs dhe Gjirokastr\u00ebs ndajn\u00eb tradita shoq\u00ebrore dhe kulturore q\u00eb simbolizojn\u00eb mish\u00ebrimin e bashk\u00ebjetes\u00ebs s\u00eb dy kombeve. Ruajtja e trash\u00ebgimis\u00eb s\u00eb p\u00ebrbashk\u00ebt kulturore \u00ebsht\u00eb e r\u00ebnd\u00ebsishme p\u00ebr t\u00eb nxitur identitetin e p\u00ebrbashk\u00ebt kulturor t\u00eb zon\u00ebs, nd\u00ebrkoh\u00eb q\u00eb p\u00ebrdorimi i saj i p\u00ebrbashk\u00ebt dhe i q\u00ebndruesh\u00ebm mund t\u00eb kontribuoj\u00eb n\u00eb rritjen ekonomike dhe t\u00eb turizmit kulturor. Nj\u00eb tipar kryesor i p\u00ebrbashk\u00ebt kulturor i zon\u00ebs \u00ebsht\u00eb mjesht\u00ebria e murator\u00ebve, teknikat q\u00eb ata p\u00ebrdorin, ve\u00e7an\u00ebrisht me p\u00ebrdorimin e gurit si materialin kryesor t\u00eb nd\u00ebrtimit.<\/p>\n\n\n\n<p>Nj\u00eb aspekt i artit t\u00eb gurit, arti i nd\u00ebrtimit t\u00eb murit me gur\u00eb t\u00eb that\u00eb, \u00ebsht\u00eb p\u00ebrfshir\u00eb n\u00eb list\u00ebn e Trash\u00ebgimis\u00eb Kulturore t\u00eb UNESCO-s, n\u00eb vitin 2018, duke treguar r\u00ebnd\u00ebsin\u00eb e lart\u00eb t\u00eb promovimit dhe ruajtjes s\u00eb traditave t\u00eb nd\u00ebrtimit q\u00eb mund t\u00eb ken\u00eb nj\u00eb vler\u00eb t\u00eb shtuar n\u00eb dit\u00ebt e sotme.<\/p>\n\n\n\n<p>Si n\u00eb Greqi dhe Shqip\u00ebri ka nj\u00eb nevoj\u00eb urgjente p\u00ebr t\u00eb studiuar, mbledhur dhe ruajtur k\u00ebt\u00eb aspekt t\u00eb trash\u00ebgimis\u00eb s\u00eb p\u00ebrbashk\u00ebt si nj\u00eb karakteristik\u00eb emblematike e zon\u00ebs nd\u00ebrkufitare. Nd\u00ebrsa shum\u00eb projekte jan\u00eb zbatuar n\u00eb k\u00ebt\u00eb fush\u00eb nga t\u00eb dy pal\u00ebt, ekziston nevoja p\u00ebr nj\u00eb nd\u00ebrhyrje t\u00eb kombinuar, kryesisht sepse shumica e k\u00ebtyre iniciativave t\u00eb kaluara jan\u00eb kryer n\u00eb baza lokale.<\/p>\n\n\n\n<p><strong>Objektivi i p\u00ebrgjithsh\u00ebm i projektit:<\/strong><\/p>\n\n\n\n<p>T\u00eb ruhet dhe forcohet mjesht\u00ebria e gurit dhe tradita e rajoneve t\u00eb Epirit dhe Shqip\u00ebris\u00eb s\u00eb Jugut, si nj\u00eb element kulturor integral i zon\u00ebs s\u00eb nd\u00ebrhyrjes, dhe t\u00eb vler\u00ebsohet ajo n\u00eb m\u00ebnyr\u00eb efektive n\u00eb fush\u00ebn e turizmit tematik.&nbsp;<\/p>\n\n\n\n<p><strong>Objektivat specifike:<\/strong><\/p>\n\n\n\n<ul class=\"wp-block-list\">\n<li>T\u00eb dokumentohen dhe analizohen teknikat dhe metodat e zejtaris\u00eb s\u00eb artit t\u00eb gurit t\u00eb zon\u00ebs s\u00eb nd\u00ebrhyrjes n\u00eb lidhje me r\u00ebnd\u00ebsin\u00eb e tyre historike dhe kulturore;<\/li>\n\n\n\n<li>T\u00eb forcohet bashk\u00ebpunimi nd\u00ebrkufitar n\u00eb fushat e artit, kultur\u00ebs dhe turizmit;<\/li>\n\n\n\n<li>T\u00eb rritet numri i vizitor\u00ebve n\u00eb Zon\u00ebn e Nd\u00ebrhyrjes;<\/li>\n\n\n\n<li>T\u00eb p\u00ebrmir\u00ebsohet atraktiviteti n\u00eb zonat e nd\u00ebrhyrjes;<\/li>\n\n\n\n<li>T\u00eb zhvillohen mekanizma t\u00eb IT-s\u00eb dhe mark\u00ebs s\u00eb p\u00ebrbashk\u00ebt STONE.ART, p\u00ebr mb\u00ebshtetjen e strukturuar t\u00eb p\u00ebrparimit t\u00eb turizmit;<\/li>\n\n\n\n<li>T\u00eb trajnohen, t\u00eb shk\u00ebmbehen njohuri dhe p\u00ebrvoja mes profesionist\u00ebve e autoriteteve dhe organeve n\u00eb nivel lokal, rajonal dhe nd\u00ebrkufitar;<\/li>\n\n\n\n<li>T\u00eb themelohet Shkolla e Gurit p\u00ebr ruajtjen dhe vazhdimin e teknikave t\u00eb nd\u00ebrtimit si nj\u00eb aset p\u00ebr brezat e ardhsh\u00ebm;<\/li>\n\n\n\n<li>T\u00eb mb\u00ebshteten p\u00ebrpjekjet p\u00ebr zhvillimin e turizmit lokal dhe menaxhimit kulturor duke u siguruar Autoriteteve Rajonale dhe Lokale mjete p\u00ebr t\u00eb krijuar nj\u00eb vizion dhe plan strategjik p\u00ebr rajonin e tyre.<\/li>\n<\/ul>\n\n\n\n<p><strong>Linku i projektit: <\/strong><a href=\"https:\/\/greece-albania.eu\/projects\/thematic-tourism-development-through-the-preservation-stone-craftsmanship-stone-art\"><strong>https:\/\/greece-albania.eu\/projects\/thematic-tourism-development-through-the-preservation-stone-craftsmanship-stone-art<\/strong><\/a><\/p>\n\n\n\n<ul class=\"wp-block-list\">\n<li><strong>VIRTUALAND &#8211; NJ\u00cb EKSPERIENC\u00cb VIRTUALE GJITH\u00cbP\u00cbRFSHIR\u00cbSE P\u00cbR TROJET E TRASH\u00cbGIMIS\u00cb KULTURORE DHE NATYRORE<\/strong><\/li>\n<\/ul>\n\n\n\n<p><strong>Programi<\/strong>: INTERREG-IPA CBC<\/p>\n\n\n\n<p><strong>Periudha<\/strong>:&nbsp;12\/2019 \u2013 05\/ 2023<\/p>\n\n\n\n<p><strong>Lider i projektit: Universiteti i Janin\u00ebs, Greqi<\/strong><strong><\/strong><\/p>\n\n\n\n<p><strong>Partner\u00ebt e projektit:&nbsp;<\/strong><\/p>\n\n\n\n<ul class=\"wp-block-list\">\n<li><strong>Libraria Qendrore Publike e Konic\u00ebs<\/strong>, Greqi<strong><\/strong><\/li>\n\n\n\n<li><strong>Qendra p\u00ebr Zhvillim Ekonomik dhe Marr\u00ebdh\u00ebnie Komb\u00ebtare, Shqip\u00ebri<\/strong><strong><\/strong><\/li>\n\n\n\n<li>Universiteti \u201cEqrem \u00c7abej\u201d, Gjirokast\u00ebr<\/li>\n<\/ul>\n\n\n\n<p><strong>P\u00ebrshkrimi i projektit: <\/strong>Zona nd\u00ebrkufitare Greqi-Shqip\u00ebri, ku vendosen aktivitetet e projektit VirtuaLand, karakterizohet nga nj\u00eb trash\u00ebgimi kulturore unike dhe e larmishme q\u00eb mund t\u00eb formoj\u00eb baz\u00ebn p\u00ebr zhvillimin e turizmit. Trash\u00ebgimia kulturore \u00ebsht\u00eb ruajtur n\u00eb libra, revista, letra dhe materiale t\u00eb tjera t\u00eb shtypura ose audiovizive q\u00eb ruhen kryesisht n\u00eb bibliotekat publike n\u00eb t\u00eb gjith\u00eb k\u00ebt\u00eb zon\u00eb. Sidoqoft\u00eb, shum\u00eb prej objekteve t\u00eb trash\u00ebgimis\u00eb kulturore q\u00eb p\u00ebrfshijn\u00eb historin\u00eb, tradit\u00ebn, kultur\u00ebn e t\u00eb dy kombeve, jan\u00eb duke u ruajtur n\u00eb vitrina t\u00eb mbyllura pa qasje p\u00ebr vizitor\u00ebt. Kjo p\u00ebr shkak t\u00eb shum\u00eb faktor\u00ebve. P\u00ebr shkak t\u00eb cil\u00ebsis\u00eb s\u00eb dob\u00ebt, shpesh \u00ebsht\u00eb e pamundur t\u00eb dixhitalizohen asetet egzistuese me cil\u00ebsi t\u00eb pranueshme.<\/p>\n\n\n\n<p>Nga ana tjet\u00ebr, n\u00eb zon\u00ebn nd\u00ebrkufitare, \u00ebsht\u00eb identifikuar nevoja p\u00ebr zhvillimin dhe miratimin e strategjive inovative t\u00eb turizmit q\u00eb do t\u00eb krijonte mund\u00ebsin\u00eb p\u00ebr t\u00eb p\u00ebrdorur pasuri t\u00eb r\u00ebnd\u00ebsishm\u00eb kulturore n\u00eb zon\u00ebn nd\u00ebrkufitare.<\/p>\n\n\n\n<p>P\u00ebr t\u00eb adresuar sfidat, VirtuaLand ofron nj\u00eb platform\u00eb nd\u00ebrvepruese t\u00eb Realitetit Virtual (VR), ku objektet e trash\u00ebgimis\u00eb kulturore do t\u00eb shnd\u00ebrrohen n\u00eb skenar\u00eb virtual\u00eb t\u00eb shfletimit kulturor dhe turistik. K\u00ebto pasuri, t\u00eb siguruara nga bibliotekat ne t\u00eb dy rajonet nuk mund t\u00eb dixhitalizohen pasi jan\u00eb ose shum\u00eb t\u00eb ndjeshme, ose cil\u00ebsia e tyre \u00ebsht\u00eb shum\u00eb e ul\u00ebt p\u00ebr shkak t\u00eb shkat\u00ebrrimit, vandalizmit ose d\u00ebmtimit t\u00eb lidhur me mosh\u00ebn.<\/p>\n\n\n\n<p>P\u00ebrve\u00e7 skenar\u00ebve VR, VirtuaLand do t\u00eb ofroj\u00eb nj\u00eb bibliotek\u00eb me objekte 3D dhe nj\u00eb platform\u00eb t\u00eb hapur VR, ku punonj\u00ebsit e bibliotekave, profesionist\u00ebt e turizmit ose individ\u00ebt me aft\u00ebsi t\u00eb kufizuara programimi do t\u00eb jen\u00eb n\u00eb gjendje t\u00eb krijojn\u00eb historit\u00eb e tyre VR. Platforma gjithashtu do t\u00eb lidhet me Bibliotekat Dixhitale ekzistuese, t\u00eb krijuara p\u00ebrmes iniciativave t\u00eb m\u00ebparshme Interreg, Greqi-Shqip\u00ebri.<\/p>\n\n\n\n<p><strong>Objektivi i p\u00ebrgjithsh\u00ebm i projektit:<\/strong><\/p>\n\n\n\n<p>T\u00eb dentifikohet, mbrohet dhe ruhet trash\u00ebgimia kulturore e zon\u00ebs nd\u00ebrkufitare duke nxjerr\u00eb n\u00eb pah pasurit\u00eb e rralla, shum\u00eb t\u00eb vjetra, t\u00eb r\u00ebnd\u00ebsishme q\u00eb egzistojn\u00eb n\u00eb biblioteka. T\u00eb veproj\u00eb si pjes\u00eb e nj\u00eb pakete t\u00ebrheq\u00ebse turistike dhe si nj\u00eb pik\u00eb referimi e p\u00ebrbashk\u00ebt p\u00ebr t\u00eb gjith\u00eb turist\u00ebt q\u00eb vizitojn\u00eb zon\u00ebn p\u00ebr t\u00eb kuptuar m\u00eb mir\u00eb traditat, historin\u00eb dhe kultur\u00ebn e njer\u00ebzve q\u00eb jetojn\u00eb n\u00eb zon\u00eb.<\/p>\n\n\n\n<p><strong>Objektiva specifik\u00eb:<\/strong><\/p>\n\n\n\n<ul class=\"wp-block-list\">\n<li>T\u00eb t\u00ebrhiqet audienc\u00eb e re, pasi librat nuk jan\u00eb gjithmon\u00eb t\u00eb disponuesh\u00ebm ose t\u00ebrheq\u00ebs sidomos p\u00ebr t\u00eb rinjt\u00eb;<\/li>\n\n\n\n<li>T\u00eb tejkalohen pengesat gjuh\u00ebsore dhe t\u00eb krijohen ura lidh\u00ebse p\u00ebr pasurit\u00eb kulturore t\u00eb shkruara n\u00eb gjuh\u00eb t\u00eb ndryshme. Anglishtja p\u00ebrdoret p\u00ebr t\u00eb kap\u00ebrcyer diversitetin gjuh\u00ebsor, por jo gjithmon\u00eb me sukses, pasi nuk \u00ebsht\u00eb e kuptueshme nga fol\u00ebsit jo-anglez\u00eb q\u00eb p\u00ebrfaq\u00ebsojn\u00eb nj\u00eb pjes\u00eb t\u00eb madhe t\u00eb njer\u00ebzve q\u00eb jetojn\u00eb ose vizitojn\u00eb zon\u00ebn e nd\u00ebrkufitare;<\/li>\n\n\n\n<li>T\u00eb rriten kapacitetet e agjent\u00ebve turistik\u00eb dhe operator\u00ebve p\u00ebr t\u00eb promovuar identitetet lokale dhe rajonale, duke i pajisur ata me objekte 3D t\u00eb gatshme p\u00ebr p\u00ebrdorim dhe nj\u00eb platform\u00eb VR p\u00ebr t\u00eb nd\u00ebrtuar skenar\u00eb dhe paketa shtes\u00eb, pavar\u00ebsisht aft\u00ebsive t\u00eb kufizuara n\u00eb programim;<\/li>\n\n\n\n<li>T\u00eb p\u00ebrmir\u00ebsohet duksh\u00ebm vizibiliteti i aseteve kulturore dhe zonave t\u00eb bukuris\u00eb natyrore t\u00eb rajoneve pjes\u00ebmarr\u00ebse;<\/li>\n\n\n\n<li>T\u00eb vendoset nj\u00eb em\u00ebr i p\u00ebrbashk\u00ebt i mark\u00ebs midis Greqis\u00eb dhe Shqip\u00ebris\u00eb, marka &#8220;VirtuaLand&#8221; q\u00eb do t\u00eb p\u00ebrfshij\u00eb paketa VR, p\u00ebrcaktimin e mjedisit virtual interaktiv p\u00ebr t\u00eb promovuar identitetin e p\u00ebrbashk\u00ebt natyror, kulturor dhe historik t\u00eb zon\u00ebs me interes.<\/li>\n<\/ul>\n\n\n\n<p><strong>&nbsp;Linku i projektit:<\/strong> <a href=\"https:\/\/greece-albania.eu\/projects\/immersive-virtual-experience-for-cultural-and-natural-heritage-sites-virtualand\">https:\/\/greece-albania.eu\/projects\/immersive-virtual-experience-for-cultural-and-natural-heritage-sites-virtualand<\/a><strong><\/strong><\/p>\n\n\n\n<ul class=\"wp-block-list\">\n<li><strong>CHEESECULT&nbsp; \u2013&nbsp; RRUGA E DJATHIT SI NJ\u00cb FORC\u00cb NXIT\u00cbSE E TRASH\u00cbGIMIS\u00cb KULTURORE INOVATIVE P\u00cbR ZHVILLIMIN E TURIZMIT RURAL N\u00cb ZON\u00cbN ND\u00cbRKUFITARE<\/strong><strong><\/strong><\/li>\n<\/ul>\n\n\n\n<p><strong>Programi<\/strong>: INTERREG-IPA CBC<\/p>\n\n\n\n<p><strong>Periudha<\/strong>:&nbsp; 12\/2019 \u2013 11\/2022<\/p>\n\n\n\n<p><br><strong>Lider i projektit:<\/strong>&nbsp;Universiteti i Janin\u00ebs, Greqi<\/p>\n\n\n\n<p><strong>Partner\u00ebt e projektit:&nbsp;<\/strong><\/p>\n\n\n\n<ul class=\"wp-block-list\">\n<li><strong>Hellenic Agricultural Organisation, Greqi<\/strong><\/li>\n\n\n\n<li>Universiteti \u201cEqrem \u00c7abej\u201d, Gjirokast\u00ebr<\/li>\n\n\n\n<li><strong>Argjiro, Shqip\u00ebri<\/strong><strong><\/strong><\/li>\n<\/ul>\n\n\n\n<p><strong>P\u00ebrshkrimi i projektit:<\/strong> Projekti CheeseCulT synon t\u00eb ruaj\u00eb tradit\u00ebn lokale t\u00eb kuzhin\u00ebs n\u00eb prodhimin e djathit, p\u00ebr ta integruar at\u00eb m\u00eb tej n\u00eb qasjet e zhvillimit lokal inovativ dhe p\u00ebr t\u00eb p\u00ebrmir\u00ebsuar cil\u00ebsin\u00eb dhe konkurrenc\u00ebn n\u00eb sektor\u00ebt e turizmit dhe kuzhin\u00ebs n\u00eb zonat nd\u00ebrkufitare t\u00eb Shqip\u00ebris\u00eb dhe Greqis\u00eb. N\u00eb nj\u00eb rajon me burime t\u00eb bollshme natyrore, shembuj t\u00eb shumt\u00eb t\u00eb trash\u00ebgimis\u00eb kulturore dhe historike, si dhe folklor t\u00eb gjall\u00eb, industria e turizmit ende nuk \u00ebsht\u00eb b\u00ebr\u00eb nj\u00eb nxit\u00ebs kryesor i zhvillimit. CheeseCulT paraqet nj\u00eb mund\u00ebsi unike p\u00ebr turiz\u00ebm t\u00eb q\u00ebndruesh\u00ebm dhe modele t\u00eb reja zhvillimi p\u00ebr zon\u00ebn nd\u00ebrkufitare, duke marr\u00eb parasysh q\u00eb blegtoria e bag\u00ebtive dhe prodhimi i produkteve t\u00eb qum\u00ebshtit, m\u00eb s\u00eb shumti djathi, qum\u00ebshti dhe kosi, jan\u00eb nj\u00eb pjes\u00eb integrale e kultur\u00ebs lokale dhe tradit\u00ebs s\u00eb kuzhin\u00ebs. CheeseCulT do t\u00eb krijoj\u00eb rrjete tematike, do t\u00eb promovoj\u00eb aktivitete lokale t\u00eb turizmit dhe tradita gastronomike dhe do t\u00eb p\u00ebrmir\u00ebsoj\u00eb aft\u00ebsit\u00eb e popullat\u00ebs lokale dhe pal\u00ebve t\u00eb interesit. CheeseCulT pritet t\u00eb kontribuoj\u00eb n\u00eb ruajtjen e tradit\u00ebs lokale t\u00eb p\u00ebrgatitjes s\u00eb qum\u00ebshtit dhe m\u00eb tej, ta p\u00ebrfshij\u00eb at\u00eb n\u00eb zhvillimin e q\u00ebndruesh\u00ebm t\u00eb turizmit lokal duke krijuar nj\u00eb produkt t\u00eb ri t\u00eb turizmit kulturor t\u00eb bazuar te djathi.<\/p>\n\n\n\n<p><strong>Objektivi i p\u00ebrgjithsh\u00ebm i projektit:<\/strong><\/p>\n\n\n\n<p>T\u00eb ruaj\u00eb tradit\u00ebn lokale t\u00eb kuzhin\u00ebs dhe t\u00eb p\u00ebrdor\u00eb n\u00eb m\u00ebnyr\u00eb efektive mjete dhe qasje inovative p\u00ebr t\u00eb kapitalizuar p\u00ebrfitimet nga tradita, n\u00eb planin e zhvillimit t\u00eb turizmit n\u00eb zonat nd\u00ebrkufitare, n\u00eb m\u00ebnyr\u00eb q\u00eb t\u00eb arrihet rritja e numrit t\u00eb vizitor\u00ebve turistik\u00eb.<\/p>\n\n\n\n<p><strong>Objektiva specifik\u00eb:<\/strong><\/p>\n\n\n\n<ul class=\"wp-block-list\">\n<li>T\u00eb identifikohet nj\u00eb Rrug\u00eb Nd\u00ebrkomb\u00ebtare e Djathit;<\/li>\n\n\n\n<li>T\u00eb stimulohet inovacioni gastronomik dhe promovimi i turizmit;<\/li>\n\n\n\n<li>T\u00eb promovohet dialogu rajonal;&nbsp;<\/li>\n\n\n\n<li>T\u00eb inkurajohet p\u00ebrmir\u00ebsimi i cil\u00ebsis\u00eb s\u00eb produktit.<\/li>\n<\/ul>\n\n\n\n<p><strong>Linku i projektit:<\/strong> <a href=\"https:\/\/cheesecult.eu\">https:\/\/cheesecult.eu<\/a> \/&nbsp;<br><br><strong><\/strong><\/p>\n\n\n\n<ul class=\"wp-block-list\">\n<li><strong>INECO \u2013 EKOSISTEME T\u00cb EKONOMIS\u00cb INOVATIVE<\/strong><\/li>\n<\/ul>\n\n\n\n<p><strong>Programi:<\/strong> INTERREG-IPA CBC<\/p>\n\n\n\n<p><strong>Periudha:<\/strong>&nbsp; 06\/2018 \u2013 12\/2021<\/p>\n\n\n\n<p><strong>Lider i projektit:<\/strong> Dhoma e tregtis\u00eb, Kastoria, Greqi&nbsp;<\/p>\n\n\n\n<p><strong>Partner\u00ebt e projektit:&nbsp;<\/strong><\/p>\n\n\n\n<ul class=\"wp-block-list\">\n<li>Universiteti i Selanikut, Greqi<\/li>\n\n\n\n<li>Shoqata e Grave Sip\u00ebrmarr\u00ebse, Greqi<\/li>\n\n\n\n<li>Dhoma e Tregtis\u00eb, Gjirokast\u00ebr&nbsp;<\/li>\n\n\n\n<li>Studimet e Qendr\u00ebs Zhvillimore, Tiran\u00eb<\/li>\n\n\n\n<li>Universiteti \u201cEqrem \u00c7abej\u201d Gjirokast\u00ebr<\/li>\n<\/ul>\n\n\n\n<p><strong>P\u00ebrshkrimi i projektit:<\/strong> Projekti synon t\u00eb krijoj\u00eb mekanizma t\u00eb strukturuar para-inkubimi, n\u00eb m\u00ebnyr\u00eb q\u00eb t\u00eb inkurajohen sip\u00ebrmarr\u00ebsit dhe ekipet e reja p\u00ebr t\u00eb p\u00ebrgatitur dhe testuar idet\u00eb e tyre t\u00eb biznesit n\u00eb kushte reale para se t\u00eb nd\u00ebrmarrin ndonj\u00eb rrezik biznesi. M\u00ebsimi i ofruar do t\u00eb bazohet n\u00eb p\u00ebrvoj\u00eb, duke ulur k\u00ebshtu rrezikun e d\u00ebshtimeve t\u00eb tregut. N\u00eb kontrast me nj\u00eb inkubator t\u00eb p\u00ebrbashk\u00ebt biznesi, para-inkubatori mb\u00ebshtet vet\u00ebm projekte sip\u00ebrmarr\u00ebse dhe nd\u00ebrmarrjet jo t\u00eb regjistruara tashm\u00eb.<\/p>\n\n\n\n<p>P\u00ebr k\u00ebt\u00eb q\u00ebllim, projekti k\u00ebrkon krijimin e nj\u00eb platforme solide dhe t\u00eb q\u00ebndrueshme bashk\u00ebpunimi, duke ofruar mund\u00ebsi p\u00ebr t\u00eb shfryt\u00ebzuar p\u00ebrpar\u00ebsit\u00eb q\u00eb ofron rajoni.<\/p>\n\n\n\n<p>Projekti \u00ebsht\u00eb n\u00eb p\u00ebrputhje me strategjit\u00eb dhe q\u00ebllimet e Programit Interreg IPA CBC, p\u00ebrkat\u00ebsisht me Prioritetin 2 &#8220;Rritja e ekonomis\u00eb lokale&#8221;, dhe kontribuon n\u00eb Objektivin Specifik 2.2 &#8220;P\u00ebrmir\u00ebsimi i kapacitetit nd\u00ebrkufitar p\u00ebr t\u00eb mb\u00ebshtetur sip\u00ebrmarrjen, mbijetes\u00ebn e biznesit dhe konkurrenc\u00ebn&#8221;.<\/p>\n\n\n\n<p><strong>Objektivi i p\u00ebrgjithsh\u00ebm i projektit:<\/strong><\/p>\n\n\n\n<p>T\u00eb adresohet nj\u00eb ekosistem m\u00eb i gjer\u00eb inovativ n\u00eb zon\u00ebn nd\u00ebrkufitare.<\/p>\n\n\n\n<p><strong>Objektivat specifik\u00eb:<\/strong><\/p>\n\n\n\n<ul class=\"wp-block-list\">\n<li>T\u00eb zhvillohet nj\u00eb strategji para-inkubacioni n\u00eb zon\u00ebn nd\u00ebrkufitare bazuar n\u00eb p\u00ebrvoj\u00ebn nd\u00ebrkomb\u00ebtare duke p\u00ebrfituar nga metodologjit\u00eb ekzistuese;<\/li>\n\n\n\n<li>T\u00eb formulohen plane t\u00eb biznesit dhe t\u00eb zhvillohen&nbsp;&nbsp; prototipa p\u00ebr sip\u00ebrmarr\u00ebsit dhe ekipet e mundshme;<\/li>\n\n\n\n<li>T\u00eb zhvillohen mjete t\u00eb p\u00ebrshpejtimit t\u00eb Para-Inkubimit t\u00eb Biznesit dhe Platform\u00ebs Virtuale, shoq\u00ebruar me t\u00eb gjitha modulet e ve\u00e7anta;<\/li>\n\n\n\n<li>T\u00eb krijohet nj\u00eb Rrjet Nd\u00ebrkomb\u00ebtar i Mentor\u00ebve, Bordit K\u00ebshillimor, Grupit t\u00eb Para-inkubimit;<\/li>\n\n\n\n<li>T\u00eb instalohet pajisja e dy mekanizmave t\u00eb strukturuar t\u00eb para-inkubacionit;<\/li>\n\n\n\n<li>T\u00eb konsultohen rekomandimet e politikave dhe kapitalizimi me pal\u00ebt kryesore t\u00eb interesit,<\/li>\n\n\n\n<li>T\u00eb zhvillohet nj\u00eb program mb\u00ebshtet\u00ebs holistik para-inkubator q\u00eb p\u00ebrfshin trajnime, mentorime dhe aktivitete laboratorike.<\/li>\n<\/ul>\n\n\n\n<p><strong>Linku i projektit:<\/strong> <a href=\"https:\/\/greece-albania.eu\/projects\/innovative-economy-ecosystem\">https:\/\/greece-albania.eu\/projects\/innovative-economy-ecosystem<\/a><\/p>\n","protected":false},"excerpt":{"rendered":"<p>PROJEKTE INTERREG IPA CBC GREECE-ALBANIA Programi: INTERREG-IPA CBC Periudha: 01\/2020&nbsp; &#8211;&nbsp; 11\/2023 Lider i projektit: Bashkia Konic\u00eb, Greqi Partner\u00ebt e [&hellip;]<\/p>\n","protected":false},"author":3,"featured_media":0,"parent":0,"menu_order":0,"comment_status":"closed","ping_status":"closed","template":"","meta":{"_monsterinsights_skip_tracking":false,"_monsterinsights_sitenote_active":false,"_monsterinsights_sitenote_note":"","_monsterinsights_sitenote_category":0,"footnotes":""},"class_list":["post-5510","page","type-page","status-publish","hentry"],"_links":{"self":[{"href":"http:\/\/uogj.edu.al\/old\/wp-json\/wp\/v2\/pages\/5510"}],"collection":[{"href":"http:\/\/uogj.edu.al\/old\/wp-json\/wp\/v2\/pages"}],"about":[{"href":"http:\/\/uogj.edu.al\/old\/wp-json\/wp\/v2\/types\/page"}],"author":[{"embeddable":true,"href":"http:\/\/uogj.edu.al\/old\/wp-json\/wp\/v2\/users\/3"}],"replies":[{"embeddable":true,"href":"http:\/\/uogj.edu.al\/old\/wp-json\/wp\/v2\/comments?post=5510"}],"version-history":[{"count":5,"href":"http:\/\/uogj.edu.al\/old\/wp-json\/wp\/v2\/pages\/5510\/revisions"}],"predecessor-version":[{"id":6603,"href":"http:\/\/uogj.edu.al\/old\/wp-json\/wp\/v2\/pages\/5510\/revisions\/6603"}],"wp:attachment":[{"href":"http:\/\/uogj.edu.al\/old\/wp-json\/wp\/v2\/media?parent=5510"}],"curies":[{"name":"wp","href":"https:\/\/api.w.org\/{rel}","templated":true}]}}