{"id":6413,"date":"2023-12-11T09:15:08","date_gmt":"2023-12-11T09:15:08","guid":{"rendered":"https:\/\/uogj.edu.al\/old\/?page_id=6413"},"modified":"2024-09-23T12:29:29","modified_gmt":"2024-09-23T12:29:29","slug":"programe-dhe-diploma-te-dyfishta","status":"publish","type":"page","link":"http:\/\/uogj.edu.al\/old\/programe-dhe-diploma-te-dyfishta\/","title":{"rendered":"PROGRAME DHE DIPLOMA T\u00cb DYFISHTA"},"content":{"rendered":"\n<ol class=\"wp-block-list\" type=\"1\">\n<li><strong>Bachelor n<\/strong><strong>\u00eb <\/strong><strong>\u201cMenaxhim i Turizmit t\u00eb Q<\/strong><strong>\u00ebndruesh\u00ebm<\/strong><strong>\u201d<\/strong><\/li>\n<\/ol>\n\n\n\n<figure class=\"wp-block-table\"><table class=\"has-fixed-layout\"><tbody><tr><td><strong>Universiteti partner<\/strong> <strong>&nbsp;<\/strong><\/td><td>Universiteti i Molises, Itali<\/td><\/tr><tr><td><strong>Fakulteti<\/strong><\/td><td>Fakulteti Ekonomik <strong>&nbsp;<\/strong><\/td><\/tr><tr><td><strong>Cikli i studimit<\/strong><\/td><td>Bachelor (cikli i par\u00eb) <strong>&nbsp;<\/strong><\/td><\/tr><tr><td><strong>Koh<\/strong><strong>\u00eb<\/strong><strong>zgjatja<\/strong><\/td><td>3 vite akademike <strong>&nbsp;<\/strong><\/td><\/tr><tr><td><strong>Forma e studimit<\/strong><\/td><td>Me koh\u00eb t\u00eb plot\u00eb <strong>&nbsp;<\/strong><\/td><\/tr><tr><td><strong>Gjuha e m\u00ebsimdh\u00ebnies<\/strong><strong><\/strong><\/td><td>Gjuha shqipe dhe angleze <strong>&nbsp;<\/strong><\/td><\/tr><tr><td><strong>Kredite<\/strong><strong><\/strong><\/td><td>180 ECTS &nbsp;<\/td><\/tr><tr><td><strong>Diplom<\/strong><strong>\u00eb<\/strong><strong><\/strong><\/td><td>E dyfisht\u00eb &nbsp;<\/td><\/tr><\/tbody><\/table><\/figure>\n\n\n\n<ul class=\"wp-block-list\">\n<li><strong>Bachelor n\u00eb \u201cMenaxhim Digital\u201d<\/strong><\/li>\n<\/ul>\n\n\n\n<figure class=\"wp-block-table\"><table class=\"has-fixed-layout\"><tbody><tr><td><strong>Universiteti partner<\/strong> <strong>&nbsp;<\/strong><\/td><td>Universiteti i Salentos, Itali<\/td><\/tr><tr><td><strong>Fakulteti<\/strong><\/td><td>Fakulteti Ekonomik <strong>&nbsp;<\/strong><\/td><\/tr><tr><td><strong>Cikli i studimit<\/strong><\/td><td>Bachelor (cikli i par\u00eb) <strong>&nbsp;<\/strong><\/td><\/tr><tr><td><strong>Koh<\/strong><strong>\u00eb<\/strong><strong>zgjatja<\/strong><\/td><td>3 vite akademike <strong>&nbsp;<\/strong><\/td><\/tr><tr><td><strong>Forma e studimit<\/strong><\/td><td>Me koh\u00eb t\u00eb plot\u00eb <strong>&nbsp;<\/strong><\/td><\/tr><tr><td><strong>Gjuha e m\u00ebsimdh\u00ebnies<\/strong><strong><\/strong><\/td><td>Gjuha angleze, italiane dhe shqipe<strong><\/strong> <strong>&nbsp;<\/strong><\/td><\/tr><tr><td><strong>Kredite<\/strong><strong><\/strong><\/td><td>180 ECTS &nbsp;<\/td><\/tr><tr><td><strong>Diplom<\/strong><strong>\u00eb<\/strong><strong><\/strong><\/td><td>E dyfisht\u00eb &nbsp;<\/td><\/tr><\/tbody><\/table><\/figure>\n\n\n\n<ul class=\"wp-block-list\">\n<li><strong>Master n\u00eb \u201cArkeologji, Histori dhe Menaxhim i Aseteve Kulturore\u201d<\/strong><\/li>\n<\/ul>\n\n\n\n<figure class=\"wp-block-table\"><table class=\"has-fixed-layout\"><tbody><tr><td><strong>Universiteti partner<\/strong> <strong>&nbsp;<\/strong><\/td><td>Universiteti i Ma\u00e7erat\u00ebs, Itali<\/td><\/tr><tr><td><strong>Fakulteti<\/strong><\/td><td>Fakulteti i Edukimit dhe Shkencave Shoq\u00ebrore <strong>&nbsp;<\/strong><\/td><\/tr><tr><td><strong>Cikli i studimit<\/strong><\/td><td>Master i Shkencave(cikli i dyt\u00eb) <strong>&nbsp;<\/strong><\/td><\/tr><tr><td><strong>Koh<\/strong><strong>\u00eb<\/strong><strong>zgjatja<\/strong><\/td><td>2 vite akademike <strong>&nbsp;<\/strong><\/td><\/tr><tr><td><strong>Forma e studimit<\/strong><\/td><td>Me koh\u00eb t\u00eb plot\u00eb <strong>&nbsp;<\/strong><\/td><\/tr><tr><td><strong>Gjuha e m\u00ebsimdh\u00ebnies<\/strong><strong><\/strong><\/td><td>Gjuha shqipe dhe italiane <strong>&nbsp;<\/strong><\/td><\/tr><tr><td><strong>Kredite<\/strong><strong><\/strong><\/td><td>120 ECTS &nbsp;<\/td><\/tr><tr><td><strong>Diplom<\/strong><strong>\u00eb<\/strong><strong><\/strong><\/td><td>E dyfisht\u00eb &nbsp;<\/td><\/tr><\/tbody><\/table><\/figure>\n\n\n\n<ul class=\"wp-block-list\">\n<li><strong>Master Ekzekutiv n\u00eb \u201cRestaurim, konservim dhe menaxhim i trash\u00ebgimis\u00eb arkitekturore\u201d<\/strong><\/li>\n<\/ul>\n\n\n\n<figure class=\"wp-block-table\"><table class=\"has-fixed-layout\"><tbody><tr><td><strong>Universiteti partner<\/strong> <strong>&nbsp;<\/strong><\/td><td>Universiteti i Firences, Itali dhe Universiteti Katolik \u201cZoja e K\u00ebshillit t\u00eb Mir\u00eb\u201d, Tiran\u00eb <strong>&nbsp;<\/strong><\/td><\/tr><tr><td><strong>Fakulteti<\/strong><\/td><td>Fakulteti i Edukimit dhe Shkencave Shoq\u00ebrore <strong>&nbsp;<\/strong><\/td><\/tr><tr><td><strong>Cikli i studimit<\/strong><\/td><td>Master Ekzekutiv(cikli i tret\u00eb) <strong>&nbsp;<\/strong><\/td><\/tr><tr><td><strong>Koh<\/strong><strong>\u00eb<\/strong><strong>zgjatja<\/strong><\/td><td>1 vit akademik <strong>&nbsp;<\/strong><\/td><\/tr><tr><td><strong>Gjuha e m\u00ebsimdh\u00ebnies<\/strong><strong><\/strong><\/td><td>Gjuha shqipe, italiane, angleze <strong>&nbsp;<\/strong><\/td><\/tr><tr><td><strong>Kredite<\/strong><strong><\/strong><\/td><td>60 ECTS &nbsp;<\/td><\/tr><tr><td><strong>Diplom<\/strong><strong>\u00eb<\/strong><strong><\/strong><\/td><td>E p\u00ebrbashk\u00ebt &nbsp; &nbsp;<\/td><\/tr><\/tbody><\/table><\/figure>\n\n\n\n<ul class=\"wp-block-list\">\n<li><strong>Doktorat\u00eb n\u00eb \u201cEdukimi dhe shkencat humane\u201d<\/strong><\/li>\n<\/ul>\n\n\n\n<figure class=\"wp-block-table\"><table class=\"has-fixed-layout\"><tbody><tr><td><strong>Universiteti partner<\/strong> <strong>&nbsp;<\/strong><\/td><td>Universiteti i Maqedonis\u00eb Per\u00ebndimore, Greqi<strong><\/strong><\/td><\/tr><tr><td><strong>Fakulteti<\/strong><\/td><td>Fakulteti i Edukimit dhe Shkencave Shoq\u00ebrore <strong>&nbsp;<\/strong><\/td><\/tr><tr><td><strong>Cikli i studimit<\/strong><strong><\/strong><\/td><td>Doktorat\u00eb (cikli i tret\u00eb)<strong><\/strong> <strong>&nbsp;<\/strong><\/td><\/tr><tr><td><strong>Koh<\/strong><strong>\u00eb<\/strong><strong>zgjatja<\/strong><strong><\/strong><\/td><td>3-5 vite akademike <strong>&nbsp;<\/strong><\/td><\/tr><tr><td><strong>Forma e studimit<\/strong><strong><\/strong><\/td><td>Me koh\u00eb t\u00eb plot\u00eb ose t\u00eb zgjatur <strong>&nbsp;<\/strong><\/td><\/tr><tr><td><strong>Gjuha e m\u00ebsimdh\u00ebnies<\/strong><strong><\/strong><\/td><td>Gjuha angleze <strong>&nbsp;<\/strong><\/td><\/tr><tr><td><strong>Diplom<\/strong><strong>\u00eb<\/strong><strong><\/strong><\/td><td>E p\u00ebrbashk\u00ebt &nbsp;<\/td><\/tr><\/tbody><\/table><\/figure>\n","protected":false},"excerpt":{"rendered":"<p>Universiteti partner &nbsp; Universiteti i Molises, Itali Fakulteti Fakulteti Ekonomik &nbsp; Cikli i studimit Bachelor (cikli i par\u00eb) &nbsp; Koh\u00ebzgjatja [&hellip;]<\/p>\n","protected":false},"author":3,"featured_media":0,"parent":0,"menu_order":0,"comment_status":"closed","ping_status":"closed","template":"","meta":{"_monsterinsights_skip_tracking":false,"_monsterinsights_sitenote_active":false,"_monsterinsights_sitenote_note":"","_monsterinsights_sitenote_category":0,"footnotes":""},"class_list":["post-6413","page","type-page","status-publish","hentry"],"_links":{"self":[{"href":"http:\/\/uogj.edu.al\/old\/wp-json\/wp\/v2\/pages\/6413"}],"collection":[{"href":"http:\/\/uogj.edu.al\/old\/wp-json\/wp\/v2\/pages"}],"about":[{"href":"http:\/\/uogj.edu.al\/old\/wp-json\/wp\/v2\/types\/page"}],"author":[{"embeddable":true,"href":"http:\/\/uogj.edu.al\/old\/wp-json\/wp\/v2\/users\/3"}],"replies":[{"embeddable":true,"href":"http:\/\/uogj.edu.al\/old\/wp-json\/wp\/v2\/comments?post=6413"}],"version-history":[{"count":5,"href":"http:\/\/uogj.edu.al\/old\/wp-json\/wp\/v2\/pages\/6413\/revisions"}],"predecessor-version":[{"id":6711,"href":"http:\/\/uogj.edu.al\/old\/wp-json\/wp\/v2\/pages\/6413\/revisions\/6711"}],"wp:attachment":[{"href":"http:\/\/uogj.edu.al\/old\/wp-json\/wp\/v2\/media?parent=6413"}],"curies":[{"name":"wp","href":"https:\/\/api.w.org\/{rel}","templated":true}]}}