{"id":6442,"date":"2024-01-08T11:01:09","date_gmt":"2024-01-08T11:01:09","guid":{"rendered":"https:\/\/uogj.edu.al\/old\/?page_id=6442"},"modified":"2024-01-11T11:48:57","modified_gmt":"2024-01-11T11:48:57","slug":"projekte-jean-monnet","status":"publish","type":"page","link":"http:\/\/uogj.edu.al\/old\/projekte-jean-monnet\/","title":{"rendered":"PROJEKTE JEAN MONNET"},"content":{"rendered":"\n<p>PROJEKTE ERASMUS+, JEAN MONNET<br>PROJEKTE N\u00cb VAZHDIM\u00cbSI IMPLEMENTIMI<\/p>\n\n\n\n<ol class=\"wp-block-list\">\n<li>EPPAL-EUROPIANIZIMI I POLITIKAVE PUBLIKE NE SHQIP\u00cbRI<\/li>\n<\/ol>\n\n\n\n<p>Programi: ERASMUS+, JEAN MONNET CENTER OF EXCELLENCE<br>Periudha:&nbsp; 2022 &#8211; 2025<br>Lider i projektit:&nbsp;Universiteti \u201cKadri Zeka\u201d Gjilan<br>Partner\u00eb t\u00eb projektit:<br>\uf0a7 Fakulteti i Historis\u00eb dhe Filologjis\u00eb, Universiteti i Tiran\u00ebs<br>\uf0a7 Fakulteti i Drejt\u00ebsis\u00eb, Universiteti i Tiran\u00ebs<br>\uf0a7 Fakulteti i Ekonomikut, Universiteti i Tiran\u00ebs<br>\uf0a7 Fakulteti i Shkencave Shoq\u00ebrore, Universiteti i Tiran\u00ebs<br>\uf0a7 Instituti i Studimeve Evropiane, Universiteti i Tiran\u00ebs<br>\uf0a7 L\u00ebvizja Evropiane Shqiptare<br>\uf0a7 Dhoma Komb\u00ebtare e Avokat\u00ebve<br>\uf0a7 Universiteti \u201cEqrem \u00c7abej\u201d, Gjirokast\u00ebr<br>Q\u00ebllimi i projektit:<br>T\u00eb kontribuohet aktivisht n\u00eb afrimin e Evrop\u00ebs dhe institucioneve t\u00eb saj formale dhe<br>joformale, me qytetar\u00ebt shqiptar\u00eb.<br>Objektivat specifike:<br>\uf0a7 promovimi i p\u00ebrsosm\u00ebris\u00eb n\u00eb m\u00ebsimdh\u00ebnie n\u00eb fush\u00ebn e studimeve t\u00eb Bashkimit<br>Evropian;<br>\uf0a7 m\u00ebsimdh\u00ebnia e moduleve q\u00eb trajtojn\u00eb ndikimin e Integrimit Europian nga<br>perspektiva multidisiplinare;<br>\uf0a7 k\u00ebrkime t\u00eb avancuara n\u00eb drejt\u00ebsi, shkenca politike, ekonomi dhe fushat e<br>sociologjis\u00eb, p\u00ebr t\u00eb vler\u00ebsuar progresin shqiptar me europianizimin e procedurave<br>dhe proceseve formale dhe joformale;<br>\uf0a7 forcimin e dialogut nd\u00ebrmjet bot\u00ebs akademike dhe shoq\u00ebris\u00eb;<br>\uf0a7 aktivitete trajnuese me jurist\/ forume me politik\u00ebb\u00ebr\u00ebsit\/ ekspert\u00ebt dhe<br>p\u00ebrfaq\u00ebsuesit e shoq\u00ebris\u00eb civile;<br>\uf0a7 arritjen e publikut t\u00eb gjer\u00eb dhe p\u00ebrhapjen e njohurive rreth BE-s\u00eb\/ si psh, forume<br>online akademike me studiues komb\u00ebtare dhe nd\u00ebrkomb\u00ebtare dhe p\u00ebrfaq\u00ebsues t\u00eb<br>BE-s\u00eb dhe turne debate p\u00ebr t\u00eb trajnuar dhe angazhuar student\u00ebt n\u00eb diskutimin e<br>strategjive dhe procedurave t\u00eb Procesit t\u00eb Integrimit.<\/p>\n\n\n\n<p>P\u00ebrshkrimi i projektit: EPPAL (Evropianizimi i politikave publike n\u00eb Shqip\u00ebri) \u00ebsht\u00eb nj\u00eb<br>qend\u00ebr ekselenc\u00eb e krijuar p\u00ebr her\u00eb t\u00eb par\u00eb n\u00eb nj\u00eb IAL publike shqiptare p\u00ebr t\u00eb promovuar<br>sinergjit\u00eb nd\u00ebrmjet departamenteve t\u00eb universiteteve publike me p\u00ebrvoj\u00eb dhe pa p\u00ebrvoj\u00eb n\u00eb<br>Studime Evropiane, politik\u00ebb\u00ebr\u00ebs, OJF p\u00ebrkat\u00ebse dhe t\u00eb tjer\u00eb aktor\u00eb t\u00eb shoq\u00ebris\u00eb civile.<br>Linku i projektit: https:\/\/unitir.edu.al\/eng\/europeanization-of-public-policies-in-albania-<\/p>\n","protected":false},"excerpt":{"rendered":"<p>PROJEKTE ERASMUS+, JEAN MONNETPROJEKTE N\u00cb VAZHDIM\u00cbSI IMPLEMENTIMI Programi: ERASMUS+, JEAN MONNET CENTER OF EXCELLENCEPeriudha:&nbsp; 2022 &#8211; 2025Lider i projektit:&nbsp;Universiteti \u201cKadri [&hellip;]<\/p>\n","protected":false},"author":3,"featured_media":0,"parent":0,"menu_order":0,"comment_status":"closed","ping_status":"closed","template":"","meta":{"_monsterinsights_skip_tracking":false,"_monsterinsights_sitenote_active":false,"_monsterinsights_sitenote_note":"","_monsterinsights_sitenote_category":0,"footnotes":""},"class_list":["post-6442","page","type-page","status-publish","hentry"],"_links":{"self":[{"href":"http:\/\/uogj.edu.al\/old\/wp-json\/wp\/v2\/pages\/6442"}],"collection":[{"href":"http:\/\/uogj.edu.al\/old\/wp-json\/wp\/v2\/pages"}],"about":[{"href":"http:\/\/uogj.edu.al\/old\/wp-json\/wp\/v2\/types\/page"}],"author":[{"embeddable":true,"href":"http:\/\/uogj.edu.al\/old\/wp-json\/wp\/v2\/users\/3"}],"replies":[{"embeddable":true,"href":"http:\/\/uogj.edu.al\/old\/wp-json\/wp\/v2\/comments?post=6442"}],"version-history":[{"count":2,"href":"http:\/\/uogj.edu.al\/old\/wp-json\/wp\/v2\/pages\/6442\/revisions"}],"predecessor-version":[{"id":6469,"href":"http:\/\/uogj.edu.al\/old\/wp-json\/wp\/v2\/pages\/6442\/revisions\/6469"}],"wp:attachment":[{"href":"http:\/\/uogj.edu.al\/old\/wp-json\/wp\/v2\/media?parent=6442"}],"curies":[{"name":"wp","href":"https:\/\/api.w.org\/{rel}","templated":true}]}}