{"id":6484,"date":"2024-01-23T11:29:10","date_gmt":"2024-01-23T11:29:10","guid":{"rendered":"https:\/\/uogj.edu.al\/old\/?page_id=6484"},"modified":"2025-09-15T07:19:17","modified_gmt":"2025-09-15T07:19:17","slug":"programet-e-ciklit-te-dyte-master-ne-mesuesi-master-profesional-dhe-master-i-shkencave","status":"publish","type":"page","link":"http:\/\/uogj.edu.al\/old\/programet-e-ciklit-te-dyte-master-ne-mesuesi-master-profesional-dhe-master-i-shkencave\/","title":{"rendered":"Programe t\u00eb ciklit t\u00eb dyt\u00eb, master i shkencave 2025-2026"},"content":{"rendered":"\n<ol class=\"wp-block-list\">\n<li class=\"has-medium-font-size\"><strong>Fakulteti i Edukimit dhe Shkencave Shoq\u00ebrore<\/strong>&nbsp;<img loading=\"lazy\" decoding=\"async\" width=\"80\" height=\"80\" class=\"wp-image-6693\" style=\"width: 80px;\" src=\"http:\/\/uogj.edu.al\/old\/wp-content\/uploads\/2024\/09\/image.png\" alt=\"\"><\/li>\n<\/ol>\n\n\n\n<figure class=\"wp-block-table\"><table class=\"has-fixed-layout\"><tbody><tr><td><strong><a href=\"https:\/\/uogj.edu.al\/upload\/akreditim\/programet\/Master%20i%20Shkencave%20n%C3%AB%20m%C3%ABsuesi%20n%C3%AB%20Histori%20-%20Gjeografi.pdf\">Master i Shkencave n\u00eb M\u00ebsuesi n\u00eb \u201cHistori \u2013 Gjeografi \u201d<\/a><\/strong><\/td><td><a href=\"https:\/\/uogj.edu.al\/upload\/akreditim\/programet\/Master%20i%20Shkencave%20n%C3%AB%20m%C3%ABsuesi%20n%C3%AB%20Histori%20-%20Gjeografi.pdf\"><img loading=\"lazy\" decoding=\"async\" width=\"80\" height=\"42\" class=\"wp-image-6286\" style=\"width: 80px;\" src=\"http:\/\/uogj.edu.al\/old\/wp-content\/uploads\/2023\/04\/image-1.png\" alt=\"\"><\/a><\/td><\/tr><tr><td><strong><a href=\"https:\/\/uogj.edu.al\/upload\/akreditim\/programet\/Master%20i%20Shkencave%20ne%20mesuesi%20ne%20Gjuhe%20Letersi.pdf\">Master i Shkencave n\u00eb M\u00ebsuesi n\u00eb  \u201cGjuh\u00eb  Shqipe dhe Let\u00ebrsi\u201d<\/a><\/strong><\/td><td><a href=\"https:\/\/uogj.edu.al\/upload\/akreditim\/programet\/Master%20i%20Shkencave%20ne%20mesuesi%20ne%20Gjuhe%20Letersi.pdf\"><img loading=\"lazy\" decoding=\"async\" width=\"80\" height=\"42\" class=\"wp-image-6286\" style=\"width: 80px;\" src=\"http:\/\/uogj.edu.al\/old\/wp-content\/uploads\/2023\/04\/image-1.png\" alt=\"\"><\/a><\/td><\/tr><tr><td><strong><a href=\"https:\/\/uogj.edu.al\/upload\/akreditim\/programet\/Masterit%20te%20SHKENCAVE%20te%20unifikuar%20Anglisht%20%202024-2025.pdf\">Master i Shkencave n\u00eb M\u00ebsuesi n\u00eb  \u201c Gjuh\u00eb Angleze\u201d<\/a><\/strong><\/td><td><a href=\"https:\/\/uogj.edu.al\/upload\/akreditim\/programet\/Masterit%20te%20SHKENCAVE%20te%20unifikuar%20Anglisht%20%202024-2025.pdf\"><img loading=\"lazy\" decoding=\"async\" width=\"80\" height=\"42\" class=\"wp-image-6286\" style=\"width: 80px;\" src=\"http:\/\/uogj.edu.al\/old\/wp-content\/uploads\/2023\/04\/image-1.png\" alt=\"\"><\/a><\/td><\/tr><tr><td><strong><a href=\"https:\/\/uogj.edu.al\/upload\/akreditim\/programet\/Master%20i%20Shkencave%20ne%20Matematik%20TIK%202024-2025.pdf\">Master i Shkencave n\u00eb M\u00ebsuesi  n\u00eb  \u201cMatematik\u00eb &#8211; TIK\u201d<\/a><\/strong><\/td><td><a href=\"https:\/\/uogj.edu.al\/upload\/akreditim\/programet\/Master%20i%20Shkencave%20ne%20Matematik%20TIK%202024-2025.pdf\"><img loading=\"lazy\" decoding=\"async\" width=\"80\" height=\"42\" class=\"wp-image-6286\" style=\"width: 80px;\" src=\"http:\/\/uogj.edu.al\/old\/wp-content\/uploads\/2023\/04\/image-1.png\" alt=\"\"><\/a><\/td><\/tr><tr><td><strong><a href=\"https:\/\/uogj.edu.al\/upload\/akreditim\/programet\/Master%20i%20Shkencave%20ne%20mesuesi%20ne%20Biologji%20Kimi.pdf\">Master i Shkencave n\u00eb M\u00ebsuesi  n\u00eb  \u201cBiologji Kimi\u201d<\/a><\/strong><\/td><td><a href=\"https:\/\/uogj.edu.al\/upload\/akreditim\/programet\/Master%20i%20Shkencave%20ne%20mesuesi%20ne%20Biologji%20Kimi.pdf\"><img loading=\"lazy\" decoding=\"async\" width=\"80\" height=\"42\" class=\"wp-image-6286\" style=\"width: 80px;\" src=\"http:\/\/uogj.edu.al\/old\/wp-content\/uploads\/2023\/04\/image-1.png\" alt=\"\"><\/a><\/td><\/tr><tr><td><strong><a href=\"https:\/\/uogj.edu.al\/upload\/akreditim\/programet\/Master%20i%20Shkencave%20n%C3%AB%20%20Arkeologji%20dhe%20Administrim%20i%20Pasurive%20Arkeologjike.pdf\">Master i Shkencave n\u00eb \u201cArkeologji dhe Administrim i Pasurive Arkeologjike\u201d<\/a><\/strong><\/td><td><a href=\"https:\/\/uogj.edu.al\/upload\/akreditim\/programet\/Master%20i%20Shkencave%20n%C3%AB%20%20Arkeologji%20dhe%20Administrim%20i%20Pasurive%20Arkeologjike.pdf\"><img loading=\"lazy\" decoding=\"async\" width=\"80\" height=\"42\" class=\"wp-image-6286\" style=\"width: 80px;\" src=\"http:\/\/uogj.edu.al\/old\/wp-content\/uploads\/2023\/04\/image-1.png\" alt=\"\"><\/a><\/td><\/tr><tr><td><strong><a href=\"https:\/\/uogj.edu.al\/upload\/akreditim\/programet\/Master%20i%20Shkencave%20n%C3%AB%20Arkeologji%20dhe%20Administrim%20i%20Pasurive%20Kulturore%20%20ASPIC.pdf\">\u201cMaster i Shkencave\u201d n\u00eb \u201cArkeologji, Histori dhe Administrim i Pasurive Kulturore \u2013 ASPIC\u201d <\/a>(Program i p\u00ebrbashk\u00ebt me Universitetin e Ma\u00e7erat\u00ebs, Itali)<\/strong><\/td><td><a href=\"https:\/\/uogj.edu.al\/upload\/akreditim\/programet\/Master%20i%20Shkencave%20n%C3%AB%20Arkeologji%20dhe%20Administrim%20i%20Pasurive%20Kulturore%20%20ASPIC.pdf\"><img loading=\"lazy\" decoding=\"async\" width=\"80\" height=\"42\" class=\"wp-image-6286\" style=\"width: 80px;\" src=\"http:\/\/uogj.edu.al\/old\/wp-content\/uploads\/2023\/04\/image-1.png\" alt=\"\"><\/a><\/td><\/tr><\/tbody><\/table><\/figure>\n\n\n\n<ul class=\"wp-block-list\">\n<li class=\"has-medium-font-size\"><strong>Fakulteti Ekonomik<\/strong>&nbsp;<img loading=\"lazy\" decoding=\"async\" width=\"80\" height=\"80\" class=\"wp-image-6693\" style=\"width: 80px;\" src=\"http:\/\/uogj.edu.al\/old\/wp-content\/uploads\/2024\/09\/image.png\" alt=\"\"><\/li>\n<\/ul>\n\n\n\n<figure class=\"wp-block-table\"><table class=\"has-fixed-layout\"><tbody><tr><td><strong><a href=\"https:\/\/uogj.edu.al\/upload\/akreditim\/programet\/Master%20i%20Shkencave%20ne%20Finance%20Kontabilitet.pdf\">\u201cMaster i Shkencave\u201d n\u00eb \u201cFinanc\u00eb \u2013 Kontabilitet\u201d<\/a>&nbsp;<\/strong><\/td><td><a href=\"https:\/\/uogj.edu.al\/upload\/akreditim\/programet\/Master%20i%20Shkencave%20ne%20Finance%20Kontabilitet.pdf\"><img loading=\"lazy\" decoding=\"async\" width=\"80\" height=\"42\" class=\"wp-image-6286\" style=\"width: 80px;\" src=\"http:\/\/uogj.edu.al\/old\/wp-content\/uploads\/2023\/04\/image-1.png\" alt=\"\"><\/a><\/td><\/tr><\/tbody><\/table><\/figure>\n\n\n\n<p><\/p>\n","protected":false},"excerpt":{"rendered":"<p>Master i Shkencave n\u00eb M\u00ebsuesi n\u00eb \u201cHistori \u2013 Gjeografi \u201d Master i Shkencave n\u00eb M\u00ebsuesi n\u00eb \u201cGjuh\u00eb Shqipe dhe Let\u00ebrsi\u201d [&hellip;]<\/p>\n","protected":false},"author":3,"featured_media":0,"parent":0,"menu_order":0,"comment_status":"closed","ping_status":"closed","template":"","meta":{"_monsterinsights_skip_tracking":false,"_monsterinsights_sitenote_active":false,"_monsterinsights_sitenote_note":"","_monsterinsights_sitenote_category":0,"footnotes":""},"class_list":["post-6484","page","type-page","status-publish","hentry"],"_links":{"self":[{"href":"http:\/\/uogj.edu.al\/old\/wp-json\/wp\/v2\/pages\/6484"}],"collection":[{"href":"http:\/\/uogj.edu.al\/old\/wp-json\/wp\/v2\/pages"}],"about":[{"href":"http:\/\/uogj.edu.al\/old\/wp-json\/wp\/v2\/types\/page"}],"author":[{"embeddable":true,"href":"http:\/\/uogj.edu.al\/old\/wp-json\/wp\/v2\/users\/3"}],"replies":[{"embeddable":true,"href":"http:\/\/uogj.edu.al\/old\/wp-json\/wp\/v2\/comments?post=6484"}],"version-history":[{"count":31,"href":"http:\/\/uogj.edu.al\/old\/wp-json\/wp\/v2\/pages\/6484\/revisions"}],"predecessor-version":[{"id":6986,"href":"http:\/\/uogj.edu.al\/old\/wp-json\/wp\/v2\/pages\/6484\/revisions\/6986"}],"wp:attachment":[{"href":"http:\/\/uogj.edu.al\/old\/wp-json\/wp\/v2\/media?parent=6484"}],"curies":[{"name":"wp","href":"https:\/\/api.w.org\/{rel}","templated":true}]}}