{"id":6548,"date":"2024-01-31T14:07:24","date_gmt":"2024-01-31T14:07:24","guid":{"rendered":"https:\/\/uogj.edu.al\/old\/?page_id=6548"},"modified":"2024-10-19T07:44:33","modified_gmt":"2024-10-19T07:44:33","slug":"thirrje-per-pjesemarrje-ne-konferenca","status":"publish","type":"page","link":"http:\/\/uogj.edu.al\/old\/thirrje-per-pjesemarrje-ne-konferenca\/","title":{"rendered":"THIRRJE P\u00cbR PJES\u00cbMARRJE N\u00cb KONFERENCA"},"content":{"rendered":"\n<ul class=\"wp-block-list\">\n<li><a href=\"https:\/\/uogj.edu.al\/upload\/thirrje\/WIRE%202024.pdf\">Hapet thirrja p\u00ebr pjes\u00ebmarrje n\u00eb konferenc\u00ebn Week of Innovative Regions in Europe (WIRE)<\/a><\/li>\n<\/ul>\n\n\n\n<iframe loading=\"lazy\" src=\"https:\/\/uogj.edu.al\/upload\/thirrje\/WIRE%202024.pdf\" width=\"100%\" height=\"700\" \"=\"\"> \n<\/iframe>\n\n\n\n<br>\n\n\n\n<ul class=\"wp-block-list\">\n<li><a href=\"https:\/\/uogj.edu.al\/upload\/thirrje\/Thirrje%20Konference%20tetor%202024.pdf\">Hapet thirrja p\u00ebr punime n\u00eb kuad\u00ebr t\u00eb Konferenc\u00ebs s\u00eb Tret\u00eb Nd\u00ebrkomb\u00ebtare n\u00eb Shkencat Shoq\u00ebrore dhe t\u00eb Sh\u00ebndetit<\/a><\/li>\n<\/ul>\n\n\n\n<iframe loading=\"lazy\" src=\"https:\/\/uogj.edu.al\/upload\/thirrje\/Thirrje%20Konference%20tetor%202024.pdf\" width=\"100%\" height=\"700\" \"=\"\"> \n<\/iframe>\n","protected":false},"excerpt":{"rendered":"","protected":false},"author":3,"featured_media":0,"parent":0,"menu_order":0,"comment_status":"closed","ping_status":"closed","template":"","meta":{"_monsterinsights_skip_tracking":false,"_monsterinsights_sitenote_active":false,"_monsterinsights_sitenote_note":"","_monsterinsights_sitenote_category":0,"footnotes":""},"class_list":["post-6548","page","type-page","status-publish","hentry"],"_links":{"self":[{"href":"http:\/\/uogj.edu.al\/old\/wp-json\/wp\/v2\/pages\/6548"}],"collection":[{"href":"http:\/\/uogj.edu.al\/old\/wp-json\/wp\/v2\/pages"}],"about":[{"href":"http:\/\/uogj.edu.al\/old\/wp-json\/wp\/v2\/types\/page"}],"author":[{"embeddable":true,"href":"http:\/\/uogj.edu.al\/old\/wp-json\/wp\/v2\/users\/3"}],"replies":[{"embeddable":true,"href":"http:\/\/uogj.edu.al\/old\/wp-json\/wp\/v2\/comments?post=6548"}],"version-history":[{"count":3,"href":"http:\/\/uogj.edu.al\/old\/wp-json\/wp\/v2\/pages\/6548\/revisions"}],"predecessor-version":[{"id":6730,"href":"http:\/\/uogj.edu.al\/old\/wp-json\/wp\/v2\/pages\/6548\/revisions\/6730"}],"wp:attachment":[{"href":"http:\/\/uogj.edu.al\/old\/wp-json\/wp\/v2\/media?parent=6548"}],"curies":[{"name":"wp","href":"https:\/\/api.w.org\/{rel}","templated":true}]}}