{"id":6549,"date":"2024-01-31T14:07:24","date_gmt":"2024-01-31T14:07:24","guid":{"rendered":"https:\/\/uogj.edu.al\/old\/?page_id=6549"},"modified":"2026-03-06T12:45:02","modified_gmt":"2026-03-06T12:45:02","slug":"konferenca-te-organizuara-ne-ugj","status":"publish","type":"page","link":"http:\/\/uogj.edu.al\/old\/konferenca-te-organizuara-ne-ugj\/","title":{"rendered":"KONFERENCA T\u00cb ORGANIZUARA N\u00cb UGJ"},"content":{"rendered":"\n<p>KONFERENC\u00cb ND\u00cbRKOMB\u00cbTARE &#8211;&nbsp;<\/p>\n\n\n\n<p><a href=\"https:\/\/uogj.edu.al\/upload\/aktivitetet\/INVITATIONAN%20AND%20PROGRAM%20AT%20INTERNATIONAL%20CONF%20DCU.pdf\">ARTIFICIAL INTELLIGENCE \u2013 INNOVATION IN EDUCATION IN A WORLD OF CONSTANT CHANGE<\/a><\/p>\n\n\n<div class=\"wp-block-image\">\n<figure class=\"aligncenter size-large is-resized\"><a href=\"https:\/\/uogj.edu.al\/upload\/aktivitetet\/INVITATIONAN%20AND%20PROGRAM%20AT%20INTERNATIONAL%20CONF%20DCU.pdf\"><img decoding=\"async\" src=\"https:\/\/uogj.edu.al\/upload\/aktivitetet\/ARTIFICIAL%20INTELLIGENCE%20%E2%80%93%20INNOVATION%20IN%20EDUCATION%20IN%20A%20WORLD%20OF%20CONSTANT%20CHANGE.jpeg \" alt=\"\" style=\"width:508px;height:auto\"\/><\/a><\/figure><\/div>\n\n\n<p style=\"font-size:17px\"><a href=\"https:\/\/en.cantemir.ro\/2025\/11\/11\/conferinta-internationala-2\/\">International Conference &#8211; Cantemir<\/a><\/p>\n\n\n\n<p><a href=\"https:\/\/uogj.edu.al\/upload\/aktivitetet\/Abstract%20Book%20International%20Conference%20Dimitrie%20Cantemir%20Romania.pdf\">Abstract Book International Conference Dimitrie Cantemir Romania<\/a><\/p>\n\n\n\n<p><a href=\"https:\/\/uogj.edu.al\/upload\/aktivitetet\/Conference%20Proceedings%20Part1.pdf\">Conference Proceedings Part1<\/a><\/p>\n\n\n\n<hr>\n\n\n\n<br>\n\n\n\n<p><a href=\"https:\/\/uogj.edu.al\/upload\/aktivitetet\/INTERNATIONAL%20CONFERENCE%20November%202025.pdf\">INTERNATIONAL CONFERENCE November 2025<\/a><\/p>\n\n\n<div class=\"wp-block-image\">\n<figure class=\"aligncenter size-large is-resized\"><a href=\"https:\/\/uogj.edu.al\/upload\/aktivitetet\/INTERNATIONAL%20CONFERENCE%20November%202025.pdf\"><img decoding=\"async\" src=\"https:\/\/uogj.edu.al\/upload\/aktivitetet\/INTERNATIONAL%20CONFERENCE%20November%202025.jpg \" alt=\"\" style=\"width:344px;height:auto\"\/><\/a><\/figure><\/div>\n\n\n<br>\n\n\n\n<p class=\"has-medium-font-size\"><a href=\"https:\/\/uogj.edu.al\/upload\/aktivitetet\/Student%20Leader%20Global%20Summit.jpeg\">Student Leader Global Summit<\/a><\/p>\n\n\n<div class=\"wp-block-image\">\n<figure class=\"aligncenter size-large is-resized\"><img decoding=\"async\" src=\"https:\/\/uogj.edu.al\/upload\/aktivitetet\/Student%20Leader%20Global%20Summit.jpeg \" alt=\"\" style=\"width:599px;height:auto\"\/><\/figure><\/div>\n\n\n<br>\n\n\n\n<p class=\"has-medium-font-size\"><a href=\"http:\/\/uogj.edu.al\/upload\/aktivitetet\/Konferenc%C3%AB%20DGLLC%202025.pdf\">International Scientific Conference<\/a><\/p>\n\n\n<div class=\"wp-block-image\">\n<figure class=\"aligncenter size-large is-resized\"><a href=\"http:\/\/uogj.edu.al\/upload\/aktivitetet\/Konferenc%C3%AB%20DGLLC%202025.pdf \"><img decoding=\"async\" src=\"http:\/\/uogj.edu.al\/upload\/aktivitetet\/Conference%20Poster%20DGLLC%202025.jpg\" alt=\"\" style=\"width:610px;height:auto\"\/><\/a><\/figure><\/div>\n\n\n<br>\n\n\n\n<p class=\"has-medium-font-size\"><a href=\"http:\/\/uogj.edu.al\/upload\/aktivitetet\/SHKOLLA%20E%20GJASHT%C3%8B%20VERORE%20P%C3%8BR%20T%C3%8B%20RINJT%C3%8B%202025.pdf\">Shkolla e gjasht\u00eb verore mbi Inteligjenc\u00ebn Artificiale.<\/a><\/p>\n\n\n\n<br>\n\n\n<div class=\"wp-block-image\">\n<figure class=\"aligncenter size-large is-resized\"><a href=\"http:\/\/uogj.edu.al\/upload\/aktivitetet\/SHKOLLA%20E%20GJASHT%C3%8B%20VERORE%20P%C3%8BR%20T%C3%8B%20RINJT%C3%8B%202025.pdf\"><img decoding=\"async\" src=\"http:\/\/uogj.edu.al\/upload\/aktivitetet\/Poster%20shkolla%20verore%202025.jpg\" alt=\"\" style=\"width:565px;height:auto\"\/><\/a><\/figure><\/div>\n\n\n<br>\n\n\n\n<p class=\"has-medium-font-size\">&#8220;KONGRES I K\u00cbRKIMEVE SHKENCORE DHE AKADEMIKE&#8221;&nbsp;<\/p>\n\n\n\n<p class=\"has-medium-font-size\"><a href=\"https:\/\/uogj.edu.al\/upload\/aktivitetet\/SCAR%20Abstract%20Book%202025.pdf\">SCAR Abstract Book<\/a><\/p>\n\n\n\n<p class=\"has-medium-font-size\"><a href=\"https:\/\/uogj.edu.al\/upload\/aktivitetet\/FTES%C3%8B%20P%C3%8BR%20PJES%C3%8BMARRJE%20N%C3%8B%20KONGRES%20Turqi.pdf\">FTES\u00cb P\u00cbR PJES\u00cbMARRJE<\/a><\/p>\n\n\n\n<p class=\"has-medium-font-size\"><a href=\"https:\/\/uogj.edu.al\/upload\/aktivitetet\/FUSHAT%20E%20K%C3%8BRKIMIT%20&amp;%20KONTAKTE%20Turqi.pdf\">FUSHAT E K\u00cbRKIMIT &amp; KONTAKTE<\/a><\/p>\n\n\n\n<p class=\"has-medium-font-size\"><a href=\"https:\/\/uogj.edu.al\/upload\/aktivitetet\/BORDI%20ORGANIZATIV%20DHE%20SHKENCOR%20Turqi.pdf\">BORDI ORGANIZATIV DHE SHKENCOR<\/a><\/p>\n\n\n\n<p class=\"has-medium-font-size\"><a href=\"https:\/\/uogj.edu.al\/upload\/aktivitetet\/DATA%20T%C3%8B%20R%C3%8BND%C3%8BSISHME%20Turqi.pdf\">DATA T\u00cb R\u00cbND\u00cbSISHME<\/a><\/p>\n\n\n\n<p class=\"has-medium-font-size\"><a href=\"https:\/\/uogj.edu.al\/upload\/aktivitetet\/TARIFAT%20P%C3%8BR%20PJES%C3%8BMARRJE%20Turqi.pdf\">TARIFAT P\u00cbR PJES\u00cbMARRJE<\/a><\/p>\n\n\n<div class=\"wp-block-image\">\n<figure class=\"aligncenter size-large is-resized\"><a href=\"https:\/\/uogj.edu.al\/upload\/aktivitetet\/PJES%C3%8BMARRJE%20N%C3%8B%20KONGRES%20%20qershor%202025%20me%20Turqi.pdf \"><img decoding=\"async\" src=\"https:\/\/uogj.edu.al\/upload\/aktivitetet\/Posteri%20i%20kongresit.png \" alt=\"\" style=\"width:672px;height:auto\"\/><\/a><\/figure><\/div>\n\n\n<br>\n\n\n\n<p class=\"has-medium-font-size\">\u201cINTERNATIONAL&nbsp; INTERDISCIPLINARY CONFERENCE&nbsp; THE NATIONAL PARK OF VJOSA\u201c<\/p>\n\n\n\n<p class=\"has-medium-font-size\"><a href=\"https:\/\/uogj.edu.al\/upload\/thirrje\/Book%20of%20Abstracts.pdf\">Book of Abstracts<\/a><\/p>\n\n\n\n<p class=\"has-medium-font-size\"><a rel=\"noreferrer noopener\" href=\"https:\/\/uogj.edu.al\/upload\/thirrje\/Invitation_Conference.pdf\" target=\"_blank\">Invitation Conference<\/a><\/p>\n\n\n\n<p class=\"has-medium-font-size\"><a href=\"https:\/\/uogj.edu.al\/upload\/thirrje\/Programi_Konferenca.pdf\" target=\"_blank\" rel=\"noreferrer noopener\">Programi Konferenc\u00ebs<\/a><\/p>\n\n\n\n<p class=\"has-medium-font-size\"><a rel=\"noreferrer noopener\" href=\"https:\/\/www.uogj.edu.al\/upload\/thirrje\/Komiteti%20organizues%20dhe%20Komiteti%20shkencor.pdf\" target=\"_blank\">Komiteti organizues dhe Komiteti shkencor<\/a><\/p>\n\n\n\n<p class=\"has-medium-font-size\"><a href=\"https:\/\/www.uogj.edu.al\/upload\/thirrje\/Interdisciplinary%20International%20Conference%202024b.pdf\">CALL FOR PAPERS&nbsp; INTERNATIONAL&nbsp; INTERDISCIPLINARY CONFERENCE&nbsp; THE NATIONAL PARK OF VJOSA \u2013The dialogue of science, culture, and sustainable development<\/a><\/p>\n\n\n\n<p><\/p>\n","protected":false},"excerpt":{"rendered":"<p>KONFERENC\u00cb ND\u00cbRKOMB\u00cbTARE &#8211;&nbsp; ARTIFICIAL INTELLIGENCE \u2013 INNOVATION IN EDUCATION IN A WORLD OF CONSTANT CHANGE International Conference &#8211; Cantemir Abstract [&hellip;]<\/p>\n","protected":false},"author":3,"featured_media":0,"parent":0,"menu_order":0,"comment_status":"closed","ping_status":"closed","template":"","meta":{"_monsterinsights_skip_tracking":false,"_monsterinsights_sitenote_active":false,"_monsterinsights_sitenote_note":"","_monsterinsights_sitenote_category":0,"footnotes":""},"class_list":["post-6549","page","type-page","status-publish","hentry"],"_links":{"self":[{"href":"http:\/\/uogj.edu.al\/old\/wp-json\/wp\/v2\/pages\/6549"}],"collection":[{"href":"http:\/\/uogj.edu.al\/old\/wp-json\/wp\/v2\/pages"}],"about":[{"href":"http:\/\/uogj.edu.al\/old\/wp-json\/wp\/v2\/types\/page"}],"author":[{"embeddable":true,"href":"http:\/\/uogj.edu.al\/old\/wp-json\/wp\/v2\/users\/3"}],"replies":[{"embeddable":true,"href":"http:\/\/uogj.edu.al\/old\/wp-json\/wp\/v2\/comments?post=6549"}],"version-history":[{"count":24,"href":"http:\/\/uogj.edu.al\/old\/wp-json\/wp\/v2\/pages\/6549\/revisions"}],"predecessor-version":[{"id":7026,"href":"http:\/\/uogj.edu.al\/old\/wp-json\/wp\/v2\/pages\/6549\/revisions\/7026"}],"wp:attachment":[{"href":"http:\/\/uogj.edu.al\/old\/wp-json\/wp\/v2\/media?parent=6549"}],"curies":[{"name":"wp","href":"https:\/\/api.w.org\/{rel}","templated":true}]}}