{"id":1726,"date":"2019-06-12T07:34:36","date_gmt":"2019-06-12T07:34:36","guid":{"rendered":"https:\/\/demo.themecentury.com\/wpthemes\/hamroclass\/?page_id=2"},"modified":"2023-01-31T10:59:03","modified_gmt":"2023-01-31T10:59:03","slug":"fakulteti-i-shkencave-te-natyres","status":"publish","type":"page","link":"https:\/\/uogj.edu.al\/old\/njesite-kryesore\/fakulteti-i-shkencave-te-natyres\/","title":{"rendered":"Fakulteti i Shkencave te Natyr\u00ebs"},"content":{"rendered":"\n<p><strong>Fakulteti i Shekencave t\u00eb Natyr\u00ebs<\/strong><\/p>\n\n\n\n<p>Fakulteti i Shkencave te Natyres&nbsp;(F.SH.N) realizon pergatitjen e specialisteve&nbsp;me arsim te larte ne disiplinat matematike, informatike, fizike,&nbsp;dhe Biologji-Kimi. Gjithashtu ne kete fakultet realizohet dhe pergatitja e infermiereve me arsim te larte. Personeli akademik&nbsp;i ketij fakulteti ndihmon dhe fakultetet e tjera ne drejtim te realizimit te&nbsp;disiplinave qe mbulohen nga personeli akademik&nbsp;i ketiij fakulteti.<\/p>\n\n\n\n<p>Pse duhet zgjedhur Fakulteti i Shekencave t\u00eb Natyr\u00ebs?<\/p>\n\n\n\n<p>Student\u00ebt q\u00eb do t\u00eb zgjedhin t\u00eb kryejn\u00eb studimet n\u00eb Fakultetin e Shekencave t\u00eb Natyr\u00ebs n\u00eb Gjirokast\u00ebr, do t\u00eb p\u00ebrfitojn\u00eb kompetenca profesionale t\u00eb standarteve bashk\u00ebkohore sepse n\u00eb departamentet tona ofrohen:<\/p>\n\n\n\n<ul class=\"wp-block-list\"><li>Angazhim n\u00eb sh\u00ebrbime p\u00ebrfituese.<\/li><li>P\u00ebrfshirje n\u00eb projektet k\u00ebrkimore t\u00eb departamenteve.<\/li><li>Vler\u00ebsim t\u00eb njohurive t\u00eb studentit n\u00eb m\u00ebnyr\u00eb t\u00eb vazhduar gjat\u00eb gjith\u00eb semestri.<\/li><li>K\u00ebshillim akademik t\u00eb personalizuar dhe t\u00eb vazhduesh\u00ebm gjat\u00eb gjith\u00eb periudh\u00ebs akademike.<\/li><li>Masterat profesional\u00eb 2 vje\u00e7ar\u00eb jan\u00eb t\u00eb strukturuara me num\u00ebr shum\u00eb t\u00eb lart\u00eb or\u00ebsh n\u00eb praktik\u00eb profesionale.<\/li><\/ul>\n\n\n\n<p><strong>Fshn<\/strong> <strong>\u00ebsht\u00eb i p\u00ebrb\u00ebr\u00eb nga 3 &#8211; departamente:<\/strong><\/p>\n\n\n\n<ul class=\"wp-block-list\"><li>Departamenti i Infermierise<\/li><li>Departamenti i Shkencave Biologjike,Mjedisore dhe Ushqimit<\/li><li>Departamenti i Matematike\u00a0\u00a0Informatikes dhe Fizikes<\/li><\/ul>\n","protected":false},"excerpt":{"rendered":"<p>Fakulteti i Shekencave t\u00eb Natyr\u00ebs Fakulteti i Shkencave te Natyres&nbsp;(F.SH.N) realizon pergatitjen e specialisteve&nbsp;me arsim te larte ne disiplinat matematike, [&hellip;]<\/p>\n","protected":false},"author":1,"featured_media":0,"parent":3320,"menu_order":0,"comment_status":"closed","ping_status":"open","template":"","meta":{"_monsterinsights_skip_tracking":false,"_monsterinsights_sitenote_active":false,"_monsterinsights_sitenote_note":"","_monsterinsights_sitenote_category":0,"footnotes":""},"class_list":["post-1726","page","type-page","status-publish","hentry"],"_links":{"self":[{"href":"https:\/\/uogj.edu.al\/old\/wp-json\/wp\/v2\/pages\/1726"}],"collection":[{"href":"https:\/\/uogj.edu.al\/old\/wp-json\/wp\/v2\/pages"}],"about":[{"href":"https:\/\/uogj.edu.al\/old\/wp-json\/wp\/v2\/types\/page"}],"author":[{"embeddable":true,"href":"https:\/\/uogj.edu.al\/old\/wp-json\/wp\/v2\/users\/1"}],"replies":[{"embeddable":true,"href":"https:\/\/uogj.edu.al\/old\/wp-json\/wp\/v2\/comments?post=1726"}],"version-history":[{"count":10,"href":"https:\/\/uogj.edu.al\/old\/wp-json\/wp\/v2\/pages\/1726\/revisions"}],"predecessor-version":[{"id":6090,"href":"https:\/\/uogj.edu.al\/old\/wp-json\/wp\/v2\/pages\/1726\/revisions\/6090"}],"up":[{"embeddable":true,"href":"https:\/\/uogj.edu.al\/old\/wp-json\/wp\/v2\/pages\/3320"}],"wp:attachment":[{"href":"https:\/\/uogj.edu.al\/old\/wp-json\/wp\/v2\/media?parent=1726"}],"curies":[{"name":"wp","href":"https:\/\/api.w.org\/{rel}","templated":true}]}}