{"id":3499,"date":"2021-04-02T11:58:29","date_gmt":"2021-04-02T11:58:29","guid":{"rendered":"http:\/\/localhost:8080\/wordpress\/?page_id=3499"},"modified":"2022-09-09T18:19:37","modified_gmt":"2022-09-09T18:19:37","slug":"hapesira-online-per-studentet-esse3","status":"publish","type":"page","link":"https:\/\/uogj.edu.al\/old\/hapesira-online-per-studentet-esse3\/","title":{"rendered":"Hapesira Online p\u00ebr Studentet Pitagora"},"content":{"rendered":"\n<p>Per te kontrolluar llogarine online \u00e7do student mund te hyje dhe te informohet me statusin&nbsp; per notat detyra kursi pagesat data provimesh etj. Logimi behet po njesoj si ne sistemin Esse3 qe ishte me pare.   Klikoni te Logoheni:<\/p>\n\n\n\n<figure class=\"wp-block-image size-large\"><a href=\"https:\/\/uogj.pitagora.rash.al\/login\"><img loading=\"lazy\" decoding=\"async\" width=\"516\" height=\"508\" src=\"https:\/\/uogj.edu.al\/wp-content\/uploads\/2021\/05\/image-1.png\" alt=\"\" class=\"wp-image-5163\"\/><\/a><figcaption><a href=\"https:\/\/uogj.pitagora.rash.al\/login\">https:\/\/uogj.pitagora.rash.al\/login<\/a><\/figcaption><\/figure>\n\n\n\n<p>\u00c7do student mund te hynte dhe te informohej me pare  me statusin&nbsp; per notat detyra kursi pagesat data provimesh etj.<\/p>\n\n\n\n<p><a href=\"http:\/\/uogj.edu.al\/upload\/Posterat_PEDAGOGU_pitagora.pdf\">Manuali pedagog ne pitagora<\/a><\/p>\n\n\n\n<p><a href=\"http:\/\/uogj.edu.al\/upload\/Posterat_STUDENTI_pitagora.pdf\">Manuali student &nbsp;ne pitagora<\/a><\/p>\n\n\n\n<p><\/p>\n\n\n\n<p class=\"has-text-align-center\"><a target=\"_blank\" href=\"https:\/\/www.uogj.esse3.u-gov.rash.al\/\" rel=\"noopener\"><strong>Klikoni&nbsp;t\u00eb logoheni<\/strong><\/a><\/p>\n\n\n\n<figure class=\"wp-block-image size-large\"><a href=\"https:\/\/www.uogj.esse3.u-gov.rash.al\/Home.do\" target=\"_blank\" rel=\"noopener\"><img loading=\"lazy\" decoding=\"async\" width=\"768\" height=\"327\" src=\"http:\/\/uogj.edu.al\/wp-content\/uploads\/2021\/04\/link-esse3-768x327-2.jpg\" alt=\"\" class=\"wp-image-3502\"\/><\/a><\/figure>\n\n\n\n<p>Aksesi online do t\u00eb mund\u00ebsohet me emailin q\u00eb p\u00ebrdorni n\u00eb universitetetin tuaj duke aksesuar:<strong>&nbsp;<a href=\"https:\/\/ulibrary.rash.al\/\">k\u00ebt\u00eb link&nbsp;<\/a><\/strong><\/p>\n\n\n\n<ul class=\"wp-block-list\"><li>Rregullore per Esse3: <a rel=\"noreferrer noopener\" href=\"http:\/\/www.uogj.edu.al\/wp-content\/uploads\/Test\/upload\/Rregullore%20per%20ESSE3%202017.pdf\" target=\"_blank\"><strong><u>Rregullore per Esse3<\/u><\/strong><\/a><\/li><\/ul>\n","protected":false},"excerpt":{"rendered":"<p>Per te kontrolluar llogarine online \u00e7do student mund te hyje dhe te informohet me statusin&nbsp; per notat detyra kursi pagesat [&hellip;]<\/p>\n","protected":false},"author":1,"featured_media":0,"parent":0,"menu_order":0,"comment_status":"closed","ping_status":"closed","template":"","meta":{"_monsterinsights_skip_tracking":false,"_monsterinsights_sitenote_active":false,"_monsterinsights_sitenote_note":"","_monsterinsights_sitenote_category":0,"footnotes":""},"class_list":["post-3499","page","type-page","status-publish","hentry"],"_links":{"self":[{"href":"https:\/\/uogj.edu.al\/old\/wp-json\/wp\/v2\/pages\/3499"}],"collection":[{"href":"https:\/\/uogj.edu.al\/old\/wp-json\/wp\/v2\/pages"}],"about":[{"href":"https:\/\/uogj.edu.al\/old\/wp-json\/wp\/v2\/types\/page"}],"author":[{"embeddable":true,"href":"https:\/\/uogj.edu.al\/old\/wp-json\/wp\/v2\/users\/1"}],"replies":[{"embeddable":true,"href":"https:\/\/uogj.edu.al\/old\/wp-json\/wp\/v2\/comments?post=3499"}],"version-history":[{"count":11,"href":"https:\/\/uogj.edu.al\/old\/wp-json\/wp\/v2\/pages\/3499\/revisions"}],"predecessor-version":[{"id":5955,"href":"https:\/\/uogj.edu.al\/old\/wp-json\/wp\/v2\/pages\/3499\/revisions\/5955"}],"wp:attachment":[{"href":"https:\/\/uogj.edu.al\/old\/wp-json\/wp\/v2\/media?parent=3499"}],"curies":[{"name":"wp","href":"https:\/\/api.w.org\/{rel}","templated":true}]}}