{"id":4425,"date":"2021-04-13T09:09:38","date_gmt":"2021-04-13T09:09:38","guid":{"rendered":"http:\/\/uogj.edu.al\/new\/?page_id=4425"},"modified":"2023-04-20T09:54:03","modified_gmt":"2023-04-20T09:54:03","slug":"kodi-cilesise","status":"publish","type":"page","link":"https:\/\/uogj.edu.al\/old\/kodi-cilesise\/","title":{"rendered":"Kodi Cilesis\u00eb"},"content":{"rendered":"\n<br>\n\n\n\n<p>Kodi i Cil\u00ebsis\u00eb s\u00eb Arsimit t\u00eb Lart\u00eb \u00ebsht\u00eb dokumenti kryesor p\u00ebr t\u00eb gjitha proceset dhe procedurat e sigurimit t\u00eb cil\u00ebsis\u00eb n\u00eb arsimin e lart\u00eb (IAL). Ai p\u00ebrcakton standardet shtet\u00ebrore t\u00eb cil\u00ebsis\u00eb, t\u00eb detyrueshme p\u00ebr zbatim prej institucioneve t\u00eb arsimit t\u00eb lart\u00eb.<\/p>\n\n\n\n<p>Kodi i Cil\u00ebsis\u00eb u hartua nga grupi i pun\u00ebs i ngritur me urdh\u00ebr t\u00eb Ministrit t\u00eb Arsimit dhe Sportit.<\/p>\n\n\n\n<p>Kodi i Cil\u00ebsis\u00eb i miratur me VKM Nr.824, dat\u00eb 24.12.2021 (pika 3 shfuqizon VKM Nr. 531, dat\u00eb 11.09.2018) \u00ebsht\u00eb p\u00ebrmbledhje e standardeve shtet\u00ebrore p\u00ebr sigurimin e cil\u00ebsis\u00eb, p\u00ebr programet e studimit me karakter profesional, programet e ciklit t\u00eb par\u00eb t\u00eb studimeve &#8220;Bachelor&#8221;, programet e studimit t\u00eb ciklit t\u00eb dyt\u00eb, programet e ciklit t\u00eb tret\u00eb &#8220;Master ekzekutiv&#8221;, programet e ciklit t\u00eb tret\u00eb &#8220;Specializime afatgjata&#8221;. P\u00ebr realizimin e proceseve t\u00eb vler\u00ebsimit t\u00eb jasht\u00ebm ASCAL dhe IAL mb\u00ebshten n\u00eb Kodin e Cil\u00ebsis\u00eb.<\/p>\n\n\n\n<div class=\"wp-block-columns is-layout-flex wp-container-core-columns-is-layout-1 wp-block-columns-is-layout-flex\">\n<div class=\"wp-block-column is-layout-flow wp-block-column-is-layout-flow\">\n<p><strong>Kodi i Cil\u00ebsis\u00eb s\u00eb Arsimit t\u00eb Lart\u00eb\u00a0miratuar me VKM Nr.824, dat\u00eb 24.12.2021<\/strong><\/p>\n\n\n\n<p><strong>Kodi i Cil\u00ebsis\u00eb s\u00eb Arsimit t\u00eb Lart\u00eb\u00a0miratuar me VKM Nr.824, dat\u00eb 24.12.2021, versioni anglisht<\/strong><\/p>\n\n\n\n<p><strong><a href=\"http:\/\/www.uogj.edu.al\/wp-content\/uploads\/Test\/upload\/Kodi-Cilesise-se-Arsimit-te-Larte.pdf\" target=\"_blank\" rel=\"noreferrer noopener\">Kodi i Cil\u00ebsis\u00eb s\u00eb Arsimit t\u00eb Lart\u00eb miratuar me VKM Nr. 531, dat\u00eb 11.09.2018\u00a0<\/a><\/strong><\/p>\n<\/div>\n\n\n\n<div class=\"wp-block-column is-layout-flow wp-block-column-is-layout-flow\">\n<figure class=\"wp-block-image size-full is-resized\"><img loading=\"lazy\" decoding=\"async\" src=\"https:\/\/uogj.edu.al\/old\/wp-content\/uploads\/2023\/04\/image-1.png\" alt=\"\" class=\"wp-image-6286\" width=\"97\" height=\"50\"\/><\/figure>\n\n\n\n<figure class=\"wp-block-image size-full is-resized\"><img loading=\"lazy\" decoding=\"async\" src=\"https:\/\/uogj.edu.al\/old\/wp-content\/uploads\/2023\/04\/image-2.png\" alt=\"\" class=\"wp-image-6287\" width=\"100\" height=\"52\"\/><\/figure>\n\n\n\n<figure class=\"wp-block-image size-full is-resized\"><a href=\"http:\/\/www.uogj.edu.al\/wp-content\/uploads\/Test\/upload\/Kodi-Cilesise-se-Arsimit-te-Larte.pdf\"><img loading=\"lazy\" decoding=\"async\" src=\"http:\/\/uogj.edu.al\/old\/wp-content\/uploads\/2023\/04\/ikona-pdf.jpg\" alt=\"\" class=\"wp-image-6269\" width=\"100\" height=\"52\"\/><\/a><\/figure>\n<\/div>\n<\/div>\n","protected":false},"excerpt":{"rendered":"<p>Kodi i Cil\u00ebsis\u00eb s\u00eb Arsimit t\u00eb Lart\u00eb \u00ebsht\u00eb dokumenti kryesor p\u00ebr t\u00eb gjitha proceset dhe procedurat e sigurimit t\u00eb cil\u00ebsis\u00eb [&hellip;]<\/p>\n","protected":false},"author":1,"featured_media":0,"parent":0,"menu_order":0,"comment_status":"closed","ping_status":"closed","template":"","meta":{"_monsterinsights_skip_tracking":false,"_monsterinsights_sitenote_active":false,"_monsterinsights_sitenote_note":"","_monsterinsights_sitenote_category":0,"footnotes":""},"class_list":["post-4425","page","type-page","status-publish","hentry"],"_links":{"self":[{"href":"https:\/\/uogj.edu.al\/old\/wp-json\/wp\/v2\/pages\/4425"}],"collection":[{"href":"https:\/\/uogj.edu.al\/old\/wp-json\/wp\/v2\/pages"}],"about":[{"href":"https:\/\/uogj.edu.al\/old\/wp-json\/wp\/v2\/types\/page"}],"author":[{"embeddable":true,"href":"https:\/\/uogj.edu.al\/old\/wp-json\/wp\/v2\/users\/1"}],"replies":[{"embeddable":true,"href":"https:\/\/uogj.edu.al\/old\/wp-json\/wp\/v2\/comments?post=4425"}],"version-history":[{"count":6,"href":"https:\/\/uogj.edu.al\/old\/wp-json\/wp\/v2\/pages\/4425\/revisions"}],"predecessor-version":[{"id":6290,"href":"https:\/\/uogj.edu.al\/old\/wp-json\/wp\/v2\/pages\/4425\/revisions\/6290"}],"wp:attachment":[{"href":"https:\/\/uogj.edu.al\/old\/wp-json\/wp\/v2\/media?parent=4425"}],"curies":[{"name":"wp","href":"https:\/\/api.w.org\/{rel}","templated":true}]}}