{"id":6443,"date":"2024-01-08T11:01:09","date_gmt":"2024-01-08T11:01:09","guid":{"rendered":"https:\/\/uogj.edu.al\/old\/?page_id=6443"},"modified":"2024-01-11T11:47:14","modified_gmt":"2024-01-11T11:47:14","slug":"projekte-tempus","status":"publish","type":"page","link":"https:\/\/uogj.edu.al\/old\/projekte-tempus\/","title":{"rendered":"PROJEKTE TEMPUS"},"content":{"rendered":"\n<p>PROJEKTE TEMPUS<\/p>\n\n\n\n<ol class=\"wp-block-list\">\n<li>CCNURCA \u2013 REFORMA E KURRIKUL\u00cbS ME BAZ\u00cb KOMPETENCAT N\u00cb<br>INFERMIERI DHE KUJDES SH\u00cbNDET\u00cbSOR N\u00cb UNIVERSITETET E<br>BALLKANIT PER\u00cbNDIMOR<br>Programi: Tempus<br>Periudha:&nbsp; 2014 &#8211; 2017<br>Lider i projektit:&nbsp;HUB HAKO<br>Partner\u00ebt e projektit:<br>\uf0a7 Universiteti i Sarajev\u00ebs Lindore, Bosnje-Hercegovin\u00eb<br>\uf0a7 Universiteti i Mostarit, Bosnje-Hercegovin\u00eb<br>\uf0a7 Universiteti i Zenic\u00ebs, Bosnje-Hercegovin\u00eb<br>\uf0a7 Universiteti i Malit t\u00eb Zi<br>\uf0a7 Universiteti \u201cLuigj Gurakuqi\u201d, Shkod\u00ebr, Shqip\u00ebri<br>\uf0a7 Universiteti \u201cFan S. Noli\u201d, Kor\u00e7\u00eb, Shqip\u00ebri<br>\uf0a7 Universiteti i Shkencave t\u00eb Aplikuara, Hanze, Gjermani<br>\uf0a7 Universiteti i Presov, Sllovaki<br>\uf0a7 Ministria e Arsimit dhe Kultur\u00ebs, Serbi<br>\uf0a7 Ministria e Arsimit, Shkenc\u00ebs, Kultur\u00ebs dhe Sportit, Republika e ZEDO Canton<br>\uf0a7 Ministria e Arsimit, Mali i Zi<br>\uf0a7 Ministria e Arsimit dhe Mir\u00ebq\u00ebnies, Serbi<br>\uf0a7 Ministria e Sh\u00ebndetit, Neretvanski, Bosnje-Hercegovin\u00eb<br>\uf0a7 Ministria e Sh\u00ebndetit , Zenica Doboj Canton<br>\uf0a7 Ministria e Sh\u00ebndetit, Shqip\u00ebri<br>\uf0a7 KU Leuven, Belgjik\u00eb<br>\uf0a7 Universiteti \u201cEqrem \u00c7abej\u201d, Gjirokast\u00ebr<br>P\u00ebrshkrimi i projektit: Reforma n\u00eb m\u00ebsimdh\u00ebnien e Infermieris\u00eb \u00ebsht\u00eb kusht p\u00ebr hyrjen n\u00eb<br>Bashkimin Evropian p\u00ebr gjith\u00eb vendet partnere t\u00eb Ballkanit Per\u00ebndimor t\u00eb p\u00ebrfshir\u00eb n\u00eb<br>projekt. Ky projekt p\u00ebrshtatej me strategjit\u00eb e zhvillimit t\u00eb vendeve partnere dhe madje ishte<br>nj\u00eb domosdoshm\u00ebri.<br>T\u00eb gjitha aktivitetet e projektit u organizuan n\u00eb m\u00ebnyr\u00eb logjike, duke marr\u00eb parasysh analiz\u00ebn<br>e trendit aktual n\u00eb m\u00ebsimdh\u00ebnien e Infermieris\u00eb n\u00eb BE dhe Ballkanin Per\u00ebndimor. U zhvilluan<br>nj\u00eb s\u00ebr\u00eb aktivitetesh p\u00ebr zhvillimin e kurrikul\u00ebs s\u00eb re si p\u00ebrcaktimi i rezultateve t\u00eb pritshme<br>dhe objektivave t\u00eb m\u00ebsimdh\u00ebnies, aft\u00ebsive dhe metodave t\u00eb vler\u00ebsimit t\u00eb stafit trajnues dhe<br>ngritjes s\u00eb kapaciteteve t\u00eb institucioneve t\u00eb Ballkanit Per\u00ebndimor t\u00eb p\u00ebrfshir\u00eb n\u00eb projekt.<br>U punua q\u00eb kurrikula e re t\u00eb bazohej n\u00eb kompetenca t\u00eb tilla si: vlerat profesionale, q\u00ebllimet,<br>sjellja dhe etika, aft\u00ebsit\u00eb komunikuese, aft\u00ebsit\u00eb e infermieris\u00eb klinike, background-i shkencor i<\/li>\n<\/ol>\n\n\n\n<p>infermieris\u00eb, mendimi kritik, menaxhimi i informacionit, kujdesi sh\u00ebndet\u00ebsor social,<br>parandalues dhe kurues.<br>Sa i takon ngritjes s\u00eb kapaciteteve, synimi kryesor ishte sigurimi i pajisjeve t\u00eb p\u00ebrshtatshme<br>dhe t\u00eb nevojshme p\u00ebr m\u00ebsimnx\u00ebnien dhe performimin e aft\u00ebsive t\u00eb ndryshme praktike.<br>Linku i projektit: http:\/\/www.ccnurca.eu\/<\/p>\n\n\n\n<ol class=\"wp-block-list\" start=\"2\">\n<li>U3M-AL \u2013 MISIONI I TRET\u00cb I UNIVERSITETEVE N\u00cb SHQIP\u00cbRI<\/li>\n<\/ol>\n\n\n\n<p>Programi: Tempus<br>Periudha:&nbsp; 10\/2012 &#8211; 10\/2014<br>Lider i projektit:&nbsp;Universiteti i Leonit, Spanj\u00eb<br>Partner\u00ebt e projektit:&nbsp;<br>\uf0a7 Universitetit Politeknik i Venecias, Itali<br>\uf0a7 Universiteti i Turkut, Findland\u00eb<br>\uf0a7 Universiteti i Rom\u00ebs \u201cLa Sapienza\u201d, Itali<br>\uf0a7 Instituti Superior \u201cMario Boella\u201d, Itali<br>\uf0a7 Ministria Arsimit Sportit dhe Rinis\u00eb, Shqip\u00ebri<br>\uf0a7 Universiteti \u201cLuigj Gurakuqi\u201d, Shkod\u00ebr<br>\uf0a7 Universiteti \u201cEqrem \u00c7abej\u201d, Gjirokast\u00ebr<br>\uf0a7 Universiteti \u201cAleksand\u00ebr Moisiu\u201d, Durr\u00ebs<br>\uf0a7 Universiteti Bujq\u00ebsor i Tiran\u00ebs<br>\uf0a7 Universiteti Politeknik i Tiran\u00ebs<br>\uf0a7 Universiteti \u201cFan S. Noli\u201d, Kor\u00e7\u00eb<br>P\u00ebrshkrimi i projektit: U3M-AL \u00ebsht\u00eb nj\u00eb projekt i financuar pjes\u00ebrisht nga BE, ku<br>marrin pjes\u00eb Ministria e Arsimit dhe shumica e Universiteteve shqiptare. Misioni tradicional<br>i Universitetit \u00ebsht\u00eb m\u00ebsimdh\u00ebnia dhe puna k\u00ebrkimore. Lidhja midis Arsimit t\u00eb lart\u00eb dhe<br>shoq\u00ebris\u00eb referohet si Misioni i Tret\u00eb (3M). Ky mission p\u00ebrfshin aktivitete q\u00eb lidhen me<br>pun\u00ebn k\u00ebrkimore (teknologjin\u00eb dhe inovacionin), m\u00ebsimdh\u00ebnien (T\u00eb M\u00ebsuarin Gjat\u00eb Gjith\u00eb<br>Jet\u00ebs, Arsimimi i Vazhduar, etj) dhe angazhimin e shoq\u00ebris\u00eb (akses publik n\u00eb muze,<br>koncerte, leksione; pun\u00eb vullnetare dhe konsulenc\u00eb nga stafi apo student\u00ebt). Jan\u00eb nj\u00eb s\u00ebr\u00eb<br>aktivitetsh q\u00eb p\u00ebrfshijn\u00eb pjes\u00ebt p\u00ebrb\u00ebr\u00ebse t\u00eb Universiteteve dhe q\u00eb k\u00ebrkojn\u00eb kultur\u00ebn e<br>duhur, njer\u00ebz me aft\u00ebsi t\u00eb ve\u00e7anta dhe struktura e mekanizma mb\u00ebshtet\u00ebse p\u00ebr t\u00eb arritur<br>potencialin e vet.<br>Tre grupet e aktiviteteve q\u00eb jan\u00eb pjes\u00eb e 3M (teknologjia, arsimimi i vazhduar dhe<br>angazhimi social) jan\u00eb ende n\u00eb fazat fillestare n\u00eb universitetet shqiptare, prandaj k\u00ebrkohet<br>t\u00eb nd\u00ebrmerret nj\u00eb p\u00ebrpjekje m\u00eb e madhe p\u00ebr t\u2019i b\u00ebr\u00eb universitetet m\u00eb t\u00eb p\u00ebrgjegjsh\u00ebm<br>ndaj nevojave sociale dhe ekonomike, ve\u00e7an\u00ebrisht n\u00eb nivel rajonal.<\/p>\n\n\n\n<p>Objektivi i projektit: Projekti U3M-AL synon t\u00eb mb\u00ebshtes\u00eb rolin e universiteteve<br>shqiptare n\u00eb Shqip\u00ebri p\u00ebrmes tre drejtimeve kryesore:<br>\uf0a7 Zhvillimi i marr\u00ebdh\u00ebnieve midis universiteteve shqiptare dhe shoq\u00ebris\u00eb p\u00ebrmes<br>promovimit t\u00eb aktiviteteve 3M: transferimi i teknologjis\u00eb, edukimi i vazhduesh\u00ebm<br>dhe angazhimi social;<br>\uf0a7 Themelimi i Qendrave Rajonale t\u00eb Zhvillimit p\u00ebr t\u00eb promovuar dhe organizuar<br>aktivitetet 3M n\u00eb secil\u00ebn prej Universiteteve Publike Shqiptare;<br>\uf0a7 Krijimi i nj\u00eb rrjeti shqiptar p\u00ebr t\u00eb promovuar k\u00ebto aktivitete pas p\u00ebrfundimit t\u00eb k\u00ebtij<br>projekti.<\/p>\n\n\n\n<p>Linku i projektit: http:\/\/www.u3m-al.org\/<\/p>\n","protected":false},"excerpt":{"rendered":"<p>PROJEKTE TEMPUS infermieris\u00eb, mendimi kritik, menaxhimi i informacionit, kujdesi sh\u00ebndet\u00ebsor social,parandalues dhe kurues.Sa i takon ngritjes s\u00eb kapaciteteve, synimi kryesor [&hellip;]<\/p>\n","protected":false},"author":3,"featured_media":0,"parent":0,"menu_order":0,"comment_status":"closed","ping_status":"closed","template":"","meta":{"_monsterinsights_skip_tracking":false,"_monsterinsights_sitenote_active":false,"_monsterinsights_sitenote_note":"","_monsterinsights_sitenote_category":0,"footnotes":""},"class_list":["post-6443","page","type-page","status-publish","hentry"],"_links":{"self":[{"href":"https:\/\/uogj.edu.al\/old\/wp-json\/wp\/v2\/pages\/6443"}],"collection":[{"href":"https:\/\/uogj.edu.al\/old\/wp-json\/wp\/v2\/pages"}],"about":[{"href":"https:\/\/uogj.edu.al\/old\/wp-json\/wp\/v2\/types\/page"}],"author":[{"embeddable":true,"href":"https:\/\/uogj.edu.al\/old\/wp-json\/wp\/v2\/users\/3"}],"replies":[{"embeddable":true,"href":"https:\/\/uogj.edu.al\/old\/wp-json\/wp\/v2\/comments?post=6443"}],"version-history":[{"count":2,"href":"https:\/\/uogj.edu.al\/old\/wp-json\/wp\/v2\/pages\/6443\/revisions"}],"predecessor-version":[{"id":6467,"href":"https:\/\/uogj.edu.al\/old\/wp-json\/wp\/v2\/pages\/6443\/revisions\/6467"}],"wp:attachment":[{"href":"https:\/\/uogj.edu.al\/old\/wp-json\/wp\/v2\/media?parent=6443"}],"curies":[{"name":"wp","href":"https:\/\/api.w.org\/{rel}","templated":true}]}}