{"id":6481,"date":"2024-01-23T11:29:10","date_gmt":"2024-01-23T11:29:10","guid":{"rendered":"https:\/\/uogj.edu.al\/old\/?page_id=6481"},"modified":"2025-06-26T07:35:29","modified_gmt":"2025-06-26T07:35:29","slug":"programet-e-studimit-me-karakter-profesional","status":"publish","type":"page","link":"https:\/\/uogj.edu.al\/old\/programet-e-studimit-me-karakter-profesional\/","title":{"rendered":"Programe t\u00eb studimit me karakter profesional 2025-2026"},"content":{"rendered":"\n<p><\/p>\n\n\n\n<ul start=\"1\" class=\"wp-block-list\">\n<li class=\"has-medium-font-size\"><strong>Fakulteti i Edukimit dhe Shkencave Shoq\u00ebrore<\/strong>  <img loading=\"lazy\" decoding=\"async\" width=\"80\" height=\"80\" class=\"wp-image-6693\" style=\"width: 80px;\" src=\"http:\/\/uogj.edu.al\/old\/wp-content\/uploads\/2024\/09\/image.png\" alt=\"\"><\/li>\n<\/ul>\n\n\n\n<figure class=\"wp-block-table\"><table class=\"has-fixed-layout\"><tbody><tr><td><strong><a href=\"https:\/\/uogj.edu.al\/upload\/akreditim\/programet\/Librar%20dhe%20Bibliotekar.pdf\">Program profesional n\u00eb \u201cLibrar dhe bibliotekar\u201d<\/a><\/strong><\/td><td><a href=\"https:\/\/uogj.edu.al\/upload\/akreditim\/programet\/Librar%20dhe%20Bibliotekar.pdf\"><img loading=\"lazy\" decoding=\"async\" width=\"80\" height=\"42\" class=\"wp-image-6286\" style=\"width: 80px;\" src=\"http:\/\/uogj.edu.al\/old\/wp-content\/uploads\/2023\/04\/image-1.png\" alt=\"\"><\/a><\/td><\/tr><tr><td><strong><a href=\"https:\/\/uogj.edu.al\/upload\/akreditim\/programet\/Udherrefyes%20Turistik.pdf\">Program profesional n\u00eb \u201cUdh\u00ebrr\u00ebfyes Turistik\u201d<\/a><\/strong><\/td><td><a href=\"https:\/\/uogj.edu.al\/upload\/akreditim\/programet\/Udherrefyes%20Turistik.pdf\"><img loading=\"lazy\" decoding=\"async\" width=\"80\" height=\"42\" class=\"wp-image-6286\" style=\"width: 80px;\" src=\"http:\/\/uogj.edu.al\/old\/wp-content\/uploads\/2023\/04\/image-1.png\" alt=\"\"><\/a><\/td><\/tr><tr><td><strong><a href=\"https:\/\/uogj.edu.al\/upload\/akreditim\/programet\/Edukatore%20per%20zhvillimin%20e%20femijerise%20se%20hershme%200-3%20vjec.pdf\">Program profesional n\u00eb \u201cEdukator\u00eb p\u00ebr zhvillimin dhe edukimin e f\u00ebmij\u00ebris\u00eb s\u00eb hershme\u201d<\/a><\/strong><\/td><td><a href=\"https:\/\/uogj.edu.al\/upload\/akreditim\/programet\/Edukatore%20per%20zhvillimin%20e%20femijerise%20se%20hershme%200-3%20vjec.pdf\"><img loading=\"lazy\" decoding=\"async\" width=\"80\" height=\"42\" class=\"wp-image-6286\" style=\"width: 80px;\" src=\"http:\/\/uogj.edu.al\/old\/wp-content\/uploads\/2023\/04\/image-1.png\" alt=\"\"><\/a><\/td><\/tr><\/tbody><\/table><\/figure>\n\n\n\n<ul class=\"wp-block-list\">\n<li class=\"has-medium-font-size\"><strong>Fakulteti Ekonomik<\/strong>  <img loading=\"lazy\" decoding=\"async\" width=\"80\" height=\"80\" class=\"wp-image-6693\" style=\"width: 80px;\" src=\"http:\/\/uogj.edu.al\/old\/wp-content\/uploads\/2024\/09\/image.png\" alt=\"\"><\/li>\n<\/ul>\n\n\n\n<figure class=\"wp-block-table\"><table class=\"has-fixed-layout\"><tbody><tr><td><strong><a href=\"https:\/\/uogj.edu.al\/upload\/akreditim\/programet\/Asistent%20Administrativ.pdf\">Program profesional n\u00eb \u201cAsistent Administrativ\u201d<\/a><\/strong><\/td><td><a href=\"https:\/\/uogj.edu.al\/upload\/akreditim\/programet\/Asistent%20Administrativ.pdf\"><img loading=\"lazy\" decoding=\"async\" width=\"80\" height=\"42\" class=\"wp-image-6286\" style=\"width: 80px;\" src=\"http:\/\/uogj.edu.al\/old\/wp-content\/uploads\/2023\/04\/image-1.png\" alt=\"\"><\/a><\/td><\/tr><tr><td><strong><a href=\"https:\/\/uogj.edu.al\/upload\/akreditim\/programet\/Ndihmes%20Ekonomist.pdf\">Program profesional n\u00eb \u201cNdihm\u00ebs Ekonomist\u201d<\/a><\/strong><\/td><td><a href=\"https:\/\/uogj.edu.al\/upload\/akreditim\/programet\/Ndihmes%20Ekonomist.pdf\"><img loading=\"lazy\" decoding=\"async\" width=\"80\" height=\"42\" class=\"wp-image-6286\" style=\"width: 80px;\" src=\"http:\/\/uogj.edu.al\/old\/wp-content\/uploads\/2023\/04\/image-1.png\" alt=\"\"><\/a><\/td><\/tr><tr><td><strong><a href=\"https:\/\/uogj.edu.al\/upload\/akreditim\/programet\/Asistent%20Menaxher%20ne%20Sherbimet%20Turistike.pdf\">Program profesional n\u00eb \u201cAsistent-menaxher n\u00eb sh\u00ebrbimet turistike\u201d<\/a><\/strong><\/td><td><a href=\"https:\/\/uogj.edu.al\/upload\/akreditim\/programet\/Asistent%20Menaxher%20ne%20Sherbimet%20Turistike.pdf\"><img loading=\"lazy\" decoding=\"async\" width=\"80\" height=\"42\" class=\"wp-image-6286\" style=\"width: 80px;\" src=\"http:\/\/uogj.edu.al\/old\/wp-content\/uploads\/2023\/04\/image-1.png\" alt=\"\"><\/a><\/td><\/tr><\/tbody><\/table><\/figure>\n\n\n\n<p><\/p>\n","protected":false},"excerpt":{"rendered":"<p>Program profesional n\u00eb \u201cLibrar dhe bibliotekar\u201d Program profesional n\u00eb \u201cUdh\u00ebrr\u00ebfyes Turistik\u201d Program profesional n\u00eb \u201cEdukator\u00eb p\u00ebr zhvillimin dhe edukimin e [&hellip;]<\/p>\n","protected":false},"author":3,"featured_media":0,"parent":0,"menu_order":0,"comment_status":"closed","ping_status":"closed","template":"","meta":{"_monsterinsights_skip_tracking":false,"_monsterinsights_sitenote_active":false,"_monsterinsights_sitenote_note":"","_monsterinsights_sitenote_category":0,"footnotes":""},"class_list":["post-6481","page","type-page","status-publish","hentry"],"_links":{"self":[{"href":"https:\/\/uogj.edu.al\/old\/wp-json\/wp\/v2\/pages\/6481"}],"collection":[{"href":"https:\/\/uogj.edu.al\/old\/wp-json\/wp\/v2\/pages"}],"about":[{"href":"https:\/\/uogj.edu.al\/old\/wp-json\/wp\/v2\/types\/page"}],"author":[{"embeddable":true,"href":"https:\/\/uogj.edu.al\/old\/wp-json\/wp\/v2\/users\/3"}],"replies":[{"embeddable":true,"href":"https:\/\/uogj.edu.al\/old\/wp-json\/wp\/v2\/comments?post=6481"}],"version-history":[{"count":13,"href":"https:\/\/uogj.edu.al\/old\/wp-json\/wp\/v2\/pages\/6481\/revisions"}],"predecessor-version":[{"id":6943,"href":"https:\/\/uogj.edu.al\/old\/wp-json\/wp\/v2\/pages\/6481\/revisions\/6943"}],"wp:attachment":[{"href":"https:\/\/uogj.edu.al\/old\/wp-json\/wp\/v2\/media?parent=6481"}],"curies":[{"name":"wp","href":"https:\/\/api.w.org\/{rel}","templated":true}]}}