{"id":6482,"date":"2024-01-23T11:29:10","date_gmt":"2024-01-23T11:29:10","guid":{"rendered":"https:\/\/uogj.edu.al\/old\/?page_id=6482"},"modified":"2025-07-15T07:15:53","modified_gmt":"2025-07-15T07:15:53","slug":"programet-e-ciklit-te-pare-bachelor","status":"publish","type":"page","link":"https:\/\/uogj.edu.al\/old\/programet-e-ciklit-te-pare-bachelor\/","title":{"rendered":"Programe t\u00eb Ciklit t\u00eb Par\u00eb, Bachelor 2025-2026"},"content":{"rendered":"\n<ol style=\"list-style-type:1\" class=\"wp-block-list\">\n<li class=\"has-medium-font-size\"><strong><strong>Fakulteti i Edukimit dhe Shkencave Shoq\u00ebrore<\/strong><\/strong> <img loading=\"lazy\" decoding=\"async\" width=\"80\" height=\"80\" class=\"wp-image-6693\" style=\"width: 80px;\" src=\"http:\/\/uogj.edu.al\/old\/wp-content\/uploads\/2024\/09\/image.png\" alt=\"\"><\/li>\n<\/ol>\n\n\n\n<p><\/p>\n\n\n\n<p><\/p>\n\n\n\n<figure class=\"wp-block-table is-style-regular\"><table class=\"has-fixed-layout\"><tbody><tr><td><strong><a href=\"https:\/\/uogj.edu.al\/upload\/akreditim\/programet\/Bachelor%20ne%20Histori%20Gjeografi.pdf\">\u201cBachelor\u201d n\u00eb \u201cHistori \u2013 Gjeografi \u201d<\/a><\/strong><\/td><td class=\"has-text-align-center\" data-align=\"center\"><a href=\"https:\/\/uogj.edu.al\/upload\/akreditim\/programet\/Bachelor%20ne%20Histori%20Gjeografi.pdf\"><img loading=\"lazy\" decoding=\"async\" width=\"80\" height=\"42\" class=\"wp-image-6287\" style=\"width: 80px;\" src=\"http:\/\/uogj.edu.al\/old\/wp-content\/uploads\/2023\/04\/image-2.png\" alt=\"\"><\/a><\/td><\/tr><tr><td><strong><a href=\"https:\/\/uogj.edu.al\/upload\/akreditim\/programet\/Bachelor%20ne%20Gjuhe%20dhe%20Letersi%20Shqipe.pdf\">\u201cBachelor\u201d n\u00eb \u201cGjuh\u00eb \u2013 Let\u00ebrsi Shqipe\u201d<\/a><\/strong><\/td><td class=\"has-text-align-center\" data-align=\"center\"><a href=\"https:\/\/uogj.edu.al\/upload\/akreditim\/programet\/Bachelor%20ne%20Gjuhe%20dhe%20Letersi%20Shqipe.pdf\"><img loading=\"lazy\" decoding=\"async\" width=\"80\" height=\"42\" class=\"wp-image-6286\" style=\"width: 80px;\" src=\"http:\/\/uogj.edu.al\/old\/wp-content\/uploads\/2023\/04\/image-1.png\" alt=\"\"><\/a><\/td><\/tr><tr><td><strong><a href=\"https:\/\/uogj.edu.al\/upload\/akreditim\/programet\/Bachelor%20ne%20Gjuhe%20Angleze.pdf\">\u201cBachelor\u201d n\u00eb \u201c Gjuh\u00eb Angleze\u201d<\/a><\/strong><\/td><td class=\"has-text-align-center\" data-align=\"center\"><a href=\"https:\/\/uogj.edu.al\/upload\/akreditim\/programet\/Bachelor%20ne%20Gjuhe%20Angleze.pdf\"><img loading=\"lazy\" decoding=\"async\" width=\"80\" height=\"42\" class=\"wp-image-6286\" style=\"width: 80px;\" src=\"http:\/\/uogj.edu.al\/old\/wp-content\/uploads\/2023\/04\/image-1.png\" alt=\"\"><\/a><\/td><\/tr><tr><td><strong><a href=\"https:\/\/uogj.edu.al\/upload\/akreditim\/programet\/Bachelor%20ne%20Mesuesi%20ne%20Arsimin%20Fillor.pdf\">Bachelor n\u00eb \u201cM\u00ebsuesi p\u00ebr Arsimin Fillor\u201d<\/a><\/strong><\/td><td class=\"has-text-align-center\" data-align=\"center\"><a href=\"https:\/\/uogj.edu.al\/upload\/akreditim\/programet\/Bachelor%20ne%20Mesuesi%20ne%20Arsimin%20Fillor.pdf\"><img loading=\"lazy\" decoding=\"async\" width=\"80\" height=\"42\" class=\"wp-image-6286\" style=\"width: 80px;\" src=\"http:\/\/uogj.edu.al\/old\/wp-content\/uploads\/2023\/04\/image-1.png\" alt=\"\"><\/a><\/td><\/tr><tr><td><strong><strong><a href=\"https:\/\/uogj.edu.al\/upload\/akreditim\/programet\/Bachelor%20ne%20Mesuesi%20ne%20Arsimin%20Parashkollor.pdf\">Bachelor n\u00eb \u201cM\u00ebsuesi p\u00ebr Arsimin Parashkollor\u201d<\/a><\/strong><\/strong><\/td><td class=\"has-text-align-center\" data-align=\"center\"><a href=\"https:\/\/uogj.edu.al\/upload\/akreditim\/programet\/Bachelor%20ne%20Mesuesi%20ne%20Arsimin%20Parashkollor.pdf\"><img loading=\"lazy\" decoding=\"async\" width=\"80\" height=\"42\" class=\"wp-image-6286\" style=\"width: 80px;\" src=\"http:\/\/uogj.edu.al\/old\/wp-content\/uploads\/2023\/04\/image-1.png\" alt=\"\"><\/a><\/td><\/tr><tr><td><strong><a href=\"https:\/\/uogj.edu.al\/upload\/akreditim\/programet\/Bachelor%20ne%20Gjuhe%20Letersi%20dhe%20Qyteterim%20Grek.pdf\">Bachelor n\u00eb \u201cGjuh\u00eb, Let\u00ebrsi dhe Qytet\u00ebrim Grek\u201d<\/a><\/strong><\/td><td class=\"has-text-align-center\" data-align=\"center\"><a href=\"https:\/\/uogj.edu.al\/upload\/akreditim\/programet\/Bachelor%20ne%20Gjuhe%20Letersi%20dhe%20Qyteterim%20Grek.pdf\"><img loading=\"lazy\" decoding=\"async\" width=\"80\" height=\"42\" class=\"wp-image-6286\" style=\"width: 80px;\" src=\"http:\/\/uogj.edu.al\/old\/wp-content\/uploads\/2023\/04\/image-1.png\" alt=\"\"><\/a><\/td><\/tr><\/tbody><\/table><\/figure>\n\n\n\n<p class=\"has-medium-font-size\">2. <strong><strong>Fakulteti i Shkencave t\u00eb Natyr\u00ebs<\/strong><\/strong> <img loading=\"lazy\" decoding=\"async\" width=\"80\" height=\"80\" class=\"wp-image-6693\" style=\"width: 80px;\" src=\"http:\/\/uogj.edu.al\/old\/wp-content\/uploads\/2024\/09\/image.png\" alt=\"\"><\/p>\n\n\n\n<p><a href=\"https:\/\/uogj.edu.al\/upload\/akreditim\/programet\/PROGRAME%20Bachelor%20FSHN.pdf\" target=\"_blank\" rel=\"noreferrer noopener\"> <\/a><\/p>\n\n\n\n<figure class=\"wp-block-table is-style-regular\"><table class=\"has-fixed-layout\"><tbody><tr><td><strong><a href=\"https:\/\/uogj.edu.al\/upload\/akreditim\/programet\/Bachelor%20n%C3%AB%20TEKNOLOGJI%20INFORMACIONI.pdf\">\u201cBachelor\u201d n\u00eb \u201cTeknologji Informacioni\u201d<\/a><\/strong><\/td><td class=\"has-text-align-center\" data-align=\"center\"><a href=\"https:\/\/uogj.edu.al\/upload\/akreditim\/programet\/Bachelor%20n%C3%AB%20TEKNOLOGJI%20INFORMACIONI.pdf\"><img loading=\"lazy\" decoding=\"async\" width=\"80\" height=\"42\" class=\"wp-image-6287\" style=\"width: 80px;\" src=\"http:\/\/uogj.edu.al\/old\/wp-content\/uploads\/2023\/04\/image-2.png\" alt=\"\"><\/a><\/td><\/tr><tr><td><strong><a href=\"https:\/\/uogj.edu.al\/upload\/akreditim\/programet\/Bachelor%20n%C3%AB%20Matematike%20-%20Informatike.pdf\">\u201cBachelor\u201d n\u00eb \u201cMatematike-Informatike\u201d<\/a><\/strong><\/td><td class=\"has-text-align-center\" data-align=\"center\"><a href=\"https:\/\/uogj.edu.al\/upload\/akreditim\/programet\/Bachelor%20n%C3%AB%20Matematike%20-%20Informatike.pdf\"><img loading=\"lazy\" decoding=\"async\" width=\"80\" height=\"42\" class=\"wp-image-6287\" style=\"width: 80px;\" src=\"http:\/\/uogj.edu.al\/old\/wp-content\/uploads\/2023\/04\/image-2.png\" alt=\"\"><\/a><\/td><\/tr><tr><td><strong><strong><a href=\"https:\/\/uogj.edu.al\/upload\/akreditim\/programet\/Bachelor%20ne%20Biologji%20Kimi.pdf\">\u201cBachelor\u201d n\u00eb \u201cBiologji Kimi\u201d<\/a><\/strong><\/strong><\/td><td class=\"has-text-align-center\" data-align=\"center\"><a href=\"https:\/\/uogj.edu.al\/upload\/akreditim\/programet\/Bachelor%20ne%20Biologji%20Kimi.pdf\"><img loading=\"lazy\" decoding=\"async\" width=\"80\" height=\"42\" class=\"wp-image-6286\" style=\"width: 80px;\" src=\"http:\/\/uogj.edu.al\/old\/wp-content\/uploads\/2023\/04\/image-1.png\" alt=\"\"><\/a><\/td><\/tr><tr><td><strong><strong><a href=\"https:\/\/uogj.edu.al\/upload\/akreditim\/programet\/Bachelor%20ne%20Infermieri%20e%20Pergjithshme.pdf\">\u201cBachelor\u201d n\u00eb \u201cInfermieri e P\u00ebrgjithshme\u201d<\/a><\/strong><\/strong><\/td><td class=\"has-text-align-center\" data-align=\"center\"><a href=\"https:\/\/uogj.edu.al\/upload\/akreditim\/programet\/Bachelor%20ne%20Infermieri%20e%20Pergjithshme.pdf\"><img loading=\"lazy\" decoding=\"async\" width=\"80\" height=\"42\" class=\"wp-image-6286\" style=\"width: 80px;\" src=\"http:\/\/uogj.edu.al\/old\/wp-content\/uploads\/2023\/04\/image-1.png\" alt=\"\"><\/a><\/td><\/tr><tr><td><strong><a href=\"https:\/\/uogj.edu.al\/upload\/akreditim\/programet\/Bachelor%20ne%20Infermieri%20Mami.pdf\">\u201cBachelor\u201d n\u00eb \u201cInfermieri Mami\u201d<\/a><\/strong><\/td><td class=\"has-text-align-center\" data-align=\"center\"><a href=\"https:\/\/uogj.edu.al\/upload\/akreditim\/programet\/Bachelor%20ne%20Infermieri%20Mami.pdf\"><img loading=\"lazy\" decoding=\"async\" width=\"80\" height=\"42\" class=\"wp-image-6286\" style=\"width: 80px;\" src=\"http:\/\/uogj.edu.al\/old\/wp-content\/uploads\/2023\/04\/image-1.png\" alt=\"\"><\/a><\/td><\/tr><\/tbody><\/table><\/figure>\n\n\n\n<ul class=\"wp-block-list\">\n<li><\/li>\n<\/ul>\n\n\n\n<p class=\"has-medium-font-size\">3. <strong>Fakulteti Ekonomik<\/strong> <img loading=\"lazy\" decoding=\"async\" width=\"80\" height=\"80\" class=\"wp-image-6693\" style=\"width: 80px;\" src=\"http:\/\/uogj.edu.al\/old\/wp-content\/uploads\/2024\/09\/image.png\" alt=\"\"><\/p>\n\n\n\n<p><\/p>\n\n\n\n<figure class=\"wp-block-table is-style-regular\"><table class=\"has-fixed-layout\"><tbody><tr><td><strong><a href=\"https:\/\/uogj.edu.al\/upload\/akreditim\/programet\/Bachelor%20ne%20Kontabilitet%20Finance.pdf\">\u201cBachelor\u201d n\u00eb \u201cKontabilitet \u2013 Financ\u00eb\u201d<\/a><\/strong><\/td><td class=\"has-text-align-center\" data-align=\"center\"><a href=\"https:\/\/uogj.edu.al\/upload\/akreditim\/programet\/Bachelor%20ne%20Kontabilitet%20Finance.pdf\"><img loading=\"lazy\" decoding=\"async\" width=\"80\" height=\"42\" class=\"wp-image-6287\" style=\"width: 80px;\" src=\"http:\/\/uogj.edu.al\/old\/wp-content\/uploads\/2023\/04\/image-2.png\" alt=\"\"><\/a><\/td><\/tr><tr><td><strong><strong><a href=\"https:\/\/uogj.edu.al\/upload\/akreditim\/programet\/Bachelor%20ne%20Administrim%20Publik.pdf\">\u201cBachelor\u201d n\u00eb \u201cAdministrim Publik\u201d<\/a><\/strong><\/strong><\/td><td class=\"has-text-align-center\" data-align=\"center\"><a href=\"https:\/\/uogj.edu.al\/upload\/akreditim\/programet\/Bachelor%20ne%20Administrim%20Publik.pdf\"><img loading=\"lazy\" decoding=\"async\" width=\"80\" height=\"42\" class=\"wp-image-6286\" style=\"width: 80px;\" src=\"http:\/\/uogj.edu.al\/old\/wp-content\/uploads\/2023\/04\/image-1.png\" alt=\"\"><\/a><\/td><\/tr><tr><td><strong><a href=\"https:\/\/uogj.edu.al\/upload\/akreditim\/programet\/Bachelor%20ne%20Turizem.pdf\">\u201cBachelor\u201d n\u00eb \u201cTuriz\u00ebm\u201d<\/a><\/strong><\/td><td class=\"has-text-align-center\" data-align=\"center\"><a href=\"https:\/\/uogj.edu.al\/upload\/akreditim\/programet\/Bachelor%20ne%20Turizem.pdf\"><img loading=\"lazy\" decoding=\"async\" width=\"80\" height=\"42\" class=\"wp-image-6286\" style=\"width: 80px;\" src=\"http:\/\/uogj.edu.al\/old\/wp-content\/uploads\/2023\/04\/image-1.png\" alt=\"\"><\/a><\/td><\/tr><tr><td><strong><a href=\"https:\/\/uogj.edu.al\/upload\/akreditim\/programet\/Bachelor%20ne%20Menaxhim%20Digjital.pdf\">\u201cBachelor\u201d n\u00eb \u201cMenaxhim Digjital\u201d <\/a><\/strong> (Program i p\u00ebrbashk\u00ebt me Universitetin e Salentos, Itali)<\/td><td class=\"has-text-align-center\" data-align=\"center\"><a href=\"https:\/\/uogj.edu.al\/upload\/akreditim\/programet\/Bachelor%20ne%20Menaxhim%20Digjital.pdf\"><img loading=\"lazy\" decoding=\"async\" width=\"80\" height=\"42\" class=\"wp-image-6286\" style=\"width: 80px;\" src=\"http:\/\/uogj.edu.al\/old\/wp-content\/uploads\/2023\/04\/image-1.png\" alt=\"\"><\/a><\/td><\/tr><tr><td><a href=\"https:\/\/uogj.edu.al\/upload\/akreditim\/programet\/Bachelor%20ne%20Menaxhim%20i%20Turizmit%20te%20Qendrueshem.pdf\"><strong><strong>\u201cBachelor\u201d n\u00eb \u201cMenaxhim i Turizmit t\u00eb Q\u00ebndruesh\u00ebm\u201d<\/strong><\/strong> <strong>   <\/strong><\/a><strong>         (Program i perbashk\u00ebt&nbsp; me Univeresitetin e Molises, Itali)<\/strong> (Diplom\u00eb e dyfisht\u00eb)<\/td><td class=\"has-text-align-center\" data-align=\"center\"><a href=\"https:\/\/uogj.edu.al\/upload\/akreditim\/programet\/Bachelor%20ne%20Menaxhim%20i%20Turizmit%20te%20Qendrueshem.pdf\"><img loading=\"lazy\" decoding=\"async\" width=\"80\" height=\"42\" class=\"wp-image-6286\" style=\"width: 80px;\" src=\"http:\/\/uogj.edu.al\/old\/wp-content\/uploads\/2023\/04\/image-1.png\" alt=\"\"><\/a><\/td><\/tr><\/tbody><\/table><\/figure>\n\n\n\n<ul class=\"wp-block-list\">\n<li><\/li>\n<\/ul>\n\n\n\n<p><\/p>\n","protected":false},"excerpt":{"rendered":"<p>\u201cBachelor\u201d n\u00eb \u201cHistori \u2013 Gjeografi \u201d \u201cBachelor\u201d n\u00eb \u201cGjuh\u00eb \u2013 Let\u00ebrsi Shqipe\u201d \u201cBachelor\u201d n\u00eb \u201c Gjuh\u00eb Angleze\u201d Bachelor n\u00eb \u201cM\u00ebsuesi [&hellip;]<\/p>\n","protected":false},"author":3,"featured_media":0,"parent":0,"menu_order":0,"comment_status":"closed","ping_status":"closed","template":"","meta":{"_monsterinsights_skip_tracking":false,"_monsterinsights_sitenote_active":false,"_monsterinsights_sitenote_note":"","_monsterinsights_sitenote_category":0,"footnotes":""},"class_list":["post-6482","page","type-page","status-publish","hentry"],"_links":{"self":[{"href":"https:\/\/uogj.edu.al\/old\/wp-json\/wp\/v2\/pages\/6482"}],"collection":[{"href":"https:\/\/uogj.edu.al\/old\/wp-json\/wp\/v2\/pages"}],"about":[{"href":"https:\/\/uogj.edu.al\/old\/wp-json\/wp\/v2\/types\/page"}],"author":[{"embeddable":true,"href":"https:\/\/uogj.edu.al\/old\/wp-json\/wp\/v2\/users\/3"}],"replies":[{"embeddable":true,"href":"https:\/\/uogj.edu.al\/old\/wp-json\/wp\/v2\/comments?post=6482"}],"version-history":[{"count":28,"href":"https:\/\/uogj.edu.al\/old\/wp-json\/wp\/v2\/pages\/6482\/revisions"}],"predecessor-version":[{"id":6968,"href":"https:\/\/uogj.edu.al\/old\/wp-json\/wp\/v2\/pages\/6482\/revisions\/6968"}],"wp:attachment":[{"href":"https:\/\/uogj.edu.al\/old\/wp-json\/wp\/v2\/media?parent=6482"}],"curies":[{"name":"wp","href":"https:\/\/api.w.org\/{rel}","templated":true}]}}